{"id":4033,"date":"2019-02-13T20:57:54","date_gmt":"2019-02-13T18:57:54","guid":{"rendered":"http:\/\/www.le-sidh.org\/wicca\/?page_id=4033"},"modified":"2019-04-19T12:08:45","modified_gmt":"2019-04-19T10:08:45","slug":"le-rite-dauto-initiation-instruction-preliminaire","status":"publish","type":"page","link":"https:\/\/www.le-sidh.org\/wicca\/liber-umbrarum\/le-rite-dauto-initiation-instruction-preliminaire\/","title":{"rendered":"Le rite d&rsquo;auto-initiation, instruction pr\u00e9liminaire"},"content":{"rendered":"<p style=\"text-align: justify;\"><strong>Extrait du <a href=\"https:\/\/www.le-sidh.org\/wicca\/liber-umbrarum\/\" target=\"_blank\" rel=\"noopener noreferrer\">Liber Umbrarum<\/a>, de<\/strong><strong> Doreen Valiente. Traduction &amp; adaptation Lune. <\/strong><\/p>\n<p style=\"text-align: justify;\">Le rite d&rsquo;auto-initiation doit \u00eatre c\u00e9l\u00e9br\u00e9 lors d&rsquo;un grand sabbat, d&rsquo;un sabbat mineur, d&rsquo;une nuit de pleine lune ou encore en p\u00e9riode de lune croissante.<\/p>\n<p style=\"text-align: justify;\">Chauffez la pi\u00e8ce dans laquelle vous travaillerez car vous devrez \u00eatre nu pour ce rituel, afin de symboliser le d\u00e9pouillement de toutes vos inhibitions et frustrations pass\u00e9es. Cependant, vous pourrez porter les bijoux magiques qui vous plaisent. Tout particuli\u00e8rement, une femme devrait toujours porter un collier dans le cercle \u00e0 l&rsquo;image de la d\u00e9esse de la sorcellerie dont elle est l&rsquo;incarnation. Dans les plus anciennes repr\u00e9sentations que nous avons d&rsquo;elle, la d\u00e9esse porte un collier. Par exemple, Diane d\u2019\u00c9ph\u00e8se porte un collier de glands ; Adya-Kali, la grande d\u00e9esse m\u00e8re des tantristes de l&rsquo;Inde est nue, \u00ab\u00a0v\u00eatue d&rsquo;espace\u00a0\u00bb, \u00e0 l&rsquo;exception de ses bijoux et d&rsquo;une guirlande de lettres, l&rsquo;alphabet Sanskrit sacr\u00e9, qu&rsquo;elle porte en collier. Un homme peut pr\u00e9f\u00e9rer porter un lamen, c&rsquo;est-\u00e0-dire un pendentif magique, qui repr\u00e9sente peut-\u00eatre son signe astrologique ou un symbole comme l&rsquo;ankh.<\/p>\n<p style=\"text-align: justify;\">De plus, vous pourrez garder une cape avec vous, afin de vous en envelopper lorsque vous serez assis pendant vos m\u00e9ditations ; mais pour la partie la plus active du rituel, la cape devra \u00eatre mise de c\u00f4t\u00e9.<\/p>\n<p style=\"text-align: justify;\">Vous aurez besoin de toutes les choses d\u00e9j\u00e0 d\u00e9crites dans le rituel de la formation du cercle, ainsi que d&rsquo;un b\u00e2ton de ch\u00eane, de fr\u00eane, de sorbier ou d&rsquo;\u00e9pineux, de pr\u00e9f\u00e9rence un b\u00e2ton que vous aurez vous-m\u00eame coup\u00e9 une nuit de pleine lune. Le cercle est habituellement trac\u00e9 avec l&rsquo;\u00e9p\u00e9e ou l&rsquo;atham\u00e9 ; mais si vous n&rsquo;avez pas encore d&rsquo;atham\u00e9, vous devrez utiliser le b\u00e2ton. Vous aurez \u00e9galement besoin d&rsquo;une petite fiole d&rsquo;huile d&rsquo;onction. Il devra toujours s&rsquo;agir d&rsquo;une huile v\u00e9g\u00e9tale vierge ; l&rsquo;huile d&rsquo;olive ordinaire suffit, bien que vous pr\u00e9f\u00e9reriez peut-\u00eatre utiliser une huile parfum\u00e9e comme le bois de santal.<\/p>\n<p><a href=\"https:\/\/www.le-sidh.org\/wicca\/liber-umbrarum\/auto-initiation-le-rituel\/\" target=\"_blank\" rel=\"noopener noreferrer\">Le rituel d&rsquo;auto-initiation<\/a>.<\/p>\n<p><em>Extrait de \u00ab Witchcraft for Tomorrow \u00bb, \u00e9ditions Pho\u00e9nix.<\/em><\/p>\n","protected":false},"excerpt":{"rendered":"<p>Extrait du Liber Umbrarum, de Doreen Valiente. Traduction &amp; adaptation Lune. Le rite d&rsquo;auto-initiation doit \u00eatre c\u00e9l\u00e9br\u00e9 lors d&rsquo;un grand sabbat, d&rsquo;un sabbat mineur, d&rsquo;une nuit de pleine lune ou encore en p\u00e9riode de lune croissante. Chauffez la pi\u00e8ce dans laquelle vous travaillerez car vous devrez \u00eatre nu pour ce rituel, afin de symboliser le&#8230;<\/p>\n","protected":false},"author":2,"featured_media":4204,"parent":3939,"menu_order":4,"comment_status":"closed","ping_status":"closed","template":"silo.php","meta":{"footnotes":""},"class_list":["post-4033","page","type-page","status-publish","has-post-thumbnail","hentry"],"_links":{"self":[{"href":"https:\/\/www.le-sidh.org\/wicca\/wp-json\/wp\/v2\/pages\/4033","targetHints":{"allow":["GET"]}}],"collection":[{"href":"https:\/\/www.le-sidh.org\/wicca\/wp-json\/wp\/v2\/pages"}],"about":[{"href":"https:\/\/www.le-sidh.org\/wicca\/wp-json\/wp\/v2\/types\/page"}],"author":[{"embeddable":true,"href":"https:\/\/www.le-sidh.org\/wicca\/wp-json\/wp\/v2\/users\/2"}],"replies":[{"embeddable":true,"href":"https:\/\/www.le-sidh.org\/wicca\/wp-json\/wp\/v2\/comments?post=4033"}],"version-history":[{"count":7,"href":"https:\/\/www.le-sidh.org\/wicca\/wp-json\/wp\/v2\/pages\/4033\/revisions"}],"predecessor-version":[{"id":5939,"href":"https:\/\/www.le-sidh.org\/wicca\/wp-json\/wp\/v2\/pages\/4033\/revisions\/5939"}],"up":[{"embeddable":true,"href":"https:\/\/www.le-sidh.org\/wicca\/wp-json\/wp\/v2\/pages\/3939"}],"wp:featuredmedia":[{"embeddable":true,"href":"https:\/\/www.le-sidh.org\/wicca\/wp-json\/wp\/v2\/media\/4204"}],"wp:attachment":[{"href":"https:\/\/www.le-sidh.org\/wicca\/wp-json\/wp\/v2\/media?parent=4033"}],"curies":[{"name":"wp","href":"https:\/\/api.w.org\/{rel}","templated":true}]}}