{"id":4020,"date":"2019-02-13T19:16:50","date_gmt":"2019-02-13T17:16:50","guid":{"rendered":"http:\/\/www.le-sidh.org\/wicca\/?page_id=4020"},"modified":"2019-02-19T12:18:41","modified_gmt":"2019-02-19T10:18:41","slug":"auto-initiation-le-rituel","status":"publish","type":"page","link":"https:\/\/www.le-sidh.org\/wicca\/liber-umbrarum\/auto-initiation-le-rituel\/","title":{"rendered":"Auto-initiation, le rituel"},"content":{"rendered":"<p style=\"text-align: justify;\"><strong>Extrait du <a href=\"https:\/\/www.le-sidh.org\/wicca\/liber-umbrarum\/\" target=\"_blank\" rel=\"noopener\">Liber Umbrarum<\/a>, de<\/strong><strong> Doreen Valiente. Traduction &amp; adaptation Lune. <\/strong><\/p>\n<p style=\"text-align: justify;\">Formez le cercle magique selon les instructions d\u00e9j\u00e0 donn\u00e9es. Puis tenez-vous, les bras lev\u00e9s, face au nord et r\u00e9p\u00e9tez l&rsquo;Und\u00e9cuple Invocation du Mot de Pouvoir, ABRAHADABRA :<\/p>\n<blockquote><p>C&rsquo;est le jour, c&rsquo;est l&rsquo;heure,<br \/>\nDe crier haut et fort le Mot de Pouvoir\u2014<br \/>\nABRAHADABRA!<br \/>\nSous l&rsquo;\u00e9clatant midi ou par le noir minuit,<br \/>\nC&rsquo;est ma volont\u00e9 de chercher la lumi\u00e8re\u2014<br \/>\nABRAHADABRA!<br \/>\nEt qu&rsquo;ainsi s&rsquo;\u00e9loignent toutes choses profanes,<br \/>\nDes portes de ce temple\u2014<br \/>\nABRAHADABRA!<br \/>\nOnze fois, j&rsquo;en revendique le droit,<br \/>\nPar la vertu de ce Nom\u2014<br \/>\nABRAHADABRA!<br \/>\nVoyageant \u00e0 l&rsquo;aventure,<br \/>\nSur le sentier p\u00e9rilleux\u2014<br \/>\nABRAHADABRA!<br \/>\nProt\u00e9gez-moi de la peur de la peur,<br \/>\nPar la Voix du Chef Proph\u00e8te\u2014<br \/>\nABRAHADABRA!<br \/>\nMontrez-moi au c\u0153ur de la nuit la plus sombre<br \/>\nLa Lumi\u00e8re qui se remet \u00e0 croitre \u2014<br \/>\nABRAHADABRA!<br \/>\nTr\u00e8s Hauts qui nous ont pr\u00e9c\u00e9d\u00e9s,<br \/>\nPrononcez \u00e9ternellement la B\u00e9n\u00e9diction\u2014<br \/>\nABRAHADABRA!<br \/>\nJe me tiens ici entre deux mondes,<br \/>\nEnfant de la terre et du ciel\u2014<br \/>\nABRAHADABRA!<br \/>\nAvec sinc\u00e9rit\u00e9, j&rsquo;ose tenter<br \/>\nUn pas sur la voie mystique\u2014<br \/>\nABRAHADABRA!<br \/>\nDepuis les royaumes ci-dessus, assistez-moi,<br \/>\nPouvoirs de Vie, de Lumi\u00e8re et d&rsquo;Amour\u2014<br \/>\nABRAHADABRA!<\/p><\/blockquote>\n<p style=\"text-align: justify;\">Prenez la fiole d&rsquo;huile d&rsquo;onction et passez-la trois fois dans la fum\u00e9e d&rsquo;encens. Puis effectuez trois onctions :<\/p>\n<ol>\n<li style=\"text-align: justify;\">Premi\u00e8rement sur le front, \u00e0 l&rsquo;endroit du troisi\u00e8me oeil (c&rsquo;est-\u00e0-dire au centre du front, juste au-dessus de l&rsquo;endroit o\u00f9 se rejoignent les sourcils; connu dans la tradition orientale sous le nom d&rsquo;Ajna Chakra).<\/li>\n<li style=\"text-align: justify;\">Puis au niveau de la poitrine, sur le c\u0153ur ;<\/li>\n<li style=\"text-align: justify;\">et enfin, sur les organes g\u00e9nitaux.<\/li>\n<\/ol>\n<p>Lors de la premi\u00e8re onction, dites :<\/p>\n<blockquote><p>Que l&rsquo;esprit soit libre<sup><a class=\"sdendnoteanc\" href=\"#sdendnote1sym\" name=\"sdendnote1anc\">1<\/a><\/sup>.<\/p><\/blockquote>\n<p>Lors de la seconde onction, dites :<\/p>\n<blockquote><p>Que le c\u0153ur soit libre.<\/p><\/blockquote>\n<p>Lors de la troisi\u00e8me onction, dites :<\/p>\n<blockquote><p>Que le corps soit libre.<\/p><\/blockquote>\n<p style=\"text-align: justify;\">R\u00e9alisez l&rsquo;onction en mettant un peu d&rsquo;huile sur votre doigt et en tra\u00e7ant une croix en forme de X. C&rsquo;est la rune gifu, qui signifie un cadeau ou une b\u00e9n\u00e9diction. (Jadis, cette rune \u00e9tait grav\u00e9e sur les gobelets, car on croyait qu&rsquo;elle prot\u00e9geait du poison. Nous utilisons toujours cette forme de X pour repr\u00e9senter un baiser d&rsquo;amour.)<\/p>\n<p>A pr\u00e9sent, agenouillez-vous devant l&rsquo;autel, toujours face au nord et r\u00e9p\u00e9tez \u00e0 voix basse l&rsquo;invocation suivante :<\/p>\n<blockquote><p>Dans l&rsquo;obscurit\u00e9 de la nuit et en cette heure rituelle,<br \/>\nJ&rsquo;appelle les plus anciens des Dieux.<br \/>\nEn moi, s&rsquo;\u00e9veille la r\u00e9miniscence de vies pass\u00e9es,<br \/>\nL&rsquo;illusion de ces jours-l\u00e0 ne peut plus m&rsquo;ensorceler.<\/p>\n<p>J&rsquo;affirme que ma vie, ma libert\u00e9, ma lumi\u00e8re,<br \/>\nSont une partie de toute vie qui s&rsquo;\u00e9coule \u00e9ternellement.<br \/>\nJe suis le microcosme du Tout,<br \/>\nApparent\u00e9 \u00e0 l&rsquo;\u00e9toile, \u00e0 la pierre et \u00e0 l&rsquo;arbre de la verdoyante for\u00eat.<\/p>\n<p>\u00c9veillez-en-moi le pouvoir d&rsquo;accomplir ma volont\u00e9,<br \/>\nAllumez-en-moi la flamme \u00e9ternelle de l&rsquo;amour.<br \/>\nAcceptez-moi comme v\u00f4tre, une \u00e2me pa\u00efenne,<br \/>\nOh ! Pouvoirs de la Vie, qui ont con\u00e7u cette trame du Cosmos.<\/p><\/blockquote>\n<p style=\"text-align: justify;\">Faites une pause en silence, t\u00eate courb\u00e9e. Puis changez de position, asseyez-vous confortablement, jambes crois\u00e9es. Enveloppez-vous dans une cape, si vous le souhaitez. A pr\u00e9sent, commencez \u00e0 vous visualisez, l&rsquo;autel et vous, comme le centre d&rsquo;un mandala. Pensez en vous-m\u00eame quelque chose comme :<\/p>\n<blockquote>\n<p style=\"text-align: justify;\">L&rsquo;infini d&rsquo;en-haut et l&rsquo;infini d&rsquo;en-bas. L&rsquo;infini de l&rsquo;est et l&rsquo;infini de l&rsquo;ouest. L&rsquo;infini du nord et l&rsquo;infini du sud. Le cercle dont le centre est partout et la circonf\u00e9rence nulle part. Ce centre et moi ne sommes qu&rsquo;un.<\/p>\n<\/blockquote>\n<p style=\"text-align: justify;\">Restez assis ainsi les yeux ferm\u00e9s, dans un calme et un silence complet. Videz votre esprit autant que possible de toute pens\u00e9e, m\u00eame celle d&rsquo;essayer d&rsquo;atteindre un \u00e9tat de conscience sup\u00e9rieur. Je ne peux pas vous donner d&rsquo;instruction \u00e0 cet \u00e9gard, si ce n&rsquo;est celle de l&rsquo;ancien sage tib\u00e9tain, Tilopa : \u00ab\u00a0N&rsquo;imaginez pas, ne pensez pas, n&rsquo;analysez pas, ne m\u00e9ditez pas, n&rsquo;agissez pas ; maintenez l&rsquo;esprit dans son \u00e9tat naturel.\u00a0\u00bb<\/p>\n<p style=\"text-align: justify;\">Vous constaterez peut-\u00eatre que l&rsquo;\u00e9tat naturel de votre esprit est quelque chose de beaucoup plus merveilleux que ce que vous croyiez !<\/p>\n<p style=\"text-align: justify;\">C&rsquo;est \u00e0 ce moment-l\u00e0 que votre v\u00e9ritable auto-initiation aura lieu, si votre aspiration est sinc\u00e8re et que les autres conditions y sont favorables. Vous aurez peut-\u00eatre le sentiment d&rsquo;avoir effleur\u00e9, m\u00eame un bref instant, un \u00e9tat de conscience sup\u00e9rieur. Vous aurez peut-\u00eatre eu des visions avec l\u2019\u0153il de l&rsquo;esprit ; si tel est le cas, une description doit \u00eatre couch\u00e9e sur papier imm\u00e9diatement apr\u00e8s le rituel, car elle a assur\u00e9ment une signification, m\u00eame si elle n&rsquo;est pas tout de suite \u00e9vidente.<\/p>\n<p style=\"text-align: justify;\">La dur\u00e9e de cette p\u00e9riode de silence et de calme d\u00e9pend de vous. Vos propres sentiments spontan\u00e9s vous diront quand il est temps d&rsquo;y mettre fin. Quand ce sera le cas, levez-vous, allumez \u00e0 nouveau de l&rsquo;encens si n\u00e9cessaire et encensez le p\u00e9rim\u00e8tre du cercle, dans le sens des aiguilles d&rsquo;une montre, en soulevant l&rsquo;encensoir aux quatre directions.<\/p>\n<p>Puis retournez devant l&rsquo;autel et r\u00e9p\u00e9tez cette affirmation :<\/p>\n<blockquote>\n<p style=\"text-align: justify;\">Je suis unique. Il n&rsquo;existe personne d&rsquo;autre exactement comme moi. Et pourtant, je ne fais qu&rsquo;Un avec l&rsquo;ensemble de la Nature.<\/p>\n<p style=\"text-align: justify;\">J&rsquo;ai le droit d&rsquo;\u00eatre ce que je suis. Mon Soi profond est divin et beau. J&rsquo;ai le droit \u00e9galement d&rsquo;\u00eatre meilleur que je ne le suis, afin que la manifestation ext\u00e9rieure puisse \u00eatre davantage en harmonie avec la r\u00e9alit\u00e9 int\u00e9rieure.<\/p>\n<p style=\"text-align: justify;\">Bien-aim\u00e9 Pan, et tous les autres dieux qui hantent cet endroit, donnez-moi la beaut\u00e9 de l&rsquo;\u00e2me, pour que la vie ext\u00e9rieure et la vie int\u00e9rieure ne fassent qu&rsquo;une.<sup><a class=\"sdendnoteanc\" href=\"#sdendnote1sym\" name=\"sdendnote1anc\">2<\/a><\/sup><\/p>\n<\/blockquote>\n<p style=\"text-align: justify;\">Ensuite, ex\u00e9cutez quelques joyeux pas de danse, dans le sens des aiguilles d&rsquo;une montre, en faisant le tour du cercle. Laissez-vous aller, frappez dans vos mains ou agitez le sistre si vous en avez un ou bien le tambourin, puis chantez ces paroles et ces sons, encore et encore :<\/p>\n<blockquote><p>O IO PAN !<\/p>\n<p>O IAO !<\/p>\n<p>IA IA ARADIA !<\/p>\n<p>IO \u00c9VOH\u00c9 KERNUNNO !<\/p>\n<p>IO \u00c9VOH\u00c9 DIANA !<\/p><\/blockquote>\n<p style=\"text-align: justify;\">(Vous constaterez que ce chant trouve naturellement son tempo. Il se prononce comme suit : O ii-oh Pan ! O-ii-ah oh! Ii-ah ii-ah A-rah-dii-ah! Ii-oh \u00e9\u00e9-voh-ay Ker-nun-no! Ii-oh \u00e9\u00e9-voh-ay Di-an-ah!)<\/p>\n<p style=\"text-align: justify;\">Ex\u00e9cutez tous les pas de danse que vous aimez, pourvu que vous y preniez plaisir. Continuez jusqu&rsquo;\u00e0 ce que vous soyez \u00e0 bout de souffle et que vous vouliez vous arr\u00eater. Puis laissez-vous tomber devant l&rsquo;autel et \u00e9tendez-vous l\u00e0 jusqu&rsquo;\u00e0 ce que vous ayez retrouv\u00e9 votre souffle et vous sentiez capable de vous relever.<\/p>\n<p style=\"text-align: justify;\">Prenez le vin et achevez la c\u00e9r\u00e9monie en portant un toast aux Anciens Dieux :<\/p>\n<blockquote>\n<p style=\"text-align: justify;\">Aux Anciens ! Joyeuse rencontre, joyeux d\u00e9part et joyeuses retrouvailles !<\/p>\n<\/blockquote>\n<p style=\"text-align: justify;\">Asseyez-vous quelques minutes de plus en m\u00e9ditation, si vous le souhaitez, juste pour profiter de l&rsquo;atmosph\u00e8re du cercle, de l&rsquo;encens, de la lumi\u00e8re des bougies et de la sensation d&rsquo;\u00eatre nu et libre. Puis d\u00e9faites le cercle \u00e0 la mani\u00e8re donn\u00e9e pr\u00e9c\u00e9demment, en remerciant les Anciens pour leur protection, en br\u00fblant de l&rsquo;encens, en faisant tinter la cloche et en \u00e9teignant les lumi\u00e8res de l&rsquo;autel.<\/p>\n<p style=\"text-align: justify;\"><a class=\"sdendnotesym\" href=\"#sdendnote1anc\" name=\"sdendnote1sym\">1<\/a>\u00a0<em>Ndlt : une formulation comme : \u00ab\u00a0que <\/em>mon <em>esprit soit libre, que <\/em>mon <em>c\u0153ur soit libre, que <\/em>mon <em>corps soit libre\u00a0\u00bb est peut-\u00eatre plus naturelle, \u00e0 vous de voir !<\/em><\/p>\n<p style=\"text-align: justify;\"><em><a class=\"sdendnotesym\" href=\"#sdendnote1anc\" name=\"sdendnote1sym\">2<\/a> Ndlt : on reconnait ici les propos de Socrate : \u00ab\u00a0<\/em><span class=\"st\"><em>Donnez-moi la beaut\u00e9 de l&rsquo;\u00e2me pour que l&rsquo;int\u00e9rieur et l&rsquo;ext\u00e9rieur soient en harmonie.\u00a0\u00bb<\/em> <\/span><\/p>\n<p><em>Extrait de \u00ab Witchcraft for Tomorrow \u00bb, \u00e9ditions Pho\u00e9nix.<\/em><\/p>\n","protected":false},"excerpt":{"rendered":"<p>Extrait du Liber Umbrarum, de Doreen Valiente. Traduction &amp; adaptation Lune. Formez le cercle magique selon les instructions d\u00e9j\u00e0 donn\u00e9es. Puis tenez-vous, les bras lev\u00e9s, face au nord et r\u00e9p\u00e9tez l&rsquo;Und\u00e9cuple Invocation du Mot de Pouvoir, ABRAHADABRA : C&rsquo;est le jour, c&rsquo;est l&rsquo;heure, De crier haut et fort le Mot de Pouvoir\u2014 ABRAHADABRA! Sous l&rsquo;\u00e9clatant&#8230;<\/p>\n","protected":false},"author":2,"featured_media":4238,"parent":3939,"menu_order":5,"comment_status":"closed","ping_status":"closed","template":"silo.php","meta":{"footnotes":""},"class_list":["post-4020","page","type-page","status-publish","has-post-thumbnail","hentry"],"_links":{"self":[{"href":"https:\/\/www.le-sidh.org\/wicca\/wp-json\/wp\/v2\/pages\/4020","targetHints":{"allow":["GET"]}}],"collection":[{"href":"https:\/\/www.le-sidh.org\/wicca\/wp-json\/wp\/v2\/pages"}],"about":[{"href":"https:\/\/www.le-sidh.org\/wicca\/wp-json\/wp\/v2\/types\/page"}],"author":[{"embeddable":true,"href":"https:\/\/www.le-sidh.org\/wicca\/wp-json\/wp\/v2\/users\/2"}],"replies":[{"embeddable":true,"href":"https:\/\/www.le-sidh.org\/wicca\/wp-json\/wp\/v2\/comments?post=4020"}],"version-history":[{"count":24,"href":"https:\/\/www.le-sidh.org\/wicca\/wp-json\/wp\/v2\/pages\/4020\/revisions"}],"predecessor-version":[{"id":4294,"href":"https:\/\/www.le-sidh.org\/wicca\/wp-json\/wp\/v2\/pages\/4020\/revisions\/4294"}],"up":[{"embeddable":true,"href":"https:\/\/www.le-sidh.org\/wicca\/wp-json\/wp\/v2\/pages\/3939"}],"wp:featuredmedia":[{"embeddable":true,"href":"https:\/\/www.le-sidh.org\/wicca\/wp-json\/wp\/v2\/media\/4238"}],"wp:attachment":[{"href":"https:\/\/www.le-sidh.org\/wicca\/wp-json\/wp\/v2\/media?parent=4020"}],"curies":[{"name":"wp","href":"https:\/\/api.w.org\/{rel}","templated":true}]}}