{"id":4012,"date":"2019-02-13T14:18:08","date_gmt":"2019-02-13T12:18:08","guid":{"rendered":"http:\/\/www.le-sidh.org\/wicca\/?page_id=4012"},"modified":"2019-02-25T11:23:07","modified_gmt":"2019-02-25T09:23:07","slug":"une-note-sur-les-mots-de-pouvoir","status":"publish","type":"page","link":"https:\/\/www.le-sidh.org\/wicca\/liber-umbrarum\/une-note-sur-les-mots-de-pouvoir\/","title":{"rendered":"Une note sur les mots de pouvoir"},"content":{"rendered":"<p style=\"text-align: justify;\"><strong>Extrait du <a href=\"https:\/\/www.le-sidh.org\/wicca\/liber-umbrarum\/\" target=\"_blank\" rel=\"noopener noreferrer\">Liber Umbrarum<\/a>, de<\/strong><strong> Doreen Valiente. Traduction &amp; adaptation Lune. <\/strong><\/p>\n<p style=\"text-align: justify;\">ABRAHADABRA est la v\u00e9ritable version de l&rsquo;ancien Mot de Pouvoir, dont le populaire \u2018Abracadabra !\u2019 utilis\u00e9 par les prestidigitateurs n&rsquo;est qu&rsquo;un lointain \u00e9cho. C&rsquo;est un mot de onze lettres, cinq voyelles et six consonnes, signifiant le Grand \u0152uvre, l&rsquo;union du Microcosme (cinq, le pentagramme) avec le Macrocosme (six, l&rsquo;hexagramme). Sa num\u00e9ration cabalistique est 418 et on trouvera de nombreuses explications \u00e0 ce sujet dans The Qabalah d&rsquo;Aleister Crowley. C&rsquo;est l&rsquo;\u00e9quivalent num\u00e9rique d<em>&lsquo;ATh IAO<\/em>, \u2018l&rsquo;essence d&rsquo;IAO\u2019 ; et aussi, ses chiffres additionn\u00e9s, 4+1+8, donnent 13, le nombre des sorci\u00e8res, dont les \u00e9quivalents cabalistiques sont Achad, \u2018Unit\u00e9\u2019, et Ahbah, \u2018Amour\u2019.<\/p>\n<p>Il renferme \u00e9galement le sens de : \u00ab\u00a0la Voix du Chef Proph\u00e8te\u00a0\u00bb et \u00ab\u00a0Parle la B\u00e9n\u00e9diction\u00a0\u00bb.<\/p>\n<p style=\"text-align: justify;\">Iao est l&rsquo;ancien nom magique du Dieu Supr\u00eame, contenant \u00e0 la fois les \u00e9l\u00e9ments masculin et f\u00e9minin.<\/p>\n<p style=\"text-align: justify;\">Pan est l&rsquo;ancien dieu grec dont la forme \u00e9tait universelle : Pan, \u00ab\u00a0le Tout\u00a0\u00bb. Il \u00e9tait le dieu cornu, aux pieds de bouc, de la nature et de la joie de vivre. Kernunno est une version du nom \u2018Cernunnos\u2019, le dieu celtique, semblable \u00e0 Pan, qui \u00e9tait v\u00e9n\u00e9r\u00e9 en Europe Occidentale, dont la Grande-Bretagne, \u00e0 l&rsquo;\u00e9poque pr\u00e9-chr\u00e9tienne.<\/p>\n<p style=\"text-align: justify;\">Aradia est le nom de la d\u00e9esse de la lune des sorci\u00e8res d&rsquo;Italie. Elle a \u00e9t\u00e9 d\u00e9crite comme la fille de Diane ; cela signifie probablement, tout simplement, qu&rsquo;elle est une version plus r\u00e9cente de l&rsquo;ancienne d\u00e9esse de la lune Diane, qui dans les anciens mythes \u00e9tait l&rsquo;amour secret de Pan. Les l\u00e9gendes \u00e0 son sujet, qui subsistent, ont \u00e9t\u00e9 collect\u00e9es et publi\u00e9es par le grand folkloriste am\u00e9ricain Charles Godfrey Leland sous le titre <a href=\"http:\/\/www.le-sidh.org\/docs\/aradia.pdf\" target=\"_blank\" rel=\"noopener noreferrer\">Aradia : ou l&rsquo;Evangile des Sorci\u00e8res<\/a>.<\/p>\n<p style=\"text-align: justify;\">Il est possible, mais ce n&rsquo;est pas s\u00fbr, que le nom \u00ab\u00a0Aradia\u00a0\u00bb ait une origine celtique, li\u00e9 \u00e0 airidh, les p\u00e2turages d&rsquo;\u00e9t\u00e9 o\u00f9 \u00e9tait conduit le b\u00e9tail \u00e0 Beltane (1er mai) et qu&rsquo;il quittait pour ses quartiers d&rsquo;hiver \u00e0 Samhain (1er novembre). Les Celtes venaient d&rsquo;Europe Centrale et se sont r\u00e9pandus au sud, jusqu&rsquo;en Italie, ainsi qu&rsquo;\u00e0 l&rsquo;ouest, de l&rsquo;Espagne jusqu&rsquo;aux \u00celes Britanniques.<\/p>\n<p style=\"text-align: justify;\">IO EVOHE, IO et IA sont des anciens cris ou appels utilis\u00e9s par les fid\u00e8les extatiques des cultes \u00e0 myst\u00e8res d&rsquo;antan.<\/p>\n<p><em>Extrait de \u00ab Witchcraft for Tomorrow \u00bb, \u00e9ditions Pho\u00e9nix.<\/em><\/p>\n","protected":false},"excerpt":{"rendered":"<p>Extrait du Liber Umbrarum, de Doreen Valiente. Traduction &amp; adaptation Lune. ABRAHADABRA est la v\u00e9ritable version de l&rsquo;ancien Mot de Pouvoir, dont le populaire \u2018Abracadabra !\u2019 utilis\u00e9 par les prestidigitateurs n&rsquo;est qu&rsquo;un lointain \u00e9cho. C&rsquo;est un mot de onze lettres, cinq voyelles et six consonnes, signifiant le Grand \u0152uvre, l&rsquo;union du Microcosme (cinq, le pentagramme)&#8230;<\/p>\n","protected":false},"author":2,"featured_media":4018,"parent":3939,"menu_order":6,"comment_status":"closed","ping_status":"closed","template":"silo.php","meta":{"footnotes":""},"class_list":["post-4012","page","type-page","status-publish","has-post-thumbnail","hentry"],"_links":{"self":[{"href":"https:\/\/www.le-sidh.org\/wicca\/wp-json\/wp\/v2\/pages\/4012","targetHints":{"allow":["GET"]}}],"collection":[{"href":"https:\/\/www.le-sidh.org\/wicca\/wp-json\/wp\/v2\/pages"}],"about":[{"href":"https:\/\/www.le-sidh.org\/wicca\/wp-json\/wp\/v2\/types\/page"}],"author":[{"embeddable":true,"href":"https:\/\/www.le-sidh.org\/wicca\/wp-json\/wp\/v2\/users\/2"}],"replies":[{"embeddable":true,"href":"https:\/\/www.le-sidh.org\/wicca\/wp-json\/wp\/v2\/comments?post=4012"}],"version-history":[{"count":5,"href":"https:\/\/www.le-sidh.org\/wicca\/wp-json\/wp\/v2\/pages\/4012\/revisions"}],"predecessor-version":[{"id":4548,"href":"https:\/\/www.le-sidh.org\/wicca\/wp-json\/wp\/v2\/pages\/4012\/revisions\/4548"}],"up":[{"embeddable":true,"href":"https:\/\/www.le-sidh.org\/wicca\/wp-json\/wp\/v2\/pages\/3939"}],"wp:featuredmedia":[{"embeddable":true,"href":"https:\/\/www.le-sidh.org\/wicca\/wp-json\/wp\/v2\/media\/4018"}],"wp:attachment":[{"href":"https:\/\/www.le-sidh.org\/wicca\/wp-json\/wp\/v2\/media?parent=4012"}],"curies":[{"name":"wp","href":"https:\/\/api.w.org\/{rel}","templated":true}]}}