{"id":3962,"date":"2019-02-12T10:43:45","date_gmt":"2019-02-12T08:43:45","guid":{"rendered":"http:\/\/www.le-sidh.org\/wicca\/?page_id=3962"},"modified":"2021-05-14T16:30:58","modified_gmt":"2021-05-14T14:30:58","slug":"les-runes-dandred","status":"publish","type":"page","link":"https:\/\/www.le-sidh.org\/wicca\/liber-umbrarum\/les-runes-dandred\/","title":{"rendered":"Les runes d&rsquo;Andred"},"content":{"rendered":"<p style=\"text-align: justify;\"><strong>Extrait du <a href=\"https:\/\/www.le-sidh.org\/wicca\/liber-umbrarum\/\" target=\"_blank\" rel=\"noopener\">Liber Umbrarum<\/a>, de<\/strong><strong> Doreen Valiente. Traduction &amp; adaptation Lune. <\/strong><\/p>\n<p style=\"text-align: justify;\">Le mot \u00ab\u00a0rune\u00a0\u00bb est utilis\u00e9 par les sorci\u00e8res de deux fa\u00e7ons. Premi\u00e8rement, comme une rime qui est r\u00e9cit\u00e9e ou chant\u00e9e durant un rituel ; deuxi\u00e8mement, comme une lettre d&rsquo;un alphabet magique. Les Runes d&rsquo;Andred sont les lettres ou symboles d&rsquo;un alphabet magique qui doit son nom \u00e0 la d\u00e9esse Andred. Elle \u00e9tait v\u00e9n\u00e9r\u00e9e dans la r\u00e9gion de la grande for\u00eat appel\u00e9e Coed Andred par les anciens Bretons et Andreds-weald par les Saxons. Il reste encore des parties de cette for\u00eat dans les comt\u00e9s du sud de l&rsquo;Angleterre, en particulier dans le Sussex. Elle s&rsquo;\u00e9tendait tr\u00e8s largement autrefois, du Hampshire au Kent. Cet alphabet a \u00e9t\u00e9 cr\u00e9\u00e9 par un coven du Sussex et il est reproduit ici avec leur permission.<\/p>\n<p style=\"text-align: justify;\">L&rsquo;int\u00e9r\u00eat d&rsquo;un alphabet magique r\u00e9side dans le fait qu&rsquo;il oblige les r\u00e9dacteurs \u00e0 se concentrer davantage sur ce qu&rsquo;ils sont en train d&rsquo;\u00e9crire, parce qu&rsquo;ils doivent s&rsquo;exprimer \u00e0 l&rsquo;aide d&rsquo;une \u00e9criture inconnue et bizarre. On notera que les runes sont dispos\u00e9es en deux rang\u00e9es de 13 lettres. Lorsqu&rsquo;elles sont consign\u00e9es dans le Livre des Ombres d&rsquo;une sorci\u00e8re, elle doivent toujours \u00eatre dispos\u00e9es ainsi, de fa\u00e7on \u00e0 les relier au chiffre magique des sorci\u00e8res, le 13, et aussi avec les \u00ab\u00a0piliers jumeaux\u00a0\u00bb, les pouvoirs du masculin et du f\u00e9minin.<\/p>\n<p style=\"text-align: justify;\">Voici comment les runes sont utilis\u00e9es. Si l&rsquo;op\u00e9rateur souhaite appeler une chose qu&rsquo;il d\u00e9sire, ils devront choisir la p\u00e9riode de la lune croissante pour \u0153uvrer. En revanche, si son d\u00e9sir est de bannir quelque chose, ils devront choisir alors la p\u00e9riode de la lune d\u00e9croissante. [&#8230;]<\/p>\n<p style=\"text-align: justify;\">Ensuite, en utilisant un morceau de papier ou du parchemin vierge, l&rsquo;op\u00e9rateur dessinera d&rsquo;abord le symbole ou le sceau de la lune appropri\u00e9, croissante ou d\u00e9croissante selon le cas. Le sceau de la lune croissante est un croissant dont les cornes pointent vers la gauche. Le sceau de la lune d\u00e9croissante est un croissant dont les cornes pointent vers la droite.<\/p>\n<p style=\"text-align: justify;\">Il faut utiliser de l&rsquo;encre rouge pour donner de la puissance \u00e0 ce qui est \u00e9crit, car le rouge est la couleur de la vie. Sous le sceau de la lune, l&rsquo;op\u00e9rateur \u00e9crit le souhait en employant l&rsquo;alphabet magique.<\/p>\n<p style=\"text-align: justify;\">Ils doivent le faire quand ils sont seuls et ne peuvent \u00eatre d\u00e9rang\u00e9s ; et ils doivent garder le papier secret, ne le montrer \u00e0 personne sans quoi il perdra son pouvoir.<\/p>\n<p><a href=\"https:\/\/www.le-sidh.org\/wicca\/wp-content\/uploads\/2019\/02\/rune-andred-dv.jpg\"><img loading=\"lazy\" decoding=\"async\" class=\"aligncenter size-full wp-image-3964\" src=\"https:\/\/www.le-sidh.org\/wicca\/wp-content\/uploads\/2019\/02\/rune-andred-dv.jpg\" alt=\"\" width=\"1025\" height=\"1740\" srcset=\"https:\/\/www.le-sidh.org\/wicca\/wp-content\/uploads\/2019\/02\/rune-andred-dv.jpg 1025w, https:\/\/www.le-sidh.org\/wicca\/wp-content\/uploads\/2019\/02\/rune-andred-dv-177x300.jpg 177w, https:\/\/www.le-sidh.org\/wicca\/wp-content\/uploads\/2019\/02\/rune-andred-dv-768x1304.jpg 768w, https:\/\/www.le-sidh.org\/wicca\/wp-content\/uploads\/2019\/02\/rune-andred-dv-700x1188.jpg 700w, https:\/\/www.le-sidh.org\/wicca\/wp-content\/uploads\/2019\/02\/rune-andred-dv-800x1358.jpg 800w\" sizes=\"auto, (max-width: 1025px) 100vw, 1025px\" \/><\/a><\/p>\n<p style=\"text-align: justify;\">Ensuite, le parchemin doit \u00eatre cach\u00e9 dans une boite ou un tiroir sp\u00e9cial, qui ne devra contenir rien d&rsquo;autre \u00e0 l&rsquo;exception peut-\u00eatre d&rsquo;encens ou d&rsquo;herbes parfum\u00e9es correspondant au souhait exprim\u00e9. Les sorci\u00e8res d&rsquo;autrefois utilisaient souvent de petits bureaux \u00e0 tiroirs secrets et l&rsquo;un des buts de ceux-ci \u00e9tait de cacher de tels sortil\u00e8ges \u00e9crits. Un meuble typique de ce genre \u00e9tait expos\u00e9 au mus\u00e9e de la magie et de la sorcellerie g\u00e9r\u00e9 par le regrett\u00e9 Gerald B. Gardner, \u00e0 Castletown, sur l&rsquo;\u00cele de Man. Il faisait partie des objets pr\u00eat\u00e9s par un coven actif de sorci\u00e8res et poss\u00e9dait pas moins de sept tiroirs secrets.<\/p>\n<p style=\"text-align: justify;\">Le papier ou parchemin doit \u00eatre conserv\u00e9 ainsi pendant un mois lunaire, puis il doit \u00eatre br\u00fbl\u00e9. C&rsquo;est-\u00e0-dire quand la lune se retrouvera dans la m\u00eame phase que lorsque le sortil\u00e8ge a \u00e9t\u00e9 \u00e9crit ; disons, \u00e0 autant de jours apr\u00e8s la nouvelle lune ou la pleine lune, selon le cas. Si le souhait ne s&rsquo;est pas encore r\u00e9alis\u00e9, le processus peut \u00eatre r\u00e9p\u00e9t\u00e9, un autre papier ou parchemin est pr\u00e9par\u00e9 de la m\u00eame mani\u00e8re, car souvent la pers\u00e9v\u00e9rance et la foi sont n\u00e9cessaires pour qu&rsquo;un sort fonctionne.<\/p>\n<p style=\"text-align: justify;\">Chaque sortil\u00e8ge doit \u00eatre pour un seul et unique souhait. Si la sorci\u00e8re veut \u0153uvrer pour plus d&rsquo;une chose, un papier ou parchemin distinct doit \u00eatre pr\u00e9par\u00e9 pour chaque affaire.<\/p>\n<p style=\"text-align: justify;\">Les Runes d&rsquo;Andred, comme les autres alphabets magiques, peuvent \u00eatre \u00e9galement utilis\u00e9es \u00e0 des fins d\u00e9coratives sur des objets rituels, comme \u00e9crire le nom d&rsquo;un dieu ou d&rsquo;une d\u00e9esse, ou toute devise magique.<\/p>\n<p><em>Extrait de \u00ab Witchcraft for Tomorrow \u00bb, \u00e9ditions Pho\u00e9nix.<\/em><\/p>\n","protected":false},"excerpt":{"rendered":"<p>Extrait du Liber Umbrarum, de Doreen Valiente. Traduction &amp; adaptation Lune. Le mot \u00ab\u00a0rune\u00a0\u00bb est utilis\u00e9 par les sorci\u00e8res de deux fa\u00e7ons. Premi\u00e8rement, comme une rime qui est r\u00e9cit\u00e9e ou chant\u00e9e durant un rituel ; deuxi\u00e8mement, comme une lettre d&rsquo;un alphabet magique. Les Runes d&rsquo;Andred sont les lettres ou symboles d&rsquo;un alphabet magique qui doit&#8230;<\/p>\n","protected":false},"author":2,"featured_media":9253,"parent":3939,"menu_order":20,"comment_status":"closed","ping_status":"closed","template":"","meta":{"footnotes":""},"class_list":["post-3962","page","type-page","status-publish","has-post-thumbnail","hentry"],"_links":{"self":[{"href":"https:\/\/www.le-sidh.org\/wicca\/wp-json\/wp\/v2\/pages\/3962","targetHints":{"allow":["GET"]}}],"collection":[{"href":"https:\/\/www.le-sidh.org\/wicca\/wp-json\/wp\/v2\/pages"}],"about":[{"href":"https:\/\/www.le-sidh.org\/wicca\/wp-json\/wp\/v2\/types\/page"}],"author":[{"embeddable":true,"href":"https:\/\/www.le-sidh.org\/wicca\/wp-json\/wp\/v2\/users\/2"}],"replies":[{"embeddable":true,"href":"https:\/\/www.le-sidh.org\/wicca\/wp-json\/wp\/v2\/comments?post=3962"}],"version-history":[{"count":11,"href":"https:\/\/www.le-sidh.org\/wicca\/wp-json\/wp\/v2\/pages\/3962\/revisions"}],"predecessor-version":[{"id":3986,"href":"https:\/\/www.le-sidh.org\/wicca\/wp-json\/wp\/v2\/pages\/3962\/revisions\/3986"}],"up":[{"embeddable":true,"href":"https:\/\/www.le-sidh.org\/wicca\/wp-json\/wp\/v2\/pages\/3939"}],"wp:featuredmedia":[{"embeddable":true,"href":"https:\/\/www.le-sidh.org\/wicca\/wp-json\/wp\/v2\/media\/9253"}],"wp:attachment":[{"href":"https:\/\/www.le-sidh.org\/wicca\/wp-json\/wp\/v2\/media?parent=3962"}],"curies":[{"name":"wp","href":"https:\/\/api.w.org\/{rel}","templated":true}]}}