{"id":3946,"date":"2019-02-14T21:06:38","date_gmt":"2019-02-14T19:06:38","guid":{"rendered":"http:\/\/www.le-sidh.org\/wicca\/?page_id=3946"},"modified":"2019-02-17T17:59:56","modified_gmt":"2019-02-17T15:59:56","slug":"projection-du-cercle-le-rituel","status":"publish","type":"page","link":"https:\/\/www.le-sidh.org\/wicca\/liber-umbrarum\/projection-du-cercle-le-rituel\/","title":{"rendered":"Projection du cercle, le rituel"},"content":{"rendered":"<p style=\"text-align: justify;\"><strong>Extrait du <a href=\"https:\/\/www.le-sidh.org\/wicca\/liber-umbrarum\/\" target=\"_blank\" rel=\"noopener\">Liber Umbrarum<\/a>, de<\/strong><strong> Doreen Valiente. Traduction &amp; adaptation Lune. <\/strong><\/p>\n<p style=\"text-align: justify;\">Allumez les bougies et l&rsquo;encens. Puis prenez votre arme rituelle, le b\u00e2ton, l&rsquo;\u00e9p\u00e9e ou l&rsquo;atham\u00e9, et chargez-la avec le pouvoir des quatre \u00e9l\u00e9ments de vie, comme suit. Debout devant l&rsquo;autel, levez votre arme et avec elle touchez le plateau de terre en disant :<\/p>\n<blockquote><p>J&rsquo;appelle la Terre pour lier mon sort.<\/p><\/blockquote>\n<p>Brandissez l&rsquo;arme dans les airs et dites :<\/p>\n<blockquote><p>L&rsquo;air pour acc\u00e9l\u00e9rer son essor.<\/p><\/blockquote>\n<p>Tenez l&rsquo;arme au-dessus de la fum\u00e9e d&rsquo;encens et dites :<\/p>\n<blockquote><p>Brillant comme le feu ardent.<\/p><\/blockquote>\n<p>Trempez la pointe de l&rsquo;arme dans le chaudron ou le bol d&rsquo;eau, et dites :<\/p>\n<blockquote><p>Profond comme les eaux marines et leurs courants.<\/p><\/blockquote>\n<p>Brandissez \u00e0 nouveau l&rsquo;arme et dites :<\/p>\n<blockquote><p>Quatre fois, les \u00e9l\u00e9ments seront compt\u00e9s,<br \/>\nLa cinqui\u00e8me, le sort sera lanc\u00e9.<\/p><\/blockquote>\n<p style=\"text-align: justify;\">A pr\u00e9sent, tracez le cercle avec l&rsquo;arme magique, en passant sur la marque au sol. Commencez \u00e0 l&rsquo;est, puis tournez-vous sur la droite et dirigez-vous au sud, ensuite \u00e0 l&rsquo;ouest et enfin au nord, et retournez \u00e0 votre point de d\u00e9part. Tandis que vous tracez le cercle, visualisez le pouvoir \u00e9manant de votre arme comme un jet de flamme bleue et qui laisse une train\u00e9e d&rsquo;un feu astral bleu derri\u00e8re lui, afin que votre cercle soit une puissante forme-pens\u00e9e dans le royaume des forces subtiles. Faites trois tours de cercle en chantant cette rune :<\/p>\n<blockquote><p>Esprits noirs et blancs, Esprits rouges et gris,<br \/>\n\u00c9coutez la rune<strong>, <\/strong>comme je la dis.<br \/>\nPar les quatre directions du cercle, le sortil\u00e8ge est tiss\u00e9,<br \/>\nEst, sud, ouest, nord, votre histoire reste \u00e0 narrer.<br \/>\nL&rsquo;est est rouge, au point du jour,<br \/>\nLe sud est blanc, \u00e0 la moiti\u00e9 du jour,<br \/>\nL&rsquo;ouest est gris, au cr\u00e9puscule du soir,<br \/>\nEt le nord est noir, sur le lieu de pouvoir.<br \/>\nTrois tours et le cercle est projet\u00e9.<br \/>\nAnciens, esprits du pass\u00e9,<br \/>\nSoyez-en les t\u00e9moins et gardez-le bien.<\/p><\/blockquote>\n<p style=\"text-align: justify;\">Puis prenez la cloche, faites un nouveau tour de cercle, en partant de l&rsquo;est. Invitez les Tr\u00e8s Hauts qui nous ont pr\u00e9c\u00e9d\u00e9s, en disant :<\/p>\n<blockquote>\n<p style=\"text-align: justify;\">Je vous convoque, vous \u00e9veille et vous appelle, vous Puissants de l&rsquo;Est, les esprits gardiens du Royaume des\u00a0 Sorci\u00e8res<sup><a class=\"sdendnoteanc\" href=\"#sdendnote1sym\" name=\"sdendnote1anc\">1<\/a><\/sup>, pour assister \u00e0 ces rites et garder ce cercle.<\/p>\n<\/blockquote>\n<p>Passez au sud et dites :<\/p>\n<blockquote>\n<p style=\"text-align: justify;\">Je vous invoque, vous \u00e9veille et vous appelle, vous Puissants du Sud, les esprits gardiens du royaume des sorci\u00e8res, afin d\u2019assister \u00e0 ces rites et garder ce cercle.<\/p>\n<\/blockquote>\n<p>Passez \u00e0 l&rsquo;ouest et dites :<\/p>\n<blockquote>\n<p style=\"text-align: justify;\">Je vous invoque, vous \u00e9veille et vous appelle, vous Puissants de l&rsquo;Ouest, les esprits gardiens du royaume des sorci\u00e8res, afin d\u2019assister \u00e0 ces rites et garder ce cercle.<\/p>\n<\/blockquote>\n<p>Passez au nord et dites :<\/p>\n<blockquote>\n<p style=\"text-align: justify;\">Je vous invoque, vous \u00e9veille et vous appelle, vous Puissants du Nord, les esprits gardiens du royaume des sorci\u00e8res, afin d\u2019assister \u00e0 ces rites et garder ce cercle.<\/p>\n<\/blockquote>\n<p style=\"text-align: justify;\">A chaque invocation, donnez un coup sur la cloche pour la faire retentir et \u00e0 mesure que le son meurt, il vous semblera entendre son \u00e9cho sur les Plans Int\u00e9rieurs. La cloche ne doit pas avoir un son trop fort, mais r\u00e9sonnant et musical.\u00a0 On peut frapper la cloche avec l&rsquo;arri\u00e8re de l&rsquo;atham\u00e9, si cela produit la note juste.<\/p>\n<p style=\"text-align: justify;\">Compl\u00e9tez le tour du cercle en revenant jusqu&rsquo;\u00e0 votre point de d\u00e9part (faire toujours ainsi). Puis replacez la cloche sur l&rsquo;autel et prenez l&rsquo;encensoir. Faites un tour de cercle avec l&rsquo;encensoir fumant, est, sud, ouest et nord, comme pr\u00e9c\u00e9demment et brandissez-le \u00e0 chaque quartier, comme offrande aux esprits gardiens.<\/p>\n<p>Puis retournez au centre du cercle, levez bien haut l&rsquo;encensoir et dites :<\/p>\n<blockquote><p>Depuis les hauteurs jusqu&rsquo;aux profondeurs,<br \/>\nVeillez et gardez l&rsquo;\u00e9ternel donjon.<\/p><\/blockquote>\n<p style=\"text-align: justify;\">Replacez l&rsquo;encensoir sur l&rsquo;autel et frappez la cloche une fois.<\/p>\n<p style=\"text-align: justify;\">Ainsi le cercle magique est form\u00e9 et il est alors pr\u00eat pour les rites de votre choix, qu&rsquo;il s&rsquo;agisse d&rsquo;une initiation, de clairvoyance, de voyager en esprit, de cons\u00e9cration d&rsquo;armes ou de talismans, ou tout travail pr\u00e9vu ou c\u00e9l\u00e9bration qui doit avoir lieu.<\/p>\n<p style=\"text-align: justify;\">A la fin du rituel, d\u00e9faites le cercle en remerciant formellement les Anciens pour leur protection. Proc\u00e9dez en prenant l&rsquo;encens fumant et en l&rsquo;offrant en le brandissant aux quatre directions comme pr\u00e9c\u00e9demment, en commen\u00e7ant \u00e0 l&rsquo;est et en disant :<\/p>\n<blockquote><p>Gardiens de l&rsquo;Est, je vous remercie. Salut et adieu.<\/p><\/blockquote>\n<p>Passez au sud et dites :<\/p>\n<blockquote><p>Gardiens du Sud, je vous remercie. Salut et adieu.<\/p><\/blockquote>\n<p>Passez \u00e0 l&rsquo;ouest et dites :<\/p>\n<blockquote><p>Gardiens de l&rsquo;Ouest, je vous remercie. Salut et adieu.<\/p><\/blockquote>\n<p>Passez au nord et dites :<\/p>\n<blockquote><p>Gardiens du Nord, je vous remercie. Salut et adieu.<\/p><\/blockquote>\n<p style=\"text-align: justify;\">Compl\u00e9tez votre tour de cercle en retournant l\u00e0 o\u00f9 vous avez commenc\u00e9, puis revenez au centre. Levez bien haut l&rsquo;encensoir et dites :<\/p>\n<blockquote><p>Gardiens d&rsquo;en Haut, je vous remercie. Salut et adieu.<\/p><\/blockquote>\n<p>Replacez l&rsquo;encensoir sur l&rsquo;autel et dites :<\/p>\n<blockquote>\n<p style=\"text-align: justify;\">Gardiens des Profondeurs, je vous remercie. Salut et adieu.<\/p>\n<\/blockquote>\n<p>Frappez la cloche une fois et dites :<\/p>\n<blockquote><p>Le rite est termin\u00e9.<\/p><\/blockquote>\n<p style=\"text-align: justify;\">Puis \u00e9teignez les bougies de l&rsquo;autel en premier, avant toute autre.<\/p>\n<p style=\"text-align: justify;\"><a class=\"sdendnotesym\" href=\"#sdendnote1anc\" name=\"sdendnote1sym\">1<\/a> Le terme <em>Witchdom <\/em>d\u00e9signe un lieu de l&rsquo;Autremonde pour les sorci\u00e8res, une r\u00e9gion des mondes int\u00e9rieurs, un endroit magnifique et merveilleux, en somme un paradis des sorci\u00e8res. On peut atteindre cette sorte de royaume astral des sorci\u00e8res, pour notamment y recevoir des enseignements (cf. Rebirth of Witchcraft, de Doreen Valiente.)<\/p>\n<p><em>Extrait de \u00ab Witchcraft for Tomorrow \u00bb, \u00e9ditions Pho\u00e9nix.<\/em><\/p>\n","protected":false},"excerpt":{"rendered":"<p>Extrait du Liber Umbrarum, de Doreen Valiente. Traduction &amp; adaptation Lune. Allumez les bougies et l&rsquo;encens. Puis prenez votre arme rituelle, le b\u00e2ton, l&rsquo;\u00e9p\u00e9e ou l&rsquo;atham\u00e9, et chargez-la avec le pouvoir des quatre \u00e9l\u00e9ments de vie, comme suit. Debout devant l&rsquo;autel, levez votre arme et avec elle touchez le plateau de terre en disant :&#8230;<\/p>\n","protected":false},"author":2,"featured_media":4094,"parent":3939,"menu_order":2,"comment_status":"closed","ping_status":"closed","template":"silo.php","meta":{"footnotes":""},"class_list":["post-3946","page","type-page","status-publish","has-post-thumbnail","hentry"],"_links":{"self":[{"href":"https:\/\/www.le-sidh.org\/wicca\/wp-json\/wp\/v2\/pages\/3946","targetHints":{"allow":["GET"]}}],"collection":[{"href":"https:\/\/www.le-sidh.org\/wicca\/wp-json\/wp\/v2\/pages"}],"about":[{"href":"https:\/\/www.le-sidh.org\/wicca\/wp-json\/wp\/v2\/types\/page"}],"author":[{"embeddable":true,"href":"https:\/\/www.le-sidh.org\/wicca\/wp-json\/wp\/v2\/users\/2"}],"replies":[{"embeddable":true,"href":"https:\/\/www.le-sidh.org\/wicca\/wp-json\/wp\/v2\/comments?post=3946"}],"version-history":[{"count":20,"href":"https:\/\/www.le-sidh.org\/wicca\/wp-json\/wp\/v2\/pages\/3946\/revisions"}],"predecessor-version":[{"id":4203,"href":"https:\/\/www.le-sidh.org\/wicca\/wp-json\/wp\/v2\/pages\/3946\/revisions\/4203"}],"up":[{"embeddable":true,"href":"https:\/\/www.le-sidh.org\/wicca\/wp-json\/wp\/v2\/pages\/3939"}],"wp:featuredmedia":[{"embeddable":true,"href":"https:\/\/www.le-sidh.org\/wicca\/wp-json\/wp\/v2\/media\/4094"}],"wp:attachment":[{"href":"https:\/\/www.le-sidh.org\/wicca\/wp-json\/wp\/v2\/media?parent=3946"}],"curies":[{"name":"wp","href":"https:\/\/api.w.org\/{rel}","templated":true}]}}