{"id":3754,"date":"2019-02-01T17:59:26","date_gmt":"2019-02-01T15:59:26","guid":{"rendered":"http:\/\/www.le-sidh.org\/wicca\/?page_id=3754"},"modified":"2020-09-30T16:33:19","modified_gmt":"2020-09-30T14:33:19","slug":"livres","status":"publish","type":"page","link":"https:\/\/www.le-sidh.org\/wicca\/livres\/","title":{"rendered":"T\u00e9l\u00e9chargements"},"content":{"rendered":"<p>Cours \u00e0 t\u00e9l\u00e9charger\u00a0:<\/p>\n<ul>\n<li style=\"text-align: justify;\"><a href=\"https:\/\/www.le-sidh.org\/wicca\/download\/syllabus-wicca-fondation.pdf\" >Syllabus du cours Wicca Fondation<\/a>. Par Artus. Le programme complet du cours Wicca Fondation.<\/li>\n<\/ul>\n<ul>\n<li style=\"text-align: justify;\"><a href=\"https:\/\/www.le-sidh.org\/wicca\/download\/Artus-Integrez-la-magie-dans-votre-quotidien.pdf\" >Int\u00e9grez la magie dans votre quotidien<\/a>. Par Artus. On nous demande souvent des rituels magiques sp\u00e9cifiques pour une situation donn\u00e9e. Ce cours vous affranchit des rituels et vous apprend \u00e0 manifester vos souhaits en utilisant des affirmations positives.<\/li>\n<\/ul>\n<ul>\n<li style=\"text-align: justify;\"><a href=\"https:\/\/www.le-sidh.org\/wicca\/download\/Artus-Le-voyage-au-tambour.pdf\" >Le voyage au tambour<\/a>. Par Artus. Ce cours vous apprend les pratiques de base du n\u00e9o-chamanisme de Michael Harner telles qu\u2019elles sont enseign\u00e9es par la FSS (Foundation for Shamanic Studies). Si vous n&rsquo;avez pas de tambour, vous pouvez utiliser <a href=\"https:\/\/youtu.be\/0K78eKXsYeg?t=1833\" target=\"_blank\" rel=\"noopener noreferrer\">cet enregistrement disponible sur YouTube<\/a>.<\/li>\n<\/ul>\n<p>Livres traduits \u00e0 t\u00e9l\u00e9charger :<\/p>\n<ul>\n<li style=\"text-align: justify;\"><a href=\"https:\/\/www.le-sidh.org\/wicca\/download\/Liber_Umbrarum_FR_Doreen-Valiente.pdf\" >Liber Umbrarum : un livre des ombres par Doreen Valiente<\/a>. \u00c0 l&rsquo;\u00e9poque o\u00f9 Doreen Valiente a \u00e9crit ce manuel de sorcellerie (1978), il existait peu d&rsquo;informations pratiques et compl\u00e8tes sur le sujet. Son Liber Umbrarum reste une bonne base pour commencer la pratique de la sorcellerie moderne, que vous soyez solitaire ou non.<\/li>\n<\/ul>\n<ul>\n<li style=\"text-align: justify;\"><a href=\"https:\/\/www.le-sidh.org\/wicca\/download\/Les-propos-de-Gardner.pdf\" >Les propos de Gerald Gardner<\/a>. Voici une compilation de ce qu&rsquo;a dit le p\u00e8re de la Wicca \u00e0 propos de cette religion, de la magie et de nombreux autres sujets connexes. Pour les personnes qui ont la flemme de lire ses livres ou ses biographies, mais qui d\u00e9sirent tout de m\u00eame mieux conna\u00eetre la Wicca et son Histoire, cette compil&rsquo; est faite pour vous.<\/li>\n<\/ul>\n<ul>\n<li style=\"text-align: justify;\"><a href=\"https:\/\/www.le-sidh.org\/wicca\/download\/aradia.pdf\" >Aradia ou l'\u00e9vangile des sorci\u00e8res<\/a>. De Charles Leland,\u00a0 traduction et adaptation par V\u00e9ro.<\/li>\n<\/ul>\n<ul>\n<li style=\"text-align: justify;\"><a href=\"https:\/\/www.le-sidh.org\/wicca\/download\/starhawk.pdf\" >La Puissance de la Grande D\u00e9esse<\/a>. De Starhawk, traduction et adaptation par V\u00e9ro.<\/li>\n<\/ul>\n<ul>\n<li style=\"text-align: justify;\"><a href=\"https:\/\/www.le-sidh.org\/wicca\/download\/WitchesMill.pdf\" >L'Histoire du C\u00e9l\u00e8bre Moulin des Sorci\u00e8res \u00e0 Castletown<\/a>, Ile de Man. De Gerald Gardner, traduction et adaptation par Ameth.<\/li>\n<\/ul>\n<p><a href=\"https:\/\/www.le-sidh.org\/wicca\/wp-content\/uploads\/2019\/04\/old-books-436498_640.jpg\"><img loading=\"lazy\" decoding=\"async\" class=\"aligncenter size-full wp-image-5937\" src=\"https:\/\/www.le-sidh.org\/wicca\/wp-content\/uploads\/2019\/04\/old-books-436498_640.jpg\" alt=\"\" width=\"640\" height=\"426\" srcset=\"https:\/\/www.le-sidh.org\/wicca\/wp-content\/uploads\/2019\/04\/old-books-436498_640.jpg 640w, https:\/\/www.le-sidh.org\/wicca\/wp-content\/uploads\/2019\/04\/old-books-436498_640-300x200.jpg 300w\" sizes=\"auto, (max-width: 640px) 100vw, 640px\" \/><\/a><\/p>\n","protected":false},"excerpt":{"rendered":"<p>Cours \u00e0 t\u00e9l\u00e9charger\u00a0: . Par Artus. Le programme complet du cours Wicca Fondation. . Par Artus. On nous demande souvent des rituels magiques sp\u00e9cifiques pour une situation donn\u00e9e. Ce cours vous affranchit des rituels et vous apprend \u00e0 manifester vos souhaits en utilisant des affirmations positives. . Par Artus. Ce cours vous apprend les pratiques&#8230;<\/p>\n","protected":false},"author":2,"featured_media":0,"parent":0,"menu_order":0,"comment_status":"closed","ping_status":"closed","template":"","meta":{"footnotes":""},"class_list":["post-3754","page","type-page","status-publish","hentry"],"_links":{"self":[{"href":"https:\/\/www.le-sidh.org\/wicca\/wp-json\/wp\/v2\/pages\/3754","targetHints":{"allow":["GET"]}}],"collection":[{"href":"https:\/\/www.le-sidh.org\/wicca\/wp-json\/wp\/v2\/pages"}],"about":[{"href":"https:\/\/www.le-sidh.org\/wicca\/wp-json\/wp\/v2\/types\/page"}],"author":[{"embeddable":true,"href":"https:\/\/www.le-sidh.org\/wicca\/wp-json\/wp\/v2\/users\/2"}],"replies":[{"embeddable":true,"href":"https:\/\/www.le-sidh.org\/wicca\/wp-json\/wp\/v2\/comments?post=3754"}],"version-history":[{"count":28,"href":"https:\/\/www.le-sidh.org\/wicca\/wp-json\/wp\/v2\/pages\/3754\/revisions"}],"predecessor-version":[{"id":8465,"href":"https:\/\/www.le-sidh.org\/wicca\/wp-json\/wp\/v2\/pages\/3754\/revisions\/8465"}],"wp:attachment":[{"href":"https:\/\/www.le-sidh.org\/wicca\/wp-json\/wp\/v2\/media?parent=3754"}],"curies":[{"name":"wp","href":"https:\/\/api.w.org\/{rel}","templated":true}]}}