{"id":3632,"date":"2019-01-25T20:50:35","date_gmt":"2019-01-25T18:50:35","guid":{"rendered":"http:\/\/www.le-sidh.org\/wicca\/?page_id=3632"},"modified":"2019-03-14T14:41:05","modified_gmt":"2019-03-14T12:41:05","slug":"rituel-du-sabbat-dimbolc-extrait-du-livre-des-ombres-de-scott-cunningham","status":"publish","type":"page","link":"https:\/\/www.le-sidh.org\/wicca\/sabbats\/imbolc\/rituel-du-sabbat-dimbolc-extrait-du-livre-des-ombres-de-scott-cunningham\/","title":{"rendered":"Rituel du sabbat d&rsquo;Imbolc, extrait du Livre des Ombres de Scott Cunningham"},"content":{"rendered":"<p style=\"text-align: justify;\"><em>Tir\u00e9 du livre \u00ab\u00a0<\/em>Cunningham\u2019s book <em> of shadows, the path of an American Traditionalist\u00a0\u00bb, par Scott Cunningham. Traduit et adapt\u00e9 par Lune. <\/em><\/p>\n<p>L&rsquo;autel est \u00e9rig\u00e9, les bougies et l&rsquo;encens sont allum\u00e9s et <a href=\"https:\/\/www.le-sidh.org\/wicca\/pratiques-rituelles-sorcieres\/rituels-divers-et-bases\/projeter-et-dissiper-le-cercle-magique-cunningham\/\" target=\"_blank\" rel=\"noopener noreferrer\">le Cercle des Pierres est projet\u00e9<\/a>.<\/p>\n<p style=\"text-align: justify;\">Un symbole de saison, tel qu&rsquo;un flocon de neige en cristal, une fleur blanche ou peut-\u00eatre de la neige seront plac\u00e9s sur l&rsquo;autel. On y d\u00e9posera \u00e9galement une bougie pour chaque membre du coven pr\u00e9sent.<\/p>\n<p style=\"text-align: justify;\">Le coven forme un cercle, en se tenant les mains, <a href=\"https:\/\/www.le-sidh.org\/wicca\/pratiques-rituelles-sorcieres\/benedictions-purification-detachement\/priere-de-benediction-livre-des-ombres-de-scott-cunningham\/\">le leader\u00a0(ndlt : il peut s&rsquo;agir d&rsquo;un homme ou d&rsquo;une femme) r\u00e9cite la Pri\u00e8re de B\u00e9n\u00e9diction.<\/a><\/p>\n<p style=\"text-align: justify;\">Les dieux sont invoqu\u00e9s. Maintenant, le leader dit\u00a0:<\/p>\n<p style=\"text-align: justify;\"><strong>A Imbolc, la terre est envelopp\u00e9e de son manteau d&rsquo;hiver ; l&rsquo;air est glacial et le givre recouvre les tendres et vertes plantes de la vall\u00e9e. Le Dieu des for\u00eats et des champs est endormi ; et dans son sommeil, il na\u00eet \u00e0 nouveau de la Grande D\u00e9esse, comme tous doivent renaitre. Et ainsi, ce qui est triste devient joyeux et ce qui est maintenant endormi, somnolant ou sans vie s&rsquo;animera tout \u00e0 coup et renaitra. Et par cons\u00e9quent, c\u00e9l\u00e9brons la venue du Dieu et l&rsquo;accouchement de la D\u00e9esse !<\/strong><\/p>\n<p style=\"text-align: justify;\">Tous prennent une bougie de l&rsquo;autel et l&rsquo;allument avec la bougie de la D\u00e9esse. Le coven forme un cercle autour de l&rsquo;autel. Le leader m\u00e8ne tout le monde dans une marche lente autour du Cercle des Pierres. Lorsque trois tours de cercle ont \u00e9t\u00e9 effectu\u00e9s, le leader demande une halte et place sa bougie dans le chaudron, l&rsquo;allume. Le coven fait de m\u00eame et tous regardent le chaudron d&rsquo;o\u00f9 la vie jaillit et bouillonne.<\/p>\n<p style=\"text-align: justify;\">Le leader dit :<\/p>\n<p style=\"text-align: justify;\"><strong>Voyez-vous la Lumi\u00e8re ? C&rsquo;est le feu de la Renaissance ; l&rsquo;ardente essence qui est la Vie elle-m\u00eame !<\/strong><\/p>\n<p style=\"text-align: justify;\">Tous s&rsquo;assoient et m\u00e9ditent sur le sens du rituel, du cycle des r\u00e9incarnations, sur le sens de la mort et, par cons\u00e9quent, de la naissance elle-m\u00eame.<\/p>\n<p style=\"text-align: justify;\">Lorsque vous avez termin\u00e9, si vous devez accomplir des travaux divinatoires, c&rsquo;est le meilleur moment pour cela.<\/p>\n<p style=\"text-align: justify;\">La Petite F\u00eate.<\/p>\n<p style=\"text-align: justify;\"><a href=\"https:\/\/www.le-sidh.org\/wicca\/pratiques-rituelles-sorcieres\/rituels-divers-et-bases\/projeter-et-dissiper-le-cercle-magique-cunningham\/\" target=\"_blank\" rel=\"noopener noreferrer\">Le Cercle est d\u00e9fait<\/a>.<\/p>\n<p style=\"text-align: justify;\">Festivit\u00e9s et jeux suivent.<\/p>\n","protected":false},"excerpt":{"rendered":"<p>Tir\u00e9 du livre \u00ab\u00a0Cunningham\u2019s book of shadows, the path of an American Traditionalist\u00a0\u00bb, par Scott Cunningham. Traduit et adapt\u00e9 par Lune. L&rsquo;autel est \u00e9rig\u00e9, les bougies et l&rsquo;encens sont allum\u00e9s et le Cercle des Pierres est projet\u00e9. Un symbole de saison, tel qu&rsquo;un flocon de neige en cristal, une fleur blanche ou peut-\u00eatre de la&#8230;<\/p>\n","protected":false},"author":2,"featured_media":3640,"parent":83,"menu_order":0,"comment_status":"closed","ping_status":"closed","template":"silo.php","meta":{"footnotes":""},"class_list":["post-3632","page","type-page","status-publish","has-post-thumbnail","hentry"],"_links":{"self":[{"href":"https:\/\/www.le-sidh.org\/wicca\/wp-json\/wp\/v2\/pages\/3632","targetHints":{"allow":["GET"]}}],"collection":[{"href":"https:\/\/www.le-sidh.org\/wicca\/wp-json\/wp\/v2\/pages"}],"about":[{"href":"https:\/\/www.le-sidh.org\/wicca\/wp-json\/wp\/v2\/types\/page"}],"author":[{"embeddable":true,"href":"https:\/\/www.le-sidh.org\/wicca\/wp-json\/wp\/v2\/users\/2"}],"replies":[{"embeddable":true,"href":"https:\/\/www.le-sidh.org\/wicca\/wp-json\/wp\/v2\/comments?post=3632"}],"version-history":[{"count":12,"href":"https:\/\/www.le-sidh.org\/wicca\/wp-json\/wp\/v2\/pages\/3632\/revisions"}],"predecessor-version":[{"id":5107,"href":"https:\/\/www.le-sidh.org\/wicca\/wp-json\/wp\/v2\/pages\/3632\/revisions\/5107"}],"up":[{"embeddable":true,"href":"https:\/\/www.le-sidh.org\/wicca\/wp-json\/wp\/v2\/pages\/83"}],"wp:featuredmedia":[{"embeddable":true,"href":"https:\/\/www.le-sidh.org\/wicca\/wp-json\/wp\/v2\/media\/3640"}],"wp:attachment":[{"href":"https:\/\/www.le-sidh.org\/wicca\/wp-json\/wp\/v2\/media?parent=3632"}],"curies":[{"name":"wp","href":"https:\/\/api.w.org\/{rel}","templated":true}]}}