{"id":34,"date":"2014-07-13T16:51:06","date_gmt":"2014-07-13T14:51:06","guid":{"rendered":"http:\/\/www.le-sidh.org\/wicca\/?page_id=34"},"modified":"2021-03-28T14:17:58","modified_gmt":"2021-03-28T12:17:58","slug":"esbat","status":"publish","type":"page","link":"https:\/\/www.le-sidh.org\/wicca\/esbat\/","title":{"rendered":"Esbat"},"content":{"rendered":"<p style=\"text-align: justify;\">[En cours de r\u00e9daction] L&rsquo;esbat ou rituel lunaire. Retrouvez ci-dessous tous les rituels et pratiques d\u00e9di\u00e9s aux esbats.<\/p>\n<p style=\"text-align: justify;\">Dans la wicca traditionnelle, un esbat est un rituel qui se pratique \u00e0 la pleine lune. Aujourd&rsquo;hui de nombreux groupes de traditions diverses ainsi que des solitaires c\u00e9l\u00e8brent des esbats lors des diff\u00e9rentes phases lunaires : nouvelle lune, lune croissante, pleine lune, lune d\u00e9croissante&#8230;<\/p>\n<p style=\"text-align: justify;\">Pour les sorci\u00e8res et sorciers modernes, la lune symbolise la D\u00e9esse et ses phases renvoient aux cycles de la vie : naissance, croissance, \u00e9panouissement, d\u00e9clin, mort et renaissance.<\/p>\n<p style=\"text-align: justify;\">Pour conna\u00eetre les phases de la lune, consultez le site de l&rsquo;Institut de M\u00e9canique C\u00e9leste et de Calcul des \u00c9ph\u00e9m\u00e9rides (IMCCE) : <a href=\"https:\/\/promenade.imcce.fr\/fr\/pages4\/441.html\" target=\"_blank\" rel=\"noopener noreferrer\">https:\/\/promenade.imcce.fr\/fr\/pages4\/441.html<\/a><\/p>\n<p>Voici <a href=\"https:\/\/www.le-sidh.org\/wicca\/rituels\/\" target=\"_blank\" rel=\"noopener noreferrer\">le d\u00e9roulement classique d&rsquo;un rituel<\/a> d&rsquo;esbat :<\/p>\n<ul>\n<li>Cons\u00e9cration du cercle<\/li>\n<li>La descente de la lune<\/li>\n<li>La charge de la d\u00e9esse<\/li>\n<li>Chants, danses, \u00e9riger le c\u00f4ne de pouvoir\/<\/li>\n<li>Travaux magiques<\/li>\n<li>Cons\u00e9cration du vin et des g\u00e2teaux<\/li>\n<li>C&rsquo;est le moment de se relaxer et de discuter (affaires du coven, enseignements, retours\/d\u00e9briefing sur la c\u00e9l\u00e9bration, etc.)<\/li>\n<li>Bannissement du cercle<\/li>\n<\/ul>\n<h3><strong>Esbat, la pratique rituelle<\/strong><\/h3>\n<p style=\"text-align: justify;\">La descente de la lune, la charge de la d\u00e9esse, le c\u00f4ne de pouvoir et la pratique magique repr\u00e9sente le c\u0153ur de l&rsquo;esbat.<\/p>\n<h4><strong>Ce que sont la descente de la lune &amp; la charge de la D\u00e9esse.<\/strong><\/h4>\n<ul>\n<li>La descente de la lune :\n<ul>\n<li><a href=\"https:\/\/www.le-sidh.org\/wicca\/pratiques-rituelles-sorcieres\/invocations-charges\/la-descente-de-la-lune-quest-ce-que-cest\/\" target=\"_blank\" rel=\"noopener noreferrer\">La descente de la lune, qu&rsquo;est-ce que c&rsquo;est ?<\/a> par Lune<\/li>\n<li><a href=\"https:\/\/www.le-sidh.org\/wicca\/les-propos-de-gardner\/descente-de-la-lune\/\" target=\"_blank\" rel=\"noopener noreferrer\">Faire descendre la lune<\/a>, d&rsquo;apr\u00e8s Gerald Gardner<\/li>\n<\/ul>\n<\/li>\n<\/ul>\n<ul>\n<li>La charge de la D\u00e9esse :\n<ul>\n<li><a href=\"https:\/\/www.le-sidh.org\/wicca\/pratiques-rituelles-sorcieres\/invocations-charges\/la-charge-de-la-deesse-signification-du-mot-charge\/\" target=\"_blank\" rel=\"noopener noreferrer\">La charge de la D\u00e9esse : signification du mot \u00ab\u00a0charge\u00a0\u00bb<\/a>, par Lune<\/li>\n<li><a href=\"https:\/\/www.le-sidh.org\/wicca\/sexualite\/rites\/chevauche-par-les-dieux\/\" target=\"_blank\" rel=\"noopener noreferrer\">Chevauch\u00e9 par les Dieux<\/a>, par Jennifer Hunter.<\/li>\n<li><a href=\"https:\/\/www.le-sidh.org\/wicca\/pratiques-rituelles-sorcieres\/invocations-charges\/les-sources-de-la-charge-de-la-deesse-i-ali-puli\/\" target=\"_blank\" rel=\"noopener noreferrer\">Les Sources de la Charge de la D\u00e9esse (I) : Ali Puli<\/a>, par Lune<\/li>\n<li><a href=\"https:\/\/www.le-sidh.org\/wicca\/pratiques-rituelles-sorcieres\/invocations-charges\/les-sources-de-la-charge-de-la-deesse-ii-charles-leland\/\" target=\"_blank\" rel=\"noopener noreferrer\">Les sources de la Charge de la D\u00e9esse (II) : Charles Leland<\/a>, par Lune<\/li>\n<li><a href=\"https:\/\/www.le-sidh.org\/wicca\/sur-la-wicca-la-sorcellerie\/reflexions\/armee-du-ciel\/\" target=\"_blank\" rel=\"noopener noreferrer\">L\u2019Arm\u00e9e du Ciel et la Charge de la D\u00e9esse<\/a>.<\/li>\n<\/ul>\n<\/li>\n<\/ul>\n<h4><strong>Rituels de pleine lune<\/strong><\/h4>\n<ul>\n<li>Tir\u00e9s du livre des ombres gardn\u00e9rien :\n<ul>\n<li><a href=\"https:\/\/www.le-sidh.org\/wicca\/esbat\/la-descente-de-la-lune-1949\/\" target=\"_blank\" rel=\"noopener noreferrer\">La descente de la lune<\/a> est d\u00e9clam\u00e9e, puis <a href=\"https:\/\/www.le-sidh.org\/wicca\/livres-des-ombres-gardnerien\/le-livre-des-ombres-de-1949\/la-charge-soulever-le-voile-1949\/\" target=\"_blank\" rel=\"noopener noreferrer\">la charge de la D\u00e9esse (\u00ab\u00a0Lever le voile\u00a0\u00bb)<\/a> est dite (1949)<\/li>\n<li><a href=\"https:\/\/www.le-sidh.org\/wicca\/livres-des-ombres-gardnerien\/le-livre-des-ombres-de-1957\/une-revision-de-la-procedure-de-projection\/\" target=\"_blank\" rel=\"noopener noreferrer\">La descente de la lune<\/a> puis <a href=\"https:\/\/www.le-sidh.org\/wicca\/livres-des-ombres-gardnerien\/le-livre-des-ombres-de-1957\/la-charge-en-prose\/\" target=\"_blank\" rel=\"noopener noreferrer\">la charge en prose<\/a> (1957)<\/li>\n<li><a href=\"https:\/\/www.le-sidh.org\/wicca\/livres-des-ombres-gardnerien\/le-livre-des-ombres-de-1961\/projection-et-charge\/\" target=\"_blank\" rel=\"noopener noreferrer\">La descente de la lune<\/a> et <a href=\"https:\/\/www.le-sidh.org\/wicca\/livres-des-ombres-gardnerien\/le-livre-des-ombres-de-1961\/la-charge-en-vers\/\" target=\"_blank\" rel=\"noopener noreferrer\">la charge en vers<\/a> (1961)<\/li>\n<\/ul>\n<\/li>\n<\/ul>\n<ul>\n<li>Tir\u00e9s de \u00ab\u00a0A witches&rsquo; bible\u00a0\u00bb, des Farrar :\n<ul>\n<li><a title=\"Descente de la lune\" href=\"https:\/\/www.le-sidh.org\/wicca\/rituels\/descente-de-la-lune\/\" target=\"_blank\" rel=\"noopener noreferrer\">La descente de la lune<\/a> et <a title=\"La Charge de la D\u00e9esse\" href=\"https:\/\/www.le-sidh.org\/wicca\/rituels\/la-charge-de-la-deesse\/\" target=\"_blank\" rel=\"noopener noreferrer\">la charge de la D\u00e9esse<\/a><\/li>\n<\/ul>\n<\/li>\n<\/ul>\n<ul>\n<li style=\"text-align: justify;\">Phyllis Curott propose <strong>une version en solitaire de la descente de la lune<\/strong>, suivie d&rsquo;une version en couple ou en groupe :\n<ul>\n<li><a href=\"https:\/\/www.le-sidh.org\/wicca\/pratiques-rituelles-sorcieres\/invocations-charges\/faire-descendre-la-lune-charger-leau-lunaire\/\" target=\"_blank\" rel=\"noopener noreferrer\">Faire descendre la lune &amp; charger l\u2019eau lunaire<\/a><\/li>\n<\/ul>\n<\/li>\n<\/ul>\n<ul>\n<li>Autres rituels d&rsquo;esbat :\n<ul>\n<li><a href=\"https:\/\/www.le-sidh.org\/wicca\/esbat\/lesbat-rite-de-la-pleine-lune\/\" target=\"_blank\" rel=\"noopener noreferrer\">L&rsquo;Esbat, rite de la pleine lune<\/a> par Doreen Valiente<\/li>\n<li><a href=\"https:\/\/www.le-sidh.org\/wicca\/esbat\/rituel-de-pleine-lune\/\" target=\"_blank\" rel=\"noopener noreferrer\">Rituel de pleine lune<\/a> par Starhawk<\/li>\n<li><a href=\"https:\/\/www.le-sidh.org\/wicca\/esbat\/rituel-de-guerison-a-la-pleine-lune\/\" target=\"_blank\" rel=\"noopener noreferrer\">Rituel de gu\u00e9rison \u00e0 la pleine lune<\/a> par Selena Fox<\/li>\n<li><a href=\"https:\/\/www.le-sidh.org\/wicca\/esbat\/esbat-deesse-diana\/\" target=\"_blank\" rel=\"noopener noreferrer\">Un esbat d\u00e9di\u00e9 \u00e0 Diane<\/a> par Gudeman\u2019s fauld<\/li>\n<li><a href=\"https:\/\/www.le-sidh.org\/wicca\/esbat\/le-plus-grand-outil-magique-cest-vous-meme\/\" target=\"_blank\" rel=\"noopener noreferrer\">Un esbat sans outil<\/a> par Blackcat<\/li>\n<\/ul>\n<\/li>\n<\/ul>\n<h4><strong>Rituels de lune d\u00e9croissante :<\/strong><\/h4>\n<ul>\n<li>\u00e0 compl\u00e9ter<\/li>\n<\/ul>\n<h4><strong>Rituels de nouvelle lune :<\/strong><\/h4>\n<ul>\n<li><a href=\"https:\/\/www.le-sidh.org\/wicca\/esbat\/esbat-nouvelle-lune-invocation-rituels-et-sortileges\/\" target=\"_blank\" rel=\"noopener noreferrer\">Nouvelle lune (invocation, rituels et sortil\u00e8ges)<\/a>, par Elen Hawke<\/li>\n<\/ul>\n<h4><strong>Rituels de lune croissante :<\/strong><\/h4>\n<ul>\n<li><a href=\"https:\/\/www.le-sidh.org\/wicca\/esbat\/rituel-de-la-lune-croissante\/\" target=\"_blank\" rel=\"noopener noreferrer\">Rituel de la lune croissante<\/a> par Starhawk<\/li>\n<li><a href=\"https:\/\/www.le-sidh.org\/wicca\/esbat\/esbat-le-premier-quartier-de-lune\/\" target=\"_blank\" rel=\"noopener noreferrer\">Le premier quartier de lune (m\u00e9ditation, renforcement de sortil\u00e8ge, buts&#8230;)<\/a>, par Elen Hawke<\/li>\n<\/ul>\n<h4><strong>Rituels de la lune des moissons :<\/strong><\/h4>\n<ul>\n<li><a href=\"https:\/\/www.le-sidh.org\/wicca\/esbat\/lune-des-moissons\/\" target=\"_blank\" rel=\"noopener noreferrer\">La lune des moissons<\/a>, par Pauline Campanelli.<\/li>\n<\/ul>\n<h4><strong>Rituels de lune bleue :<\/strong><\/h4>\n<ul>\n<li><a href=\"https:\/\/www.le-sidh.org\/wicca\/esbat\/lune-bleue-ou-lune-des-sorcieres\/\" target=\"_blank\" rel=\"noopener noreferrer\">Sur la lune bleue<\/a>&#8230;<\/li>\n<\/ul>\n<h4><strong>Rituels d&rsquo;\u00e9clipses :<\/strong><\/h4>\n<ul>\n<li><a href=\"https:\/\/www.le-sidh.org\/wicca\/esbat\/eclipses-et-magie\/\" target=\"_blank\" rel=\"noopener noreferrer\">Sur les \u00e9clipses et la magie<\/a>&#8230;<\/li>\n<\/ul>\n<h3><strong>Le c\u00f4ne de pouvoir<\/strong><\/h3>\n<p style=\"text-align: justify;\">Pour \u00e9riger l&rsquo;\u00e9nergie dans le cercle qui permettra de donner du pouvoir aux travaux magiques, les wiccas ont recours \u00e0 divers pratiques, telles que la danse, les chants, le tambour, l&rsquo;encens, la m\u00e9ditation, le fouet et les cordes, etc.<\/p>\n<p>Voici quelques textes sur le sujet :<\/p>\n<ul>\n<li>Le c\u00f4ne de pouvoir, qu&rsquo;est-ce que c&rsquo;est ?\n<ul>\n<li><a href=\"https:\/\/www.le-sidh.org\/wicca\/pratiques-rituelles-sorcieres\/meditations-transe\/les-huit-voies-ou-sentiers-qui-menent-au-centre-1953\/\" target=\"_blank\" rel=\"noopener noreferrer\">Les 8 voies qui m\u00e8nent au centre<\/a> tir\u00e9 du livre des ombres gardn\u00e9rien<\/li>\n<li><a href=\"https:\/\/www.le-sidh.org\/wicca\/pratiques-rituelles-sorcieres\/meditations-transe\/les-huit-sentiers-par-lady-sheba\/\" target=\"_blank\" rel=\"noopener noreferrer\">Les 8 sentiers<\/a> par Lady Sheba<\/li>\n<li><a href=\"https:\/\/www.le-sidh.org\/wicca\/pratiques-rituelles-sorcieres\/meditations-transe\/le-cone-de-pouvoir\/\" target=\"_blank\" rel=\"noopener noreferrer\">Le c\u00f4ne de pouvoir<\/a> par Rhea Shemazi<\/li>\n<li><a href=\"https:\/\/www.le-sidh.org\/wicca\/les-propos-de-gardner\/la-tradition-dans-le-cercle-et-le-cone-pouvoir\/\" target=\"_blank\" rel=\"noopener noreferrer\">La tradition dans le cercle et le c\u00f4ne de pouvoir<\/a> par Gerald Gardner<\/li>\n<li><a href=\"https:\/\/www.le-sidh.org\/wicca\/pratiques-rituelles-sorcieres\/meditations-transe\/la-ronde-des-sorcieres\/\" target=\"_blank\" rel=\"noopener noreferrer\">La ronde des sorci\u00e8res<\/a> par Anon<\/li>\n<\/ul>\n<\/li>\n<\/ul>\n<ul>\n<li>En pratique :\n<ul>\n<li><a href=\"https:\/\/www.le-sidh.org\/wicca\/rituels\/chants-cone-de-pouvoir\/\" target=\"_blank\" rel=\"noopener noreferrer\">Chants et c\u00f4ne de pouvoir<\/a> par les Farrar<\/li>\n<li><a href=\"https:\/\/www.le-sidh.org\/wicca\/pratiques-rituelles-sorcieres\/meditations-transe\/les-exercices-extrait-de-spiral-dance-par-starhawk\/\" target=\"_blank\" rel=\"noopener noreferrer\">Le C\u00f4ne de Pouvoir (exercice #45)<\/a> par Starhawk<\/li>\n<li><a href=\"https:\/\/www.le-sidh.org\/wicca\/pratiques-rituelles-sorcieres\/meditations-transe\/cone-de-pouvoir-sauce-chaote\/\" target=\"_blank\" rel=\"noopener noreferrer\">C\u00f4ne de Pouvoir sauce chaote en 8 points<\/a> par Phil Hine<\/li>\n<li><a href=\"https:\/\/www.le-sidh.org\/wicca\/pratiques-rituelles-sorcieres\/meditations-transe\/la-danse-en-spirale-par-starhawk\/\" target=\"_blank\" rel=\"noopener noreferrer\">La danse en spirale<\/a>, expliqu\u00e9e par Starhawk (avec un sch\u00e9ma)<\/li>\n<li><a href=\"https:\/\/www.le-sidh.org\/wicca\/esbat\/rencontrez-la-deesse-etoile\/\" target=\"_blank\" rel=\"noopener noreferrer\">Rencontrez la D\u00e9esse \u00c9toile<\/a> (tradition Feri)<\/li>\n<\/ul>\n<\/li>\n<\/ul>\n<h3><strong>Esbat, les travaux magiques<\/strong><\/h3>\n<ul>\n<li><a href=\"https:\/\/www.le-sidh.org\/wicca\/esbat\/esbat-introduction\/\" target=\"_blank\" rel=\"noopener noreferrer\">Sur le cycle lunaire et la magie<\/a>, par Elen Hawke<\/li>\n<li><a href=\"https:\/\/www.le-sidh.org\/wicca\/pratiques-rituelles-sorcieres\/charmes-sortileges\/\" target=\"_blank\" rel=\"noopener noreferrer\">Les charmes et sortil\u00e8ges<\/a><\/li>\n<li><a href=\"https:\/\/www.le-sidh.org\/wicca\/pratiques-rituelles-sorcieres\/meditations-transe\/\" target=\"_blank\" rel=\"noopener noreferrer\">les m\u00e9ditations et la transe<\/a><\/li>\n<li><a href=\"https:\/\/www.le-sidh.org\/wicca\/pratiques-rituelles-sorcieres\/benedictions-purification-detachement\/\" target=\"_blank\" rel=\"noopener noreferrer\">les b\u00e9n\u00e9dictions, les bannissements, la protection et la purification<\/a><\/li>\n<li><a href=\"https:\/\/www.le-sidh.org\/wicca\/pratiques-rituelles-sorcieres\/formes-pensees\/\" target=\"_blank\" rel=\"noopener noreferrer\">les formes-pens\u00e9es<\/a><\/li>\n<li><a href=\"https:\/\/www.le-sidh.org\/wicca\/pratiques-rituelles-sorcieres\/divination\/\" target=\"_blank\" rel=\"noopener noreferrer\">la divination<\/a><\/li>\n<\/ul>\n","protected":false},"excerpt":{"rendered":"<p>[En cours de r\u00e9daction] L&rsquo;esbat ou rituel lunaire. Retrouvez ci-dessous tous les rituels et pratiques d\u00e9di\u00e9s aux esbats. Dans la wicca traditionnelle, un esbat est un rituel qui se pratique \u00e0 la pleine lune. Aujourd&rsquo;hui de nombreux groupes de traditions diverses ainsi que des solitaires c\u00e9l\u00e8brent des esbats lors des diff\u00e9rentes phases lunaires : nouvelle&#8230;<\/p>\n","protected":false},"author":2,"featured_media":9187,"parent":0,"menu_order":0,"comment_status":"closed","ping_status":"closed","template":"silo.php","meta":{"footnotes":""},"class_list":["post-34","page","type-page","status-publish","has-post-thumbnail","hentry"],"_links":{"self":[{"href":"https:\/\/www.le-sidh.org\/wicca\/wp-json\/wp\/v2\/pages\/34","targetHints":{"allow":["GET"]}}],"collection":[{"href":"https:\/\/www.le-sidh.org\/wicca\/wp-json\/wp\/v2\/pages"}],"about":[{"href":"https:\/\/www.le-sidh.org\/wicca\/wp-json\/wp\/v2\/types\/page"}],"author":[{"embeddable":true,"href":"https:\/\/www.le-sidh.org\/wicca\/wp-json\/wp\/v2\/users\/2"}],"replies":[{"embeddable":true,"href":"https:\/\/www.le-sidh.org\/wicca\/wp-json\/wp\/v2\/comments?post=34"}],"version-history":[{"count":36,"href":"https:\/\/www.le-sidh.org\/wicca\/wp-json\/wp\/v2\/pages\/34\/revisions"}],"predecessor-version":[{"id":7568,"href":"https:\/\/www.le-sidh.org\/wicca\/wp-json\/wp\/v2\/pages\/34\/revisions\/7568"}],"wp:featuredmedia":[{"embeddable":true,"href":"https:\/\/www.le-sidh.org\/wicca\/wp-json\/wp\/v2\/media\/9187"}],"wp:attachment":[{"href":"https:\/\/www.le-sidh.org\/wicca\/wp-json\/wp\/v2\/media?parent=34"}],"curies":[{"name":"wp","href":"https:\/\/api.w.org\/{rel}","templated":true}]}}