{"id":3260,"date":"2018-12-21T16:44:28","date_gmt":"2018-12-21T14:44:28","guid":{"rendered":"http:\/\/www.le-sidh.org\/wicca\/?page_id=3260"},"modified":"2019-12-19T11:45:08","modified_gmt":"2019-12-19T09:45:08","slug":"yule-traditions-activites-magiques","status":"publish","type":"page","link":"https:\/\/www.le-sidh.org\/wicca\/sabbats\/solstice-dhiver\/yule-traditions-activites-magiques\/","title":{"rendered":"Yule, traditions &#038; activit\u00e9s magiques"},"content":{"rendered":"<p style=\"text-align: justify;\">Traduites et compil\u00e9es par Lune, d&rsquo;apr\u00e8s Pauline Campanelli et Paul Beyerl<\/p>\n<p style=\"text-align: justify;\">LES PLANTES, ARBRES &amp; HERBES MAGIQUES<\/p>\n<ul>\n<li style=\"text-align: justify;\">Le Gui<\/li>\n<\/ul>\n<p style=\"text-align: justify;\"><a href=\"https:\/\/www.le-sidh.org\/wicca\/wp-content\/uploads\/2019\/12\/bouquet-de-gui.jpg\"><img loading=\"lazy\" decoding=\"async\" class=\"aligncenter size-full wp-image-7795\" src=\"https:\/\/www.le-sidh.org\/wicca\/wp-content\/uploads\/2019\/12\/bouquet-de-gui.jpg\" alt=\"\" width=\"1200\" height=\"798\" srcset=\"https:\/\/www.le-sidh.org\/wicca\/wp-content\/uploads\/2019\/12\/bouquet-de-gui.jpg 1200w, https:\/\/www.le-sidh.org\/wicca\/wp-content\/uploads\/2019\/12\/bouquet-de-gui-300x200.jpg 300w, https:\/\/www.le-sidh.org\/wicca\/wp-content\/uploads\/2019\/12\/bouquet-de-gui-700x466.jpg 700w, https:\/\/www.le-sidh.org\/wicca\/wp-content\/uploads\/2019\/12\/bouquet-de-gui-768x511.jpg 768w, https:\/\/www.le-sidh.org\/wicca\/wp-content\/uploads\/2019\/12\/bouquet-de-gui-800x532.jpg 800w\" sizes=\"auto, (max-width: 1200px) 100vw, 1200px\" \/><\/a>Le gui est ramass\u00e9 au solstice d\u2019\u00e9t\u00e9 (la journ\u00e9e la plus longue de l\u2019ann\u00e9e) et au solstice d\u2019hiver (la journ\u00e9e la plus courte). Ce gui d\u2019\u00e9t\u00e9 n\u2019a pas de baies, il est utilis\u00e9 comme amulette de protection. Le gui d\u2019hiver, qui porte des baies, est employ\u00e9 comme amulette de fertilit\u00e9. Le gui est toujours vert et ses petites racines sont dor\u00e9es (symbolisant le soleil). Ses baies translucides repr\u00e9sentent la semence du Seigneur des For\u00eats.<\/p>\n<p style=\"text-align: justify;\">Un brin de gui ou un petit sachet rempli de feuilles et de brindilles de gui peuvent \u00eatre suspendus \u00e0 la t\u00eate de votre lit comme amulette, avec ou sans baies et donc selon votre intention (protection ou fertilit\u00e9).<\/p>\n<p style=\"text-align: justify;\">Le traditionnel bouquet de gui avec ses baies peut \u00eatre suspendu sur le pas de la porte. On le noue \u00e0 l\u2019aide d\u2019un ruban rouge. Ce bouquet ne servira pas seulement aux traditionnels baisers \u00e9chang\u00e9s de l\u2019\u00e9poque, on le laissera suspendu toute l\u2019ann\u00e9e, car il apporte protection et bonne fortune. Personnellement, je retire les baies au bout d\u2019un certain temps, car elles ont tendance \u00e0 pourrir. L\u2019ann\u00e9e suivante, \u00e0 Yule, l\u2019ancien bouquet sera plac\u00e9 dans le foyer pour \u00eatre br\u00fbl\u00e9 avec la b\u00fbche et un nouveau bouquet de gui sera suspendu.<\/p>\n<ul>\n<li style=\"text-align: justify;\">Le Chardon B\u00e9ni<\/li>\n<\/ul>\n<p style=\"text-align: justify;\">Cette plante, plac\u00e9e dans la coupe rituelle du pr\u00eatre, est utilis\u00e9e pour invoquer le Dieu Soleil, qui grandira pour devenir le P\u00e8re des R\u00e9coltes.<\/p>\n<ul>\n<li style=\"text-align: justify;\">Camomille<\/li>\n<\/ul>\n<p style=\"text-align: justify;\">Cette fleur est un symbole du Dieu Soleil, elle peut \u00eatre utilis\u00e9e pour projeter le cercle, dans l\u2019encens et la coupe. Elle peut \u00eatre employ\u00e9e avant la c\u00e9r\u00e9monie, dans l\u2019eau du bain par le pr\u00eatre qui a \u00e9t\u00e9 choisi pour repr\u00e9senter le nouveau Soleil.<\/p>\n<ul>\n<li style=\"text-align: justify;\">Oliban<\/li>\n<\/ul>\n<p style=\"text-align: justify;\">L\u2019oliban est un excellent encens solaire. On peut y ajouter pour l\u2019occasion du pin et du gui. Chaque membre du coven peut jeter une baie de gui dans le feu pour symboliser les choses personnelles que l\u2019on d\u00e9sire voir s\u2019accro\u00eetre tandis que le Soleil se dirige vers l\u2019\u00e9t\u00e9 et grandit.<\/p>\n<ul>\n<li style=\"text-align: justify;\">Le Houx<\/li>\n<\/ul>\n<p style=\"text-align: justify;\">Le houx \u00e9tait sacr\u00e9 pour les druides. Lorsque l\u2019hiver arrivait, ils devaient garder du houx dans leurs maisons afin que le petit peuple et les esprits des bois aient un refuge qui les prot\u00e8ge du froid et de la neige.<\/p>\n<p style=\"text-align: justify;\">Le houx peut \u00eatre envoy\u00e9 avec un cadeau \u00e0 un ami, comme le faisaient les Romains durant les Saturniales. Le houx est id\u00e9al pour r\u00e9aliser des couronnes. Dans certains groupes, de telles couronnes c\u00e9l\u00e8brent la venue d\u2019une nouvelle pr\u00eatresse ou d\u2019un nouveau pr\u00eatre au sein de la communaut\u00e9.<\/p>\n<p style=\"text-align: justify;\">LA LUNE<\/p>\n<p style=\"text-align: justify;\">La pleine lune proche du Solstice d\u2019Hiver est la lune de ch\u00eane, la lune de l\u2019ann\u00e9e nouvelle (pour certains wiccans, la nouvelle ann\u00e9e commence apr\u00e8s samhain, pour d\u2019autres apr\u00e8s le solstice d\u2019hiver), du divin enfant. Comme le divin enfant est n\u00e9 pour mourir et meurt pour rena\u00eetre, l\u2019ancien ch\u00eane a son tronc et ses branches dans le monde mat\u00e9riel des vivants, tandis que ses racines, ses \u00ab\u00a0branches \u00e0 l&rsquo;envers\u00a0\u00bb, s&rsquo;enfoncent profond\u00e9ment dans le Monde-d&rsquo;en-Bas, terre symbolique de l&rsquo;Esprit. Tandis que ses racines sondent les profondeurs, les t\u00e9n\u00e8bres s\u00e9pulcrales de la Terre, ses branches croissent toujours plus haut vers la lumi\u00e8re, pour \u00eatre couronn\u00e9es du gui sacr\u00e9. \u00c0 cette p\u00e9riode magique de l&rsquo;ann\u00e9e, alors que la lumi\u00e8re de l&rsquo;ancienne ann\u00e9e mourante diminue, et que la Lune de Ch\u00eane cro\u00eet jusqu&rsquo;\u00e0 sa pl\u00e9nitude, projetez le Cercle en parant vos cheveux de gui&#8230;. Afin de vous souvenir que vous \u00eates semblable au ch\u00eane, nous aussi r\u00e9sidons simultan\u00e9ment dans les deux mondes &#8211; le monde de la mati\u00e8re physique et le monde de l&rsquo;esprit. Alors que vous invoquez la D\u00e9esse de la Lune, demandez \u00e0 devenir plus conscient de l&rsquo;autre face de la r\u00e9alit\u00e9, des forces et \u00eatres invisibles qui sont toujours parmi nous.<\/p>\n<p><a href=\"https:\/\/www.le-sidh.org\/wicca\/wp-content\/uploads\/2019\/12\/couronne-pin.jpg\"><img loading=\"lazy\" decoding=\"async\" class=\"aligncenter size-full wp-image-7800\" src=\"https:\/\/www.le-sidh.org\/wicca\/wp-content\/uploads\/2019\/12\/couronne-pin.jpg\" alt=\"\" width=\"534\" height=\"800\" srcset=\"https:\/\/www.le-sidh.org\/wicca\/wp-content\/uploads\/2019\/12\/couronne-pin.jpg 534w, https:\/\/www.le-sidh.org\/wicca\/wp-content\/uploads\/2019\/12\/couronne-pin-200x300.jpg 200w\" sizes=\"auto, (max-width: 534px) 100vw, 534px\" \/><\/a><\/p>\n<p style=\"text-align: justify;\">LES COURONNES<\/p>\n<p style=\"text-align: justify;\">Des couronnes de gui, de lierre, de pommes de pin sont r\u00e9alis\u00e9es pour la d\u00e9coration de Yule. La couronne est un cercle qui symbolise la Roue de l\u2019Ann\u00e9e, le cycle complet, rappelant ainsi que Yule est l\u2019ancien mot anglo-saxon pour \u00ab roue \u00bb.<\/p>\n<p style=\"text-align: justify;\">Voir aussi cet article : <a href=\"https:\/\/www.le-sidh.org\/wicca\/pratiques-rituelles-sorcieres\/charmes-sortileges\/couronnes-guirlandes-magiques\/\" target=\"_blank\" rel=\"noopener noreferrer\">\u00ab\u00a0Les couronnes &amp; guirlandes\u00a0\u00bb<\/a>.<\/p>\n<p><a href=\"https:\/\/www.le-sidh.org\/wicca\/wp-content\/uploads\/2019\/12\/buche-yule.jpg\"><img loading=\"lazy\" decoding=\"async\" class=\"aligncenter size-full wp-image-7802\" src=\"https:\/\/www.le-sidh.org\/wicca\/wp-content\/uploads\/2019\/12\/buche-yule.jpg\" alt=\"\" width=\"400\" height=\"600\" srcset=\"https:\/\/www.le-sidh.org\/wicca\/wp-content\/uploads\/2019\/12\/buche-yule.jpg 400w, https:\/\/www.le-sidh.org\/wicca\/wp-content\/uploads\/2019\/12\/buche-yule-200x300.jpg 200w\" sizes=\"auto, (max-width: 400px) 100vw, 400px\" \/><\/a><\/p>\n<p style=\"text-align: justify;\">LA B\u00dbCHE DE YULE<\/p>\n<p style=\"text-align: justify;\">Yule est la f\u00eate solaire par excellence, la f\u00eate du feu\u2026 Symbole de la renaissance du feu, la nouvelle ann\u00e9e solaire.<\/p>\n<p style=\"text-align: justify;\">\u00c0 Yule, on br\u00fble une b\u00fbche choisie \u00e0 l\u2019avance pour symboliser cette renaissance du soleil. On allume cette b\u00fbche avec un morceau de la b\u00fbche de l\u2019an pass\u00e9. On pr\u00e9l\u00e8ve un nouveau morceau parmi les restes de cette nouvelle b\u00fbche pour l\u2019an prochain. Ceci est symbole de continuit\u00e9. Cette portion de b\u00fbche de Yule est gard\u00e9e toute l\u2019ann\u00e9e comme amulette protectrice.<\/p>\n<p style=\"text-align: justify;\">La b\u00fbche est choisie plus t\u00f4t dans l\u2019ann\u00e9e et mise de c\u00f4t\u00e9. Traditionnellement elle est en ch\u00eane (parfois en fr\u00eane).<\/p>\n<p style=\"text-align: justify;\">Les cendres du feu de Yule sont \u00e9galement magiques et lorsqu\u2019elles sont froides, il faut les mettre dans une bouteille de verre. Pour la protection, trempez votre doigt dans ces cendres et tracez un pentacle sur un petit bout de papier. Enroulez le papier (ceci formera un cylindre) et placez-le dans un petit sac rouge que vous suspendrez \u00e0 votre cou jusqu\u2019\u00e0 ce que le danger soit pass\u00e9.<\/p>\n<p style=\"text-align: justify;\">[Aujourd\u2019hui, les chemin\u00e9es se font rares et il ne nous est pas forc\u00e9ment possible de br\u00fbler de b\u00fbche de Yule. Certains choisissent un rondin de bouleau qu\u2019ils d\u00e9corent de feuillages verts (houx et lierre). Cette b\u00fbche qui n\u2019est pas destin\u00e9e \u00e0 br\u00fbler, mais simplement \u00e0 d\u00e9corer la maison est perc\u00e9e de trois trous. Ces trous peuvent ainsi recevoir trois bougies.]<\/p>\n<p style=\"text-align: justify;\">Durant le rituel de Yule, les bougies, qui ont \u00e9t\u00e9 \u00e9teintes \u00e0 Samhain pour symboliser les t\u00e9n\u00e8bres de l\u2019hiver, sont remplac\u00e9es et on en allume de nouvelles pour repr\u00e9senter le retour du Soleil. Ces nouvelles bougies d\u2019autel seront utilis\u00e9es au cours des sabbats tout au long de l\u2019ann\u00e9e \u00e0 venir.<\/p>\n<p style=\"text-align: justify;\">Ensuite, alors qu\u2019on place les restes de la b\u00fbche de Yule de l\u2019an dernier dans la chemin\u00e9e, dire des mots tels que :<\/p>\n<blockquote>\n<p style=\"text-align: justify;\">\u00ab Comme l\u2019ancienne b\u00fbche de Yule est consum\u00e9e, ainsi va l\u2019ancienne ann\u00e9e. \u00bb<\/p>\n<\/blockquote>\n<p style=\"text-align: justify;\">Une fois que les restes de l\u2019ancienne b\u00fbche br\u00fblent, placez la nouvelle b\u00fbche de Yule sur le feu en disant :<\/p>\n<blockquote>\n<p style=\"text-align: justify;\">\u00ab Alors que la B\u00fbche de Yule est allum\u00e9e, ainsi commence la Nouvelle Ann\u00e9e,<br \/>\nTel que cela se passa \u00e0 travers les \u00e2ges, un cycle sans fin de naissance, mort et renaissance.<br \/>\nChaque fin est un nouveau commencement. \u00bb<\/p>\n<\/blockquote>\n<p style=\"text-align: justify;\">Puis, alors que la b\u00fbche s\u2019embrase, chantez quelque chose comme :<\/p>\n<blockquote>\n<p style=\"text-align: justify;\">\u00ab Que br\u00fble la B\u00fbche de Yule,<br \/>\nQue tous bienfaits p\u00e9n\u00e8trent ce lieu,<br \/>\nQu&rsquo;il y ait du bl\u00e9 pour le pain<br \/>\nEt des cuves pleines de vin. \u00bb<\/p>\n<\/blockquote>\n<p style=\"text-align: justify;\">Lorsque la b\u00fbche de Yule s\u2019est consum\u00e9e, rappelez-vous de r\u00e9cup\u00e9rer un morceau qui n\u2019aura pas br\u00fbl\u00e9 et de le placer quelque part dans votre maison comme une puissante amulette de protection.<\/p>\n<p style=\"text-align: justify;\">LES BOUGIES<\/p>\n<p style=\"text-align: justify;\">Elles sont mises \u00e0 l\u2019honneur, tout particuli\u00e8rement durant cette f\u00eate et pour cause.<\/p>\n<p style=\"text-align: justify;\">Les am\u00e9ricains utilisent les baies d\u2019un arbre, l\u2019arbre \u00e0 suif, Myrica cerifera, pour r\u00e9aliser des bougies parfum\u00e9es : Bayberry Candle (ou encore appel\u00e9es Candle Berry ou Myrtle Wax). Cet arbre produit de la cire v\u00e9g\u00e9tale verte naturellement parfum\u00e9e. Les baies sont mises \u00e0 bouillir dans l\u2019eau et on r\u00e9cup\u00e8re la cire qui flotte \u00e0 la surface. Il faut \u00e9videmment beaucoup de baies pour faire tr\u00e8s peu de cire (un millier de baies pour une trentaine de grammes de cire).<\/p>\n<p style=\"text-align: justify;\">Ces bougies sont rares et ch\u00e8res. Leur couleur verte naturelle symbolise la luxuriance de la Nature et donc la prosp\u00e9rit\u00e9.<\/p>\n<p style=\"text-align: justify;\">Br\u00fblez deux de ces bougies \u00e0 Yule comme charme pour assurer la croissance et la prosp\u00e9rit\u00e9 de la nouvelle ann\u00e9e. Renforcez la magie de ces bougies en les oignant d\u2019Huile magn\u00e9tique (on laisse mac\u00e9rer une magn\u00e9tite dans de l&rsquo;huile d&rsquo;olive, de la nouvelle lune \u00e0 la pleine lune) et inscrivez la rune fehu dans la cire.<\/p>\n<p style=\"text-align: justify;\">Fehu est la rune de l\u2019argent, pictographiquement elle repr\u00e9sente les cornes du b\u00e9tail qui charge, le b\u00e9tail \u00e0 une \u00e9poque \u00e9tait synonyme d\u2019homme riche.<\/p>\n","protected":false},"excerpt":{"rendered":"<p>Traduites et compil\u00e9es par Lune, d&rsquo;apr\u00e8s Pauline Campanelli et Paul Beyerl LES PLANTES, ARBRES &amp; HERBES MAGIQUES Le Gui Le gui est ramass\u00e9 au solstice d\u2019\u00e9t\u00e9 (la journ\u00e9e la plus longue de l\u2019ann\u00e9e) et au solstice d\u2019hiver (la journ\u00e9e la plus courte). Ce gui d\u2019\u00e9t\u00e9 n\u2019a pas de baies, il est utilis\u00e9 comme amulette de&#8230;<\/p>\n","protected":false},"author":2,"featured_media":7799,"parent":70,"menu_order":0,"comment_status":"closed","ping_status":"closed","template":"silo.php","meta":{"footnotes":""},"class_list":["post-3260","page","type-page","status-publish","has-post-thumbnail","hentry"],"_links":{"self":[{"href":"https:\/\/www.le-sidh.org\/wicca\/wp-json\/wp\/v2\/pages\/3260","targetHints":{"allow":["GET"]}}],"collection":[{"href":"https:\/\/www.le-sidh.org\/wicca\/wp-json\/wp\/v2\/pages"}],"about":[{"href":"https:\/\/www.le-sidh.org\/wicca\/wp-json\/wp\/v2\/types\/page"}],"author":[{"embeddable":true,"href":"https:\/\/www.le-sidh.org\/wicca\/wp-json\/wp\/v2\/users\/2"}],"replies":[{"embeddable":true,"href":"https:\/\/www.le-sidh.org\/wicca\/wp-json\/wp\/v2\/comments?post=3260"}],"version-history":[{"count":7,"href":"https:\/\/www.le-sidh.org\/wicca\/wp-json\/wp\/v2\/pages\/3260\/revisions"}],"predecessor-version":[{"id":7803,"href":"https:\/\/www.le-sidh.org\/wicca\/wp-json\/wp\/v2\/pages\/3260\/revisions\/7803"}],"up":[{"embeddable":true,"href":"https:\/\/www.le-sidh.org\/wicca\/wp-json\/wp\/v2\/pages\/70"}],"wp:featuredmedia":[{"embeddable":true,"href":"https:\/\/www.le-sidh.org\/wicca\/wp-json\/wp\/v2\/media\/7799"}],"wp:attachment":[{"href":"https:\/\/www.le-sidh.org\/wicca\/wp-json\/wp\/v2\/media?parent=3260"}],"curies":[{"name":"wp","href":"https:\/\/api.w.org\/{rel}","templated":true}]}}