{"id":3238,"date":"2018-12-19T22:39:50","date_gmt":"2018-12-19T20:39:50","guid":{"rendered":"http:\/\/www.le-sidh.org\/wicca\/?page_id=3238"},"modified":"2020-12-12T17:23:00","modified_gmt":"2020-12-12T15:23:00","slug":"rituel-du-sabbat-de-yule-extrait-du-livre-des-ombres-de-scott-cunningham","status":"publish","type":"page","link":"https:\/\/www.le-sidh.org\/wicca\/sabbats\/solstice-dhiver\/rituel-du-sabbat-de-yule-extrait-du-livre-des-ombres-de-scott-cunningham\/","title":{"rendered":"Rituel du sabbat de Yule, extrait du Livre des Ombres de Scott Cunningham"},"content":{"rendered":"\r\n<p><em>Tir\u00e9 du livre \u00ab\u00a0<\/em>Cunningham&rsquo;s book <em> of shadows, the path of an American Traditionalist\u00a0\u00bb, par Scott Cunningham. Traduit et adapt\u00e9 par Lune. <\/em><\/p>\r\n\r\n\r\n\r\n<div class=\"wp-block-image\">\r\n<figure class=\"aligncenter is-resized\"><img loading=\"lazy\" decoding=\"async\" class=\"wp-image-3239 aligncenter\" src=\"https:\/\/www.le-sidh.org\/wicca\/wp-content\/uploads\/2018\/12\/ball-blur-christmas-303338-700x525.jpg\" alt=\"\" width=\"445\" height=\"394\" \/><\/figure>\r\n<\/div>\r\n\r\n\r\n\r\n<p style=\"text-align: justify;\">L&rsquo;autel est \u00e9rig\u00e9, les bougies et l&rsquo;encens sont allum\u00e9s, et <a href=\"https:\/\/www.le-sidh.org\/wicca\/pratiques-rituelles-sorcieres\/rituels-divers-et-bases\/projeter-et-dissiper-le-cercle-magique-cunningham\/\" target=\"_blank\" rel=\"noopener noreferrer\">le Cercle de Pierres est projet\u00e9<\/a>.<\/p>\r\n\r\n\r\n\r\n<p style=\"text-align: justify;\">Le chaudron est entour\u00e9 de verdure\u00a0:<em> romarin, pin, gui, c\u00e8dre, des essences \u00e0 feuillage persistant <\/em>repr\u00e9sentant la continuit\u00e9 de la vie dans l&rsquo;apparente d\u00e9solation.<\/p>\r\n\r\n\r\n\r\n<p style=\"text-align: justify;\">Chaque membre du coven apportera un rameau ou une feuille s\u00e9ch\u00e9e et le\/la disposera autour de l&rsquo;autel afin de l&rsquo;utiliser au cours du rituel.<\/p>\r\n\r\n\r\n\r\n<p style=\"text-align: justify;\">Le coven forme un cercle, en se tenant les mains, tandis que <a href=\"https:\/\/www.le-sidh.org\/wicca\/pratiques-rituelles-sorcieres\/benedictions-purification-detachement\/priere-de-benediction-livre-des-ombres-de-scott-cunningham\/\">le leader r\u00e9cite la Pri\u00e8re de B\u00e9n\u00e9diction.<\/a><\/p>\r\n\r\n\r\n\r\n<p style=\"text-align: justify;\">Les dieux sont invoqu\u00e9s. Maintenant, le leader dit\u00a0:<\/p>\r\n\r\n\r\n\r\n<p style=\"text-align: justify;\"><strong>Ne vous affligez pas, m\u00eame si le monde est plong\u00e9 dans le sommeil\u00a0;<br \/>Ne vous affligez pas, m\u00eame si le vent rugit\u00a0;<\/strong><br \/><strong>Ne vous affligez pas, m\u00eame si la neige tombe avec force et en abondance\u00a0;<\/strong><br \/><strong>Ne vous affligez pas, car tout ceci sera bient\u00f4t pass\u00e9.<\/strong><\/p>\r\n\r\n\r\n\r\n<p style=\"text-align: justify;\">Le leader allume un feu dans le chaudron et veille \u00e0 ce qu&rsquo;il br\u00fble sans entrave. Tous r\u00e9cup\u00e8rent rameaux et feuilles et se placent pr\u00e8s du chaudron. Chacun jette son offrande dans le chaudron puis tout le monde se rejoint pour former un cercle autour de l&rsquo;autel, en disant doucement\u00a0:<\/p>\r\n\r\n\r\n\r\n<p style=\"text-align: justify;\"><strong>La Roue Tourne, le Pouvoir br\u00fble.<\/strong><\/p>\r\n\r\n\r\n\r\n<p style=\"text-align: justify;\">R\u00e9p\u00e9tez neuf fois.<\/p>\r\n\r\n\r\n\r\n<p style=\"text-align: justify;\">Puis le leader dit\u00a0:<\/p>\r\n\r\n\r\n\r\n<p style=\"text-align: justify;\"><strong>Ne vous affligez pas, m\u00eame si le Dieu g\u00eet enterr\u00e9, occis par le temps\u00a0;<br \/>Car la D\u00e9esse est bienveillante et Elle L&rsquo;enfantera \u00e0 nouveau.<br \/>Salut \u00e0 la Reine des Cieux\u00a0!<br \/>Salut \u00e0 la Reine de la Terre\u00a0!<br \/>Salut \u00e0 la Reine des Oc\u00e9ans\u00a0!<br \/>Salut \u00e0 la Reine de la renaissance\u00a0!<\/strong><\/p>\r\n\r\n\r\n\r\n<p style=\"text-align: justify;\">Tous r\u00e9p\u00e8tent le chant plusieurs fois. <br \/>Le chant achev\u00e9, le leader dira\u00a0:<\/p>\r\n\r\n\r\n\r\n<p style=\"text-align: justify;\"><strong>La mort n&rsquo;est que la porte qui m\u00e8ne \u00e0 la vie.<\/strong><\/p>\r\n\r\n\r\n\r\n<p style=\"text-align: justify;\">M\u00e9ditation, voyance et autres travaux peuvent \u00eatre accomplis.<\/p>\r\n\r\n\r\n\r\n<p style=\"text-align: justify;\">La Petite F\u00eate (ndlt : d&rsquo;autres appellent cela la c\u00e9r\u00e9monie des g\u00e2teaux et du vin.)<\/p>\r\n\r\n\r\n\r\n<p style=\"text-align: justify;\"><a href=\"https:\/\/www.le-sidh.org\/wicca\/pratiques-rituelles-sorcieres\/rituels-divers-et-bases\/projeter-et-dissiper-le-cercle-magique-cunningham\/\" target=\"_blank\" rel=\"noopener noreferrer\">Le Cercle est dissip\u00e9<\/a>.<\/p>\r\n\r\n\r\n\r\n<p style=\"text-align: justify;\">Festin et jeux suivent.<\/p>\r\n\r\n\r\n\r\n<p style=\"text-align: justify; padding-left: 40px;\"><strong>Une pratique traditionnelle :<\/strong> consiste \u00e0 d\u00e9corer un arbre de Yule, bien qu&rsquo;il n&rsquo;y ait pas de v\u00e9ritable c\u00e9r\u00e9monie pour cela. L&rsquo;arbre doit \u00eatre vivant, en pot, et devra \u00eatre plant\u00e9 ou conserv\u00e9 en pot une fois les f\u00eates pass\u00e9es. La b\u00fbche de Yule constitue simplement une repr\u00e9sentation de la mort et de la renaissance du Dieu par le feu sacr\u00e9 de la Grande D\u00e9esse. S&rsquo;il le souhaite, le coven peut choisir une b\u00fbche appropri\u00e9e, y graver ou dessiner \u00e0 la craie la figure traditionnelle d&rsquo;un homme, puis la br\u00fbler dans une chemin\u00e9e ou un brasero. Cependant, cela n&rsquo;est pas n\u00e9cessaire.<\/p>\r\n","protected":false},"excerpt":{"rendered":"<p>Tir\u00e9 du livre \u00ab\u00a0Cunningham&rsquo;s book of shadows, the path of an American Traditionalist\u00a0\u00bb, par Scott Cunningham. Traduit et adapt\u00e9 par Lune. L&rsquo;autel est \u00e9rig\u00e9, les bougies et l&rsquo;encens sont allum\u00e9s, et le Cercle de Pierres est projet\u00e9. Le chaudron est entour\u00e9 de verdure\u00a0: romarin, pin, gui, c\u00e8dre, des essences \u00e0 feuillage persistant repr\u00e9sentant la continuit\u00e9&#8230;<\/p>\n","protected":false},"author":2,"featured_media":8919,"parent":70,"menu_order":0,"comment_status":"closed","ping_status":"closed","template":"silo.php","meta":{"footnotes":""},"class_list":["post-3238","page","type-page","status-publish","has-post-thumbnail","hentry"],"_links":{"self":[{"href":"https:\/\/www.le-sidh.org\/wicca\/wp-json\/wp\/v2\/pages\/3238","targetHints":{"allow":["GET"]}}],"collection":[{"href":"https:\/\/www.le-sidh.org\/wicca\/wp-json\/wp\/v2\/pages"}],"about":[{"href":"https:\/\/www.le-sidh.org\/wicca\/wp-json\/wp\/v2\/types\/page"}],"author":[{"embeddable":true,"href":"https:\/\/www.le-sidh.org\/wicca\/wp-json\/wp\/v2\/users\/2"}],"replies":[{"embeddable":true,"href":"https:\/\/www.le-sidh.org\/wicca\/wp-json\/wp\/v2\/comments?post=3238"}],"version-history":[{"count":8,"href":"https:\/\/www.le-sidh.org\/wicca\/wp-json\/wp\/v2\/pages\/3238\/revisions"}],"predecessor-version":[{"id":5105,"href":"https:\/\/www.le-sidh.org\/wicca\/wp-json\/wp\/v2\/pages\/3238\/revisions\/5105"}],"up":[{"embeddable":true,"href":"https:\/\/www.le-sidh.org\/wicca\/wp-json\/wp\/v2\/pages\/70"}],"wp:featuredmedia":[{"embeddable":true,"href":"https:\/\/www.le-sidh.org\/wicca\/wp-json\/wp\/v2\/media\/8919"}],"wp:attachment":[{"href":"https:\/\/www.le-sidh.org\/wicca\/wp-json\/wp\/v2\/media?parent=3238"}],"curies":[{"name":"wp","href":"https:\/\/api.w.org\/{rel}","templated":true}]}}