{"id":3222,"date":"2018-12-19T17:04:31","date_gmt":"2018-12-19T15:04:31","guid":{"rendered":"http:\/\/www.le-sidh.org\/wicca\/?page_id=3222"},"modified":"2019-12-22T12:06:06","modified_gmt":"2019-12-22T10:06:06","slug":"le-solstice-dhiver-rite-alexandrien","status":"publish","type":"page","link":"https:\/\/www.le-sidh.org\/wicca\/sabbats\/solstice-dhiver\/le-solstice-dhiver-rite-alexandrien\/","title":{"rendered":"Le Solstice d&rsquo;hiver, rite alexandrien"},"content":{"rendered":"\r\n<p style=\"text-align: left;\">Extrait de What witches do, the modern coven revealed par Stewart Farrar. 1971. Traduit et adapt\u00e9 par <a href=\"http:\/\/lune.le-sidh.org\/\" target=\"_blank\" rel=\"noreferrer noopener\" aria-label=\"Extrait de What witches do, the modern coven revealed par Stewart Farrar. 1971. Traduit et adapt\u00e9 par Lune.\r\n (opens in a new tab)\">Lune<\/a>.<\/p>\r\n\r\n\r\n\r\n<figure class=\"wp-block-image\"><img loading=\"lazy\" decoding=\"async\" width=\"700\" height=\"1108\" class=\"wp-image-3217\" src=\"https:\/\/www.le-sidh.org\/wicca\/wp-content\/uploads\/2018\/12\/blurred-background-bokeh-burning-1666607-700x1108.jpg\" alt=\"\" srcset=\"https:\/\/www.le-sidh.org\/wicca\/wp-content\/uploads\/2018\/12\/blurred-background-bokeh-burning-1666607-700x1108.jpg 700w, https:\/\/www.le-sidh.org\/wicca\/wp-content\/uploads\/2018\/12\/blurred-background-bokeh-burning-1666607-189x300.jpg 189w, https:\/\/www.le-sidh.org\/wicca\/wp-content\/uploads\/2018\/12\/blurred-background-bokeh-burning-1666607-768x1216.jpg 768w, https:\/\/www.le-sidh.org\/wicca\/wp-content\/uploads\/2018\/12\/blurred-background-bokeh-burning-1666607-800x1267.jpg 800w\" sizes=\"auto, (max-width: 700px) 100vw, 700px\" \/>\r\n<figcaption>Le Solstice d&rsquo;hiver, rite alexandrien<\/figcaption>\r\n<\/figure>\r\n\r\n\r\n\r\n<p style=\"text-align: justify;\">Solstice d&rsquo;hiver. C&rsquo;est la f\u00eate de la renaissance du Dieu Soleil, le jour le plus court de l&rsquo;ann\u00e9e, apr\u00e8s qu&rsquo;il eut gagn\u00e9 en puissance et en influence jusqu&rsquo;\u00e0 son point culminant au solstice d&rsquo;\u00e9t\u00e9. Les anciens pr\u00eatres-astronomes \u00e9taient capables de calculer les solstices d&rsquo;\u00e9t\u00e9 et d&rsquo;hiver avec exactitude (ce qui sugg\u00e8re qu&rsquo;ils se pr\u00e9occupaient \u00e9galement d&rsquo;\u00eatre en phase, leurs troupeaux et eux-m\u00eames, avec le cycle annuel et ne s&rsquo;illusionnaient pas d&rsquo;y parvenir effectivement. Ils \u00e9taient moins na\u00effs, et avaient un sens plus authentique des r\u00e9alit\u00e9s \u00e0 la fois scientifiques et spirituelles, que certains historiens qui ont pr\u00e9tendu les interpr\u00e9ter.<\/p>\r\n\r\n\r\n\r\n<p style=\"text-align: justify;\">Cela ne signifie pas que leurs rituels \u00e9taient vides ou hypocrites, au contraire. \u00ab\u00a0Se mettre, eux-m\u00eames, en harmonie\u00a0\u00bb signifiait tirer le b\u00e9n\u00e9fice maximum de ce cycle pour le genre humain et, pour cela, ils exer\u00e7aient \u00e0 la fois leur sagesse spirituelle et leur savoir scientifique dont ils \u00e9taient \u00e9galement les gardiens publics. Dans certaines civilisations, \u00e9videmment, leur fonction d\u00e9g\u00e9n\u00e9ra et la lumi\u00e8re fut perdue dans les sacrifices sanglants, la peur, l&rsquo;obscurantisme, et le maintien cynique de leur classe sociale. Toutefois dans les meilleures, la lumi\u00e8re br\u00fbla clairement. Ce fut le cas de l\u2019\u00c9gypte Ancienne surtout qui inspira et guida les plus stables civilisations dans l&rsquo;Histoire du monde.<\/p>\r\n\r\n\r\n\r\n<p style=\"text-align: justify;\">C&rsquo;est cette m\u00eame lumi\u00e8re que, dans les conditions actuelles et avec l&rsquo;avantage suppl\u00e9mentaire des connaissances modernes, les sorci\u00e8res d&rsquo;aujourd&rsquo;hui tentent de retrouver.<\/p>\r\n\r\n\r\n\r\n<p style=\"text-align: justify;\">Le Solstice d&rsquo;Hiver est la v\u00e9ritable Nouvelle Ann\u00e9e, aussi bien astronomiquement que spirituellement. Le Christianisme a reconnu la signification religieuse de la fin d&rsquo;ann\u00e9e lorsqu&rsquo;il fixa au 25 d\u00e9cembre (6 janvier pour les \u00e9glises d&rsquo;Orient) comme date de la naissance de J\u00e9sus, apr\u00e8s trois ou quatre si\u00e8cles de d\u00e9bat, durant lesquels mars, avril et novembre furent tous des concurrents de taille. En fait, tandis que la plupart des sp\u00e9cialistes autorisaient les r\u00e9cits de l\u2019\u00c9vangile du minist\u00e8re du Christ et sa mort pour avoir au moins une base de fait historique, les l\u00e9gendes de sa naissance (telles que donn\u00e9es par Matthieu et Luc, et subs\u00e9quemment embellies) portent toutes les caract\u00e9ristiques d&rsquo;une tradition bien plus ancienne, celle de la D\u00e9esse donnant naissance au Solstice d&rsquo;Hiver pour \u00eatre le nouveau Dieu Soleil promis, qui devra mourir en temps utile (ou \u00eatre sacrifi\u00e9) comme un pr\u00e9lude \u00e0 la renaissance (ou r\u00e9surrection).<\/p>\r\n\r\n\r\n\r\n<p style=\"text-align: justify;\">La c\u00e9l\u00e9bration de cette naissance est explicite dans l&rsquo;Incantation du rituel Wiccan du Solstice d&rsquo;Hiver.<\/p>\r\n\r\n\r\n\r\n<p style=\"text-align: justify;\">La c\u00e9r\u00e9monie commence comme habituellement avec la projection du Cercle et l&rsquo;appel des Seigneurs des Tours de Garde. En cette occasion, le Chaudron de Cerridwen (le symbole d&rsquo;immortalit\u00e9) est plac\u00e9 au sud du Cercle, couronn\u00e9 de houx, de lierre et de gui, et avec un feu \u00e0 l&rsquo;int\u00e9rieur (qui peut simplement \u00eatre une bougie). &lsquo;Il ne devra y avoir aucune autre lumi\u00e8re&rsquo; dit le Livre des Ombres, &lsquo;except\u00e9 la bougie de l&rsquo;autel et celles autour du Cercle.&rsquo;<\/p>\r\n\r\n\r\n\r\n<p style=\"text-align: justify;\">Apr\u00e8s la Descente de la Lune, la Grande Pr\u00eatresse se tient derri\u00e8re le chaudron et le coven forme une ronde tourn\u00e9e vers l&rsquo;int\u00e9rieur, homme et femme alternativement. Le Grand Pr\u00eatre se tient face \u00e0 la Grande Pr\u00eatresse avec un paquet de torches ou bougies \u00e9teintes, ainsi que le Livre des Ombres. Un membre du coven se tient \u00e0 ses c\u00f4t\u00e9s avec une bougie allum\u00e9e afin qu&rsquo;il puisse lire.<\/p>\r\n\r\n\r\n\r\n<p style=\"text-align: justify;\">Le coven commence \u00e0 se d\u00e9placer doucement en cercle, deosil. Alors que chacun arrive \u00e0 la hauteur du Grand Pr\u00eatre, ce dernier allume une torche ou une bougie \u00e0 partir du feu dans le chaudron et la remet \u00e0 cette personne, jusqu&rsquo;\u00e0 ce que tout le monde en ait une. Un vrai feu est \u00e0 pr\u00e9sent allum\u00e9 dans le chaudron, si seule une bougie a \u00e9t\u00e9 utilis\u00e9e jusque-l\u00e0, et le Grand Pr\u00eatre lit l&rsquo;Incantation\u00a0:<\/p>\r\n\r\n\r\n\r\n<p style=\"text-align: justify;\"><strong>\u00ab\u00a0Reine de la Lune, Reine du Soleil,<br \/>Reine des Cieux, Reine des \u00c9toiles,<br \/>Reine des Eaux, Reine de la Terre,<br \/>Apporte-nous l&rsquo;Enfant de Promesse\u00a0!<br \/>C&rsquo;est la Grande M\u00e8re qui Lui donne naissance\u00a0;<br \/>C&rsquo;est le Seigneur de la Vie qui na\u00eet \u00e0 nouveau\u00a0;<br \/>Obscurit\u00e9 et larmes se dissipent lorsque le Soleil se l\u00e8ve t\u00f4t. <br \/>Soleil d&rsquo;Or des montagnes, illumine le pays,<br \/>\u00c9claire le monde, illumine les mers et les rivi\u00e8res\u00a0;<br \/>Peines retirez-vous \u2013 joie dans le monde\u00a0!<br \/>B\u00e9nie soit la Grande D\u00e9esse, sans d\u00e9but ni fin,<br \/>L\u2019\u00c9ternelle pour l\u2019\u00e9ternit\u00e9 <\/strong><em>(ndlt : largement inspir\u00e9e de Christmas hail, in Carmina Gadelica)<\/em><strong>, Io \u00c9vo\u00a0!* H\u00e9\u00a0! Sois b\u00e9nie.<br \/>Io \u00c9vo\u00a0! H\u00e9\u00a0! Sois b\u00e9nie.<br \/>Io \u00c9vo\u00a0! H\u00e9\u00a0! Sois b\u00e9nie.\u00a0\u00bb<\/strong><\/p>\r\n\r\n\r\n\r\n<p style=\"text-align: justify;\">Durant l&rsquo;incantation, le coven tourne lentement. Ils se joignent au chant \u00ab\u00a0Io \u00c9vo\u00a0! H\u00e9\u00a0! Sois b\u00e9nie\u00a0\u00bb et finalement la Grande Pr\u00eatresse rejoint la danse, la conduisant avec une cadence plus calme.<\/p>\r\n\r\n\r\n\r\n<p style=\"text-align: justify;\">Le chaudron en feu est pouss\u00e9 au centre du cercle et les danseurs sautent par dessus en couple. Le dernier couple qui sautera par-dessus le chaudron avant qu&rsquo;il ne s&rsquo;\u00e9teigne \u00ab\u00a0devra \u00eatre purifi\u00e9, trois fois chacun, et peut payer une amusante amende que la Grande Pr\u00eatresse peut ordonner\u00a0\u00bb. Parfois le chaudron est rallum\u00e9 plusieurs fois pour prolonger l&rsquo;amusement.<\/p>\r\n\r\n\r\n\r\n<p style=\"text-align: justify;\">Et ainsi jusqu&rsquo;aux g\u00e2teaux et au vin.<\/p>\r\n\r\n\r\n\r\n<p style=\"text-align: justify;\">* \u00ab\u00a0Io \u00c9vo\u00a0! H\u00e9\u00a0!\u00a0\u00bb est le cri de joie des bacchanales grecques. Peut-\u00eatre que le \u00ab\u00a0Good-oh\u00a0!\u00a0\u00bb australien est sa plus proche traduction. <\/p>\r\n\r\n<p style=\"text-align: justify;\"><!--EndFragment--><\/p>\r\n<p style=\"text-align: justify;\">\u00a0<\/p>","protected":false},"excerpt":{"rendered":"<p>Extrait de What witches do, the modern coven revealed par Stewart Farrar. 1971. Traduit et adapt\u00e9 par Lune. Solstice d&rsquo;hiver. C&rsquo;est la f\u00eate de la renaissance du Dieu Soleil, le jour le plus court de l&rsquo;ann\u00e9e, apr\u00e8s qu&rsquo;il eut gagn\u00e9 en puissance et en influence jusqu&rsquo;\u00e0 son point culminant au solstice d&rsquo;\u00e9t\u00e9. Les anciens pr\u00eatres-astronomes&#8230;<\/p>\n","protected":false},"author":2,"featured_media":0,"parent":70,"menu_order":0,"comment_status":"closed","ping_status":"closed","template":"silo.php","meta":{"footnotes":""},"class_list":["post-3222","page","type-page","status-publish","hentry"],"_links":{"self":[{"href":"https:\/\/www.le-sidh.org\/wicca\/wp-json\/wp\/v2\/pages\/3222","targetHints":{"allow":["GET"]}}],"collection":[{"href":"https:\/\/www.le-sidh.org\/wicca\/wp-json\/wp\/v2\/pages"}],"about":[{"href":"https:\/\/www.le-sidh.org\/wicca\/wp-json\/wp\/v2\/types\/page"}],"author":[{"embeddable":true,"href":"https:\/\/www.le-sidh.org\/wicca\/wp-json\/wp\/v2\/users\/2"}],"replies":[{"embeddable":true,"href":"https:\/\/www.le-sidh.org\/wicca\/wp-json\/wp\/v2\/comments?post=3222"}],"version-history":[{"count":7,"href":"https:\/\/www.le-sidh.org\/wicca\/wp-json\/wp\/v2\/pages\/3222\/revisions"}],"predecessor-version":[{"id":7808,"href":"https:\/\/www.le-sidh.org\/wicca\/wp-json\/wp\/v2\/pages\/3222\/revisions\/7808"}],"up":[{"embeddable":true,"href":"https:\/\/www.le-sidh.org\/wicca\/wp-json\/wp\/v2\/pages\/70"}],"wp:attachment":[{"href":"https:\/\/www.le-sidh.org\/wicca\/wp-json\/wp\/v2\/media?parent=3222"}],"curies":[{"name":"wp","href":"https:\/\/api.w.org\/{rel}","templated":true}]}}