{"id":3177,"date":"2018-11-20T23:22:03","date_gmt":"2018-11-20T21:22:03","guid":{"rendered":"http:\/\/www.le-sidh.org\/wicca\/?page_id=3177"},"modified":"2020-12-20T21:25:41","modified_gmt":"2020-12-20T19:25:41","slug":"yule-ou-le-solstice-dhiver-par-phyllis-curott","status":"publish","type":"page","link":"https:\/\/www.le-sidh.org\/wicca\/sabbats\/solstice-dhiver\/yule-ou-le-solstice-dhiver-par-phyllis-curott\/","title":{"rendered":"Yule ou le Solstice d&rsquo;Hiver par Phyllis Curott"},"content":{"rendered":"<p style=\"text-align: justify;\"><strong>Yule, ou le Solstice d&rsquo;Hiver.<\/strong><br \/>\nLa nuit la plus longue lorsque la D\u00e9esse donne naissance \u00e0 la Lumi\u00e8re et que le Soleil revient.<\/p>\n<p style=\"text-align: justify;\">20-22 d\u00e9cembre dans l&rsquo;h\u00e9misph\u00e8re nord\u00a0; 20-22 juin dans l&rsquo;h\u00e9misph\u00e8re sud.<\/p>\n<p style=\"text-align: justify;\">Si vous le pouvez, lavez votre visage avec de la neige afin de vous purifier et utilisez-en pour l&rsquo;eau de votre autel. Travaillez avec les couleurs\u00a0: rouge, vert, or et blanc. D\u00e9corez l&rsquo;autel avec des rameaux de pin, de houx et de gui. Placez une grosse bougie jaune (le symbole du Dieu, le soleil qui revient, n\u00e9 de la D\u00e9esse) dans votre chaudron, au centre de l&rsquo;autel. Autour du chaudron, disposez des bougies additionnelles, que vous allumerez plus tard.<\/p>\n<p style=\"text-align: justify;\">Fabriquez un encens solaire \u00e0 parts \u00e9gales d&rsquo;oliban et de myrrhe.<\/p>\n<p style=\"text-align: justify;\">La cr\u00e9ation d&rsquo;un labyrinthe de lumi\u00e8re (avec des bougies pour la c\u00e9l\u00e9bration priv\u00e9e ou des guirlandes \u00e9lectriques pour la c\u00e9l\u00e9bration publique) est un projet plus \u00e9labor\u00e9 que mon cercle met en \u0153uvre dans le cadre de la c\u00e9l\u00e9bration publique de Yule. Nous allumons des bougies ou branchons des guirlandes lumineuses apr\u00e8s l&rsquo;invocation de la D\u00e9esse et du Dieu, et tout le monde p\u00e9n\u00e8tre dans le labyrinthe. Quand tous ont atteint le centre o\u00f9 l&rsquo;autel a \u00e9t\u00e9 dress\u00e9 et o\u00f9 se tiennent la Pr\u00eatresse et le Pr\u00eatre, chaque personne allume sa bougie \u00e0 partir de celle qui br\u00fble dans le chaudron et exprime son souhait pour la Nouvelle Ann\u00e9e, puis ressort du labyrinthe.<\/p>\n<p style=\"text-align: justify;\">Projetez votre cercle au nom de la Grande D\u00e9esse M\u00e8re, la matrice infinie, et l&rsquo;Enfant de Promesse, la lumi\u00e8re qui revient.<\/p>\n<p style=\"text-align: justify;\">Exposez le but du cercle\u00a0:<\/p>\n<blockquote>\n<p style=\"text-align: justify;\">\u00ab\u00a0Ce soir est la nuit la plus longue. Le Soleil revient, n\u00e9 de la sombre et nourrici\u00e8re matrice de la Grande D\u00e9esse. Le Seigneur de la Mort est le Seigneur de la Renaissance, et l&rsquo;obscurit\u00e9 c\u00e8de maintenant place \u00e0 la lumi\u00e8re, car chaque jour rallonge. En cette nuit, nous nous rappelons que l&rsquo;obscurit\u00e9 n&rsquo;est pas vide, ni effrayante. Elle est l&rsquo;infini potentiel duquel na\u00eet la lumi\u00e8re. En cette nuit, nous nous r\u00e9jouissons, car les visions que nous avons d\u00e9couvertes pendant le temps du r\u00eave se manifestent maintenant \u00e0 nous. En cette nuit, nous allumons la flamme de l&rsquo;espoir, car la lumi\u00e8re revient et avec elle, la vie nouvelle.\u00a0\u00bb<\/p>\n<\/blockquote>\n<p style=\"text-align: justify;\">Allumez la bougie dans le chaudron puis levez-la. Dites\u00a0:<\/p>\n<blockquote>\n<p style=\"text-align: justify;\">\u00ab\u00a0La D\u00e9esse a donn\u00e9 naissance. Contemplez le retour de la lumi\u00e8re, la renaissance du Soleil\u00a0!\u00a0\u00bb<\/p>\n<\/blockquote>\n<p style=\"text-align: justify;\">Si vous avez cr\u00e9\u00e9 un labyrinthe, c&rsquo;est le moment pour chacun de s&rsquo;y engager, d&rsquo;allumer sa bougie \u00e0 partir du chaudron sur l&rsquo;autel. Si vous n&rsquo;avez pas cr\u00e9\u00e9 de labyrinthe, levez l&rsquo;\u00e9nergie en ex\u00e9cutant une danse en spirale. Lorsque l&rsquo;\u00e9nergie est lev\u00e9e, allumez vos bougies \u00e0 partir du chaudron. Tandis que vous allumez votre bougie, dites votre souhait\/r\u00eave\/but pour la nouvelle ann\u00e9e. Alors que le cercle devient un cercle de lumi\u00e8re, chantez\u00a0:<\/p>\n<blockquote>\n<p style=\"text-align: justify;\">\u00ab\u00a0Voir le Soleil revenir, sentir le feu br\u00fbler.\u00a0\u00bb<\/p>\n<\/blockquote>\n<p style=\"text-align: justify;\">Offrez les libations, cl\u00f4turez la c\u00e9r\u00e9monie et festoyez\u00a0! C&rsquo;est un Sabbat qui appelle \u00e0 tant d&rsquo;all\u00e9gresse. En fait, vous pouvez d\u00e9signer un Prince-des-Sots (1) qui poss\u00e8de une baguette de gui et dont le r\u00f4le est de provoquer les rires. Vous devrez mettre pas mal de musique. Si vous le souhaitez, vous pouvez \u00e9changer des cadeaux\u00a0; dans mon cercle, nous avons l&rsquo;habitude de nous offrir des pochettes surprises. Nous recueillons \u00e9galement des dons pour les bonnes \u0153uvres, ou bien nous organisons des collectes de v\u00eatements ou de nourriture. Si vous \u00eates seul, n&rsquo;oubliez pas de passer du temps avec vos amis proches ou la famille pour les f\u00eates.<\/p>\n<p style=\"padding-left: 30px; text-align: justify;\"><em>(1) Ndlt : Lord of Misrule en anglais et dans le texte. Il s&rsquo;agit de celui qui pr\u00e9sidait aux festivit\u00e9s traditionnelles de No\u00ebl en Angleterre aux XV\u00e8me et XVI\u00e8me si\u00e8cles. Son \u00e9quivalent fran\u00e7ais est le Prince-des-Sots qui pr\u00e9sidait la f\u00eate des fous au Moyen-\u00c2ge aux environs de No\u00ebl.<\/em><\/p>\n<p>Par Phyllis Curott, extrait de \u00ab\u00a0Witch crafting, a spiritual guide to making magic\u00a0\u00bb. Traduction &amp; adaptation Lune.<\/p>\n","protected":false},"excerpt":{"rendered":"<p>Yule, ou le Solstice d&rsquo;Hiver. La nuit la plus longue lorsque la D\u00e9esse donne naissance \u00e0 la Lumi\u00e8re et que le Soleil revient. 20-22 d\u00e9cembre dans l&rsquo;h\u00e9misph\u00e8re nord\u00a0; 20-22 juin dans l&rsquo;h\u00e9misph\u00e8re sud. Si vous le pouvez, lavez votre visage avec de la neige afin de vous purifier et utilisez-en pour l&rsquo;eau de votre autel&#8230;.<\/p>\n","protected":false},"author":2,"featured_media":3178,"parent":70,"menu_order":0,"comment_status":"closed","ping_status":"closed","template":"silo.php","meta":{"footnotes":""},"class_list":["post-3177","page","type-page","status-publish","has-post-thumbnail","hentry"],"_links":{"self":[{"href":"https:\/\/www.le-sidh.org\/wicca\/wp-json\/wp\/v2\/pages\/3177","targetHints":{"allow":["GET"]}}],"collection":[{"href":"https:\/\/www.le-sidh.org\/wicca\/wp-json\/wp\/v2\/pages"}],"about":[{"href":"https:\/\/www.le-sidh.org\/wicca\/wp-json\/wp\/v2\/types\/page"}],"author":[{"embeddable":true,"href":"https:\/\/www.le-sidh.org\/wicca\/wp-json\/wp\/v2\/users\/2"}],"replies":[{"embeddable":true,"href":"https:\/\/www.le-sidh.org\/wicca\/wp-json\/wp\/v2\/comments?post=3177"}],"version-history":[{"count":3,"href":"https:\/\/www.le-sidh.org\/wicca\/wp-json\/wp\/v2\/pages\/3177\/revisions"}],"predecessor-version":[{"id":8930,"href":"https:\/\/www.le-sidh.org\/wicca\/wp-json\/wp\/v2\/pages\/3177\/revisions\/8930"}],"up":[{"embeddable":true,"href":"https:\/\/www.le-sidh.org\/wicca\/wp-json\/wp\/v2\/pages\/70"}],"wp:featuredmedia":[{"embeddable":true,"href":"https:\/\/www.le-sidh.org\/wicca\/wp-json\/wp\/v2\/media\/3178"}],"wp:attachment":[{"href":"https:\/\/www.le-sidh.org\/wicca\/wp-json\/wp\/v2\/media?parent=3177"}],"curies":[{"name":"wp","href":"https:\/\/api.w.org\/{rel}","templated":true}]}}