{"id":3000,"date":"2018-01-29T15:13:48","date_gmt":"2018-01-29T13:13:48","guid":{"rendered":"http:\/\/www.le-sidh.org\/wicca\/?page_id=3000"},"modified":"2019-05-19T18:01:41","modified_gmt":"2019-05-19T16:01:41","slug":"rites-de-passage","status":"publish","type":"page","link":"https:\/\/www.le-sidh.org\/wicca\/rites-de-passage\/","title":{"rendered":"Rites de Passage"},"content":{"rendered":"<p style=\"text-align: justify;\">Ici, vous trouverez des rituels d\u00e9di\u00e9s aux diff\u00e9rents rites de passage (<a href=\"https:\/\/www.le-sidh.org\/wicca\/handfasting\/\" target=\"_blank\" rel=\"noopener noreferrer\">l&rsquo;union des mains ayant sa propre page<\/a>) : b\u00e9n\u00e9diction des nouveaux-n\u00e9s, premi\u00e8res lunes, croning, d\u00e9part vers l&rsquo;Autremonde.<\/p>\n<p><strong>A propos des rites de passage au sein de la Wicca :<\/strong><\/p>\n<ul>\n<li><a href=\"https:\/\/www.le-sidh.org\/wicca\/pratiques-rituelles-sorcieres\/initiations-dedicaces\/rites-de-passage-mariage-separation-bapteme-enterrement\/\" target=\"_blank\" rel=\"noopener noreferrer\">Rites de Passage : mariage, s\u00e9paration, bapt\u00eame, enterrement<\/a><\/li>\n<\/ul>\n<p><strong>B\u00e9n\u00e9diction du nouveau-n\u00e9 :<\/strong><\/p>\n<ul>\n<li><a href=\"https:\/\/www.le-sidh.org\/wicca\/pratiques-rituelles-sorcieres\/benedictions-purification-detachement\/dedicace-du-nouveau-ne\/\" target=\"_blank\" rel=\"noopener noreferrer\">D\u00e9dicace du nouveau-n\u00e9<\/a><\/li>\n<li><a href=\"https:\/\/www.le-sidh.org\/wicca\/pratiques-rituelles-sorcieres\/benedictions-purification-detachement\/presentation-des-nouveaux-nes\/\" target=\"_blank\" rel=\"noopener noreferrer\">Pr\u00e9sentation des nouveau-n\u00e9s<\/a><\/li>\n<li><a href=\"https:\/\/www.le-sidh.org\/wicca\/pratiques-rituelles-sorcieres\/rituels-divers-et-bases\/une-benediction-wiccan-pour-un-nouveau-ne\/\" target=\"_blank\" rel=\"noopener noreferrer\">Une B\u00e9n\u00e9diction Wiccan pour un Nouveau-N\u00e9<\/a><\/li>\n<\/ul>\n<p><strong>B\u00e9n\u00e9diction des premi\u00e8res lunes :<\/strong><\/p>\n<ul>\n<li><a href=\"https:\/\/www.le-sidh.org\/wicca\/pratiques-rituelles-sorcieres\/benedictions-purification-detachement\/benediction-pour-le-premier-sang\/\" target=\"_blank\" rel=\"noopener noreferrer\">B\u00e9n\u00e9diction pour le Premier Sang<\/a><\/li>\n<li><a href=\"https:\/\/www.le-sidh.org\/wicca\/sexualite\/lunes-rouges\/celebrer-les-premieres-regles\/\" target=\"_blank\" rel=\"noopener noreferrer\">C\u00e9l\u00e9brer les premi\u00e8res r\u00e8gles<\/a><\/li>\n<li><a href=\"https:\/\/www.le-sidh.org\/wicca\/sexualite\/lunes-rouges\/rituel-du-premier-sang\/\" target=\"_blank\" rel=\"noopener noreferrer\">Rituel du Premier Sang<\/a><\/li>\n<\/ul>\n<p><strong>Passage \u00e0 l&rsquo;\u00e2ge adulte :<\/strong><\/p>\n<ul>\n<li><a href=\"https:\/\/www.le-sidh.org\/wicca\/pratiques-rituelles-sorcieres\/rituels-de-passage-a-lage-adulte-pour-les-garcons-et-le-filles\/\" target=\"_blank\" rel=\"noopener noreferrer\">Rituels de passage \u00e0 l&rsquo;\u00e2ge adulte pour les gar\u00e7ons et les filles<\/a><\/li>\n<\/ul>\n<p><strong>D\u00e9dicace<\/strong> :<\/p>\n<ul>\n<li><a href=\"https:\/\/www.le-sidh.org\/wicca\/pratiques-rituelles-sorcieres\/initiations-dedicaces\/dedicace-premiere-consecration-des-outils\/\">D\u00e9dicace &amp; Premi\u00e8re Cons\u00e9cration des Outils<\/a><\/li>\n<li><a href=\"https:\/\/www.le-sidh.org\/wicca\/pratiques-rituelles-sorcieres\/initiations-dedicaces\/benediction-pour-soi-meme-dedicace\/\" target=\"_blank\" rel=\"noopener noreferrer\">B\u00e9n\u00e9diction pour soi-m\u00eame (d\u00e9dicace)<\/a><\/li>\n<\/ul>\n<p><strong>Rites fun\u00e9raires :<\/strong><\/p>\n<ul>\n<li><a href=\"https:\/\/www.le-sidh.org\/wicca\/pratiques-rituelles-sorcieres\/rituels-divers-et-bases\/rituel-funeraire-la-traversee-du-pont\/\" target=\"_blank\" rel=\"noopener noreferrer\">Rituel fun\u00e9raire, la travers\u00e9e du pont<\/a><\/li>\n<\/ul>\n<p>&nbsp;<\/p>\n<p>&nbsp;<\/p>\n","protected":false},"excerpt":{"rendered":"<p>Ici, vous trouverez des rituels d\u00e9di\u00e9s aux diff\u00e9rents rites de passage (l&rsquo;union des mains ayant sa propre page) : b\u00e9n\u00e9diction des nouveaux-n\u00e9s, premi\u00e8res lunes, croning, d\u00e9part vers l&rsquo;Autremonde. A propos des rites de passage au sein de la Wicca : Rites de Passage : mariage, s\u00e9paration, bapt\u00eame, enterrement B\u00e9n\u00e9diction du nouveau-n\u00e9 : D\u00e9dicace du nouveau-n\u00e9&#8230;<\/p>\n","protected":false},"author":2,"featured_media":0,"parent":0,"menu_order":0,"comment_status":"closed","ping_status":"closed","template":"silo.php","meta":{"footnotes":""},"class_list":["post-3000","page","type-page","status-publish","hentry"],"_links":{"self":[{"href":"https:\/\/www.le-sidh.org\/wicca\/wp-json\/wp\/v2\/pages\/3000","targetHints":{"allow":["GET"]}}],"collection":[{"href":"https:\/\/www.le-sidh.org\/wicca\/wp-json\/wp\/v2\/pages"}],"about":[{"href":"https:\/\/www.le-sidh.org\/wicca\/wp-json\/wp\/v2\/types\/page"}],"author":[{"embeddable":true,"href":"https:\/\/www.le-sidh.org\/wicca\/wp-json\/wp\/v2\/users\/2"}],"replies":[{"embeddable":true,"href":"https:\/\/www.le-sidh.org\/wicca\/wp-json\/wp\/v2\/comments?post=3000"}],"version-history":[{"count":15,"href":"https:\/\/www.le-sidh.org\/wicca\/wp-json\/wp\/v2\/pages\/3000\/revisions"}],"predecessor-version":[{"id":6458,"href":"https:\/\/www.le-sidh.org\/wicca\/wp-json\/wp\/v2\/pages\/3000\/revisions\/6458"}],"wp:attachment":[{"href":"https:\/\/www.le-sidh.org\/wicca\/wp-json\/wp\/v2\/media?parent=3000"}],"curies":[{"name":"wp","href":"https:\/\/api.w.org\/{rel}","templated":true}]}}