{"id":2991,"date":"2018-01-29T14:55:53","date_gmt":"2018-01-29T12:55:53","guid":{"rendered":"http:\/\/www.le-sidh.org\/wicca\/?page_id=2991"},"modified":"2018-01-31T11:19:12","modified_gmt":"2018-01-31T09:19:12","slug":"sanctifier-et-tracer-la-boussole","status":"publish","type":"page","link":"https:\/\/www.le-sidh.org\/wicca\/rituels\/sanctifier-et-tracer-la-boussole\/","title":{"rendered":"La boussole sorci\u00e8re, sanctifier et tracer la boussole"},"content":{"rendered":"<p>Par Nigel Jackson \u00a9, traduction &amp; adaptation Tof<\/p>\n<ul>\n<li style=\"text-align: justify;\"><strong>La Boussole Sorci\u00e8re<\/strong><\/li>\n<\/ul>\n<p style=\"text-align: justify;\">La Boussole Sorci\u00e8re ou cercle magique circonscrit d\u00e9limite l\u2019espace sacr\u00e9 du travail Sorcier. Son origine remonte au n\u00e9m\u00e9ton circulaire des Celtes et aux m\u00e9galithes circulaires de l\u2019ancienne Europe. La boussole est un temple, un sanctuaire et un cosmogramme o\u00f9 la sorci\u00e8re se projette dans un temps sacr\u00e9 o\u00f9 tous les mots et les actes ont le pouvoir de devenir arch\u00e9typaux et primordiaux. Pour les sorci\u00e8res, c\u2019est un v\u00e9ritable mod\u00e8le cosmogonique du microcosme et du macrocosme. Dans la sorcellerie Traditionnelle, les quatre quartiers de la boussole ont les qualit\u00e9s et correspondances magico-symboliques suivantes :<\/p>\n<ul>\n<li style=\"text-align: justify;\"><strong>Est<\/strong> : le Feu, le rouge, le soleil, l\u2019\u00e9veil, la lumi\u00e8re, la jeunesse, l\u2019\u00e9nergie cr\u00e9ative, le dieu-cornu-b\u00e9lier et Le forgeron rayonnant, la d\u00e9esse-li\u00e8vre, le renard, la main droite, le balai de bouleau et l\u2019\u00e9p\u00e9e \/ couteau.<\/li>\n<li style=\"text-align: justify;\"><strong>Sud<\/strong> : La Terre, le blanc, l\u2019amour, la chaleur, la vie, l\u2019abondance fertile, la souverainet\u00e9, la D\u00e9esse du pays et des bl\u00e9s, la Rose Reine, la jument, l\u2019abeille, les pieds et les organes g\u00e9nitaux, le b\u00e2ton de ch\u00eane et la pierre du Dieu.<\/li>\n<li style=\"text-align: justify;\"><strong>Ouest<\/strong> : L\u2019Eau, le gris\/vert, la lune, le brouillard, le son, l\u2019ombre, l\u2019\u00e2ge, l\u2019\u00e9nergie r\u00e9flective, les Dames du Lac, le cygne, le chat, le crapaud, la main gauche, le chaudron \/ coupe, le peigne, le miroir et la pomme.<\/li>\n<li style=\"text-align: justify;\"><strong>Nord<\/strong> : l\u2019air, le noir, l\u2019\u00e9toile polaire, le froid, le sommeil : la mort, la v\u00e9rit\u00e9, le destin, Dame H\u00e9rodia et le Vieux Cornu, la Chasse Sauvage \/ la Chevauch\u00e9e F\u00e9erique, la ch\u00e8vre, le hibou, la corneille, le chien noir, le stang et la pierre sorci\u00e8re, la t\u00eate.<\/li>\n<\/ul>\n<ul>\n<li style=\"text-align: justify;\"><em><strong>Sanctifier et Tracer la Boussole.<\/strong><br \/>\n<\/em><\/li>\n<\/ul>\n<p style=\"text-align: justify;\">Pour sanctifier et consacrer la boussole pour les rites sorciers l\u2019autel et le Stang sont plac\u00e9s au nord. La sorci\u00e8re dit tout d\u2019abord la formule suivante :<\/p>\n<blockquote><p>\u00ab Au nom du Ciel \/ P\u00e8re<br \/>\n(elle se touche le front)<br \/>\nEt de la Terre \/ M\u00e8re<br \/>\n(elle se touche le nombril)<br \/>\nLes T\u00e9n\u00e8bres et l\u2019\u00c9clat<br \/>\n(elle se touche l\u2019\u00e9paule gauche et l\u2019\u00e9paule droite)<br \/>\nPuissance et Sagesse de tout ce qui est sacr\u00e9. \u00bb<\/p><\/blockquote>\n<p style=\"text-align: justify;\">Elle dessine un pentacle ou un pied de sorci\u00e8re \u00e0 l\u2019Est et dit :<\/p>\n<blockquote><p>\u00ab Debout Esprits Rouges ! Que les pouvoirs du feu ardent soient avec moi. \u00bb<\/p><\/blockquote>\n<p style=\"text-align: justify;\">Elle fait de m\u00eame au Sud et dit :<\/p>\n<blockquote><p>\u00ab Debout Esprits Blancs ! Que les pouvoirs de la terre florissante soient avec moi \u00bb<\/p><\/blockquote>\n<p style=\"text-align: justify;\">A l\u2019Ouest :<\/p>\n<blockquote><p>\u00ab Debout Esprits Verts ! Que les pouvoirs de l\u2019eau brumeuse soient avec moi. \u00bb<\/p><\/blockquote>\n<p style=\"text-align: justify;\">Et finalement au Nord :<\/p>\n<blockquote><p>\u00ab Debout Esprits Noirs ! Que les pouvoirs des vents nocturnes soient avec moi. \u00bb<\/p><\/blockquote>\n<p style=\"text-align: justify;\">Apr\u00e8s ces appels aux quartiers, le cercle doit \u00eatre balay\u00e9 symboliquement trois fois dans le sens des aiguilles d\u2019une montre.<\/p>\n<p style=\"text-align: justify;\">On peut aussi le purifier ou le sanctifier en en faisant par trois fois le tour dans le sens des aiguilles d\u2019une montre, en portant une flamme, en chantant :<\/p>\n<blockquote><p>\u00ab Trois cercles de lumi\u00e8res<br \/>\nQue je trace comme il se doit<br \/>\nPour sanctifier la boussole<br \/>\nDe la puissante magie ! \u00bb<\/p><\/blockquote>\n<p style=\"text-align: justify;\">A la fin du travail, la sorci\u00e8re va \u00e0 chaque quartier et dit simplement :<\/p>\n<blockquote><p>\u00ab Esprits Rouges, pouvoirs du feu ardent, je vous salue ! \u00bb<\/p><\/blockquote>\n<p style=\"text-align: justify;\">On fera de m\u00eame \u00e0 chaque point cardinal.<\/p>\n<p style=\"text-align: justify;\">Finalement la premi\u00e8re formule devra \u00eatre r\u00e9p\u00e9t\u00e9e.<\/p>\n","protected":false},"excerpt":{"rendered":"<p>Par Nigel Jackson \u00a9, traduction &amp; adaptation Tof La Boussole Sorci\u00e8re La Boussole Sorci\u00e8re ou cercle magique circonscrit d\u00e9limite l\u2019espace sacr\u00e9 du travail Sorcier. Son origine remonte au n\u00e9m\u00e9ton circulaire des Celtes et aux m\u00e9galithes circulaires de l\u2019ancienne Europe. La boussole est un temple, un sanctuaire et un cosmogramme o\u00f9 la sorci\u00e8re se projette dans&#8230;<\/p>\n","protected":false},"author":2,"featured_media":0,"parent":390,"menu_order":0,"comment_status":"closed","ping_status":"closed","template":"","meta":{"footnotes":""},"class_list":["post-2991","page","type-page","status-publish","hentry"],"_links":{"self":[{"href":"https:\/\/www.le-sidh.org\/wicca\/wp-json\/wp\/v2\/pages\/2991","targetHints":{"allow":["GET"]}}],"collection":[{"href":"https:\/\/www.le-sidh.org\/wicca\/wp-json\/wp\/v2\/pages"}],"about":[{"href":"https:\/\/www.le-sidh.org\/wicca\/wp-json\/wp\/v2\/types\/page"}],"author":[{"embeddable":true,"href":"https:\/\/www.le-sidh.org\/wicca\/wp-json\/wp\/v2\/users\/2"}],"replies":[{"embeddable":true,"href":"https:\/\/www.le-sidh.org\/wicca\/wp-json\/wp\/v2\/comments?post=2991"}],"version-history":[{"count":3,"href":"https:\/\/www.le-sidh.org\/wicca\/wp-json\/wp\/v2\/pages\/2991\/revisions"}],"predecessor-version":[{"id":3079,"href":"https:\/\/www.le-sidh.org\/wicca\/wp-json\/wp\/v2\/pages\/2991\/revisions\/3079"}],"up":[{"embeddable":true,"href":"https:\/\/www.le-sidh.org\/wicca\/wp-json\/wp\/v2\/pages\/390"}],"wp:attachment":[{"href":"https:\/\/www.le-sidh.org\/wicca\/wp-json\/wp\/v2\/media?parent=2991"}],"curies":[{"name":"wp","href":"https:\/\/api.w.org\/{rel}","templated":true}]}}