{"id":285,"date":"2014-07-28T16:45:02","date_gmt":"2014-07-28T14:45:02","guid":{"rendered":"http:\/\/www.le-sidh.org\/wicca\/?page_id=285"},"modified":"2023-06-03T20:30:21","modified_gmt":"2023-06-03T18:30:21","slug":"rituel-de-pleine-lune","status":"publish","type":"page","link":"https:\/\/www.le-sidh.org\/wicca\/esbat\/rituel-de-pleine-lune\/","title":{"rendered":"Rituel de Pleine Lune"},"content":{"rendered":"<p>Par Starhawk. <a href=\"http:\/\/www.amazon.fr\/Spiral-Dance-Rebirth-Religion-Anniversary-ebook\/dp\/B005HG4WII\/ref=la_B000AP95GK_1_3?s=books&amp;ie=UTF8&amp;qid=1406558448&amp;sr=1-3\" target=\"_blank\" rel=\"noopener\">Extrait du livre \u00ab\u00a0Spiral Dance\u00a0\u00bb.<\/a> Traduction &amp; adaptation Lune.<\/p>\n<p>(A c\u00e9l\u00e9brer la veille de la pleine lune.)<\/p>\n<p style=\"text-align: justify;\">Le cercle se r\u00e9unit, effectue une m\u00e9ditation sur le souffle et la Pr\u00eatresse dit :<\/p>\n<blockquote><p>Voici le temps de la pl\u00e9nitude,<br \/>\nle point culminant du pouvoir,<br \/>\nlorsque la Dame, en son plein cercle de brillance, parcourt le ciel et se l\u00e8ve \u00e0 la nuit tomb\u00e9e.<br \/>\nC&rsquo;est le moment de r\u00e9colter les fruits, c&rsquo;est le temps du changement r\u00e9alis\u00e9.<br \/>\nLa Grande M\u00e8re, Nourrice du monde,<br \/>\nqui est Elle-M\u00eame, d\u00e9verse son amour et ses bienfaits en abondance.<br \/>\nLe Chasseur vise la Lumineuse,<br \/>\nCelle qui \u00e9veille l&rsquo;ardent d\u00e9sir et qui est la fin du d\u00e9sir.<br \/>\nNous, qui regardons son lumineux visage, sommes emplis d&rsquo;amour.<br \/>\nJoyeuse rencontre.<\/p><\/blockquote>\n<p>Purifiez, projetez le cercle et invoquez la D\u00e9esse et le Dieu.<\/p>\n<p style=\"text-align: justify;\">L&rsquo;une des femmes du coven va au centre du cercle et dit son nom. Les autres le r\u00e9p\u00e8tent et le chantent, \u00e9rigent un C\u00f4ne de Pouvoir alors qu&rsquo;ils la touchent, mettant ainsi ce pouvoir \u00e0 la terre \u00e0 travers elle, tout en l&#8217;emplissant de ce pouvoir et de la lumi\u00e8re de la lune. Elle retourne avec le reste du cercle et un autre membre du coven prend sa place, jusqu&rsquo;\u00e0 que chacun ait \u00e9t\u00e9 le point central du pouvoir. Tout en chantant, les autres membres du coven parviennent \u00e0 reconnaitre chaque individu comme \u00e9tant, en v\u00e9rit\u00e9, la D\u00e9esse\/ le Dieu.<\/p>\n<p style=\"text-align: justify;\">Un C\u00f4ne final peut \u00eatre \u00e9rig\u00e9 pour le coven en entier.<\/p>\n<p style=\"text-align: justify;\">Mise \u00e0 la terre du pouvoir, travail de transe et de divination, puis petite f\u00eate et ouverture du cercle.<\/p>\n<p><em>Photo par Lune, \u00ab\u00a0la lune et le saule.\u00a0\u00bb<\/em><\/p>\n","protected":false},"excerpt":{"rendered":"<p>Par Starhawk. Extrait du livre \u00ab\u00a0Spiral Dance\u00a0\u00bb. Traduction &amp; adaptation Lune. (A c\u00e9l\u00e9brer la veille de la pleine lune.) Le cercle se r\u00e9unit, effectue une m\u00e9ditation sur le souffle et la Pr\u00eatresse dit : Voici le temps de la pl\u00e9nitude, le point culminant du pouvoir, lorsque la Dame, en son plein cercle de brillance, parcourt&#8230;<\/p>\n","protected":false},"author":2,"featured_media":1180,"parent":34,"menu_order":0,"comment_status":"closed","ping_status":"closed","template":"silo.php","meta":{"footnotes":""},"class_list":["post-285","page","type-page","status-publish","has-post-thumbnail","hentry"],"_links":{"self":[{"href":"https:\/\/www.le-sidh.org\/wicca\/wp-json\/wp\/v2\/pages\/285","targetHints":{"allow":["GET"]}}],"collection":[{"href":"https:\/\/www.le-sidh.org\/wicca\/wp-json\/wp\/v2\/pages"}],"about":[{"href":"https:\/\/www.le-sidh.org\/wicca\/wp-json\/wp\/v2\/types\/page"}],"author":[{"embeddable":true,"href":"https:\/\/www.le-sidh.org\/wicca\/wp-json\/wp\/v2\/users\/2"}],"replies":[{"embeddable":true,"href":"https:\/\/www.le-sidh.org\/wicca\/wp-json\/wp\/v2\/comments?post=285"}],"version-history":[{"count":5,"href":"https:\/\/www.le-sidh.org\/wicca\/wp-json\/wp\/v2\/pages\/285\/revisions"}],"predecessor-version":[{"id":9716,"href":"https:\/\/www.le-sidh.org\/wicca\/wp-json\/wp\/v2\/pages\/285\/revisions\/9716"}],"up":[{"embeddable":true,"href":"https:\/\/www.le-sidh.org\/wicca\/wp-json\/wp\/v2\/pages\/34"}],"wp:featuredmedia":[{"embeddable":true,"href":"https:\/\/www.le-sidh.org\/wicca\/wp-json\/wp\/v2\/media\/1180"}],"wp:attachment":[{"href":"https:\/\/www.le-sidh.org\/wicca\/wp-json\/wp\/v2\/media?parent=285"}],"curies":[{"name":"wp","href":"https:\/\/api.w.org\/{rel}","templated":true}]}}