{"id":282,"date":"2014-07-28T16:43:15","date_gmt":"2014-07-28T14:43:15","guid":{"rendered":"http:\/\/www.le-sidh.org\/wicca\/?page_id=282"},"modified":"2019-03-11T13:04:33","modified_gmt":"2019-03-11T11:04:33","slug":"rituel-de-la-lune-croissante","status":"publish","type":"page","link":"https:\/\/www.le-sidh.org\/wicca\/esbat\/rituel-de-la-lune-croissante\/","title":{"rendered":"Rituel de la Lune Croissante"},"content":{"rendered":"<p style=\"text-align: justify;\"><a href=\"http:\/\/www.amazon.fr\/Spiral-Dance-Rebirth-Religion-Anniversary-ebook\/dp\/B005HG4WII\/ref=la_B000AP95GK_1_3?s=books&amp;ie=UTF8&amp;qid=1406558448&amp;sr=1-3\" target=\"_blank\" rel=\"noopener noreferrer\">Extrait de Spiral Dance, \u00e9ditions Harper SanFrancisco.<\/a> Par Starhawk \u00a9, traduction et adaptation Lune<\/p>\n<p>(A c\u00e9l\u00e9brer apr\u00e8s l&rsquo;apparition du premier croissant de lune.)<\/p>\n<p style=\"text-align: justify;\">Sur l&rsquo;autel, placez un bol de graines. Remplissez le chaudron central avec de la terre et placez en son milieu une bougie.<\/p>\n<p style=\"text-align: justify;\">Lorsque le coven se rassemble, commencez par une m\u00e9ditation sur le souffle. Une pr\u00eatresse dit :<\/p>\n<blockquote>\n<p style=\"text-align: justify;\">Voici venu le temps du commencement, le temps des semences de la cr\u00e9ation, l&rsquo;\u00e9veil apr\u00e8s le sommeil.<\/p>\n<p style=\"text-align: justify;\">A pr\u00e9sent, la lune apparait, un croissant \u00e9merge des t\u00e9n\u00e8bres ; Celle qui donne la vie revient d&rsquo;entre les Morts.<\/p>\n<p style=\"text-align: justify;\">La roue tourne ; tout est transform\u00e9. Ce soir, nous sommes touch\u00e9s par la Vierge qui se donne \u00e0 tous et qui pourtant n&rsquo;est jamais p\u00e9n\u00e9tr\u00e9e par quiconque.<\/p>\n<p style=\"text-align: justify;\">Elle change tout ce qu&rsquo;Elle touche ; puisse-t-Elle nous ouvrir au changement et \u00e0 l&rsquo;\u00e9panouissement.<\/p>\n<p style=\"text-align: justify;\">Joyeuse rencontre.<\/p>\n<\/blockquote>\n<p style=\"text-align: justify;\">Purifiez, projetez le cercle et invoquez la D\u00e9esse et le Dieu.<\/p>\n<p style=\"text-align: justify;\">L&rsquo;une des membres du coven, choisie pour jouer le r\u00f4le de la pr\u00eatresse aux semences, prend le bol de graines sur l&rsquo;autel en disant :<\/p>\n<blockquote>\n<p style=\"text-align: justify;\">B\u00e9nis sois-tu, cr\u00e9ature de la terre, graine de la lune du changement, d\u00e9but lumineux d&rsquo;un nouveau cercle de temps. Le pouvoir de commencer, le pouvoir de cro\u00eetre, le pouvoir de cr\u00e9er de nouvelles choses r\u00e9sident en cette graine. Sois b\u00e9nie.<\/p>\n<\/blockquote>\n<p style=\"text-align: justify;\">En faisant le tour du cercle dans le sens du soleil, elle offre le bol \u00e0 chaque personne, en demandant :<\/p>\n<blockquote>\n<p style=\"text-align: justify;\">Que s\u00e8meras-tu avec la lune ?<\/p>\n<\/blockquote>\n<p style=\"text-align: justify;\">Chaque personne r\u00e9pond ce qu&rsquo;elle compte mettre en route ou ce qu&rsquo;elle esp\u00e8re voir cro\u00eetre au cours des mois \u00e0 venir.<\/p>\n<p style=\"text-align: justify;\">La pr\u00eatresse r\u00e9pond :<\/p>\n<blockquote>\n<p style=\"text-align: justify;\">Que la b\u00e9n\u00e9diction de la nouvelle lune soit sur ce projet.<\/p>\n<\/blockquote>\n<p style=\"text-align: justify;\">Chaque personne visualise une image claire de ce qu&rsquo;elle veut faire pousser, en chargeant les graines avec cette image. Une par une, elle s\u00e8me les graines dans la terre, dans le chaudron central.<\/p>\n<p style=\"text-align: justify;\">Ensemble, ils \u00e9rigent un c\u00f4ne de pouvoir pour charger les graines et la terre avec l&rsquo;\u00e9nergie, ainsi que pour donner du pouvoir aux projets qu&rsquo;elles repr\u00e9sentent.<\/p>\n<p style=\"text-align: justify;\">Les travaux de transe ou de divination catoptromantique peuvent se concentrer pour obtenir la clairvoyance \u00e0 propos des projets maintenant amorc\u00e9s.<\/p>\n<p style=\"text-align: justify;\">Festoyez et ouvrez le cercle.<\/p>\n","protected":false},"excerpt":{"rendered":"<p>Extrait de Spiral Dance, \u00e9ditions Harper SanFrancisco. Par Starhawk \u00a9, traduction et adaptation Lune (A c\u00e9l\u00e9brer apr\u00e8s l&rsquo;apparition du premier croissant de lune.) Sur l&rsquo;autel, placez un bol de graines. Remplissez le chaudron central avec de la terre et placez en son milieu une bougie. Lorsque le coven se rassemble, commencez par une m\u00e9ditation sur&#8230;<\/p>\n","protected":false},"author":2,"featured_media":4929,"parent":34,"menu_order":0,"comment_status":"closed","ping_status":"closed","template":"silo.php","meta":{"footnotes":""},"class_list":["post-282","page","type-page","status-publish","has-post-thumbnail","hentry"],"_links":{"self":[{"href":"https:\/\/www.le-sidh.org\/wicca\/wp-json\/wp\/v2\/pages\/282","targetHints":{"allow":["GET"]}}],"collection":[{"href":"https:\/\/www.le-sidh.org\/wicca\/wp-json\/wp\/v2\/pages"}],"about":[{"href":"https:\/\/www.le-sidh.org\/wicca\/wp-json\/wp\/v2\/types\/page"}],"author":[{"embeddable":true,"href":"https:\/\/www.le-sidh.org\/wicca\/wp-json\/wp\/v2\/users\/2"}],"replies":[{"embeddable":true,"href":"https:\/\/www.le-sidh.org\/wicca\/wp-json\/wp\/v2\/comments?post=282"}],"version-history":[{"count":6,"href":"https:\/\/www.le-sidh.org\/wicca\/wp-json\/wp\/v2\/pages\/282\/revisions"}],"predecessor-version":[{"id":4933,"href":"https:\/\/www.le-sidh.org\/wicca\/wp-json\/wp\/v2\/pages\/282\/revisions\/4933"}],"up":[{"embeddable":true,"href":"https:\/\/www.le-sidh.org\/wicca\/wp-json\/wp\/v2\/pages\/34"}],"wp:featuredmedia":[{"embeddable":true,"href":"https:\/\/www.le-sidh.org\/wicca\/wp-json\/wp\/v2\/media\/4929"}],"wp:attachment":[{"href":"https:\/\/www.le-sidh.org\/wicca\/wp-json\/wp\/v2\/media?parent=282"}],"curies":[{"name":"wp","href":"https:\/\/api.w.org\/{rel}","templated":true}]}}