{"id":279,"date":"2014-07-28T16:39:23","date_gmt":"2014-07-28T14:39:23","guid":{"rendered":"http:\/\/www.le-sidh.org\/wicca\/?page_id=279"},"modified":"2014-07-28T16:39:23","modified_gmt":"2014-07-28T14:39:23","slug":"rituel-de-guerison-a-la-pleine-lune","status":"publish","type":"page","link":"https:\/\/www.le-sidh.org\/wicca\/esbat\/rituel-de-guerison-a-la-pleine-lune\/","title":{"rendered":"Rituel de Gu\u00e9rison \u00e0 la Pleine Lune"},"content":{"rendered":"<p style=\"text-align: justify;\">Par Selena Fox, traduction &amp; adaptation Lune<\/p>\n<figure id=\"attachment_280\" aria-describedby=\"caption-attachment-280\" style=\"width: 500px\" class=\"wp-caption aligncenter\"><a href=\"https:\/\/www.le-sidh.org\/wicca\/wp-content\/uploads\/2014\/07\/pleine-lune-072014.jpg\"><img loading=\"lazy\" decoding=\"async\" class=\"wp-image-280\" src=\"https:\/\/www.le-sidh.org\/wicca\/wp-content\/uploads\/2014\/07\/pleine-lune-072014.jpg\" alt=\"pleine lune 072014\" width=\"500\" height=\"375\" srcset=\"https:\/\/www.le-sidh.org\/wicca\/wp-content\/uploads\/2014\/07\/pleine-lune-072014.jpg 3072w, https:\/\/www.le-sidh.org\/wicca\/wp-content\/uploads\/2014\/07\/pleine-lune-072014-300x225.jpg 300w, https:\/\/www.le-sidh.org\/wicca\/wp-content\/uploads\/2014\/07\/pleine-lune-072014-1024x768.jpg 1024w, https:\/\/www.le-sidh.org\/wicca\/wp-content\/uploads\/2014\/07\/pleine-lune-072014-800x600.jpg 800w\" sizes=\"auto, (max-width: 500px) 100vw, 500px\" \/><\/a><figcaption id=\"caption-attachment-280\" class=\"wp-caption-text\">Pleine lune juillet 2014, photo Lune<\/figcaption><\/figure>\n<p style=\"text-align: justify;\">\n<p>Ce rituel est con\u00e7u pour \u00eatre accompli apr\u00e8s le lever de la Lune, durant la nuit de la Pleine Lune, et de pr\u00e9f\u00e9rence en ext\u00e9rieur sous le clair de Lune.<\/p>\n<p>Il est con\u00e7u comme un rituel de groupe, mais peut \u00eatre adapt\u00e9 \u00e0 un usage individuel.<\/p>\n<p>Allumez un petit feu au centre du cercle. Le rituel commence par un rythme sacr\u00e9 pour rassembler les participants sur le site. Lorsque tout le monde s&rsquo;est assembl\u00e9, le leader fait culminer l&rsquo;\u00e9nergie.<\/p>\n<p>Leader : \u00ab Nous nous r\u00e9unissons ce soir pour c\u00e9l\u00e9brer la Pleine Lune et pratiquer une magie de gu\u00e9rison spirituelle.<\/p>\n<p>Purifiez-vous \u00e0 pr\u00e9sent de toutes influences ind\u00e9sirables.<\/p>\n<p>Prenez de longues et profondes inspirations.<\/p>\n<p>Utilisez votre souffle pour vous purifier et vous centrer.<\/p>\n<p>Que les vibrations de ce bol chantant (ou de cette cloche) vous aident \u00e0 vous purifier. \u00bb<\/p>\n<p>Le leader fait chanter le bol, ou sonner la cloche, tout en marchant en rond, dans le p\u00e9rim\u00e8tre int\u00e9rieur du cercle, dans le sens des aiguilles d&rsquo;une montre.<\/p>\n<p>Leader : \u00ab A pr\u00e9sent, harmonisons-nous au Divin comme chacun d&rsquo;entre nous sait le faire, \u00e0 sa mani\u00e8re, et unissons nos voix dans le chant du AUM. \u00bb<\/p>\n<p>Tous : \u00ab AUM. \u00bb<\/p>\n<p>Leader : \u00ab Pla\u00e7ons-nous face aux directions sacr\u00e9es et appelons les pouvoirs associ\u00e9s au bien-\u00eatre. \u00bb<\/p>\n<p>Tous font face \u00e0 chacune des directions, tour \u00e0 tour. En commen\u00e7ant par le Nord.<\/p>\n<p>Leader : \u00ab Au Nord, nous honorons la Terre Sacr\u00e9e et les Pouvoirs du Bien-\u00catre Physique. \u00bb<\/p>\n<p>Tous : \u00ab Pouvoirs du Bien-\u00eatre Physique, soyez sur nous ! \u00bb Chant\u00e9 trois fois.<\/p>\n<p>Leader : \u00ab\u00a0 A l&rsquo;Est, nous honorons l&rsquo;Air Sacr\u00e9 et les Pouvoirs du Bien-\u00catre Mental.<\/p>\n<p>Tous \u00ab Pouvoirs du Bien-\u00catre mental, soyez sur nous ! \u00bb Chant\u00e9 trois fois.<\/p>\n<p>Leader : \u00ab Au Sud, nous honorons le Feu Sacr\u00e9 et les Pouvoirs du Bien-\u00catre de l\u2019\u00c9nergie. \u00bb<\/p>\n<p>Tous : \u00ab Pouvoirs du Bien-\u00eatre de l\u2019\u00c9nergie, soyez sur nous ! \u00bb Chant\u00e9 trois fois.<\/p>\n<p>Leader : \u00ab A l&rsquo;Ouest, nous honorons l&rsquo;Eau Sacr\u00e9e et les Pouvoirs du Bien-\u00catre \u00c9motionnel. \u00bb<\/p>\n<p>Tous : \u00ab Pouvoirs du Bien-\u00eatre \u00c9motionnel, soyez sur nous ! \u00bb Chant\u00e9 trois fois.<\/p>\n<p>Leader : \u00ab Au Centre, nous honorons l&rsquo;Esprit Sacr\u00e9 et les Pouvoirs du Bien-\u00catre Spirituel. \u00bb<\/p>\n<p>Tous : \u00ab Pouvoirs du Bien-\u00catre Spirituel, soyez sur nous ! \u00bb Chant\u00e9 trois fois.<\/p>\n<p>Leader : \u00ab Honorons les Pouvoirs de la Pleine Lune et harmonisons-nous \u00e0 eux. \u00bb<\/p>\n<p>Tous font face \u00e0 la Pleine Lune.<\/p>\n<p>Tous : \u00ab Nous nous harmonisons \u00e0 la Pl\u00e9nitude de la Lune, Ah, ah, ah, ah. \u00bb Chant r\u00e9p\u00e9t\u00e9 plusieurs fois.<\/p>\n<p>Leader : \u00ab Invoquons la Lune Sacr\u00e9e en utilisant les noms sacr\u00e9s de nos diff\u00e9rentes voies. Honorons et demandons aux D\u00e9esses de la Pleine Lune, aux Dieux, aux Esprits Animaux, aux Plantes Sacr\u00e9s, et autres Forces Divines de se joindre \u00e0 nous tandis que nous unissons nos voix dans un doux chant : \u00bb<\/p>\n<p>Tous : \u00ab Lune Sacr\u00e9e, sois sur Nous ! \u00bb<\/p>\n<p>Chant repris plusieurs fois comme appels individuels des noms sacr\u00e9s de la Pleine Lune. Le chant devient de plus en plus fort et culmine par un AUM de groupe.<\/p>\n<p>Leader : \u00ab Nous levons nos bras et faisons descendre le pouvoir de la Pleine Lune en-nous m\u00eames. \u00bb<\/p>\n<p>Tout le monde s&rsquo;ex\u00e9cute.<\/p>\n<p>\u00ab Devenons un avec la Lune Sacr\u00e9e. \u00bb<\/p>\n<p>(Pause.)<\/p>\n<p>\u00ab Soyons b\u00e9nis par le Pouvoir de Gu\u00e9rison de la Pleine Lune. \u00bb<\/p>\n<p>(Pause.)<\/p>\n<p>\u00ab A pr\u00e9sent, au cours de quelques moments de calme, demandez une b\u00e9n\u00e9diction de la Pleine Lune. Dites une pri\u00e8re en silence. \u00bb<\/p>\n<p>Tous : \u00ab Qu&rsquo;il en soit ainsi ! \u00bb<\/p>\n<p>Leader : \u00ab Nous travaillons \u00e0 pr\u00e9sent avec le pouvoir gu\u00e9risseur sacr\u00e9 de la Pleine Lune au nom des autres. \u00bb<\/p>\n<p>Cette partie du rituel peut se focaliser sur une ou plusieurs personnes sp\u00e9cifiques, en chantant leurs noms, suivi par : \u00ab Porte-toi \/Portez-vous bien ! \u00bb Ou en chantant doucement \u00ab Porte-toi \/ Portez-vous bien ! \u00bb pendant que les participants disent le nom des personnes qui leurs sont ch\u00e8res et qui ont besoin d&rsquo;une gu\u00e9rison.<\/p>\n<p>Tous : \u00ab Portez-vous bien ! \u00bb Chant r\u00e9p\u00e9t\u00e9 plusieurs fois pour soulever l&rsquo;\u00e9nergie.<\/p>\n<p>Le leader fait s&rsquo;\u00e9lever le chant de pouvoir.<\/p>\n<p>Tous : \u00ab Qu&rsquo;il en soit ainsi ! \u00bb<\/p>\n<p>Leader : \u00ab Nous honorons \u00e0 pr\u00e9sent notre lien \u00e0 la Plan\u00e8te Terre. Nous envoyons des pri\u00e8res de gu\u00e9rison au Cercle de Vie. \u00bb<\/p>\n<p>Tous : \u00ab Gu\u00e9rison pour la Terre. \u00bb Le chant est r\u00e9p\u00e9t\u00e9 pendant que chacun envoie \u00e0 haute voix ses pri\u00e8res.<\/p>\n<p>Leader : \u00ab\u00a0 Maintenant, rendons gr\u00e2ce \u00e0 la Pleine Lune. \u00bb<\/p>\n<p>(Pause.)<\/p>\n<p>\u00ab Joignez-vous \u00e0 ce chant d&rsquo;appel et de r\u00e9ponse. \u00bb<\/p>\n<p>Le leader chante chaque phrase et tous la r\u00e9p\u00e8tent. Le chant est accompli ainsi, plusieurs fois :<\/p>\n<p>\u00ab Clair de Lune sur la Terre.<br \/>\nClair de Lune dans les Airs.<br \/>\nClair de Lune \u00e0 travers les Arbres.<br \/>\nClair de Lune Partout.<br \/>\nClair de Lune dans le Feu.<br \/>\nClair de Lune sur la Mer.<br \/>\nClair de Lune en Vous.<br \/>\nClair de Lune en Moi. \u00bb<\/p>\n<p>Leader : \u00ab\u00a0 Nous rendons gr\u00e2ce au Nord et \u00e0 la Terre, \u00e0 l&rsquo;Est et \u00e0 l&rsquo;Air. Au Sud et au Feu, \u00e0 l&rsquo;Ouest et \u00e0 l&rsquo;Eau. Au Centre et \u00e0 l&rsquo;Esprit.<\/p>\n<p>Nous rendons gr\u00e2ce \u00e0 ce Cercle Sacr\u00e9, du Divin aux nombreuses formes au Grande Tout.<\/p>\n<p>Nous rendons gr\u00e2ce \u00e0 chacun d&rsquo;entre nous et \u00e0 notre communaut\u00e9 ! \u00bb<\/p>\n<p>Tous : \u00ab Nous rendons gr\u00e2ce ! \u00bb Chant r\u00e9p\u00e9t\u00e9 plusieurs fois.<\/p>\n<p>Tous : \u00ab Le Cercle est Ouvert mais jamais Bris\u00e9. Joyeuse Rencontre, Joyeux D\u00e9part et Joyeuses Retrouvailles ! \u00bb<\/p>\n<p>Pour ceux qui d\u00e9cident de rester, c&rsquo;est le moment de jouer des tambours de f\u00eate et de danser.<\/p>\n<p>Selena Fox est la fondatrice de la tradition Circle Craft. Elle encadre l&rsquo;\u00e9tude mensuelle de groupe Circle Craftway au Circle Sanctuary et propose des ateliers un peu partout. Elle a guid\u00e9 une forme de ce rituel au Starwood Festival \u00e0 Sherman, New York, en 2005.<\/p>\n<p>Source : https:\/\/www.circlesanctuary.org\/index.php\/circle-magazine\/sample-articles\/circle-craft-full-moon-healing-ritual<\/p>\n","protected":false},"excerpt":{"rendered":"<p>Par Selena Fox, traduction &amp; adaptation Lune Ce rituel est con\u00e7u pour \u00eatre accompli apr\u00e8s le lever de la Lune, durant la nuit de la Pleine Lune, et de pr\u00e9f\u00e9rence en ext\u00e9rieur sous le clair de Lune. Il est con\u00e7u comme un rituel de groupe, mais peut \u00eatre adapt\u00e9 \u00e0 un usage individuel. Allumez un&#8230;<\/p>\n","protected":false},"author":2,"featured_media":0,"parent":34,"menu_order":0,"comment_status":"closed","ping_status":"closed","template":"silo.php","meta":{"footnotes":""},"class_list":["post-279","page","type-page","status-publish","hentry"],"_links":{"self":[{"href":"https:\/\/www.le-sidh.org\/wicca\/wp-json\/wp\/v2\/pages\/279","targetHints":{"allow":["GET"]}}],"collection":[{"href":"https:\/\/www.le-sidh.org\/wicca\/wp-json\/wp\/v2\/pages"}],"about":[{"href":"https:\/\/www.le-sidh.org\/wicca\/wp-json\/wp\/v2\/types\/page"}],"author":[{"embeddable":true,"href":"https:\/\/www.le-sidh.org\/wicca\/wp-json\/wp\/v2\/users\/2"}],"replies":[{"embeddable":true,"href":"https:\/\/www.le-sidh.org\/wicca\/wp-json\/wp\/v2\/comments?post=279"}],"version-history":[{"count":1,"href":"https:\/\/www.le-sidh.org\/wicca\/wp-json\/wp\/v2\/pages\/279\/revisions"}],"predecessor-version":[{"id":281,"href":"https:\/\/www.le-sidh.org\/wicca\/wp-json\/wp\/v2\/pages\/279\/revisions\/281"}],"up":[{"embeddable":true,"href":"https:\/\/www.le-sidh.org\/wicca\/wp-json\/wp\/v2\/pages\/34"}],"wp:attachment":[{"href":"https:\/\/www.le-sidh.org\/wicca\/wp-json\/wp\/v2\/media?parent=279"}],"curies":[{"name":"wp","href":"https:\/\/api.w.org\/{rel}","templated":true}]}}