{"id":276,"date":"2014-07-28T16:26:39","date_gmt":"2014-07-28T14:26:39","guid":{"rendered":"http:\/\/www.le-sidh.org\/wicca\/?page_id=276"},"modified":"2014-07-28T16:26:39","modified_gmt":"2014-07-28T14:26:39","slug":"recoltes-des-graines-de-la-pleine-lune-des-moissons","status":"publish","type":"page","link":"https:\/\/www.le-sidh.org\/wicca\/esbat\/recoltes-des-graines-de-la-pleine-lune-des-moissons\/","title":{"rendered":"R\u00e9coltes des graines de la Pleine Lune des Moissons"},"content":{"rendered":"<p>Par Pauline Campanelli \u00a9, traduction Lune<\/p>\n<figure id=\"attachment_277\" aria-describedby=\"caption-attachment-277\" style=\"width: 500px\" class=\"wp-caption aligncenter\"><a href=\"https:\/\/www.le-sidh.org\/wicca\/wp-content\/uploads\/2014\/07\/graines.jpg\"><img loading=\"lazy\" decoding=\"async\" class=\"size-full wp-image-277\" src=\"https:\/\/www.le-sidh.org\/wicca\/wp-content\/uploads\/2014\/07\/graines.jpg\" alt=\"Photo : graines de Cierge-de-Notre-Dame par Lune\" width=\"500\" height=\"375\" srcset=\"https:\/\/www.le-sidh.org\/wicca\/wp-content\/uploads\/2014\/07\/graines.jpg 500w, https:\/\/www.le-sidh.org\/wicca\/wp-content\/uploads\/2014\/07\/graines-300x225.jpg 300w\" sizes=\"auto, (max-width: 500px) 100vw, 500px\" \/><\/a><figcaption id=\"caption-attachment-277\" class=\"wp-caption-text\">Photo : graines de Cierge-de-Notre-Dame par Lune<\/figcaption><\/figure>\n<p style=\"text-align: justify;\"><a href=\"Extrait%20du livre &quot;Wheel of the Year, living the magical life&quot;.\" target=\"_blank\">Extrait du livre \u00ab\u00a0Wheel of the Year, living the magical life\u00a0\u00bb.<\/a><\/p>\n<p style=\"text-align: justify;\">Alors que Lammas \u00e9tait la c\u00e9l\u00e9bration des premi\u00e8res moissons, l\u2019\u00c9quinoxe d&rsquo;Automne marque le temps du Soleil d\u00e9clinant, lorsque la nourriture a \u00e9t\u00e9 r\u00e9colt\u00e9e et stock\u00e9e pour la venue de l&rsquo;Hiver, et les semences et le grain ont \u00e9t\u00e9 ramass\u00e9s pour de futures g\u00e9n\u00e9rations de cultures.<\/p>\n<p>Le ramassage des graines est un acte magique et devrait commencer par quelques respirations profondes et une visualisation claire de l&rsquo;id\u00e9e que la vie contenue dans les graines fleurira et portera ses fruits durant l&rsquo;ann\u00e9e \u00e0 venir. Puis, en approchant chaque plante, le jour de la Pleine Lune [des Moissons], projetez un Cercle \u00e0 l&rsquo;aide de votre atham\u00e9 autour de la plante afin que le transfert de pouvoir passe de la plante mourante \u00e0 la graine qu&rsquo;elle contient. Tandis que vous ramassez les \u00e9pis de ma\u00efs, les cosses des pois et haricots, les courges et les calebasses, et les t\u00eates s\u00e9ch\u00e9es des soucis et des zinnias, chuchotez des paroles semblables \u00e0 celles-ci :<\/p>\n<p>From the life<br \/>\nLife to come.<\/p>\n<p>De la vie<br \/>\nVie \u00e0 venir.<\/p>\n<p>Plus tard, retirez les semences des pois, \u00e9pis et t\u00eates grain\u00e9es. Les graines des fruits frais comme les courges devront \u00eatre rinc\u00e9es et s\u00e9ch\u00e9es. Placez les diff\u00e9rents types de graines dans des petits sacs en papier \u00e9tiquet\u00e9s et dat\u00e9s, et gardez-les dans un endroit froid et sec o\u00f9 elles resteront pendant six mois, l&rsquo;enti\u00e8re moiti\u00e9 sombre de l&rsquo;ann\u00e9e, jusqu&rsquo;\u00e0 ce qu&rsquo;elles soient b\u00e9nies \u00e0 l\u2019\u00c9quinoxe de Printemps.<\/p>\n","protected":false},"excerpt":{"rendered":"<p>Par Pauline Campanelli \u00a9, traduction Lune Extrait du livre \u00ab\u00a0Wheel of the Year, living the magical life\u00a0\u00bb. Alors que Lammas \u00e9tait la c\u00e9l\u00e9bration des premi\u00e8res moissons, l\u2019\u00c9quinoxe d&rsquo;Automne marque le temps du Soleil d\u00e9clinant, lorsque la nourriture a \u00e9t\u00e9 r\u00e9colt\u00e9e et stock\u00e9e pour la venue de l&rsquo;Hiver, et les semences et le grain ont \u00e9t\u00e9&#8230;<\/p>\n","protected":false},"author":2,"featured_media":0,"parent":34,"menu_order":0,"comment_status":"closed","ping_status":"closed","template":"silo.php","meta":{"footnotes":""},"class_list":["post-276","page","type-page","status-publish","hentry"],"_links":{"self":[{"href":"https:\/\/www.le-sidh.org\/wicca\/wp-json\/wp\/v2\/pages\/276","targetHints":{"allow":["GET"]}}],"collection":[{"href":"https:\/\/www.le-sidh.org\/wicca\/wp-json\/wp\/v2\/pages"}],"about":[{"href":"https:\/\/www.le-sidh.org\/wicca\/wp-json\/wp\/v2\/types\/page"}],"author":[{"embeddable":true,"href":"https:\/\/www.le-sidh.org\/wicca\/wp-json\/wp\/v2\/users\/2"}],"replies":[{"embeddable":true,"href":"https:\/\/www.le-sidh.org\/wicca\/wp-json\/wp\/v2\/comments?post=276"}],"version-history":[{"count":1,"href":"https:\/\/www.le-sidh.org\/wicca\/wp-json\/wp\/v2\/pages\/276\/revisions"}],"predecessor-version":[{"id":278,"href":"https:\/\/www.le-sidh.org\/wicca\/wp-json\/wp\/v2\/pages\/276\/revisions\/278"}],"up":[{"embeddable":true,"href":"https:\/\/www.le-sidh.org\/wicca\/wp-json\/wp\/v2\/pages\/34"}],"wp:attachment":[{"href":"https:\/\/www.le-sidh.org\/wicca\/wp-json\/wp\/v2\/media?parent=276"}],"curies":[{"name":"wp","href":"https:\/\/api.w.org\/{rel}","templated":true}]}}