{"id":268,"date":"2014-07-28T16:19:31","date_gmt":"2014-07-28T14:19:31","guid":{"rendered":"http:\/\/www.le-sidh.org\/wicca\/?page_id=268"},"modified":"2019-03-23T10:45:27","modified_gmt":"2019-03-23T08:45:27","slug":"esbat_hecate_hekate","status":"publish","type":"page","link":"https:\/\/www.le-sidh.org\/wicca\/esbat\/esbat_hecate_hekate\/","title":{"rendered":"Magie de la Lune D\u00e9croissante"},"content":{"rendered":"<p style=\"text-align: justify;\"><strong>Le pouvoir d&rsquo;H\u00e9cate : bannir. Pratique avanc\u00e9e<\/strong>. Extrait de <a href=\"http:\/\/www.amazon.fr\/Witch-Crafting-Spiritual-Guide-Making-ebook\/dp\/B000FC1L1K\/ref=sr_1_1?ie=UTF8&amp;qid=1406557020&amp;sr=8-1&amp;keywords=Phyllis+Curott\" target=\"_blank\" rel=\"noopener noreferrer\">\u00ab\u00a0Witchcrafting\u00a0\u00bb<\/a>. Par Phyllis Curott, traduction &amp; adaptation Lune.<\/p>\n<p style=\"text-align: justify;\"><a href=\"http:\/\/libellune.com\/v2\/\" target=\"_blank\" rel=\"noopener noreferrer\"><img loading=\"lazy\" decoding=\"async\" class=\"alignleft wp-image-269 size-medium\" src=\"https:\/\/www.le-sidh.org\/wicca\/wp-content\/uploads\/2014\/07\/hecate_par_libellune-214x300.jpg\" alt=\"hecate_par_libellune\" width=\"214\" height=\"300\" srcset=\"https:\/\/www.le-sidh.org\/wicca\/wp-content\/uploads\/2014\/07\/hecate_par_libellune-214x300.jpg 214w, https:\/\/www.le-sidh.org\/wicca\/wp-content\/uploads\/2014\/07\/hecate_par_libellune.jpg 465w\" sizes=\"auto, (max-width: 214px) 100vw, 214px\" \/><\/a>H\u00e9cate est souvent d\u00e9peinte comme la vieille sage, mais les Grecs de l&rsquo;Antiquit\u00e9 la connaissaient sous sa forme de D\u00e9esse vierge. Cette capacit\u00e9 d\u2019avoir plus d\u2019un aspect \u00e0 la fois est une part de son pouvoir et un don de la Vieille, qui est aussi la Vierge et la M\u00e8re. H\u00e9cate est une D\u00e9esse antique et chamanique bien ant\u00e9rieure aux dieux de l\u2019Olympe. Elle a partag\u00e9 avec Zeus le rare pouvoir d\u2019acc\u00e9der aux v\u0153ux des humains, mais son association \u00e0 la magie est unique. Et elle \u00e9tait la seule divinit\u00e9 qui poss\u00e9dait le pouvoir de p\u00e9n\u00e9trer les trois royaumes de l\u2019\u00eatre : le monde des esprits et des morts (le \u00ab monde souterrain \u00bb ou monde d\u2019en bas, inf\u00e9rieur), le monde des mortels (la Terre ou le Monde du Milieu) et celui des Dieux (l\u2019Olympe ou le Monde du Dessus). Souvent repr\u00e9sent\u00e9e sous la triple forme de ses animaux- totem : la chienne, la truie et la jument \u2013 H\u00e9cate est la D\u00e9esse des transformations, pour cela elle est invoqu\u00e9e aux carrefours de la vie lorsqu\u2019un choix doit \u00eatre fait. Elle n\u2019est pas seulement une D\u00e9esse de la Magie, de protection et de justice, elle est aussi une D\u00e9esse de lib\u00e9ration. Appelez-la pour vous guider dans vos d\u00e9buts en tant que sorci\u00e8re et pour guider vos m\u00e9ditations sur la sagesse qui vient avec l&rsquo;\u00e2ge.<\/p>\n<p style=\"text-align: justify;\">Lorsque la lune est noire, projetez votre cercle. Utilisez votre m\u00e9thode de divination pr\u00e9f\u00e9r\u00e9e pour vous aider \u00e0 voir nettement ce qui ne vous correspond plus et appelez H\u00e9cate pour vous aider \u00e0 voir clairement et \u00e0 choisir avec sagesse. Vous aurez besoin d\u2019un bout de ficelle\/fil noire et d\u2019un chaudron dans lequel le br\u00fbler. Utilisez des chandelles pourpres.<\/p>\n<p style=\"text-align: justify;\">Pr\u00e9parez un encens de Lune noire\/Bannissement : pr\u00e9parez l\u2019encens d\u00e9crit \u00e0 la page 133 (1) et ajout\u00e9 deux cuill\u00e8res de racines de galangal, une cuill\u00e8re de bois de santal, une pinc\u00e9e de racines d\u2019hell\u00e9bore et une pinc\u00e9e de poussi\u00e8re prise \u00e0 un carrefour o\u00f9 trois routes convergent. Br\u00fblez l\u2019encens.<\/p>\n<p style=\"text-align: justify;\">Tenez votre ficelle noire et r\u00e9citez l\u2019invocation \u00e0 H\u00e9cate :<\/p>\n<blockquote>\n<p style=\"text-align: justify;\">H\u00e9cate, D\u00e9esse de la magie, aux carrefours, je t\u2019invoque ;<br \/>\nToi qui marches \u00e0 travers tous les royaumes ; cieux, terre, et monde des esprits.<br \/>\nPar tes noms secrets, je t\u2019appelle :<br \/>\nChtonia de la Terre, Phosphoros \u2013 celle qui apporte la lumi\u00e8re<br \/>\nPropolos \u2013 celle qui nous conduit<br \/>\nGuide de Pers\u00e9phone \u2013 Protectrice des femmes<br \/>\nPatronne de la Rome antique,<br \/>\nJe prie pour ta pr\u00e9sence,<br \/>\nAu carrefour de ma vie.<\/p>\n<\/blockquote>\n<p style=\"text-align: justify;\">\u00c0 pr\u00e9sent, prenez la ficelle noire et faites un n\u0153ud pour chaque chose que vous souhaitez bannir. \u00c0 chaque n\u0153ud, demandez \u00e0 H\u00e9cate de vous aider \u00e0 bannir votre manque de confiance en vous, ou votre peur, ou ce qui ne vous correspond plus, etc. Alors, dites :<\/p>\n<blockquote>\n<p style=\"text-align: justify;\">Aide-moi \u00e0 abandonner ce qui me retient.<br \/>\nAide-moi \u00e0 transformer la d\u00e9cadence en renaissance.<br \/>\nBannis &#8230; (ce que vous souhaitez bannir).<br \/>\nH\u00e9cate, force de la magie, je t\u2019invoque.<\/p>\n<\/blockquote>\n<p style=\"text-align: justify;\">Maintenant, placez la ficelle dans votre chaudron et utilisez la chandelle pour l\u2019enflammer. Tandis qu\u2019elle br\u00fble, chantez :<\/p>\n<blockquote>\n<p style=\"text-align: justify;\">Br\u00fble-le, H\u00e9cate, br\u00fble-le, H\u00e9cate !<\/p>\n<\/blockquote>\n<p style=\"text-align: justify;\">Et lorsque la ficelle sera br\u00fbl\u00e9e, dites fortement et avec conviction<\/p>\n<blockquote>\n<p style=\"text-align: justify;\">Va-t&rsquo;en, par le pouvoir d\u2019H\u00e9cate, ainsi soit-il !<\/p>\n<\/blockquote>\n<p style=\"text-align: justify;\">Remerciez la D\u00e9esse. Si vous souhaitez parler avec elle, demandez-lui conseil \u00e0 propos du chemin futur \u00e0 prendre en tant que sorci\u00e8re, et cela en utilisant \u00e0 nouveau la divination. Assurez-vous de bien noter son conseil et suivez-le. Fermez votre cercle.<\/p>\n<p style=\"text-align: center;\">________________________________________<\/p>\n<p style=\"text-align: justify; padding-left: 40px;\">(1) Une cuill\u00e8re de chaque plante : verveine, armoise, rue, jacinthe, clous de girofle, monnaie du pape, feuilles de laurier. Pilez ces herbes ensemble. Ajoutez quelques gouttes d\u2019huile essentielle de marjolaine et de jasmin, jusqu\u2019\u00e0 ce que le parfum vous convienne.<\/p>\n","protected":false},"excerpt":{"rendered":"<p>Le pouvoir d&rsquo;H\u00e9cate : bannir. Pratique avanc\u00e9e. Extrait de \u00ab\u00a0Witchcrafting\u00a0\u00bb. Par Phyllis Curott, traduction &amp; adaptation Lune. H\u00e9cate est souvent d\u00e9peinte comme la vieille sage, mais les Grecs de l&rsquo;Antiquit\u00e9 la connaissaient sous sa forme de D\u00e9esse vierge. Cette capacit\u00e9 d\u2019avoir plus d\u2019un aspect \u00e0 la fois est une part de son pouvoir et un&#8230;<\/p>\n","protected":false},"author":2,"featured_media":0,"parent":34,"menu_order":0,"comment_status":"closed","ping_status":"closed","template":"silo.php","meta":{"footnotes":""},"class_list":["post-268","page","type-page","status-publish","hentry"],"_links":{"self":[{"href":"https:\/\/www.le-sidh.org\/wicca\/wp-json\/wp\/v2\/pages\/268","targetHints":{"allow":["GET"]}}],"collection":[{"href":"https:\/\/www.le-sidh.org\/wicca\/wp-json\/wp\/v2\/pages"}],"about":[{"href":"https:\/\/www.le-sidh.org\/wicca\/wp-json\/wp\/v2\/types\/page"}],"author":[{"embeddable":true,"href":"https:\/\/www.le-sidh.org\/wicca\/wp-json\/wp\/v2\/users\/2"}],"replies":[{"embeddable":true,"href":"https:\/\/www.le-sidh.org\/wicca\/wp-json\/wp\/v2\/comments?post=268"}],"version-history":[{"count":4,"href":"https:\/\/www.le-sidh.org\/wicca\/wp-json\/wp\/v2\/pages\/268\/revisions"}],"predecessor-version":[{"id":5480,"href":"https:\/\/www.le-sidh.org\/wicca\/wp-json\/wp\/v2\/pages\/268\/revisions\/5480"}],"up":[{"embeddable":true,"href":"https:\/\/www.le-sidh.org\/wicca\/wp-json\/wp\/v2\/pages\/34"}],"wp:attachment":[{"href":"https:\/\/www.le-sidh.org\/wicca\/wp-json\/wp\/v2\/media?parent=268"}],"curies":[{"name":"wp","href":"https:\/\/api.w.org\/{rel}","templated":true}]}}