{"id":2674,"date":"2015-09-23T19:35:00","date_gmt":"2015-09-23T17:35:00","guid":{"rendered":"http:\/\/www.le-sidh.org\/wicca\/?page_id=2674"},"modified":"2015-09-23T19:35:00","modified_gmt":"2015-09-23T17:35:00","slug":"la-charge-en-vers","status":"publish","type":"page","link":"https:\/\/www.le-sidh.org\/wicca\/livres-des-ombres-gardnerien\/le-livre-des-ombres-de-1961\/la-charge-en-vers\/","title":{"rendered":"La Charge en vers"},"content":{"rendered":"<p class=\"sdfootnote-western\" style=\"text-align: justify;\"><em>Note de Lune et Artus : Voici la version originale de la Charge en vers. Dans la traduction qui suit le texte en anglais, nous n&rsquo;avons pas cherch\u00e9 \u00e0 reproduire les rimes. Nous avons souhait\u00e9 rester au plus proche du sens du texte, comme pour le reste du Livre des Ombres. \u00c0 vous, lecteur, si vous le souhaitez, de les adapter \u00e0 votre guise pour faire rimer la Charge.<\/em><\/p>\n<p class=\"western\" style=\"text-align: center;\" align=\"JUSTIFY\"><span style=\"color: #000000;\">I the Mother, darksome and divine, <\/span><\/p>\n<p class=\"western\" style=\"text-align: center;\" align=\"JUSTIFY\"><span style=\"color: #000000;\">Say to thee, <\/span><\/p>\n<p class=\"western\" style=\"text-align: center;\" align=\"JUSTIFY\"><span style=\"color: #000000;\">Oh children mine (All ye assembled at mine Shrine),<\/span><\/p>\n<p class=\"western\" style=\"text-align: center;\" align=\"JUSTIFY\"><span style=\"color: #000000;\">Mine the scourge and mine the kiss <\/span><\/p>\n<p class=\"western\" style=\"text-align: center;\" align=\"JUSTIFY\"><span style=\"color: #000000;\">The five-point star of love and bliss <\/span><\/p>\n<p class=\"western\" style=\"text-align: center;\" align=\"JUSTIFY\"><span style=\"color: #000000;\">Here I charge ye in this sign. (Assume Goddess position.)<\/span><\/p>\n<p class=\"western\" style=\"text-align: center;\" align=\"JUSTIFY\"><span style=\"color: #000000;\">All ye assembled here tonight <\/span><\/p>\n<p class=\"western\" style=\"text-align: center;\" align=\"JUSTIFY\"><span style=\"color: #000000;\">Bow before my spirit bright <\/span><\/p>\n<p class=\"western\" style=\"text-align: center;\" align=\"JUSTIFY\"><span style=\"color: #000000;\">Aphrodite, Arianrhod, Lover of the Horned God,<\/span><\/p>\n<p class=\"western\" style=\"text-align: center;\" align=\"JUSTIFY\"><span style=\"color: #000000;\"> Mighty Queen of Witchery and night<\/span><\/p>\n<p class=\"western\" style=\"text-align: center;\" align=\"JUSTIFY\"><span style=\"color: #000000;\">Astarte, Hecate, Ashtaroth, Dione, (Morrigan, Etain, Nisene), Diana, Brigid, Melusine, <\/span><\/p>\n<p class=\"western\" style=\"text-align: center;\" align=\"JUSTIFY\"><span style=\"color: #000000;\">Am I named of old by men, <\/span><\/p>\n<p class=\"western\" style=\"text-align: center;\" align=\"JUSTIFY\"><span style=\"color: #000000;\">Artemis and Cerridwen, <\/span><\/p>\n<p class=\"western\" style=\"text-align: center;\" align=\"JUSTIFY\"><span style=\"color: #000000;\">Hell&rsquo;s dark mistress, <\/span><\/p>\n<p class=\"western\" style=\"text-align: center;\" align=\"JUSTIFY\"><span style=\"color: #000000;\">Heaven&rsquo;s Queen.<\/span><\/p>\n<p class=\"western\" style=\"text-align: center;\" align=\"JUSTIFY\"><span style=\"color: #000000;\">(Whene&rsquo;er trouble comes anoon) <\/span><\/p>\n<p class=\"western\" style=\"text-align: center;\" align=\"JUSTIFY\"><span style=\"color: #000000;\">All who would learn of me a Rune <\/span><\/p>\n<p class=\"western\" style=\"text-align: center;\" align=\"JUSTIFY\"><span style=\"color: #000000;\">Or would ask of me a boon, <\/span><\/p>\n<p class=\"western\" style=\"text-align: center;\" align=\"JUSTIFY\"><span style=\"color: #000000;\">Meet ye in some secret glade <\/span><\/p>\n<p class=\"western\" style=\"text-align: center;\" align=\"JUSTIFY\"><span style=\"color: #000000;\">Dance my round in greenwood shade, by the light of the full moon.<\/span><\/p>\n<p class=\"western\" style=\"text-align: center;\" align=\"JUSTIFY\"><span style=\"color: #000000;\">(In a place wild and lone) <\/span><\/p>\n<p class=\"western\" style=\"text-align: center;\" align=\"JUSTIFY\"><span style=\"color: #000000;\">With the comrades alone <\/span><\/p>\n<p class=\"western\" style=\"text-align: center;\" align=\"JUSTIFY\"><span style=\"color: #000000;\">Dance about my altar stone. <\/span><\/p>\n<p class=\"western\" style=\"text-align: center;\" align=\"JUSTIFY\"><span style=\"color: #000000;\">Work my holy Magistry,<\/span><\/p>\n<p class=\"western\" style=\"text-align: center;\" align=\"JUSTIFY\"><span style=\"color: #000000;\">Ye who are fain of sorcery, <\/span><\/p>\n<p class=\"western\" style=\"text-align: center;\" align=\"JUSTIFY\"><span style=\"color: #000000;\">I bring ye secrets yet unknown.<\/span><\/p>\n<p class=\"western\" style=\"text-align: center;\" align=\"JUSTIFY\"><span style=\"color: #000000;\">(Whate&rsquo;er troubles come to thee), <\/span><\/p>\n<p class=\"western\" style=\"text-align: center;\" align=\"JUSTIFY\"><span style=\"color: #000000;\">No more shall ye know slavery <\/span><\/p>\n<p class=\"western\" style=\"text-align: center;\" align=\"JUSTIFY\"><span style=\"color: #000000;\">Who give due worship unto me, <\/span><\/p>\n<p class=\"western\" style=\"text-align: center;\" align=\"JUSTIFY\"><span style=\"color: #000000;\">Who tread my round on Sabbat-night. <\/span><\/p>\n<p class=\"western\" style=\"text-align: center;\" align=\"JUSTIFY\"><span style=\"color: #000000;\">Come ye all naked to the rite, <\/span><\/p>\n<p class=\"western\" style=\"text-align: center;\" align=\"JUSTIFY\"><span style=\"color: #000000;\">In token ye be truly free.<\/span><\/p>\n<p class=\"western\" style=\"text-align: center;\" align=\"JUSTIFY\"><span style=\"color: #000000;\">I teach the mystery of rebirth, <\/span><\/p>\n<p class=\"western\" style=\"text-align: center;\" align=\"JUSTIFY\"><span style=\"color: #000000;\">Keep ye my mysteries in mirth <\/span><\/p>\n<p class=\"western\" style=\"text-align: center;\" align=\"JUSTIFY\"><span style=\"color: #000000;\">Heart joined to heart, and lip to lip, <\/span><\/p>\n<p class=\"western\" style=\"text-align: center;\" align=\"JUSTIFY\"><span style=\"color: #000000;\">Five are the points of fellowship <\/span><\/p>\n<p class=\"western\" style=\"text-align: center;\" align=\"JUSTIFY\"><span style=\"color: #000000;\">That bring ye ecstasy on Earth.<\/span><\/p>\n<p class=\"western\" style=\"text-align: center;\" align=\"JUSTIFY\"><span style=\"color: #000000;\">I ask no offerings, do but bow, <\/span><\/p>\n<p class=\"western\" style=\"text-align: center;\" align=\"JUSTIFY\"><span style=\"color: #000000;\">No other law but love I know, <\/span><\/p>\n<p class=\"western\" style=\"text-align: center;\" align=\"JUSTIFY\"><span style=\"color: #000000;\">By naught but love I may be known, <\/span><\/p>\n<p class=\"western\" style=\"text-align: center;\" align=\"JUSTIFY\"><span style=\"color: #000000;\">All that liveth is mine own <\/span><\/p>\n<p class=\"western\" style=\"text-align: center;\" align=\"JUSTIFY\"><span style=\"color: #000000;\">From me they come, to me they go.<\/span><\/p>\n<p class=\"western\" style=\"text-align: center;\" align=\"CENTER\"><span style=\"color: #000000;\">\u2605<\/span><\/p>\n<p class=\"western\" style=\"text-align: center;\"><span style=\"color: #000000;\">Moi la M\u00e8re, sombre et divine,<\/span><\/p>\n<p class=\"western\" style=\"text-align: center;\"><span style=\"color: #000000;\">Je vous le dis,<\/span><\/p>\n<p class=\"western\" style=\"text-align: center;\"><span style=\"color: #000000;\">Oh mes enfants (Vous tous r\u00e9unis en mon Sanctuaire),<\/span><\/p>\n<p class=\"western\" style=\"text-align: center;\"><span style=\"color: #000000;\">Mien est le fouet et mien est le baiser<\/span><\/p>\n<p class=\"western\" style=\"text-align: center;\"><span style=\"color: #000000;\">L\u2019\u00e9toile \u00e0 cinq branches d\u2019amour et de b\u00e9atitude<\/span><\/p>\n<p class=\"western\" style=\"text-align: center;\"><span style=\"color: #000000;\">\u00c0 pr\u00e9sent, je vous charge par ce signe.<\/span><\/p>\n<p class=\"western\" style=\"text-align: center;\"><span style=\"color: #000000;\">(Adopter la position de la D\u00e9esse.)<\/span><\/p>\n<p class=\"western\" style=\"text-align: center;\">\n<p class=\"western\" style=\"text-align: center;\"><span style=\"color: #000000;\">Vous tous r\u00e9unis ici ce soir<\/span><\/p>\n<p class=\"western\" style=\"text-align: center;\"><span style=\"color: #000000;\">Inclinez-vous devant mon lumineux esprit<\/span><\/p>\n<p class=\"western\" style=\"text-align: center;\"><span style=\"color: #000000;\">Aphrodite, Arianrhod, Amante du Dieu Cornu<\/span><\/p>\n<p class=\"western\" style=\"text-align: center;\"><span style=\"color: #000000;\">Puissante Reine de la Sorcellerie et de la nuit<\/span><\/p>\n<p class=\"western\" style=\"text-align: center;\"><span style=\"color: #000000;\">Astart\u00e9, H\u00e9cate, Ashtaroth, Dion\u00e9, (Morrigane, \u00c9tain, Nis\u00e8ne), Diane, Brigid, M\u00e9lusine,<\/span><\/p>\n<p class=\"western\" style=\"text-align: center;\"><span style=\"color: #000000;\">Ainsi m\u2019appelaient les hommes du temps jadis, <\/span><\/p>\n<p class=\"western\" style=\"text-align: center;\"><span style=\"color: #000000;\">Art\u00e9mis et Cerridwen,<\/span><\/p>\n<p class=\"western\" style=\"text-align: center;\"><span style=\"color: #000000;\">Sombre Ma\u00eetresse de l\u2019Enfer,<\/span><\/p>\n<p class=\"western\" style=\"text-align: center;\"><span style=\"color: #000000;\">Reine du Ciel.<\/span><\/p>\n<p class=\"western\" style=\"text-align: center;\"><span style=\"color: #000000;\">(\u00c0 tout moment, lorsque surgissent des difficult\u00e9s)<\/span><\/p>\n<p class=\"western\" style=\"text-align: center;\"><span style=\"color: #000000;\">Tous ceux qui veulent apprendre de moi une Rune<\/span><\/p>\n<p class=\"western\" style=\"text-align: center;\"><span style=\"color: #000000;\">Ou me demander une b\u00e9n\u00e9diction,<\/span><\/p>\n<p class=\"western\" style=\"text-align: center;\"><span style=\"color: #000000;\">Rencontrez-vous en quelque secr\u00e8te clairi\u00e8re<\/span><\/p>\n<p class=\"western\" style=\"text-align: center;\"><span style=\"color: #000000;\">Dansez ma ronde dans l\u2019ombre de la verdoyante for\u00eat, sous la lumi\u00e8re de la pleine lune.<\/span><\/p>\n<p class=\"western\" style=\"text-align: center;\"><span style=\"color: #000000;\">(En un lieu sauvage et isol\u00e9)<\/span><\/p>\n<p class=\"western\" style=\"text-align: center;\"><span style=\"color: #000000;\">Seuls avec les camarades,<\/span><\/p>\n<p class=\"western\" style=\"text-align: center;\"><span style=\"color: #000000;\">Dansez autour de ma pierre d\u2019autel<\/span><\/p>\n<p class=\"western\" style=\"text-align: center;\"><span style=\"color: #000000;\">\u0152uvrez \u00e0 mon saint Magist\u00e8re,<\/span><\/p>\n<p class=\"western\" style=\"text-align: center;\"><span style=\"color: #000000;\">Vous qui prenez plaisir \u00e0 la sorcellerie,<\/span><\/p>\n<p class=\"western\" style=\"text-align: center;\"><span style=\"color: #000000;\">Je vous livre des secrets encore inconnus.<\/span><\/p>\n<p class=\"western\" style=\"text-align: center;\"><span style=\"color: #000000;\">(Quelles que soient les difficult\u00e9s qui vous arrivent),<\/span><\/p>\n<p class=\"western\" style=\"text-align: center;\"><span style=\"color: #000000;\">Vous ne conna\u00eetrez plus l\u2019esclavage<\/span><\/p>\n<p class=\"western\" style=\"text-align: center;\"><span style=\"color: #000000;\">Vous qui me rendez les hommages attendus,<\/span><\/p>\n<p class=\"western\" style=\"text-align: center;\"><span style=\"color: #000000;\">Vous qui formez mon cercle la nuit du Sabbat.<\/span><\/p>\n<p class=\"western\" style=\"text-align: center;\"><span style=\"color: #000000;\">Venez, tous, nus au rite,<\/span><\/p>\n<p class=\"western\" style=\"text-align: center;\"><span style=\"color: #000000;\">En t\u00e9moignage de votre r\u00e9elle libert\u00e9.<\/span><\/p>\n<p class=\"western\" style=\"text-align: center;\"><span style=\"color: #000000;\">J\u2019enseigne le myst\u00e8re de la renaissance,<\/span><\/p>\n<p class=\"western\" style=\"text-align: center;\"><span style=\"color: #000000;\">Observez mes myst\u00e8res dans la gaiet\u00e9<\/span><\/p>\n<p class=\"western\" style=\"text-align: center;\"><span style=\"color: #000000;\">C\u0153ur contre c\u0153ur et l\u00e8vres contre l\u00e8vres,<\/span><\/p>\n<p class=\"western\" style=\"text-align: center;\"><span style=\"color: #000000;\">Cinq sont les points de la confr\u00e9rie<\/span><\/p>\n<p class=\"western\" style=\"text-align: center;\"><span style=\"color: #000000;\">Q<\/span><span style=\"color: #000000;\">ui vous apportent l\u2019extase sur Terre.<\/span><\/p>\n<p class=\"western\" style=\"text-align: center;\"><span style=\"color: #000000;\">Je ne demande aucune offrande, simplement de faire la r\u00e9v\u00e9rence,<\/span><\/p>\n<p class=\"western\" style=\"text-align: center;\"><span style=\"color: #000000;\">Je ne connais pas d\u2019autre loi que l\u2019amour,<\/span><\/p>\n<p class=\"western\" style=\"text-align: center;\"><span style=\"color: #000000;\">Je ne peux \u00eatre connue que <\/span><span style=\"color: #000000;\">par l\u2019<\/span><span style=\"color: #000000;\">amour,<\/span><\/p>\n<p class=\"western\" style=\"text-align: center;\"><span style=\"color: #000000;\">Tout ce qui vit m\u2019appartient<\/span><\/p>\n<p class=\"western\" style=\"text-align: center;\"><span style=\"color: #000000;\">De moi, ils proviennent, \u00e0 moi ils retournent.<\/span><\/p>\n","protected":false},"excerpt":{"rendered":"<p>Note de Lune et Artus : Voici la version originale de la Charge en vers. Dans la traduction qui suit le texte en anglais, nous n&rsquo;avons pas cherch\u00e9 \u00e0 reproduire les rimes. Nous avons souhait\u00e9 rester au plus proche du sens du texte, comme pour le reste du Livre des Ombres. \u00c0 vous, lecteur, si&#8230;<\/p>\n","protected":false},"author":2,"featured_media":0,"parent":2669,"menu_order":2,"comment_status":"closed","ping_status":"closed","template":"silo.php","meta":{"footnotes":""},"class_list":["post-2674","page","type-page","status-publish","hentry"],"_links":{"self":[{"href":"https:\/\/www.le-sidh.org\/wicca\/wp-json\/wp\/v2\/pages\/2674","targetHints":{"allow":["GET"]}}],"collection":[{"href":"https:\/\/www.le-sidh.org\/wicca\/wp-json\/wp\/v2\/pages"}],"about":[{"href":"https:\/\/www.le-sidh.org\/wicca\/wp-json\/wp\/v2\/types\/page"}],"author":[{"embeddable":true,"href":"https:\/\/www.le-sidh.org\/wicca\/wp-json\/wp\/v2\/users\/2"}],"replies":[{"embeddable":true,"href":"https:\/\/www.le-sidh.org\/wicca\/wp-json\/wp\/v2\/comments?post=2674"}],"version-history":[{"count":1,"href":"https:\/\/www.le-sidh.org\/wicca\/wp-json\/wp\/v2\/pages\/2674\/revisions"}],"predecessor-version":[{"id":2675,"href":"https:\/\/www.le-sidh.org\/wicca\/wp-json\/wp\/v2\/pages\/2674\/revisions\/2675"}],"up":[{"embeddable":true,"href":"https:\/\/www.le-sidh.org\/wicca\/wp-json\/wp\/v2\/pages\/2669"}],"wp:attachment":[{"href":"https:\/\/www.le-sidh.org\/wicca\/wp-json\/wp\/v2\/media?parent=2674"}],"curies":[{"name":"wp","href":"https:\/\/api.w.org\/{rel}","templated":true}]}}