{"id":2666,"date":"2015-09-23T19:26:42","date_gmt":"2015-09-23T17:26:42","guid":{"rendered":"http:\/\/www.le-sidh.org\/wicca\/?page_id=2666"},"modified":"2015-09-23T19:26:42","modified_gmt":"2015-09-23T17:26:42","slug":"consecration-des-outils","status":"publish","type":"page","link":"https:\/\/www.le-sidh.org\/wicca\/livres-des-ombres-gardnerien\/le-livre-des-ombres-de-1957\/consecration-des-outils\/","title":{"rendered":"Cons\u00e9cration des Outils"},"content":{"rendered":"<p class=\"western\" style=\"text-align: justify;\"><span style=\"color: #000000;\"><span style=\"font-size: medium;\">(<\/span><\/span><span style=\"color: #000000;\"><span style=\"font-size: medium;\">Note\u00a0<\/span><\/span><span style=\"color: #000000;\"><span style=\"font-size: medium;\">: si possible, posez toute nouvelle arme contre une arme d\u00e9j\u00e0 consacr\u00e9e. \u00c9p\u00e9e contre \u00e9p\u00e9e, Atham\u00e9 contre Atham\u00e9, etc.)<\/span><\/span><\/p>\n<ol style=\"text-align: justify;\">\n<li>\n<p class=\"western\"><span style=\"color: #000000;\">Pr\u00e9parez le Cercle et purifiez. Tous les outils doivent \u00eatre consacr\u00e9s par un homme et une femme, tous les deux aussi nus que des \u00e9p\u00e9es tir\u00e9es\u00a0; ils doivent \u00eatre purifi\u00e9s, propres et correctement pr\u00e9par\u00e9s.<\/span><\/p>\n<\/li>\n<li>\n<p class=\"western\"><span style=\"color: #000000;\">Placez l\u2019outil sur le pentacle qui se trouve sur l\u2019autel. Le Magus l\u2019asperge avec le sel et l\u2019eau. La Sorci\u00e8re le passe \u00e0 travers la fum\u00e9e d\u2019encens, le replace sur le pentacle. En le touchant avec une arme d\u00e9j\u00e0 consacr\u00e9e, ils disent la Premi\u00e8re Conjuration.<\/span><\/p>\n<\/li>\n<\/ol>\n<ul style=\"text-align: justify;\">\n<ul>\n<li>\n<p class=\"western\"><span style=\"color: #000000;\">Pour une \u00e9p\u00e9e ou un atham\u00e9, dites\u00a0:<\/span><\/p>\n<p class=\"western\" style=\"text-align: justify;\"><strong>\u00ab <span style=\"color: #000000;\">Je te conjure, \u00d4 \u00c9p\u00e9e <\/span><\/strong><span style=\"color: #000000;\">(ou Atham\u00e9)<\/span><strong><span style=\"color: #000000;\"> d\u2019Acier, de me servir de force et de d\u00e9fense dans toutes op\u00e9rations magiques, contre tous mes ennemis, visibles et invisibles, au nom d\u2019Aradia et Cernunnos. Je te conjure \u00e0 nouveau, par les Saints Noms d\u2019Aradia et Cernunnos, de me servir de protection contre toute adversit\u00e9, ainsi aide-moi.\u00a0\u00bb<\/span><\/strong><\/p>\n<\/li>\n<\/ul>\n<\/ul>\n<ul style=\"text-align: justify;\">\n<ul>\n<li>\n<p class=\"western\"><span style=\"color: #000000;\">Pour tout autre outil, dites\u00a0\u00a0:<\/span><\/p>\n<p class=\"western\"><strong><span style=\"color: #000000;\">\u00ab\u00a0Aradia et Cernunnos, daignez b\u00e9nir et consacrer cet [outil], afin qu\u2019il puisse acqu\u00e9rir gr\u00e2ce \u00e0 vous les vertus n\u00e9cessaires pour tout acte d\u2019amour et de beaut\u00e9.\u00a0\u00bb<\/span><\/strong><\/p>\n<\/li>\n<\/ul>\n<\/ul>\n<ol style=\"text-align: justify;\" start=\"3\">\n<li>\n<p class=\"western\"><span style=\"color: #000000;\">Ils l\u2019aspergent et l\u2019encensent \u00e0 nouveau, et disent la Seconde Conjuration.<\/span><\/p>\n<\/li>\n<\/ol>\n<ul style=\"text-align: justify;\">\n<ul>\n<li>\n<p class=\"western\"><span style=\"color: #000000;\">Pour une \u00e9p\u00e9e ou un atham\u00e9, dites\u00a0:<\/span><\/p>\n<p class=\"western\"><strong><span style=\"color: #000000;\">\u00ab\u00a0Je te conjure, \u00d4 \u00c9p\u00e9e <\/span><\/strong><span style=\"color: #000000;\">[Atham\u00e9]<\/span><strong><span style=\"color: #000000;\"> d\u2019Acier, par les Grands Dieux et les Douces D\u00e9esses, par la vertu des Cieux, des \u00c9toiles, des Esprits qui les pr\u00e9sident, afin que tu puisses recevoir des vertus qui me permettent d\u2019obtenir toute fin que je d\u00e9sire en toutes choses o\u00f9 je t\u2019utiliserai, par le pouvoir d\u2019Aradia et Cernunnos.\u00a0\u00bb<\/span><\/strong><\/p>\n<\/li>\n<li>\n<p class=\"western\"><span style=\"color: #000000;\">Pour tout autre outil, dites\u00a0:<\/span><\/p>\n<p class=\"western\"><strong><span style=\"color: #000000;\">\u00ab\u00a0Aradia et Cernunnos, b\u00e9nissez cet instrument pr\u00e9par\u00e9 en votre honneur.\u00a0\u00bb<\/span><\/strong><\/p>\n<p class=\"western\"><span style=\"color: #000000;\">(Pour le fouet ou les cordes, ajoutez\u00a0:<\/span><\/p>\n<p class=\"western\"><strong><span style=\"color: #000000;\">\u00ab\u00a0Afin qu\u2019il puisse servir uniquement \u00e0 un bon usage et \u00e0 une bonne fin, et pour votre Gloire.\u00a0\u00bb)<\/span><\/strong><\/p>\n<\/li>\n<\/ul>\n<\/ul>\n<ol start=\"4\">\n<li style=\"text-align: justify;\">\n<p class=\"western\"><span style=\"color: #000000;\">Tous les instruments, une fois consacr\u00e9s, doivent \u00eatre pr\u00e9sent\u00e9s \u00e0 leur Utilisateur en lui donnant le [triangle invers\u00e9] signe de salut (s\u2019ils \u0153uvrent dans le cadre du premier degr\u00e9, ou le signe d&rsquo;un degr\u00e9 sup\u00e9rieur, s&rsquo;ils travaillent dans ce contexte-ci).<\/span><\/p>\n<\/li>\n<li>\n<p class=\"western\" style=\"text-align: justify;\"><span style=\"color: #000000;\">Ensuite, celui \u00e0 qui n&rsquo;appartient pas l&rsquo;outil doit donner le Quintuple Baiser au propri\u00e9taire. Pendant le baiser final, l\u2019outil doit \u00eatre plac\u00e9 entre les poitrines, et ces partenaires de travail doivent s&rsquo;\u00e9treindre aussi longtemps qu\u2019ils en ont envie, l\u2019outil \u00e9tant maintenu en place par leurs corps. Le nouveau propri\u00e9taire doit l\u2019utiliser imm\u00e9diatement, c\u2019est-\u00e0-dire, projeter (tracer) le Cercle avec l\u2019\u00c9p\u00e9e ou l\u2019Atham\u00e9, brandir la baguette aux 4 quartiers, couper quelque chose avec le couteau \u00e0 manche blanc, etc. Les cordes et le fouet doivent \u00eatre utilis\u00e9s tout de suite.<\/span><\/p>\n<p class=\"western\" style=\"text-align: justify;\"><span style=\"color: #000000;\">L\u2019outil doit \u00eatre gard\u00e9 le plus pr\u00e8s possible du corps nu pendant au moins un mois, c\u2019est-\u00e0-dire, qu\u2019il peut \u00eatre plac\u00e9 sous l\u2019oreiller, etc. Lorsqu\u2019ils ne sont pas utilis\u00e9s, tous les outils et armes doivent \u00eatre rang\u00e9s dans un lieu secret\u00a0; et il est bon que cela soit pr\u00e8s de l\u2019endroit o\u00f9 vous dormez et que vous puissiez les manipuler chaque soir avant de vous coucher. Ne permettez \u00e0 personne de toucher ou manipuler l&rsquo;un de vos outils jusqu\u2019\u00e0 ce qu\u2019ils soient compl\u00e8tement impr\u00e9gn\u00e9s de votre aura\u00a0; c\u2019est-\u00e0-dire, six mois ou le plus proche possible de cette p\u00e9riode de temps. Mais un couple qui \u0153uvre ensemble peut poss\u00e9der les m\u00eames outils, qui seront impr\u00e9gn\u00e9s de leur aura \u00e0 tous deux. <\/span><\/p>\n<\/li>\n<\/ol>\n","protected":false},"excerpt":{"rendered":"<p>(Note\u00a0: si possible, posez toute nouvelle arme contre une arme d\u00e9j\u00e0 consacr\u00e9e. \u00c9p\u00e9e contre \u00e9p\u00e9e, Atham\u00e9 contre Atham\u00e9, etc.) Pr\u00e9parez le Cercle et purifiez. Tous les outils doivent \u00eatre consacr\u00e9s par un homme et une femme, tous les deux aussi nus que des \u00e9p\u00e9es tir\u00e9es\u00a0; ils doivent \u00eatre purifi\u00e9s, propres et correctement pr\u00e9par\u00e9s. Placez l\u2019outil&#8230;<\/p>\n","protected":false},"author":2,"featured_media":0,"parent":2610,"menu_order":13,"comment_status":"closed","ping_status":"closed","template":"silo.php","meta":{"footnotes":""},"class_list":["post-2666","page","type-page","status-publish","hentry"],"_links":{"self":[{"href":"https:\/\/www.le-sidh.org\/wicca\/wp-json\/wp\/v2\/pages\/2666","targetHints":{"allow":["GET"]}}],"collection":[{"href":"https:\/\/www.le-sidh.org\/wicca\/wp-json\/wp\/v2\/pages"}],"about":[{"href":"https:\/\/www.le-sidh.org\/wicca\/wp-json\/wp\/v2\/types\/page"}],"author":[{"embeddable":true,"href":"https:\/\/www.le-sidh.org\/wicca\/wp-json\/wp\/v2\/users\/2"}],"replies":[{"embeddable":true,"href":"https:\/\/www.le-sidh.org\/wicca\/wp-json\/wp\/v2\/comments?post=2666"}],"version-history":[{"count":1,"href":"https:\/\/www.le-sidh.org\/wicca\/wp-json\/wp\/v2\/pages\/2666\/revisions"}],"predecessor-version":[{"id":2667,"href":"https:\/\/www.le-sidh.org\/wicca\/wp-json\/wp\/v2\/pages\/2666\/revisions\/2667"}],"up":[{"embeddable":true,"href":"https:\/\/www.le-sidh.org\/wicca\/wp-json\/wp\/v2\/pages\/2610"}],"wp:attachment":[{"href":"https:\/\/www.le-sidh.org\/wicca\/wp-json\/wp\/v2\/media?parent=2666"}],"curies":[{"name":"wp","href":"https:\/\/api.w.org\/{rel}","templated":true}]}}