{"id":2662,"date":"2015-09-23T19:22:21","date_gmt":"2015-09-23T17:22:21","guid":{"rendered":"http:\/\/www.le-sidh.org\/wicca\/?page_id=2662"},"modified":"2015-09-23T19:22:21","modified_gmt":"2015-09-23T17:22:21","slug":"initiation-le-troisieme-degre","status":"publish","type":"page","link":"https:\/\/www.le-sidh.org\/wicca\/livres-des-ombres-gardnerien\/le-livre-des-ombres-de-1957\/initiation-le-troisieme-degre\/","title":{"rendered":"Initiation : le Troisi\u00e8me Degr\u00e9"},"content":{"rendered":"<p class=\"western\" style=\"text-align: justify;\"><span style=\"color: #000000;\">Le Magus donne le Quintuple Baiser.<\/span><\/p>\n<p class=\"western\" style=\"text-align: justify;\"><span style=\"color: #000000;\">Le Magus\u00a0: <\/span><\/p>\n<p class=\"western\" style=\"text-align: justify;\"><strong><span style=\"color: #000000;\">\u00ab\u00a0Avant que nous ne proc\u00e9dions \u00e0 ce sublime degr\u00e9, je dois demander la purification par tes mains.\u00a0\u00bb<\/span><\/strong><\/p>\n<p class=\"western\" style=\"text-align: justify;\"><span style=\"color: #000000;\">La Grande Pr\u00eatresse attache le Magus et le lie \u00e0 l\u2019autel. Elle circumambule trois fois, et donne au Magus trois, sept, neuf et 21 coups de fouet. Ensuite, elle le d\u00e9tache et l\u2019aide \u00e0 se remettre sur ses pieds.<\/span><\/p>\n<p class=\"western\" style=\"text-align: justify;\"><span style=\"color: #000000;\">Le Magus attache alors la Grande Pr\u00eatresse et la lie \u00e0 l\u2019autel. Il circumambule, en proclamant aux quatre quartiers\u00a0:<\/span><\/p>\n<p class=\"western\" style=\"text-align: justify;\"><strong><span style=\"color: #000000;\">\u00ab\u00a0\u00c9coutez, \u00f4 Puissants, la deux fois consacr\u00e9e et Sainte (nom), Grande Pr\u00eatresse et Reine-Sorci\u00e8re, est correctement pr\u00e9par\u00e9e et va maintenant \u00e9riger l\u2019Autel Sacr\u00e9.\u00a0\u00bb<\/span><\/strong><\/p>\n<p class=\"western\" style=\"text-align: justify;\"><span style=\"color: #000000;\">Le Magus donne \u00e0 la Grande Pr\u00eatresse trois, sept, neuf et 21 coups de fouet.<\/span><\/p>\n<p class=\"western\" style=\"text-align: justify;\"><span style=\"color: #000000;\">Le Magus embrasse les pieds de la Grande Pr\u00eatresse\u00a0:<\/span><\/p>\n<p class=\"western\" style=\"text-align: justify;\"><strong><span style=\"color: #000000;\">\u00ab\u00a0Avant que je n&rsquo;ose proc\u00e9der \u00e0 ce sublime degr\u00e9, je dois demander une nouvelle fois la purification par tes mains.\u00a0\u00bb<\/span><\/strong><\/p>\n<p class=\"western\" style=\"text-align: justify;\"><span style=\"color: #000000;\">Elle l\u2019attache et le fouette.<\/span><\/p>\n<p class=\"western\" style=\"text-align: justify;\"><span style=\"color: #000000;\"><b>Note\u00a0<\/b>: si la Grande Pr\u00eatresse n\u2019a pas d\u00e9j\u00e0 accompli ce rite, il dit\u00a0:<\/span><\/p>\n<p class=\"western\" style=\"text-align: justify;\"><strong><span style=\"color: #000000;\">\u00ab\u00a0Maintenant, je te r\u00e9v\u00e8le un grand myst\u00e8re.\u00a0\u00bb<\/span><\/strong><\/p>\n<p class=\"western\" style=\"text-align: justify;\">[S\u2019agenouiller et placer le divan de fa\u00e7on \u00e0 faire face au nord.]<\/p>\n<p class=\"western\" style=\"text-align: justify;\"><strong><span style=\"color: #000000;\">\u00ab Aide-moi \u00e0 construire <\/span><\/strong><\/p>\n<p class=\"western\" style=\"text-align: justify;\"><strong><span style=\"color: #000000;\">Comme le Puissant L\u2019a voulu,<\/span><\/strong><\/p>\n<p class=\"western\" style=\"text-align: justify;\"><strong><span style=\"color: #000000;\">Un Autel de louange,<\/span><\/strong><\/p>\n<p class=\"western\" style=\"text-align: justify;\"><strong><span style=\"color: #000000;\">Depuis le commencement des jours,<\/span><\/strong><\/p>\n<p class=\"western\" style=\"text-align: justify;\"><strong><span style=\"color: #000000;\">Ainsi se trouve-t-il,<\/span><\/strong><\/p>\n<p class=\"western\" style=\"text-align: justify;\"><strong><span style=\"color: #000000;\">Entre les points du ciel,<\/span><\/strong><\/p>\n<p class=\"western\" style=\"text-align: justify;\"><strong><span style=\"color: #000000;\">Car c\u2019est ainsi qu\u2019il fut plac\u00e9<\/span><\/strong><\/p>\n<p class=\"western\" style=\"text-align: justify;\"><strong><span style=\"color: #000000;\">Lorsque la D\u00e9esse \u00e9treignit <\/span><\/strong><\/p>\n<p class=\"western\" style=\"text-align: justify;\"><strong><span style=\"color: #000000;\">Le Cornu, Son Seigneur, <\/span><\/strong><\/p>\n<p class=\"western\" style=\"text-align: justify;\"><strong><span style=\"color: #000000;\">Qui lui avait enseign\u00e9 une parole,<\/span><\/strong><\/p>\n<p class=\"western\" style=\"text-align: justify;\"><span style=\"color: #000000;\">[La Pr\u00eatresse s&rsquo;allonge de mani\u00e8re \u00e0 ce que son vagin soit approximativement au centre du cercle.]<\/span><\/p>\n<p class=\"western\" style=\"text-align: justify;\"><strong><span style=\"color: #000000;\">Laquelle stimula la matrice,<\/span><\/strong><\/p>\n<p class=\"western\" style=\"text-align: justify;\"><strong><span style=\"color: #000000;\">Et vainquit la Tombe.<\/span><\/strong><\/p>\n<p class=\"western\" style=\"text-align: justify;\"><strong><span style=\"color: #000000;\">Sois donc, comme au temps jadis,<\/span><\/strong><\/p>\n<p class=\"western\" style=\"text-align: justify;\"><strong><span style=\"color: #000000;\">Le Temple que nous adorons <\/span><\/strong><span style=\"color: #000000;\">[donne un baiser]<\/span><\/p>\n<p class=\"western\" style=\"text-align: justify;\"><strong><span style=\"color: #000000;\">La f\u00eate sans d\u00e9faut,<\/span><\/strong><\/p>\n<p class=\"western\" style=\"text-align: justify;\"><strong><span style=\"color: #000000;\">Le Graal source de vie<\/span><\/strong><span style=\"color: #000000;\"> [donne un baiser]<\/span><\/p>\n<p class=\"western\" style=\"text-align: justify;\"><strong><span style=\"color: #000000;\">L\u00e8ve devant lui<\/span><\/strong><\/p>\n<p class=\"western\" style=\"text-align: justify;\"><strong><span style=\"color: #000000;\">La Lance Miraculeuse,<\/span><\/strong><\/p>\n<p class=\"western\" style=\"text-align: justify;\"><strong><span style=\"color: #000000;\">Et invoque par ce signe<\/span><\/strong><\/p>\n<p class=\"western\" style=\"text-align: justify;\"><strong><span style=\"color: #000000;\">La divine D\u00e9esse.\u00a0\u00bb <\/span><\/strong><span style=\"color: #000000;\">[donne un baiser]<\/span><\/p>\n<p class=\"western\" style=\"text-align: justify;\"><span style=\"color: #000000;\">Invoquez\u00a0:<\/span><\/p>\n<p class=\"western\" style=\"text-align: justify;\"><span style=\"color: #000000;\">\u00ab<strong>\u00a0Toi qui r\u00e8gnes sous la lune nocturne,<\/strong><\/span><\/p>\n<p class=\"western\" style=\"text-align: justify;\"><strong><span style=\"color: #000000;\">Reine du royaume \u00e9toil\u00e9,<\/span><\/strong><\/p>\n<p class=\"western\" style=\"text-align: justify;\"><strong><span style=\"color: #000000;\">&lsquo;Nous ne pouvons t\u2019atteindre<\/span><\/strong><\/p>\n<p class=\"western\" style=\"text-align: justify;\"><span style=\"color: #000000;\"><strong>\u00c0 moins que Ton Image ne soit Amour.&rsquo;<\/strong> [donne un baiser]<\/span><\/p>\n<p class=\"western\" style=\"text-align: justify;\"><strong><span style=\"color: #000000;\">Par les rayons lunaires argent\u00e9s du pouvoir, <\/span><\/strong><\/p>\n<p class=\"western\" style=\"text-align: justify;\"><strong><span style=\"color: #000000;\">Par la verte feuille qui du bourgeon \u00e9clot,<\/span><\/strong><\/p>\n<p class=\"western\" style=\"text-align: justify;\"><strong><span style=\"color: #000000;\">Par la graine qui en fleur s&rsquo;\u00e9panouit,<\/span><\/strong><\/p>\n<p class=\"western\" style=\"text-align: justify;\"><span style=\"color: #000000;\"><strong>Par la vie qui dans le sang s&rsquo;\u00e9coule.<\/strong> [donne un baiser]<\/span><\/p>\n<p class=\"western\" style=\"text-align: justify;\"><strong><span style=\"color: #000000;\">Par le vent rugissant et la flamme jaillissante,<\/span><\/strong><\/p>\n<p class=\"western\" style=\"text-align: justify;\"><strong><span style=\"color: #000000;\">Par le flux des eaux et la verte terre,<\/span><\/strong><\/p>\n<p class=\"western\" style=\"text-align: justify;\"><strong><span style=\"color: #000000;\">Verse-nous le vin de notre d\u00e9sir<\/span><\/strong><\/p>\n<p class=\"western\" style=\"text-align: justify;\"><span style=\"color: #000000;\"><strong>Tir\u00e9 de Ton Chaudron de Renaissance.<\/strong> [donne un baiser]<\/span><\/p>\n<p class=\"western\" style=\"text-align: justify;\"><strong><span style=\"color: #000000;\">\u00c0 pr\u00e9sent, nous pouvons voir clairement<\/span><\/strong><\/p>\n<p class=\"western\" style=\"text-align: justify;\"><strong><span style=\"color: #000000;\">L\u2019\u00c9trange Secret enfin d\u00e9voil\u00e9,<\/span><\/strong><\/p>\n<p class=\"western\" style=\"text-align: justify;\"><strong><span style=\"color: #000000;\"><span style=\"font-size: medium;\">Se dresser les merveilleux Piliers-Jumeaux<\/span><\/span><\/strong><\/p>\n<p class=\"western\" style=\"text-align: justify;\"><span style=\"color: #000000;\"><span style=\"font-size: medium;\"><strong>\u00c9rig\u00e9s dans la Beaut\u00e9 et la Force.<\/strong> [un baiser sur chaque sein]<\/span><\/span><\/p>\n<p class=\"western\" style=\"text-align: justify;\"><strong><span style=\"color: #000000;\">L\u2019Autel des nombreux Myst\u00e8res,<\/span><\/strong><\/p>\n<p class=\"western\" style=\"text-align: justify;\"><strong><span style=\"color: #000000;\">Point central du Cercle Sacr\u00e9,<\/span><\/strong><\/p>\n<p class=\"western\" style=\"text-align: justify;\"><strong><span style=\"color: #000000;\">Ainsi je te signe comme autrefois,<\/span><\/strong><\/p>\n<p class=\"western\" style=\"text-align: justify;\"><strong><span style=\"color: #000000;\">Par les baisers de mes l\u00e8vres ointes.<\/span><\/strong><\/p>\n<p class=\"western\" style=\"text-align: justify;\"><span style=\"color: #000000;\">(Octuple Baiser\u00a0: 3 points, L\u00e8vres, les 2 Seins et retour aux l\u00e8vres, et les 5 points avec l\u2019huile, le vin et les baisers)<\/span><\/p>\n<p class=\"western\" style=\"text-align: justify;\"><strong><span style=\"color: #000000;\">Ouvre pour moi la Voie Secr\u00e8te,<\/span><\/strong><\/p>\n<p class=\"western\" style=\"text-align: justify;\"><strong><span style=\"color: #000000;\">Le sentier de l\u2019intelligence,<\/span><\/strong><\/p>\n<p class=\"western\" style=\"text-align: justify;\"><strong><span style=\"color: #000000;\">Entre les Portes de la Nuit et du Jour,<\/span><\/strong><\/p>\n<p class=\"western\" style=\"text-align: justify;\"><strong><span style=\"color: #000000;\">Par-del\u00e0 les limites du temps et des sens.<\/span><\/strong><\/p>\n<p class=\"western\" style=\"text-align: justify;\"><strong><span style=\"color: #000000;\">Voici le juste Myst\u00e8re,<\/span><\/strong><\/p>\n<p class=\"western\" style=\"text-align: justify;\"><strong><span style=\"color: #000000;\">Les Cinq V\u00e9ritables Points de la Confr\u00e9rie,<\/span><\/strong><\/p>\n<p class=\"western\" style=\"text-align: justify;\"><strong><span style=\"color: #000000;\">L\u00e0 o\u00f9 la Lance et le Graal s\u2019unissent,<\/span><\/strong><\/p>\n<p class=\"western\" style=\"text-align: justify;\"><strong><span style=\"color: #000000;\">Et les pieds et les genoux, et la poitrine et les l\u00e8vres.\u00a0\u00bb<\/span><\/strong><\/p>\n<p class=\"western\" style=\"text-align: justify;\"><span style=\"color: #000000;\">Le Magus et la Grande Pr\u00eatresse\u00a0:<\/span><\/p>\n<p class=\"western\" style=\"text-align: justify;\"><strong><span style=\"color: #000000;\">\u00ab\u00a0R\u00e9conforte nos c\u0153urs,<\/span><\/strong><\/p>\n<p class=\"western\" style=\"text-align: justify;\"><strong><span style=\"color: #000000;\">Que ta Lumi\u00e8re se cristallise dans notre sang,<\/span><\/strong><\/p>\n<p class=\"western\" style=\"text-align: justify;\"><strong><span style=\"color: #000000;\">nous emplissant de la R\u00e9surrection<\/span><\/strong><\/p>\n<p class=\"western\" style=\"text-align: justify;\"><strong><span style=\"color: #000000;\"><span style=\"font-size: medium;\">car il n\u2019existe nulle part de nous qui ne soit des Dieux.\u00a0\u00bb<\/span><\/span><\/strong><\/p>\n<p class=\"western\" style=\"text-align: justify;\"><span style=\"color: #000000;\"><span style=\"font-size: medium;\">(\u00c9changez les Noms)<\/span><\/span><\/p>\n","protected":false},"excerpt":{"rendered":"<p>Le Magus donne le Quintuple Baiser. Le Magus\u00a0: \u00ab\u00a0Avant que nous ne proc\u00e9dions \u00e0 ce sublime degr\u00e9, je dois demander la purification par tes mains.\u00a0\u00bb La Grande Pr\u00eatresse attache le Magus et le lie \u00e0 l\u2019autel. Elle circumambule trois fois, et donne au Magus trois, sept, neuf et 21 coups de fouet. Ensuite, elle le&#8230;<\/p>\n","protected":false},"author":2,"featured_media":0,"parent":2610,"menu_order":11,"comment_status":"closed","ping_status":"closed","template":"silo.php","meta":{"footnotes":""},"class_list":["post-2662","page","type-page","status-publish","hentry"],"_links":{"self":[{"href":"https:\/\/www.le-sidh.org\/wicca\/wp-json\/wp\/v2\/pages\/2662","targetHints":{"allow":["GET"]}}],"collection":[{"href":"https:\/\/www.le-sidh.org\/wicca\/wp-json\/wp\/v2\/pages"}],"about":[{"href":"https:\/\/www.le-sidh.org\/wicca\/wp-json\/wp\/v2\/types\/page"}],"author":[{"embeddable":true,"href":"https:\/\/www.le-sidh.org\/wicca\/wp-json\/wp\/v2\/users\/2"}],"replies":[{"embeddable":true,"href":"https:\/\/www.le-sidh.org\/wicca\/wp-json\/wp\/v2\/comments?post=2662"}],"version-history":[{"count":1,"href":"https:\/\/www.le-sidh.org\/wicca\/wp-json\/wp\/v2\/pages\/2662\/revisions"}],"predecessor-version":[{"id":2663,"href":"https:\/\/www.le-sidh.org\/wicca\/wp-json\/wp\/v2\/pages\/2662\/revisions\/2663"}],"up":[{"embeddable":true,"href":"https:\/\/www.le-sidh.org\/wicca\/wp-json\/wp\/v2\/pages\/2610"}],"wp:attachment":[{"href":"https:\/\/www.le-sidh.org\/wicca\/wp-json\/wp\/v2\/media?parent=2662"}],"curies":[{"name":"wp","href":"https:\/\/api.w.org\/{rel}","templated":true}]}}