{"id":2655,"date":"2015-09-23T19:14:11","date_gmt":"2015-09-23T17:14:11","guid":{"rendered":"http:\/\/www.le-sidh.org\/wicca\/?page_id=2655"},"modified":"2015-09-23T19:18:15","modified_gmt":"2015-09-23T17:18:15","slug":"initiation-second-degre","status":"publish","type":"page","link":"https:\/\/www.le-sidh.org\/wicca\/livres-des-ombres-gardnerien\/le-livre-des-ombres-de-1957\/initiation-second-degre\/","title":{"rendered":"Initiation : Second degr\u00e9"},"content":{"rendered":"<p style=\"text-align: justify;\">Formez le Cercle de la mani\u00e8re habituelle, en invoquant les Puissants aux Quatre Quartiers. L\u2019initi\u00e9e doit \u00eatre correctement pr\u00e9par\u00e9e et attach\u00e9e avec les Cordes.<\/p>\n<p class=\"western\" style=\"text-align: justify;\"><span style=\"color: #000000;\"><span style=\"font-size: medium;\">Tous sont purifi\u00e9s, y compris l\u2019Initi\u00e9e.<\/span><\/span><\/p>\n<p class=\"western\" style=\"text-align: justify;\"><span style=\"color: #000000;\"><span style=\"font-size: medium;\">Faites un tour de Cercle, en proclamant aux Quatre Quartiers\u00a0:<\/span><\/span><\/p>\n<p class=\"western\" style=\"text-align: justify;\"><strong><span style=\"color: #000000;\"><span style=\"font-size: medium;\">\u00ab\u00a0\u00c9coutez, \u00f4 Puissants, \u2026 (N), d\u00fbment consacr\u00e9e Pr\u00eatresse et Sorci\u00e8re, est maintenant correctement pr\u00e9par\u00e9e pour \u00eatre faite Grande Pr\u00eatresse et Reine Sorci\u00e8re (Grand Pr\u00eatre et Magus).\u00a0\u00bb<\/span><\/span><\/strong><\/p>\n<p class=\"western\" style=\"text-align: justify;\"><span style=\"color: #000000;\">Faites trois tours de Cercle, en ex\u00e9cutant un pas de danse et en chantant.<\/span><\/p>\n<p class=\"western\" style=\"text-align: justify;\"><span style=\"color: #000000;\">L\u2019Initi\u00e9e s\u2019agenouille ensuite devant l\u2019Autel et elle est attach\u00e9e avec les Cordes.<\/span><\/p>\n<p class=\"western\" style=\"text-align: justify;\"><span style=\"color: #000000;\">La Pr\u00eatresse ou le Magus\u00a0:<\/span><\/p>\n<p class=\"western\" style=\"text-align: justify;\"><strong><span style=\"color: #000000;\">\u00ab\u00a0Pour atteindre ce Degr\u00e9 sublime, il est n\u00e9cessaire de souffrir et d\u2019\u00eatre purifi\u00e9. Es-tu pr\u00eate \u00e0 souffrir pour apprendre\u00a0?\u00a0\u00bb<\/span><\/strong><\/p>\n<p class=\"western\" style=\"text-align: justify;\"><span style=\"color: #000000;\">L\u2019initi\u00e9e\u00a0:<\/span><\/p>\n<p class=\"western\" style=\"text-align: justify;\"><strong><span style=\"color: #000000;\">\u00ab\u00a0Je le suis.\u00a0\u00bb<\/span><\/strong><\/p>\n<p class=\"western\" style=\"text-align: justify;\"><span style=\"color: #000000;\">La Pr\u00eatresse ou le Magus\u00a0:<\/span><\/p>\n<p class=\"western\" style=\"text-align: justify;\"><strong><span style=\"color: #000000;\">\u00ab\u00a0Je te purifie pour pr\u00eater correctement ce grand serment.\u00a0\u00bb<\/span><\/strong><\/p>\n<p class=\"western\" style=\"text-align: justify;\"><span style=\"color: #000000;\">Faites tinter trois fois la cloche. <\/span><\/p>\n<p class=\"western\" style=\"text-align: justify;\"><span style=\"color: #000000;\">Donnez le fouet 3, 7, 9, 21. <\/span><\/p>\n<p class=\"western\" style=\"text-align: justify;\"><strong><span style=\"color: #000000;\">\u00ab\u00a0Je te donne maintenant un nouveau nom\u00a0: &#8230;\u00a0\u00bb <\/span><\/strong><span style=\"color: #000000;\">[Donne un baiser]<\/span><\/p>\n<p class=\"western\" style=\"text-align: justify;\"><strong><span style=\"color: #000000;\">\u00ab\u00a0R\u00e9p\u00e8te ton nouveau nom apr\u00e8s moi, en disant, &lsquo;Moi, \u2026, je jure, sur le ventre de ma m\u00e8re et sur mon honneur parmi les hommes et mes fr\u00e8res et s\u0153urs de l\u2019Art, que jamais je ne r\u00e9v\u00e9lerai \u00e0 quiconque aucun des secrets de l\u2019Art, sauf \u00e0 une personne digne d&rsquo;estime, correctement pr\u00e9par\u00e9e, au centre d\u2019un Cercle Magique, comme celui o\u00f9 je me trouve maintenant. Cela je le jure sur mes espoirs de salut, sur mes vies pass\u00e9es et sur mes espoirs de celles \u00e0 venir, et je me voue moi-m\u00eame, ainsi que mes mesures, \u00e0 la destruction totale si je brise ce serment solennel&rsquo;.\u00a0\u00bb<\/span><\/strong><\/p>\n<p class=\"western\" style=\"text-align: justify;\"><span style=\"color: #000000;\">Agenouillez-vous.<\/span><\/p>\n<p class=\"western\" style=\"text-align: justify;\"><span style=\"color: #000000;\">Placez la Main Gauche sous les genoux de l\u2019Initi\u00e9e et la Main Droite sur sa T\u00eate, formant ainsi un Lien Magique\u00a0:<\/span><\/p>\n<p class=\"western\" style=\"text-align: justify;\"><strong><span style=\"color: #000000;\">\u00ab\u00a0Je transmets tout mon pouvoir en toi.\u00a0\u00bb <\/span><\/strong><\/p>\n<p class=\"western\" style=\"text-align: justify;\"><span style=\"color: #000000;\">TRANSMISSION.<\/span><\/p>\n<p class=\"western\" style=\"text-align: justify;\"><span style=\"color: #000000;\">Rel\u00e2chez les cordes, aidez l\u2019initi\u00e9e \u00e0 se relever.<\/span><\/p>\n<p class=\"western\" style=\"text-align: justify;\"><span style=\"color: #000000;\"><span style=\"font-size: medium;\">Consacrez-la\u00a0:<\/span><\/span><\/p>\n<p class=\"western\" style=\"text-align: justify;\"><span style=\"color: #000000;\"><span style=\"font-size: medium;\"><strong>\u00ab\u00a0Je te consacre avec l\u2019huile<\/strong> [sur les parties g\u00e9nitales, le sein droit, la hanche gauche, la hanche droite, le sein gauche, les parties g\u00e9nitales], <\/span><\/span><\/p>\n<p class=\"western\" style=\"text-align: justify;\"><strong><span style=\"color: #000000;\"><span style=\"font-size: medium;\">je te consacre avec le vin, <\/span><\/span><\/strong><\/p>\n<p class=\"western\" style=\"text-align: justify;\"><strong><span style=\"color: #000000;\"><span style=\"font-size: medium;\">je te consacre avec mes l\u00e8vres, Grande Pr\u00eatresse et Reine Sorci\u00e8re (Grand Pr\u00eatre et Magus).\u00a0\u00bb<\/span><\/span><\/strong><\/p>\n<p class=\"western\" style=\"text-align: justify;\"><span style=\"color: #000000;\">D\u00e9faites les cordes restantes. [donne un baiser]<\/span><\/p>\n<p class=\"western\" style=\"text-align: justify;\"><span style=\"color: #000000;\"><strong>\u00ab\u00a0Tu dois utiliser \u00e0 pr\u00e9sent les outils de travail \u00e0 ton tour, Premi\u00e8rement, l\u2019\u00c9p\u00e9e Magique.<\/strong> (L\u2019initi\u00e9e Forme le Cercle.)\u00a0\u00bb [Donne un baiser.]<\/span><\/p>\n<p class=\"western\" style=\"text-align: justify;\"><span style=\"color: #000000;\"><strong>\u00ab\u00a0Deuxi\u00e8mement, l\u2019Atham\u00e9.<\/strong> (L\u2019initi\u00e9e Forme le Cercle.)\u00a0\u00bb [Donne un baiser.]<\/span><\/p>\n<p class=\"western\" style=\"text-align: justify;\"><span style=\"color: #000000;\"><strong>\u00ab\u00a0Troisi\u00e8mement, le Couteau \u00e0 Manche-Blanc.<\/strong> (L\u2019initi\u00e9e l\u2019utilise.)\u00a0\u00bb [Donne un baiser.]<\/span><\/p>\n<p class=\"western\" style=\"text-align: justify;\"><span style=\"color: #000000;\"><strong>\u00ab\u00a0Quatri\u00e8mement, la Baguette.<\/strong> (L\u2019initi\u00e9e la fait Tournoyer aux quatre Quartiers.)\u00a0\u00bb [Donne un baiser.]<\/span><\/p>\n<p class=\"western\" style=\"text-align: justify;\"><span style=\"color: #000000;\"><strong>\u00ab\u00a0Cinqui\u00e8mement, le Pentacle.<\/strong> (L\u2019initi\u00e9e le Montre aux quatre Quartiers.)\u00a0\u00bb [Donne un baiser.]<\/span><\/p>\n<p class=\"western\" style=\"text-align: justify;\"><span style=\"color: #000000;\"><strong>\u00ab\u00a0Sixi\u00e8mement, l\u2019Encensoir.<\/strong> (L\u2019initi\u00e9e fait un tour de Cercle, en passant l\u2019encens.)\u00a0\u00bb [Donne un baiser.]<\/span><\/p>\n<p class=\"western\" style=\"text-align: justify;\"><span style=\"color: #000000;\"><strong>\u00ab\u00a0Septi\u00e8mement, les Cordes.<\/strong> (L\u2019initi\u00e9e les utilise.)\u00a0\u00bb [Donne un baiser.]<\/span><\/p>\n<p class=\"western\" style=\"text-align: justify;\"><span style=\"color: #000000;\"><strong>\u00ab\u00a0Huiti\u00e8mement, le fouet\u00a0: pour apprendre, en sorcellerie, tu dois toujours donner autant que tu re\u00e7ois, mais toujours au triple. Ainsi, l\u00e0 o\u00f9 je t\u2019ai donn\u00e9e 3, rends 9\u00a0; l\u00e0 o\u00f9 je t\u2019ai donn\u00e9e 7, rends 21\u00a0; l\u00e0 o\u00f9 je t\u2019ai donn\u00e9e 9, rends 27\u00a0; l\u00e0 o\u00f9 je t\u2019ai donn\u00e9e 21, rends 63.<\/strong> (L\u2019initi\u00e9e utilise le fouet, 9, 21, 27, 63\u00a0; c\u2019est-\u00e0-dire 120 coups en tout [donne un baiser.])\u00a0\u00bb<\/span><\/p>\n<p class=\"western\" style=\"text-align: justify;\"><span style=\"color: #000000;\">\u00ab<strong>\u00a0Tu as ob\u00e9i \u00e0 la loi. Mais note bien que, lorsque tu re\u00e7ois le bien, ainsi tu es \u00e9galement tenue de rendre le bien au triple.\u00a0\u00bb<\/strong><\/span><\/p>\n<p class=\"western\" style=\"text-align: justify;\"><span style=\"color: #000000;\">La Pr\u00eatresse ou le Magus est alors d\u00e9tach\u00e9 de ses cordes et dit\u00a0: <\/span><\/p>\n<p class=\"western\" style=\"text-align: justify;\"><strong><span style=\"color: #000000;\">\u00ab\u00a0\u00c0 pr\u00e9sent que tu as \u00e9t\u00e9 instruite, tu dois savoir pourquoi les Wicca sont appel\u00e9s les Enfants Cach\u00e9s de la D\u00e9esse.\u00a0\u00bb<\/span><\/strong><\/p>\n<ul style=\"text-align: justify;\">\n<li class=\"western\" style=\"text-align: justify;\"><strong>LA L\u00c9GENDE DE LA D\u00c9ESSE<\/strong><\/li>\n<\/ul>\n<p class=\"western\" style=\"text-align: justify;\"><span style=\"color: #000000;\">Ensuite, la L\u00e9gende de la D\u00e9esse est soit lue soit jou\u00e9e. <\/span><\/p>\n<p class=\"western\" style=\"text-align: justify;\"><span style=\"color: #000000;\">S\u2019il est possible de la jouer, la nouvelle Initi\u00e9e (ou le nouvel Initi\u00e9) pourra prendre l\u2019un des r\u00f4les. <\/span><\/p>\n<p class=\"western\" style=\"text-align: justify;\"><span style=\"color: #000000;\">Un des membres du Coven devra jouer le r\u00f4le du Narrateur, un autre celui du Gardien du Portail. <\/span><\/p>\n<p class=\"western\" style=\"text-align: justify;\"><span style=\"color: #000000;\">La Pr\u00eatresse, ou une autre femme, pourra jouer le r\u00f4le de la D\u00e9esse, et le Magus, ou un autre homme, pourra jouer le r\u00f4le du Dieu. <\/span><\/p>\n<p class=\"western\" style=\"text-align: justify;\"><span style=\"color: #000000;\">La Pr\u00eatresse \u2013 ou celle qui interpr\u00e8te le r\u00f4le de la D\u00e9esse \u2013 retire son collier et le pose sur l\u2019Autel. Puis, elle sort du cercle, elle porte un voile et des bijoux. <\/span><\/p>\n<p class=\"western\" style=\"text-align: justify;\"><span style=\"color: #000000;\">Le Magus \u2013 ou celui qui interpr\u00e8te le r\u00f4le du Dieu \u2013 est coiff\u00e9 d&rsquo;une couronne cornue et ceint d\u2019une \u00e9p\u00e9e, qu\u2019il tire de son fourreau, puis il se place devant l\u2019autel dans la position du Dieu avec l\u2019\u00e9p\u00e9e et le fouet.<\/span><\/p>\n<p class=\"western\" style=\"text-align: justify;\"><span style=\"color: #000000;\">Le Narrateur\u00a0:<\/span><\/p>\n<p class=\"western\" style=\"text-align: justify;\"><strong><span style=\"color: #000000;\">\u00ab\u00a0Dans les temps anciens, notre Seigneur, le Cornu \u00e9tait Celui qui Console, Celui qui R\u00e9conforte, et il l&rsquo;est toujours\u00a0; mais les hommes le connaissaient sous le nom d\u2019Effroyable Seigneur des Ombres \u2013 solitaire, s\u00e9v\u00e8re et dur. Notre Dame, la D\u00e9esse, n\u2019avait alors encore jamais aim\u00e9, mais elle voulait r\u00e9soudre tous les myst\u00e8res, m\u00eame le myst\u00e8re de la Mort \u2013 et ainsi elle voyagea jusqu\u2019au Monde-d\u2019en-Bas. Les Gardiens du Portail l&rsquo;arr\u00eat\u00e8rent.\u00a0\u00bb<\/span><\/strong><\/p>\n<p class=\"western\" style=\"text-align: justify;\"><span style=\"color: #000000;\">(La Pr\u00eatresse \u2013 ou celle qui interpr\u00e8te le r\u00f4le de la D\u00e9esse \u2013 s\u2019avance vers le Cercle. La personne qui interpr\u00e8te le r\u00f4le du Gardien du Portail l&rsquo;arr\u00eate avec l\u2019\u00c9p\u00e9e ou l\u2019Atham\u00e9.)<\/span><\/p>\n<p class=\"western\" style=\"text-align: justify;\"><span style=\"color: #000000;\"><span style=\"font-size: medium;\">Le Narrateur\u00a0\u00a0: <\/span><\/span><\/p>\n<p class=\"western\" style=\"text-align: justify;\"><strong><span style=\"color: #000000;\"><span style=\"font-size: medium;\">\u00ab\u00a0&lsquo;Enl\u00e8ve tes v\u00eatements, retire tes bijoux, car tu ne peux rien amener avec toi dans ce monde&rsquo;. Alors, elle renon\u00e7a \u00e0 ses v\u00eatements et bijoux puis fut attach\u00e9e, comme tous ceux qui entrent aux royaumes de la Mort, le Puissant.\u00a0\u00bb<\/span><\/span><\/strong><\/p>\n<p class=\"western\" style=\"text-align: justify;\"><span style=\"color: #000000;\">(La Pr\u00eatresse \u00f4te son voile et ses bijoux, et les d\u00e9pose par terre en dehors du Cercle. Le Gardien du Portail l\u2019attache avec les Cordes et l\u2019am\u00e8ne \u00e0 l\u2019int\u00e9rieur du Cercle.)<\/span><\/p>\n<p class=\"western\" style=\"text-align: justify;\"><span style=\"color: #000000;\"><span style=\"font-size: medium;\">Le Narrateur\u00a0: <\/span><\/span><\/p>\n<p class=\"western\" style=\"text-align: justify;\"><strong><span style=\"color: #000000;\"><span style=\"font-size: medium;\">\u00ab\u00a0Telle \u00e9tait sa beaut\u00e9 que la Mort, lui-m\u00eame, s\u2019agenouilla et d\u00e9posa son \u00e9p\u00e9e et sa couronne \u00e0 ses pieds qu\u2019il embrassa.\u00a0\u00bb<\/span><\/span><\/strong><\/p>\n<p class=\"western\" style=\"text-align: justify;\"><span style=\"color: #000000;\">(Le Magus \u2013 ou celui qui interpr\u00e8te le r\u00f4le du Dieu \u2013 se pr\u00e9sente, d\u00e9pose la Couronne Cornue et l\u2019\u00c9p\u00e9e aux pieds de la Pr\u00eatresse, pieds qu\u2019il embrasse.)<\/span><\/p>\n<p class=\"western\" style=\"text-align: justify;\"><span style=\"color: #000000;\">Le Narrateur\u00a0: <\/span><\/p>\n<p class=\"western\" style=\"text-align: justify;\"><strong><span style=\"color: #000000;\">\u00ab\u00a0En disant, &lsquo;B\u00e9nis soient tes pieds qui t\u2019ont conduite sur ces chemins. Demeure avec moi, mais permets-moi de poser ma main froide sur ton c\u0153ur.&rsquo; Et elle r\u00e9pliqua, &lsquo;Je ne t\u2019aime pas. Pourquoi provoques-tu le d\u00e9clin et la mort de toutes ces choses que j\u2019aime et auxquelles je prends plaisir.&rsquo; &lsquo;Ma Dame&rsquo;, r\u00e9pondit la Mort, &lsquo;C\u2019est l\u2019\u00c2ge et le Destin, contre lesquels je suis impuissant. L\u2019\u00c2ge fait d\u00e9p\u00e9rir toutes choses\u00a0; mais lorsque les hommes meurent, lorsque leur temps est pass\u00e9, je leur prodigue le repos, la paix et la force, afin qu\u2019ils puissent revenir. Mais toi, tu es ravissante. Ne t\u2019en retourne pas\u00a0; demeure avec moi.&rsquo; Mais elle r\u00e9pondit, &lsquo;je ne t\u2019aime pas.&rsquo; La Mort dit ensuite, &lsquo;Si tu n\u2019accueilles pas ma main sur ton c\u0153ur, tu devras recevoir le fouet de la Mort.\u00a0\u00bb<\/span><\/strong><\/p>\n<p class=\"western\" style=\"text-align: justify;\"><span style=\"color: #000000;\">(Le Magus se l\u00e8ve et prend le Fouet sur l\u2019Autel.)<\/span><\/p>\n<p class=\"western\" style=\"text-align: justify;\"><span style=\"color: #000000;\">Le Narrateur\u00a0:<\/span><\/p>\n<p class=\"western\" style=\"text-align: justify;\"><strong><span style=\"color: #000000;\">\u00ab\u00a0&lsquo;C\u2019est le destin, et c\u2019est mieux ainsi,&rsquo; dit-elle, et elle s\u2019agenouilla.\u00a0\u00bb<\/span><\/strong><\/p>\n<p class=\"western\" style=\"text-align: justify;\"><span style=\"color: #000000;\">(La Pr\u00eatresse s\u2019agenouille devant l\u2019autel, et le Magus utilise le fouet\u00a03, 7, 9, 21.)<\/span><\/p>\n<p class=\"western\" style=\"text-align: justify;\"><span style=\"color: #000000;\">Le Narrateur\u00a0:<\/span><\/p>\n<p class=\"western\" style=\"text-align: justify;\"><strong><span style=\"color: #000000;\">\u00ab\u00a0Et la Mort la fouetta tendrement, et elle s\u2019\u00e9cria, &lsquo;Je ressens les affres de l\u2019amour&rsquo;. Et la Mort la releva, et dit, &lsquo;B\u00e9nie sois-tu,&rsquo; et il lui donna le Quintuple Baiser, en disant, &lsquo;C\u2019est seulement ainsi que tu peux atteindre la joie et la connaissance.&rsquo;\u00a0\u00bb<\/span><\/strong><\/p>\n<p class=\"western\" style=\"text-align: justify;\"><span style=\"color: #000000;\">(Le Magus rel\u00e8ve la Pr\u00eatresse, lui donne le Quintuple Baiser et d\u00e9noue les cordes)<\/span><\/p>\n<p class=\"western\" style=\"text-align: justify;\"><span style=\"color: #000000;\">Le Narrateur\u00a0: <\/span><\/p>\n<p class=\"western\" style=\"text-align: justify;\"><strong><span style=\"color: #000000;\">\u00ab\u00a0Et il lui enseigna tous les Myst\u00e8res et lui donna le collier, qui est le Cercle de la Renaissance.\u00a0\u00bb<\/span><\/strong><\/p>\n<p class=\"western\" style=\"text-align: justify;\"><span style=\"color: #000000;\"><span style=\"font-size: medium;\">(Le Magus prend le collier de la Pr\u00eatresse pos\u00e9 sur l\u2019Autel et le remet autour de son cou. La Pr\u00eatresse prend l\u2019\u00c9p\u00e9e et la Couronne Cornue pos\u00e9es sur le sol, l\u00e0 o\u00f9 les avait plac\u00e9es le Magus, et les lui rend. Puis, il se replace devant l\u2019Autel, dans la position du Dieu, et elle se tient \u00e0 ses c\u00f4t\u00e9s dans la position du pentacle, comme la D\u00e9esse.)<\/span><\/span><\/p>\n<p class=\"western\" style=\"text-align: justify;\"><span style=\"color: #000000;\">Le Narrateur\u00a0: <\/span><\/p>\n<p class=\"western\" style=\"text-align: justify;\"><strong><span style=\"color: #000000;\">\u00ab\u00a0Et elle lui enseigna le myst\u00e8re de la coupe sacr\u00e9e, qui est le chaudron de renaissance. Ils s\u2019aim\u00e8rent et ne firent qu&rsquo;un\u00a0; et il lui enseigna toutes les Magies. Car il y a trois grands myst\u00e8res dans la vie d\u2019un homme \u2013 l\u2019amour, la mort et la r\u00e9surrection dans un nouveau corps \u2013 et la magie les contr\u00f4le tous. Pour que l\u2019amour s\u2019accomplisse, tu dois revenir \u00e0 la m\u00eame \u00e9poque et au m\u00eame endroit que ceux que tu aimes, et tu dois les rencontrer, les conna\u00eetre, te souvenir d\u2019eux et les aimer \u00e0 nouveau. Mais pour te r\u00e9incarner, tu dois mourir et \u00eatre pr\u00eat \u00e0 recevoir un nouveau corps\u00a0; pour mourir, tu dois \u00eatre n\u00e9\u00a0; sans amour, tu ne peux na\u00eetre \u2013 et voici ce que sont toutes les magies. Et notre D\u00e9esse est toujours encline \u00e0 l\u2019amour, \u00e0 la joie et au bonheur, et elle prot\u00e8ge et ch\u00e9rit ses enfants cach\u00e9s au cours de leur vie\u00a0; et dans la mort, Elle leur apprend comment communier, et m\u00eame dans ce monde, Elle leur enseigne le Myst\u00e8re du Cercle Magique, qui se situe entre les mondes.\u00a0\u00bb<\/span><\/strong><\/p>\n<p class=\"western\" style=\"text-align: justify;\"><span style=\"color: #000000;\">La Pr\u00eatresse ou le Magus replace ensuite l\u2019\u00c9p\u00e9e, la Couronne, le Fouet, etc., sur l&rsquo;Autel, et en prenant le nouvel Initi\u00e9 (ndt\u00a0: ou la nouvelle Initi\u00e9e) par la main et en tenant l&rsquo;Atham\u00e9 dans l&rsquo;autre main, fait un tour de Cercle, en proclamant aux Quatre Quartiers,<\/span><\/p>\n<p class=\"western\" style=\"text-align: justify;\"><strong><span style=\"color: #000000;\">\u00ab\u00a0\u00c9coutez, \u00d4 Puissants,\u00a0\u2026 a \u00e9t\u00e9 d\u00fbment consacr\u00e9 Grand Pr\u00eatre et Magus (ou Grande Pr\u00eatresse et Reine Sorci\u00e8re).\u00a0\u00bb<\/span><\/strong><\/p>\n","protected":false},"excerpt":{"rendered":"<p>Formez le Cercle de la mani\u00e8re habituelle, en invoquant les Puissants aux Quatre Quartiers. L\u2019initi\u00e9e doit \u00eatre correctement pr\u00e9par\u00e9e et attach\u00e9e avec les Cordes. Tous sont purifi\u00e9s, y compris l\u2019Initi\u00e9e. Faites un tour de Cercle, en proclamant aux Quatre Quartiers\u00a0: \u00ab\u00a0\u00c9coutez, \u00f4 Puissants, \u2026 (N), d\u00fbment consacr\u00e9e Pr\u00eatresse et Sorci\u00e8re, est maintenant correctement pr\u00e9par\u00e9e pour&#8230;<\/p>\n","protected":false},"author":2,"featured_media":0,"parent":2610,"menu_order":10,"comment_status":"closed","ping_status":"closed","template":"silo.php","meta":{"footnotes":""},"class_list":["post-2655","page","type-page","status-publish","hentry"],"_links":{"self":[{"href":"https:\/\/www.le-sidh.org\/wicca\/wp-json\/wp\/v2\/pages\/2655","targetHints":{"allow":["GET"]}}],"collection":[{"href":"https:\/\/www.le-sidh.org\/wicca\/wp-json\/wp\/v2\/pages"}],"about":[{"href":"https:\/\/www.le-sidh.org\/wicca\/wp-json\/wp\/v2\/types\/page"}],"author":[{"embeddable":true,"href":"https:\/\/www.le-sidh.org\/wicca\/wp-json\/wp\/v2\/users\/2"}],"replies":[{"embeddable":true,"href":"https:\/\/www.le-sidh.org\/wicca\/wp-json\/wp\/v2\/comments?post=2655"}],"version-history":[{"count":3,"href":"https:\/\/www.le-sidh.org\/wicca\/wp-json\/wp\/v2\/pages\/2655\/revisions"}],"predecessor-version":[{"id":2661,"href":"https:\/\/www.le-sidh.org\/wicca\/wp-json\/wp\/v2\/pages\/2655\/revisions\/2661"}],"up":[{"embeddable":true,"href":"https:\/\/www.le-sidh.org\/wicca\/wp-json\/wp\/v2\/pages\/2610"}],"wp:attachment":[{"href":"https:\/\/www.le-sidh.org\/wicca\/wp-json\/wp\/v2\/media?parent=2655"}],"curies":[{"name":"wp","href":"https:\/\/api.w.org\/{rel}","templated":true}]}}