{"id":2651,"date":"2015-09-23T19:04:38","date_gmt":"2015-09-23T17:04:38","guid":{"rendered":"http:\/\/www.le-sidh.org\/wicca\/?page_id=2651"},"modified":"2015-09-23T19:04:38","modified_gmt":"2015-09-23T17:04:38","slug":"les-huit-voies-ou-sentiers","status":"publish","type":"page","link":"https:\/\/www.le-sidh.org\/wicca\/livres-des-ombres-gardnerien\/le-livre-des-ombres-de-1957\/les-huit-voies-ou-sentiers\/","title":{"rendered":"Les Huit Voies ou Sentiers"},"content":{"rendered":"<ol>\n<li>\n<p class=\"western\" style=\"text-align: justify;\"><span style=\"color: #000000;\">La M\u00e9ditation ou la concentration, tu sais r\u00e9ellement et fermement que tu peux et vas r\u00e9ussir \u2013 en formant une image claire dans ton esprit ou selon tes exigences.<\/span><\/p>\n<\/li>\n<li style=\"text-align: justify;\">\n<p class=\"western\"><span style=\"color: #000000;\">Les \u00c9tats de transe, la Clairvoyance, la Projection Astrale, etc.<\/span><\/p>\n<\/li>\n<li style=\"text-align: justify;\">\n<p class=\"western\"><span style=\"color: #000000;\">Les Drogues, le Vin, les Encens.<\/span><\/p>\n<\/li>\n<li style=\"text-align: justify;\">\n<p class=\"western\"><span style=\"color: #000000;\">La Danse, Accomplir les Rites avec une intention.<\/span><\/p>\n<\/li>\n<li style=\"text-align: justify;\">\n<p class=\"western\"><span style=\"color: #000000;\">Les Chants, les Sortil\u00e8ges, etc.<\/span><\/p>\n<\/li>\n<li style=\"text-align: justify;\">\n<p class=\"western\"><span style=\"color: #000000;\">Le Contr\u00f4le du Sang (Cordes, etc.), le contr\u00f4le de la respiration.<\/span><\/p>\n<\/li>\n<li style=\"text-align: justify;\">\n<p class=\"western\"><span style=\"color: #000000;\">Le Fouet<\/span><\/p>\n<\/li>\n<li style=\"text-align: justify;\">\n<p class=\"western\"><span style=\"color: #000000;\">Le Grand Rite<\/span><\/p>\n<\/li>\n<\/ol>\n<p class=\"western\" style=\"text-align: justify;\"><span style=\"color: #000000;\"><b>N.B.<\/b>\u00a0: C&rsquo;est une bonne chose de combiner le plus grand nombre de ces sentiers en une seule op\u00e9ration. <\/span><\/p>\n<p class=\"western\" style=\"text-align: justify;\"><span style=\"color: #000000;\">Le n\u00b0\u00a01 doit se retrouver en tout \u2013 car si tu n&rsquo;as pas d\u2019image claire de ce que tu souhaites ni de certitude, tu ne r\u00e9ussiras pas, c\u2019est inutile.<\/span><\/p>\n<p class=\"western\" style=\"text-align: justify;\"><span style=\"color: #000000;\">Le n\u00b0\u00a02 peut y \u00eatre combin\u00e9 facilement. <\/span><\/p>\n<p class=\"western\" style=\"text-align: justify;\"><span style=\"color: #000000;\">Les n\u00b0\u00a03, 4 et 5 sont tous de bons pr\u00e9liminaires \u2013 ainsi que les n\u00b0\u00a06 et 7\u00a0; mais le n\u00b0\u00a03 est dangereux et c&rsquo;est pourquoi il doit \u00eatre \u00e9vit\u00e9 si possible, \u00e0 l&rsquo;exception de l\u2019encens qui est inoffensif s&rsquo;il n&rsquo;est pas utilis\u00e9 en trop grande quantit\u00e9.<\/span><\/p>\n<p class=\"western\" style=\"text-align: justify;\"><span style=\"color: #000000;\">La meilleure combinaison repr\u00e9sente les n\u00b0\u00a01, 4, 5 et 7, pour de petits objectifs, avec le n\u00b0\u00a08 si une grande force se r\u00e9v\u00e8le n\u00e9cessaire.<\/span><\/p>\n<p class=\"western\" style=\"text-align: justify;\"><span style=\"color: #000000;\">La combinaison des sentiers n\u00b0\u00a01, 6 et 7 est \u00e9galement bonne s&rsquo;il n&rsquo;est pas possible de faire davantage\u00a0; si elle est correctement accomplie, elle conduit au n\u00b0\u00a02.<\/span><\/p>\n","protected":false},"excerpt":{"rendered":"<p>La M\u00e9ditation ou la concentration, tu sais r\u00e9ellement et fermement que tu peux et vas r\u00e9ussir \u2013 en formant une image claire dans ton esprit ou selon tes exigences. Les \u00c9tats de transe, la Clairvoyance, la Projection Astrale, etc. Les Drogues, le Vin, les Encens. La Danse, Accomplir les Rites avec une intention. Les Chants,&#8230;<\/p>\n","protected":false},"author":2,"featured_media":0,"parent":2610,"menu_order":8,"comment_status":"closed","ping_status":"closed","template":"silo.php","meta":{"footnotes":""},"class_list":["post-2651","page","type-page","status-publish","hentry"],"_links":{"self":[{"href":"https:\/\/www.le-sidh.org\/wicca\/wp-json\/wp\/v2\/pages\/2651","targetHints":{"allow":["GET"]}}],"collection":[{"href":"https:\/\/www.le-sidh.org\/wicca\/wp-json\/wp\/v2\/pages"}],"about":[{"href":"https:\/\/www.le-sidh.org\/wicca\/wp-json\/wp\/v2\/types\/page"}],"author":[{"embeddable":true,"href":"https:\/\/www.le-sidh.org\/wicca\/wp-json\/wp\/v2\/users\/2"}],"replies":[{"embeddable":true,"href":"https:\/\/www.le-sidh.org\/wicca\/wp-json\/wp\/v2\/comments?post=2651"}],"version-history":[{"count":1,"href":"https:\/\/www.le-sidh.org\/wicca\/wp-json\/wp\/v2\/pages\/2651\/revisions"}],"predecessor-version":[{"id":2652,"href":"https:\/\/www.le-sidh.org\/wicca\/wp-json\/wp\/v2\/pages\/2651\/revisions\/2652"}],"up":[{"embeddable":true,"href":"https:\/\/www.le-sidh.org\/wicca\/wp-json\/wp\/v2\/pages\/2610"}],"wp:attachment":[{"href":"https:\/\/www.le-sidh.org\/wicca\/wp-json\/wp\/v2\/media?parent=2651"}],"curies":[{"name":"wp","href":"https:\/\/api.w.org\/{rel}","templated":true}]}}