{"id":2649,"date":"2015-09-23T19:01:04","date_gmt":"2015-09-23T17:01:04","guid":{"rendered":"http:\/\/www.le-sidh.org\/wicca\/?page_id=2649"},"modified":"2015-09-23T19:01:04","modified_gmt":"2015-09-23T17:01:04","slug":"les-rituels-de-sabbat-solstice-dhiver","status":"publish","type":"page","link":"https:\/\/www.le-sidh.org\/wicca\/livres-des-ombres-gardnerien\/le-livre-des-ombres-de-1957\/les-rituels-de-sabbat-solstice-dhiver\/","title":{"rendered":"Les Rituels de Sabbat : Solstice d\u2019Hiver"},"content":{"rendered":"<p style=\"text-align: justify;\">Formez le cercle de la mani\u00e8re habituelle, en invoquant les Puissants.<\/p>\n<p style=\"text-align: justify;\">Le Chaudron de Cerridwen est plac\u00e9 dans le cercle au sud, entour\u00e9 d&rsquo;une couronne de houx, de lierre et de gui, et avec du feu \u00e0 l\u2019int\u00e9rieur. Il ne doit y avoir aucune autre lumi\u00e8re, \u00e0 l\u2019exception des bougies sur l\u2019autel et autour du cercle.<\/p>\n<p style=\"text-align: justify;\">Apr\u00e8s que tous sont purifi\u00e9s, on doit faire descendre la Lune.<\/p>\n<p style=\"text-align: justify;\">Puis la Grande Pr\u00eatresse se tient derri\u00e8re le Chaudron dans la position du pentacle, symbolisant la renaissance du soleil. Les gens, hommes et femmes altern\u00e9s, se tiennent debout en rond dans le cercle.<\/p>\n<p style=\"text-align: justify;\">Le Magus se tient face \u00e0 la Grande Pr\u00eatresse avec un paquet de torches ou de bougies, et le livre des paroles incantatoires. Un des officiants se tient \u00e0 c\u00f4t\u00e9 de lui avec une bougie allum\u00e9e, afin qu\u2019il puisse disposer de lumi\u00e8re pour lire.<\/p>\n<p style=\"text-align: justify;\">Les gens commencent \u00e0 tourner lentement \u00e0 l&rsquo;int\u00e9rieur du cercle, dans le sens de la marche du soleil. Tandis que chacun passe devant le Magus, ce dernier leur allume une bougie ou une torche avec le feu du chaudron, qui peut \u00eatre simplement celui d\u2019une bougie, jusqu\u2019\u00e0 ce que tous disposent d&rsquo;une bougie ou d&rsquo;une torche allum\u00e9e. Ensuite, les gens dansent lentement en cercle tandis qu&rsquo;il lit l\u2019incantation. (Un vrai feu doit maintenant \u00eatre allum\u00e9 dans le Chaudron.)<\/p>\n<p style=\"text-align: justify;\"><strong>\u00ab\u00a0Reine de la Lune, Reine du Soleil.<\/strong><\/p>\n<p style=\"text-align: justify;\"><strong>Reine des Cieux, Reine des \u00c9toiles.<\/strong><\/p>\n<p style=\"text-align: justify;\"><strong>Reine des Eaux, Reine de la Terre.<\/strong><\/p>\n<p style=\"text-align: justify;\"><strong>Qui nous a destin\u00e9 l\u2019enfant de promesse\u00a0:<\/strong><\/p>\n<p style=\"text-align: justify;\"><strong>C\u2019est la Grande M\u00e8re qui lui donne naissance,<\/strong><\/p>\n<p style=\"text-align: justify;\"><strong>Il est le Seigneur de la Vie qui est n\u00e9 \u00e0 nouveau<\/strong><\/p>\n<p style=\"text-align: justify;\"><strong>L\u2019obscurit\u00e9 et les larmes sont loin derri\u00e8re,<\/strong><\/p>\n<p style=\"text-align: justify;\"><strong>Et l\u2019\u00e9toile-guide se l\u00e8ve t\u00f4t.<\/strong><\/p>\n<p style=\"text-align: justify;\"><strong>Soleil d\u2019Or des collines et montagnes illumine le pays,<\/strong><\/p>\n<p style=\"text-align: justify;\"><strong>Illumine le monde, illumine les mers, illumine les rivi\u00e8res,<\/strong><\/p>\n<p style=\"text-align: justify;\"><strong>Que le Chagrin soit dissip\u00e9, et que la joie \u00e9clate.<\/strong><\/p>\n<p style=\"text-align: justify;\"><strong>B\u00e9nie soit la Grande M\u00e8re, Sans commencement, sans fin, pour l\u2019\u00c9ternelle, Pour l\u2019\u00e9ternit\u00e9, I. O. \u00c9voh\u00e9, Sois b\u00e9nie.\u00a0\u00bb<\/strong><\/p>\n<p style=\"text-align: justify;\">La danse commence lentement, en rythme avec le chant, tous reprennent l\u2019appel\u00a0:<\/p>\n<p style=\"text-align: justify;\"><strong>\u00ab\u00a0I. O. Sois B\u00e9nie.\u00a0\u00bb<\/strong><\/p>\n<p style=\"text-align: justify;\">La Pr\u00eatresse rejoint la danse et les conduit \u00e0 un rythme plus rapide. Le chaudron dans lequel le feu br\u00fble est d\u00e9plac\u00e9 afin que les danseurs sautent ou passent par-dessus, en couple. Tout couple qui passe au-dessus du chaudron alors que celui-ci s&rsquo;\u00e9teint, sera correctement purifi\u00e9, trois fois chacun et peut s\u2019acquitter de tout gage amusant que la Grande Pr\u00eatresse peut ordonner. Parfois, le chaudron est rallum\u00e9 plusieurs fois dans ce but.<\/p>\n","protected":false},"excerpt":{"rendered":"<p>Formez le cercle de la mani\u00e8re habituelle, en invoquant les Puissants. Le Chaudron de Cerridwen est plac\u00e9 dans le cercle au sud, entour\u00e9 d&rsquo;une couronne de houx, de lierre et de gui, et avec du feu \u00e0 l\u2019int\u00e9rieur. Il ne doit y avoir aucune autre lumi\u00e8re, \u00e0 l\u2019exception des bougies sur l\u2019autel et autour du&#8230;<\/p>\n","protected":false},"author":2,"featured_media":0,"parent":2610,"menu_order":7,"comment_status":"closed","ping_status":"closed","template":"silo.php","meta":{"footnotes":""},"class_list":["post-2649","page","type-page","status-publish","hentry"],"_links":{"self":[{"href":"https:\/\/www.le-sidh.org\/wicca\/wp-json\/wp\/v2\/pages\/2649","targetHints":{"allow":["GET"]}}],"collection":[{"href":"https:\/\/www.le-sidh.org\/wicca\/wp-json\/wp\/v2\/pages"}],"about":[{"href":"https:\/\/www.le-sidh.org\/wicca\/wp-json\/wp\/v2\/types\/page"}],"author":[{"embeddable":true,"href":"https:\/\/www.le-sidh.org\/wicca\/wp-json\/wp\/v2\/users\/2"}],"replies":[{"embeddable":true,"href":"https:\/\/www.le-sidh.org\/wicca\/wp-json\/wp\/v2\/comments?post=2649"}],"version-history":[{"count":1,"href":"https:\/\/www.le-sidh.org\/wicca\/wp-json\/wp\/v2\/pages\/2649\/revisions"}],"predecessor-version":[{"id":2650,"href":"https:\/\/www.le-sidh.org\/wicca\/wp-json\/wp\/v2\/pages\/2649\/revisions\/2650"}],"up":[{"embeddable":true,"href":"https:\/\/www.le-sidh.org\/wicca\/wp-json\/wp\/v2\/pages\/2610"}],"wp:attachment":[{"href":"https:\/\/www.le-sidh.org\/wicca\/wp-json\/wp\/v2\/media?parent=2649"}],"curies":[{"name":"wp","href":"https:\/\/api.w.org\/{rel}","templated":true}]}}