{"id":2645,"date":"2015-09-23T18:52:04","date_gmt":"2015-09-23T16:52:04","guid":{"rendered":"http:\/\/www.le-sidh.org\/wicca\/?page_id=2645"},"modified":"2015-09-23T18:52:04","modified_gmt":"2015-09-23T16:52:04","slug":"les-rituels-de-sabbat-solstice-dete","status":"publish","type":"page","link":"https:\/\/www.le-sidh.org\/wicca\/livres-des-ombres-gardnerien\/le-livre-des-ombres-de-1957\/les-rituels-de-sabbat-solstice-dete\/","title":{"rendered":"Les Rituels de Sabbat : Solstice d\u2019\u00c9t\u00e9"},"content":{"rendered":"<p style=\"text-align: justify;\">Formez le cercle. Invoquez, Purifiez. Le chaudron, rempli d&rsquo;eau et entour\u00e9 d&rsquo;une couronne de fleurs d&rsquo;\u00e9t\u00e9, est plac\u00e9 devant l&rsquo;autel. Les gens, hommes et femmes altern\u00e9s, se tiennent debout en cercle. La Grande Pr\u00eatresse se tient au nord, devant le Chaudron, l\u00e8ve soit la baguette, qui doit \u00eatre Phallique ou surmont\u00e9e d\u2019une pomme de pin (anciennement le thyrse), soit un b\u00e2ton de chevauchement ou encore un balai, pour invoquer le soleil.<\/p>\n<p style=\"text-align: justify;\"><strong>\u00ab\u00a0Grand des Cieux, Pouvoir du Soleil, nous t\u2019invoquons par tes noms anciens, Micha\u00ebl, Balin, Arthur, Lugh, Herne. Reviens, comme au temps jadis, sur cette terre qui est tienne. Soul\u00e8ve ta lance brillante de lumi\u00e8re pour nous prot\u00e9ger. Mets en fuite les pouvoirs de l\u2019obscurit\u00e9, donne-nous de belles for\u00eats et des champs verdoyants, des vergers florissants et du bl\u00e9 m\u00fbr. Emm\u00e8ne-nous pour que nous nous tenions au sommet de ta colline de vision, et montre-nous la voie qui m\u00e8ne aux somptueux royaumes des dieux.\u00a0\u00bb<\/strong><\/p>\n<p style=\"text-align: justify;\">La Grande Pr\u00eatresse dessine le pentagramme d\u2019invocation sur le Magus avec la baguette.<\/p>\n<p style=\"text-align: justify;\">Le Magus avance dans le sens de la marche du soleil et prend la baguette avec un baiser, la plonge dans le chaudron, la maintient en position verticale, en disant\u00a0:<\/p>\n<p style=\"text-align: justify;\"><strong>\u00ab L&rsquo;\u00e9pieu au Chaudron, la lance au Graal, l\u2019esprit \u00e0 la chair, l\u2019homme \u00e0 la femme, le soleil \u00e0 la terre. \u00bb<\/strong><\/p>\n<p style=\"text-align: justify;\">Il salue la Grande Pr\u00eatresse au-dessus du Chaudron, puis rejoint les gens, en portant toujours la baguette.<\/p>\n<p style=\"text-align: justify;\">La Grande Pr\u00eatresse prend le goupillon, se tient devant le Chaudron et dit\u00a0:<\/p>\n<p style=\"text-align: justify;\"><strong>\u00ab\u00a0Dansez autour du Chaudron de la D\u00e9esse Cerridwen et soyez b\u00e9nis par le contact de cette eau consacr\u00e9e, alors m\u00eame que le soleil, le seigneur de la lumi\u00e8re, atteint son intensit\u00e9 sous le signe des eaux de la vie.\u00a0\u00bb<\/strong><\/p>\n<p style=\"text-align: justify;\">Les gens dansent dans le sens de la marche du soleil autour de l\u2019autel et du chaudron, men\u00e9s par le Magus qui porte la baguette. La Grande Pr\u00eatresse les asperge l\u00e9g\u00e8rement tandis qu\u2019ils passent devant elle.<\/p>\n<p style=\"text-align: justify;\">Rituel des g\u00e2teaux et du vin.<\/p>\n<p class=\"western\" style=\"text-align: justify;\">Toutes autres danses, rites ou jeux comme le souhaitent la Pr\u00eatresse et les gens.<\/p>\n","protected":false},"excerpt":{"rendered":"<p>Formez le cercle. Invoquez, Purifiez. Le chaudron, rempli d&rsquo;eau et entour\u00e9 d&rsquo;une couronne de fleurs d&rsquo;\u00e9t\u00e9, est plac\u00e9 devant l&rsquo;autel. Les gens, hommes et femmes altern\u00e9s, se tiennent debout en cercle. La Grande Pr\u00eatresse se tient au nord, devant le Chaudron, l\u00e8ve soit la baguette, qui doit \u00eatre Phallique ou surmont\u00e9e d\u2019une pomme de pin&#8230;<\/p>\n","protected":false},"author":2,"featured_media":0,"parent":2610,"menu_order":5,"comment_status":"closed","ping_status":"closed","template":"silo.php","meta":{"footnotes":""},"class_list":["post-2645","page","type-page","status-publish","hentry"],"_links":{"self":[{"href":"https:\/\/www.le-sidh.org\/wicca\/wp-json\/wp\/v2\/pages\/2645","targetHints":{"allow":["GET"]}}],"collection":[{"href":"https:\/\/www.le-sidh.org\/wicca\/wp-json\/wp\/v2\/pages"}],"about":[{"href":"https:\/\/www.le-sidh.org\/wicca\/wp-json\/wp\/v2\/types\/page"}],"author":[{"embeddable":true,"href":"https:\/\/www.le-sidh.org\/wicca\/wp-json\/wp\/v2\/users\/2"}],"replies":[{"embeddable":true,"href":"https:\/\/www.le-sidh.org\/wicca\/wp-json\/wp\/v2\/comments?post=2645"}],"version-history":[{"count":1,"href":"https:\/\/www.le-sidh.org\/wicca\/wp-json\/wp\/v2\/pages\/2645\/revisions"}],"predecessor-version":[{"id":2646,"href":"https:\/\/www.le-sidh.org\/wicca\/wp-json\/wp\/v2\/pages\/2645\/revisions\/2646"}],"up":[{"embeddable":true,"href":"https:\/\/www.le-sidh.org\/wicca\/wp-json\/wp\/v2\/pages\/2610"}],"wp:attachment":[{"href":"https:\/\/www.le-sidh.org\/wicca\/wp-json\/wp\/v2\/media?parent=2645"}],"curies":[{"name":"wp","href":"https:\/\/api.w.org\/{rel}","templated":true}]}}