{"id":2643,"date":"2015-09-23T18:50:37","date_gmt":"2015-09-23T16:50:37","guid":{"rendered":"http:\/\/www.le-sidh.org\/wicca\/?page_id=2643"},"modified":"2015-09-23T18:50:44","modified_gmt":"2015-09-23T16:50:44","slug":"les-rituels-de-sabbat-equinoxe-de-printemps","status":"publish","type":"page","link":"https:\/\/www.le-sidh.org\/wicca\/livres-des-ombres-gardnerien\/le-livre-des-ombres-de-1957\/les-rituels-de-sabbat-equinoxe-de-printemps\/","title":{"rendered":"Les Rituels de Sabbat : \u00c9quinoxe de Printemps"},"content":{"rendered":"<p style=\"text-align: justify;\">Le symbole de la roue doit \u00eatre plac\u00e9 debout sur l\u2019autel, d\u00e9cor\u00e9 de fleurs, encadr\u00e9 de bougies allum\u00e9es. Le Chaudron, contenant de l\u2019alcool, est plac\u00e9 \u00e0 l\u2019est. Le Magus, se tient \u00e0 l\u2019ouest, la Grande Pr\u00eatresse, \u00e0 l\u2019est, avec la baguette Phallique ou la baguette surmont\u00e9e d\u2019une pomme de pin, ou le balai, ou encore le b\u00e2ton de chevauchement, brosse vers le haut.<\/p>\n<p style=\"text-align: justify;\">La Grande Pr\u00eatresse allume le chaudron, en disant\u00a0:<\/p>\n<p style=\"text-align: justify;\"><strong>\u00ab\u00a0Nous allumons le feu en ce jour\u00a0! En pr\u00e9sence des Saints\u00a0: Sans m\u00e9chancet\u00e9, sans jalousie, sans envie. Sans rien craindre sous le soleil. Hormis les Grands Dieux.<\/strong><\/p>\n<p style=\"text-align: justify;\"><strong>Nous T\u2019invoquons\u00a0; \u00f4 lumi\u00e8re de vie\u00a0; Sois une brillante flamme devant nous\u00a0; Sois une \u00e9toile-guide au-dessus de nos t\u00eates\u00a0; Sois un chemin sans emb\u00fbche sous nos pas. <\/strong><\/p>\n<p style=\"text-align: justify;\"><strong>Allume au plus profond de nos c\u0153urs une flamme d\u2019amour pour notre prochain\u00a0; Pour nos ennemis, pour nos amis, pour tous nos semblables\u00a0: Pour tous les hommes sur cette vaste Terre. <\/strong><\/p>\n<p style=\"text-align: justify;\"><strong>\u00d4 fils mis\u00e9ricordieux de Cerridwen, De la moindre cr\u00e9ature vivante, Au plus grand nom de tous.\u00a0\u00bb<\/strong><\/p>\n<p style=\"text-align: justify;\">La Grande Pr\u00eatresse dessine un pentagramme sur le Magus avec la baguette, l\u2019embrasse et la lui donne. Il proc\u00e8de de m\u00eame. Ils m\u00e8nent la danse autour du cercle, tous les couples sautent par-dessus le feu. Le dernier couple \u00e0 sauter lorsque le feu s\u2019\u00e9teint devra \u00eatre correctement purifi\u00e9 trois fois, et tous deux devront donner le Quintuple Baiser \u00e0 l&rsquo;ensemble des personnes du sexe oppos\u00e9.<\/p>\n<p style=\"text-align: justify;\">G\u00e2teaux et vin.<\/p>\n<p class=\"western\" style=\"text-align: justify;\">Si les gens le souhaitent, la danse du Chaudron peut \u00eatre accomplie \u00e0 nouveau, plusieurs fois, ou bien il est possible de jouer \u00e0 d&rsquo;autres jeux.<\/p>\n","protected":false},"excerpt":{"rendered":"<p>Le symbole de la roue doit \u00eatre plac\u00e9 debout sur l\u2019autel, d\u00e9cor\u00e9 de fleurs, encadr\u00e9 de bougies allum\u00e9es. Le Chaudron, contenant de l\u2019alcool, est plac\u00e9 \u00e0 l\u2019est. Le Magus, se tient \u00e0 l\u2019ouest, la Grande Pr\u00eatresse, \u00e0 l\u2019est, avec la baguette Phallique ou la baguette surmont\u00e9e d\u2019une pomme de pin, ou le balai, ou encore&#8230;<\/p>\n","protected":false},"author":2,"featured_media":0,"parent":2610,"menu_order":4,"comment_status":"closed","ping_status":"closed","template":"silo.php","meta":{"footnotes":""},"class_list":["post-2643","page","type-page","status-publish","hentry"],"_links":{"self":[{"href":"https:\/\/www.le-sidh.org\/wicca\/wp-json\/wp\/v2\/pages\/2643","targetHints":{"allow":["GET"]}}],"collection":[{"href":"https:\/\/www.le-sidh.org\/wicca\/wp-json\/wp\/v2\/pages"}],"about":[{"href":"https:\/\/www.le-sidh.org\/wicca\/wp-json\/wp\/v2\/types\/page"}],"author":[{"embeddable":true,"href":"https:\/\/www.le-sidh.org\/wicca\/wp-json\/wp\/v2\/users\/2"}],"replies":[{"embeddable":true,"href":"https:\/\/www.le-sidh.org\/wicca\/wp-json\/wp\/v2\/comments?post=2643"}],"version-history":[{"count":1,"href":"https:\/\/www.le-sidh.org\/wicca\/wp-json\/wp\/v2\/pages\/2643\/revisions"}],"predecessor-version":[{"id":2644,"href":"https:\/\/www.le-sidh.org\/wicca\/wp-json\/wp\/v2\/pages\/2643\/revisions\/2644"}],"up":[{"embeddable":true,"href":"https:\/\/www.le-sidh.org\/wicca\/wp-json\/wp\/v2\/pages\/2610"}],"wp:attachment":[{"href":"https:\/\/www.le-sidh.org\/wicca\/wp-json\/wp\/v2\/media?parent=2643"}],"curies":[{"name":"wp","href":"https:\/\/api.w.org\/{rel}","templated":true}]}}