{"id":2641,"date":"2015-09-23T18:49:04","date_gmt":"2015-09-23T16:49:04","guid":{"rendered":"http:\/\/www.le-sidh.org\/wicca\/?page_id=2641"},"modified":"2015-09-23T18:49:04","modified_gmt":"2015-09-23T16:49:04","slug":"les-gateaux-et-le-vin","status":"publish","type":"page","link":"https:\/\/www.le-sidh.org\/wicca\/livres-des-ombres-gardnerien\/le-livre-des-ombres-de-1957\/les-gateaux-et-le-vin\/","title":{"rendered":"Les G\u00e2teaux et le Vin"},"content":{"rendered":"<p style=\"text-align: justify;\">La Grande Pr\u00eatresse est assise sur l\u2019autel, et adopte la position du Dieu.<\/p>\n<p style=\"text-align: justify;\">Le Magus, agenouill\u00e9, lui embrasse les pieds, puis les genoux, il s&rsquo;incline, la t\u00eate au-dessous des genoux de la Grande Pr\u00eatresse, et tend ses bras le long des cuisses de celle-ci et l\u2019adore.<\/p>\n<p style=\"text-align: justify;\">Le Magus remplit la coupe et l\u2019offre \u00e0 la Grande Pr\u00eatresse, qui, tenant l\u2019Atham\u00e9 entre ses paumes, en place la pointe dans la coupe.<\/p>\n<p style=\"text-align: justify;\">Le Magus dit\u00a0:<\/p>\n<p style=\"text-align: justify;\"><strong>\u00ab\u00a0Comme l\u2019Atham\u00e9 est masculin, ainsi la coupe est f\u00e9minine, et unis, ils apportent la b\u00e9atitude.\u00a0\u00bb<\/strong><\/p>\n<p style=\"text-align: justify;\">La Grande Pr\u00eatresse pose l\u2019Atham\u00e9, prend la Coupe et boit, elle donne la Coupe au serveur, qui en verse un peu dans chaque verre.<\/p>\n<p style=\"text-align: justify;\">Le Magus pr\u00e9sente le Pentacle avec les g\u00e2teaux \u00e0 la Grande Pr\u00eatresse, en disant\u00a0:<\/p>\n<p style=\"text-align: justify;\"><strong>\u00ab\u00a0\u00d4 Reine la plus secr\u00e8te, b\u00e9nis cette nourriture en nos corps, nous conf\u00e9rant sant\u00e9, richesse, force, joie et paix, ainsi que la satisfaction de l\u2019amour qui est bonheur \u00e9ternel.\u00a0\u00bb<\/strong><\/p>\n<p style=\"text-align: justify;\">La Grande Pr\u00eatresse les b\u00e9nit avec l\u2019Atham\u00e9, prend un G\u00e2teau et le mange, tandis que le Magus lui donne la Coupe \u00e0 nouveau puis embrasse ses genoux et l\u2019adore.<\/p>\n<p style=\"text-align: justify;\">Tous s\u2019assoient comme des Sorciers et invitent la Grande Pr\u00eatresse \u00e0 les rejoindre.<\/p>\n","protected":false},"excerpt":{"rendered":"<p>La Grande Pr\u00eatresse est assise sur l\u2019autel, et adopte la position du Dieu. Le Magus, agenouill\u00e9, lui embrasse les pieds, puis les genoux, il s&rsquo;incline, la t\u00eate au-dessous des genoux de la Grande Pr\u00eatresse, et tend ses bras le long des cuisses de celle-ci et l\u2019adore. Le Magus remplit la coupe et l\u2019offre \u00e0 la&#8230;<\/p>\n","protected":false},"author":2,"featured_media":0,"parent":2610,"menu_order":3,"comment_status":"closed","ping_status":"closed","template":"silo.php","meta":{"footnotes":""},"class_list":["post-2641","page","type-page","status-publish","hentry"],"_links":{"self":[{"href":"https:\/\/www.le-sidh.org\/wicca\/wp-json\/wp\/v2\/pages\/2641","targetHints":{"allow":["GET"]}}],"collection":[{"href":"https:\/\/www.le-sidh.org\/wicca\/wp-json\/wp\/v2\/pages"}],"about":[{"href":"https:\/\/www.le-sidh.org\/wicca\/wp-json\/wp\/v2\/types\/page"}],"author":[{"embeddable":true,"href":"https:\/\/www.le-sidh.org\/wicca\/wp-json\/wp\/v2\/users\/2"}],"replies":[{"embeddable":true,"href":"https:\/\/www.le-sidh.org\/wicca\/wp-json\/wp\/v2\/comments?post=2641"}],"version-history":[{"count":1,"href":"https:\/\/www.le-sidh.org\/wicca\/wp-json\/wp\/v2\/pages\/2641\/revisions"}],"predecessor-version":[{"id":2642,"href":"https:\/\/www.le-sidh.org\/wicca\/wp-json\/wp\/v2\/pages\/2641\/revisions\/2642"}],"up":[{"embeddable":true,"href":"https:\/\/www.le-sidh.org\/wicca\/wp-json\/wp\/v2\/pages\/2610"}],"wp:attachment":[{"href":"https:\/\/www.le-sidh.org\/wicca\/wp-json\/wp\/v2\/media?parent=2641"}],"curies":[{"name":"wp","href":"https:\/\/api.w.org\/{rel}","templated":true}]}}