{"id":2639,"date":"2015-09-23T18:47:40","date_gmt":"2015-09-23T16:47:40","guid":{"rendered":"http:\/\/www.le-sidh.org\/wicca\/?page_id=2639"},"modified":"2015-09-23T18:47:40","modified_gmt":"2015-09-23T16:47:40","slug":"la-charge-en-prose","status":"publish","type":"page","link":"https:\/\/www.le-sidh.org\/wicca\/livres-des-ombres-gardnerien\/le-livre-des-ombres-de-1957\/la-charge-en-prose\/","title":{"rendered":"La Charge en Prose"},"content":{"rendered":"<p style=\"text-align: justify;\">LA CHARGE, doit \u00eatre lue pendant que l\u2019initi\u00e9e attend, correctement pr\u00e9par\u00e9e devant le cercle.<\/p>\n<p style=\"text-align: justify;\">[Le Magus]\u00a0:<\/p>\n<p style=\"text-align: justify;\"><strong>\u00ab\u00a0\u00c9coutez les paroles de la Grande m\u00e8re, qui \u00e9tait jadis \u00e9galement appel\u00e9e parmi les hommes, Art\u00e9mis, Astart\u00e9, Dion\u00e9, M\u00e9lusine, Aphrodite, Cerridwen, Diane, Arianrhod, Bride et par beaucoup d\u2019autres noms.\u00a0\u00bb<\/strong><\/p>\n<p style=\"text-align: justify;\">[La Grande Pr\u00eatresse]\u00a0:<\/p>\n<p style=\"text-align: justify;\"><strong>\u00ab\u00a0Devant mes autels, les jeunes de Lac\u00e9d\u00e9mone \u00e0 Sparte rendaient les sacrifices attendus. Chaque fois que vous aurez besoin de quelque chose, une fois par mois et de pr\u00e9f\u00e9rence lorsque la lune est pleine, vous vous r\u00e9unirez en un lieu secret et adorerez mon esprit, moi qui suis la reine de toutes les sorcelleries et magies. L\u00e0 vous vous rassemblerez, vous qui prenez plaisir \u00e0 apprendre la sorcellerie et qui n\u2019avez pas encore atteint ses plus profonds secrets\u00a0; \u00e0 ceux-l\u00e0, j\u2019enseignerai des choses qui sont encore inconnues. Et vous serez libres de tout esclavage et en signe de votre r\u00e9elle libert\u00e9, vous serez nus lors de vos rites et vous danserez, chanterez, festoierez, jouerez de la musique et ferez l\u2019amour, tout cela pour me rendre hommage.\u00a0\u00bb<\/strong><\/p>\n<p style=\"text-align: justify;\"><strong>\u00ab\u00a0Car mienne est l\u2019extase de l\u2019Esprit, et mienne est aussi la joie sur terre. Car ma Loi est Amour pour toutes les cr\u00e9atures.\u00a0\u00bb<\/strong><\/p>\n<p style=\"text-align: justify;\"><strong>\u00ab\u00a0Gardez purs vos plus grands id\u00e9aux. Tendez toujours vers eux. Que rien ne vous arr\u00eate ni ne vous en d\u00e9tourne.\u00a0\u00bb<\/strong><\/p>\n<p style=\"text-align: justify;\"><strong>\u00ab\u00a0Car mien est le secret qui ouvre sur la porte de la jeunesse\u00a0; et mienne est la coupe de Vin de Vie\u00a0; et le Chaudron de Cerridwen, qui est le Saint Graal de l\u2019Immortalit\u00e9.\u00a0\u00bb<\/strong><\/p>\n<p style=\"text-align: justify;\"><strong>\u00ab\u00a0Je suis la Gracieuse D\u00e9esse qui offre le don de la Joie dans le c\u0153ur de l\u2019Homme.\u00a0\u00bb<\/strong><\/p>\n<p style=\"text-align: justify;\"><strong>\u00ab\u00a0Sur Terre, je donne la connaissance de l\u2019Esprit \u00c9ternel et au-del\u00e0 de la mort, je donne la paix et la libert\u00e9, et les retrouvailles avec ceux qui vous ont pr\u00e9c\u00e9d\u00e9. Je ne demande aucun sacrifice\u00a0; car sachez que je suis la M\u00e8re de toutes choses, et mon amour se r\u00e9pand sur terre.\u00a0\u00bb<\/strong><\/p>\n<p style=\"text-align: justify;\">[Le Magus]\u00a0:<\/p>\n<p style=\"text-align: justify;\"><strong>\u00ab\u00a0\u00c9coutez les paroles de la D\u00e9esse \u00c9toile\u00a0; celle dont le corps encercle l\u2019univers et dont la poussi\u00e8re des pieds abrite les arm\u00e9es du ciel.\u00a0\u00bb<\/strong><\/p>\n<p style=\"text-align: justify;\">[La Grande Pr\u00eatresse]\u00a0:<\/p>\n<p style=\"text-align: justify;\"><strong>\u00ab\u00a0Je suis la beaut\u00e9 de la verte terre, et la blanche Lune parmi les \u00c9toiles, et le myst\u00e8re des Eaux, et le d\u00e9sir du c\u0153ur de l\u2019homme, j&rsquo;appelle ton \u00e2me\u00a0: l\u00e8ve-toi et viens \u00e0 moi.\u00a0\u00bb<\/strong><\/p>\n<p style=\"text-align: justify;\"><strong>\u00ab\u00a0Car je suis l\u2019\u00e2me de la nature, qui donne la vie \u00e0 l\u2019univers\u00a0;\u00a0 &lsquo;De moi, toutes choses proviennent, et \u00e0 moi toutes choses doivent retourner&rsquo;\u00a0; Aim\u00e9 des Dieux et des hommes, ton soi divin le plus profond sera envelopp\u00e9 dans les ravissements de l\u2019infini.\u00a0\u00bb<\/strong><\/p>\n<p style=\"text-align: justify;\"><strong>\u00ab\u00a0Que mon culte soit dans le c\u0153ur qui se r\u00e9jouit, car sachez que\u00a0: tous les actes d\u2019amour et de plaisir sont mes rituels\u00a0; et par cons\u00e9quent, que soient en vous la Beaut\u00e9 et la Force, le Pouvoir et la Compassion, l\u2019Honneur et l\u2019Humilit\u00e9, la Gaiet\u00e9 et le Respect.\u00a0\u00bb<\/strong><\/p>\n<p style=\"text-align: justify;\"><strong>\u00ab\u00a0Et toi qui penses me chercher, sache que ta qu\u00eate et ton ardent d\u00e9sir ne te serviront pas \u00e0 moins que tu ne connaisses le myst\u00e8re, car si ce que tu cherches, tu ne le trouves pas en toi, tu ne le trouveras jamais \u00e0 l\u2019ext\u00e9rieur de toi, car sache que j\u2019ai \u00e9t\u00e9 avec toi depuis le d\u00e9but\u00a0; et je suis ce qui est atteint lorsque le d\u00e9sir prend fin.\u00a0\u00bb<\/strong><\/p>\n","protected":false},"excerpt":{"rendered":"<p>LA CHARGE, doit \u00eatre lue pendant que l\u2019initi\u00e9e attend, correctement pr\u00e9par\u00e9e devant le cercle. [Le Magus]\u00a0: \u00ab\u00a0\u00c9coutez les paroles de la Grande m\u00e8re, qui \u00e9tait jadis \u00e9galement appel\u00e9e parmi les hommes, Art\u00e9mis, Astart\u00e9, Dion\u00e9, M\u00e9lusine, Aphrodite, Cerridwen, Diane, Arianrhod, Bride et par beaucoup d\u2019autres noms.\u00a0\u00bb [La Grande Pr\u00eatresse]\u00a0: \u00ab\u00a0Devant mes autels, les jeunes de Lac\u00e9d\u00e9mone&#8230;<\/p>\n","protected":false},"author":2,"featured_media":0,"parent":2610,"menu_order":2,"comment_status":"closed","ping_status":"closed","template":"silo.php","meta":{"footnotes":""},"class_list":["post-2639","page","type-page","status-publish","hentry"],"_links":{"self":[{"href":"https:\/\/www.le-sidh.org\/wicca\/wp-json\/wp\/v2\/pages\/2639","targetHints":{"allow":["GET"]}}],"collection":[{"href":"https:\/\/www.le-sidh.org\/wicca\/wp-json\/wp\/v2\/pages"}],"about":[{"href":"https:\/\/www.le-sidh.org\/wicca\/wp-json\/wp\/v2\/types\/page"}],"author":[{"embeddable":true,"href":"https:\/\/www.le-sidh.org\/wicca\/wp-json\/wp\/v2\/users\/2"}],"replies":[{"embeddable":true,"href":"https:\/\/www.le-sidh.org\/wicca\/wp-json\/wp\/v2\/comments?post=2639"}],"version-history":[{"count":1,"href":"https:\/\/www.le-sidh.org\/wicca\/wp-json\/wp\/v2\/pages\/2639\/revisions"}],"predecessor-version":[{"id":2640,"href":"https:\/\/www.le-sidh.org\/wicca\/wp-json\/wp\/v2\/pages\/2639\/revisions\/2640"}],"up":[{"embeddable":true,"href":"https:\/\/www.le-sidh.org\/wicca\/wp-json\/wp\/v2\/pages\/2610"}],"wp:attachment":[{"href":"https:\/\/www.le-sidh.org\/wicca\/wp-json\/wp\/v2\/media?parent=2639"}],"curies":[{"name":"wp","href":"https:\/\/api.w.org\/{rel}","templated":true}]}}