{"id":263,"date":"2014-07-28T16:14:01","date_gmt":"2014-07-28T14:14:01","guid":{"rendered":"http:\/\/www.le-sidh.org\/wicca\/?page_id=263"},"modified":"2014-07-28T16:14:11","modified_gmt":"2014-07-28T14:14:11","slug":"les-rituels-lunaires-par-starhawk","status":"publish","type":"page","link":"https:\/\/www.le-sidh.org\/wicca\/esbat\/les-rituels-lunaires-par-starhawk\/","title":{"rendered":"Les Rituels Lunaires par Starhawk"},"content":{"rendered":"<div id=\"content\">Par Starhawk \u00a9, traduction &amp; adaptation Lune<\/div>\n<div><a href=\"https:\/\/www.le-sidh.org\/wicca\/wp-content\/uploads\/2014\/07\/esbat-octobre-2013.jpg\"><img loading=\"lazy\" decoding=\"async\" class=\"aligncenter wp-image-265 size-medium\" src=\"https:\/\/www.le-sidh.org\/wicca\/wp-content\/uploads\/2014\/07\/esbat-octobre-2013-300x225.jpg\" alt=\"esbat octobre 2013\" width=\"300\" height=\"225\" srcset=\"https:\/\/www.le-sidh.org\/wicca\/wp-content\/uploads\/2014\/07\/esbat-octobre-2013-300x225.jpg 300w, https:\/\/www.le-sidh.org\/wicca\/wp-content\/uploads\/2014\/07\/esbat-octobre-2013-1024x768.jpg 1024w, https:\/\/www.le-sidh.org\/wicca\/wp-content\/uploads\/2014\/07\/esbat-octobre-2013-800x600.jpg 800w, https:\/\/www.le-sidh.org\/wicca\/wp-content\/uploads\/2014\/07\/esbat-octobre-2013.jpg 1250w\" sizes=\"auto, (max-width: 300px) 100vw, 300px\" \/><\/a><\/p>\n<p align=\"justify\"><b>Les Rituels Lunaires<\/b><\/p>\n<p>Entre les Mondes<\/p>\n<p><span style=\"text-decoration: underline;\">Les Esbats<\/span><\/p>\n<p>Le coven se rencontre lors de la nouvelle lune, de la pleine lune ou de la lune noire. Les rituels sont des rituels de gu\u00e9rison, des travaux magiques, des moments d&rsquo;\u00e9panouissement, d&rsquo;inspiration, d&rsquo;intuition. Ils changent constamment, ne sont pas fixes. Nous les remodelons, les recr\u00e9ons, les r\u00e9-\u00e9crivons, mais toujours sur la m\u00eame structure : la cr\u00e9ation de l&rsquo;espace sacr\u00e9, les invocations, l&rsquo;utilisation des symboles magiques, le soul\u00e8vement du C\u00f4ne de Pouvoir, la transe, le partage de la nourriture et des boissons, et le rire, et le retour formel au temps et \u00e0 l&rsquo;espace ordinaires. Le rituel peut \u00eatre formel ou informel ; \u00e9crit ou spontan\u00e9 ; structur\u00e9 ou libre \u2013 tant qu&rsquo;il est vivant. Tant qu&rsquo;il sonne juste.<\/p>\n<p><i>\u00ab Le premier et plus important effet d&rsquo;un symbole mythologique vivant est d&rsquo;\u00e9veiller et de donner une orientation aux \u00e9nergies de vie. \u00bb <\/i> Joseph Campbell.<\/p>\n<p>Les rituels de ce chapitre, ainsi que le suivant, sont \u00e9crits de fa\u00e7on \u00e0 \u00eatre transform\u00e9s, retravaill\u00e9s, am\u00e9lior\u00e9s ou utilis\u00e9s tels quels. Si vous utilisez un texte, il devra \u00eatre m\u00e9moris\u00e9 plut\u00f4t que lu \u00e0 voix haute. Le fait, en lui-m\u00eame, de dire le texte que vous avez m\u00e9moris\u00e9 peut cr\u00e9er un \u00e9tat de transe ; la lecture nous pi\u00e8ge dans le sch\u00e9ma du cerveau-gauche, l&rsquo;esprit logique. Si vous ne parvenez pas \u00e0 m\u00e9moriser, improvisez. Ne vous inqui\u00e9tez pas de vos qualit\u00e9s litt\u00e9raires \u2013 dites simplement ce que vous ressentez. Ou mieux encore \u2013 faites vos rituels sans un mot.<\/p>\n<p>&#8211; <a href=\"http:\/\/www.le-sidh.org\/site\/article_846.html\">RITUEL DE LA LUNE CROISSANTE<\/a><br \/>\n&#8211; <a href=\"http:\/\/www.le-sidh.org\/site\/article_912.html\">RITUEL DE LA PLEINE LUNE<\/a><br \/>\n&#8211; RITUEL DE LA LUNE NOIRE (\u00e0 venir)<\/p>\n<p><i>Extrait de Spiral Dance, \u00e9ditions Harper SanFrancisco.<\/i><\/p>\n<\/div>\n","protected":false},"excerpt":{"rendered":"<p>Par Starhawk \u00a9, traduction &amp; adaptation Lune Les Rituels Lunaires Entre les Mondes Les Esbats Le coven se rencontre lors de la nouvelle lune, de la pleine lune ou de la lune noire. Les rituels sont des rituels de gu\u00e9rison, des travaux magiques, des moments d&rsquo;\u00e9panouissement, d&rsquo;inspiration, d&rsquo;intuition. Ils changent constamment, ne sont pas fixes&#8230;.<\/p>\n","protected":false},"author":2,"featured_media":0,"parent":34,"menu_order":0,"comment_status":"closed","ping_status":"closed","template":"silo.php","meta":{"footnotes":""},"class_list":["post-263","page","type-page","status-publish","hentry"],"_links":{"self":[{"href":"https:\/\/www.le-sidh.org\/wicca\/wp-json\/wp\/v2\/pages\/263","targetHints":{"allow":["GET"]}}],"collection":[{"href":"https:\/\/www.le-sidh.org\/wicca\/wp-json\/wp\/v2\/pages"}],"about":[{"href":"https:\/\/www.le-sidh.org\/wicca\/wp-json\/wp\/v2\/types\/page"}],"author":[{"embeddable":true,"href":"https:\/\/www.le-sidh.org\/wicca\/wp-json\/wp\/v2\/users\/2"}],"replies":[{"embeddable":true,"href":"https:\/\/www.le-sidh.org\/wicca\/wp-json\/wp\/v2\/comments?post=263"}],"version-history":[{"count":2,"href":"https:\/\/www.le-sidh.org\/wicca\/wp-json\/wp\/v2\/pages\/263\/revisions"}],"predecessor-version":[{"id":267,"href":"https:\/\/www.le-sidh.org\/wicca\/wp-json\/wp\/v2\/pages\/263\/revisions\/267"}],"up":[{"embeddable":true,"href":"https:\/\/www.le-sidh.org\/wicca\/wp-json\/wp\/v2\/pages\/34"}],"wp:attachment":[{"href":"https:\/\/www.le-sidh.org\/wicca\/wp-json\/wp\/v2\/media?parent=263"}],"curies":[{"name":"wp","href":"https:\/\/api.w.org\/{rel}","templated":true}]}}