{"id":2612,"date":"2015-09-23T18:35:03","date_gmt":"2015-09-23T16:35:03","guid":{"rendered":"http:\/\/www.le-sidh.org\/wicca\/?page_id=2612"},"modified":"2015-09-23T18:35:03","modified_gmt":"2015-09-23T16:35:03","slug":"une-revision-de-la-procedure-de-projection","status":"publish","type":"page","link":"https:\/\/www.le-sidh.org\/wicca\/livres-des-ombres-gardnerien\/le-livre-des-ombres-de-1957\/une-revision-de-la-procedure-de-projection\/","title":{"rendered":"Une r\u00e9vision de la Proc\u00e9dure de Projection"},"content":{"rendered":"<p style=\"text-align: justify;\">TOUS SONT PURIFI\u00c9S<\/p>\n<ol style=\"text-align: justify;\">\n<li>\n<p class=\"western\"><span style=\"color: #000000;\">Le Magus consacre le sel et l\u2019eau.<\/span><\/p>\n<\/li>\n<li>\n<p class=\"western\"><span style=\"color: #000000;\">La Grande Pr\u00eatresse s\u2019agenouille devant l\u2019Autel, prend l\u2019\u00c9p\u00e9e et dit\u00a0:<\/span><\/p>\n<p class=\"western\"><strong><span style=\"color: #000000;\"><span style=\"font-size: medium;\">\u00ab\u00a0Je te conjure, \u00d4 \u00c9p\u00e9e d\u2019Acier, de me servir de d\u00e9fense dans toutes Op\u00e9rations Magiques. Prot\u00e8ge-moi en tout temps contre mes ennemis, tant visibles qu&rsquo;invisibles. Accorde-moi d&rsquo;obtenir ce que je d\u00e9sire en toutes choses o\u00f9 je peux T\u2019utiliser. Pour cela, je Te b\u00e9nis et T\u2019invoque au nom d\u2019Aradia et Cernunnos.\u00a0\u00bb<\/span><\/span><\/strong><\/p>\n<p class=\"western\"><span style=\"color: #000000;\">Elle donne l\u2019\u00e9p\u00e9e au Magus.<\/span><\/p>\n<\/li>\n<li>\n<p class=\"western\"><span style=\"color: #000000;\">Le Magus, agenouill\u00e9, lui tend le r\u00e9cipient d\u2019Eau consacr\u00e9e et le Goupillon. Il projette le Cercle, trois cercles, sur les lignes trac\u00e9es, en commen\u00e7ant \u00e0 l\u2019Est et en retournant \u00e0 l\u2019Est. La Grande Pr\u00eatresse le suit, en Aspergeant le Cercle (elle asperge le cercle pour le purifier) ainsi que toutes les personnes pr\u00e9sentes et finalement elle-m\u00eame. Puis elle fait \u00e0 nouveau un tour pour encenser le cercle. (Toute personne dans le cercle doit \u00eatre asperg\u00e9e et encens\u00e9e.) Elle rend le r\u00e9cipient, etc., au Magus, qui les replace sur l\u2019autel, ou \u00e0 un endroit pratique, <\/span><span style=\"color: #000000;\"><i>et il lui tend son \u00e9p\u00e9e<\/i><\/span><span style=\"color: #000000;\"> [manuscrit].<\/span><\/p>\n<\/li>\n<li>\n<p class=\"western\"><span style=\"color: #000000;\">Elle marche doucement autour du Cercle, en disant\u00a0:<\/span><\/p>\n<p class=\"western\"><strong><span style=\"color: #000000;\">\u00ab\u00a0Je Te conjure, \u00d4 Cercle de l\u2019Espace, d&rsquo;\u00eatre une Fronti\u00e8re et une Protection et un lieu de rencontre entre le monde des Hommes et celui des Effroyables Seigneurs des ESPACES EXT\u00c9RIEURS, afin que Tu sois nettoy\u00e9, purifi\u00e9 et renforc\u00e9 pour \u00eatre un Gardien et une Protection qui pr\u00e9serveront et contiendront CE POUVOIR que nous d\u00e9sirons lever si ardemment \u00e0 l\u2019int\u00e9rieur de tes limites cette nuit, c\u2019est pourquoi je te b\u00e9nis et te supplie de m\u2019aider dans cet effort, au nom d\u2019Aradia et Cernunnos.\u00a0\u00bb<\/span><\/strong><\/p>\n<p class=\"western\"><span style=\"color: #000000;\"><i>Elle tend l\u2019\u00e9p\u00e9e au Magus <\/i><\/span><span style=\"color: #000000;\">[manuscrit].<\/span><\/p>\n<\/li>\n<li>\n<p class=\"western\"><span style=\"color: #000000;\">Le Magus convoque ensuite les Puissants comme d\u2019habitude.<\/span><\/p>\n<\/li>\n<li>\n<p class=\"western\"><span style=\"color: #000000;\">La Grande Pr\u00eatresse se tient devant l\u2019Autel (qui peut \u00eatre pouss\u00e9 pour cela). La Grande Pr\u00eatresse assume la position de la D\u00e9esse (bras crois\u00e9s). Le Magus, agenouill\u00e9 devant elle, dessine le pentagramme sur son corps avec la Baguette \u00e0 t\u00eate Phallique, il invoque (fait descendre la Lune)\u00a0:<\/span><\/p>\n<p class=\"western\"><strong><span style=\"color: #000000;\">\u00ab\u00a0Je T\u2019invoque et T\u2019implore, \u00d4 M\u00e8re puissante de toute vie et de fertilit\u00e9.<\/span><\/strong><\/p>\n<p class=\"western\"><strong><span style=\"color: #000000;\">Par la graine et la racine, par la tige et le bourgeon, par la feuille et la fleur et le fruit, par la Vie et l\u2019Amour, je T&rsquo;invoque pour que tu descendes sur le corps de ta servante et Grande Pr\u00eatresse (nom).\u00a0\u00bb<\/span><\/strong><\/p>\n<p class=\"western\"><span style=\"color: #000000;\">(La Lune ayant \u00e9t\u00e9 attir\u00e9e, c\u2019est-\u00e0-dire, quand le lien a \u00e9t\u00e9 \u00e9tabli, le Magus et tous les officiers masculins donnent le quintuple baiser\u00a0; tous les autres s&rsquo;inclinent.)<\/span><\/p>\n<\/li>\n<li>\n<p class=\"western\"><span style=\"color: #000000;\">La Grande Pr\u00eatresse, dans la position de la D\u00e9esse, dit, bras crois\u00e9s\u00a0:<\/span><\/p>\n<p class=\"western\"><strong><span style=\"color: #000000;\">\u00ab\u00a0M\u00e8re, Sombre et Divine,<\/span><\/strong><\/p>\n<p class=\"western\"><strong><span style=\"color: #000000;\">Mien est le Fouet et mien est le Baiser,<\/span><\/strong><\/p>\n<p class=\"western\"><strong><span style=\"color: #000000;\">L\u2019\u00c9toile \u00e0 cinq branches d\u2019Amour et de F\u00e9licit\u00e9\u00a0;<\/span><\/strong><\/p>\n<p class=\"western\"><strong><span style=\"color: #000000;\">Maintenant, je te charge par ce Signe. <span style=\"color: #000000;\">\u00bb<\/span><\/span><\/strong><\/p>\n<p class=\"western\"><span style=\"color: #000000;\">(Elle ouvre grands ses bras dans la position du pentacle)<\/span><\/p>\n<p class=\"western\"><strong><span style=\"color: #000000;\">\u00ab\u00a0Inclinez-vous devant mon lumineux Esprit. <\/span><\/strong><\/p>\n<p class=\"western\"><span style=\"color: #000000;\">(tous s\u2019inclinent)<\/span><\/p>\n<p class=\"western\"><strong><span style=\"color: #000000;\">Aphrodite, Arianrhod,<\/span><\/strong><\/p>\n<p class=\"western\"><strong><span style=\"color: #000000;\">Amante du Dieu Cornu,<\/span><\/strong><\/p>\n<p class=\"western\"><strong><span style=\"color: #000000;\">Reine de la Sorcellerie et de la Nuit.<\/span><\/strong><\/p>\n<p class=\"western\"><strong><span style=\"color: #000000;\">Diane, Brigid, M\u00e9lusine,<\/span><\/strong><\/p>\n<p class=\"western\"><strong><span style=\"color: #000000;\">Ainsi m\u2019appelaient les hommes du temps jadis,<\/span><\/strong><\/p>\n<p class=\"western\"><strong><span style=\"color: #000000;\">Art\u00e9mis et Cerridwen,<\/span><\/strong><\/p>\n<p class=\"western\"><strong><span style=\"color: #000000;\">Sombre ma\u00eetresse des enfers, Reine du Ciel.<\/span><\/strong><\/p>\n<p class=\"western\"><strong><span style=\"color: #000000;\">Vous qui me demandez une b\u00e9n\u00e9diction,<\/span><\/strong><\/p>\n<p class=\"western\"><strong><span style=\"color: #000000;\">Rencontrez-vous dans l\u2019ombre cach\u00e9e,<\/span><\/strong><\/p>\n<p class=\"western\"><strong><span style=\"color: #000000;\">Menez ma danse dans la clairi\u00e8re de la verdoyante for\u00eat<\/span><\/strong><\/p>\n<p class=\"western\"><strong><span style=\"color: #000000;\">Sous la lumi\u00e8re de la pleine lune.<\/span><\/strong><\/p>\n<p class=\"western\"><strong><span style=\"color: #000000;\">Dansez autour de ma pierre d&rsquo;autel,<\/span><\/strong><\/p>\n<p class=\"western\"><strong><span style=\"color: #000000;\"><span style=\"font-size: medium;\">\u0152uvrez \u00e0 mon saint magist\u00e8re,<\/span><\/span><\/strong><\/p>\n<p class=\"western\"><strong><span style=\"color: #000000;\">Vous qui prenez plaisir \u00e0 la sorcellerie,<\/span><\/strong><\/p>\n<p class=\"western\"><strong><span style=\"color: #000000;\">Je vous apporte des secrets encore inconnus.<\/span><\/strong><\/p>\n<p class=\"western\"><strong><span style=\"color: #000000;\">Vous ne conna\u00eetrez plus l\u2019esclavage<\/span><\/strong><\/p>\n<p class=\"western\"><strong><span style=\"color: #000000;\">Vous qui formez ma ronde la nuit du Sabbat.<\/span><\/strong><\/p>\n<p class=\"western\"><strong><span style=\"color: #000000;\">Tous, venez nus au rite<\/span><\/strong><\/p>\n<p class=\"western\"><strong><span style=\"color: #000000;\">En signe de votre r\u00e9elle libert\u00e9.<\/span><\/strong><\/p>\n<p class=\"western\"><strong><span style=\"color: #000000;\">Observez mes myst\u00e8res dans la gaiet\u00e9,<\/span><\/strong><\/p>\n<p class=\"western\"><strong><span style=\"color: #000000;\">C\u0153ur contre c\u0153ur, l\u00e8vres contre l\u00e8vres,<\/span><\/strong><\/p>\n<p class=\"western\"><strong><span style=\"color: #000000;\">Cinq sont les points de la confr\u00e9rie<\/span><\/strong><\/p>\n<p class=\"western\"><strong><span style=\"color: #000000;\">Qui vous apportent l\u2019extase sur Terre.<\/span><\/strong><\/p>\n<p class=\"western\"><strong><span style=\"color: #000000;\">Je ne connais pas d\u2019autre loi que l\u2019amour\u00a0;<\/span><\/strong><\/p>\n<p class=\"western\"><strong><span style=\"color: #000000;\">Je ne peux \u00eatre connue par rien d&rsquo;autre que l\u2019amour,<\/span><\/strong><\/p>\n<p class=\"western\"><strong><span style=\"color: #000000;\">Et tout ce qui vit m&rsquo;appartient\u00a0:<\/span><\/strong><\/p>\n<p class=\"western\" style=\"text-align: justify;\"><strong><span style=\"color: #000000;\">De moi, tout provient, \u00e0 moi, tout retourne. <span style=\"color: #000000;\">\u00bb<\/span><\/span><\/strong><\/p>\n<\/li>\n<\/ol>\n","protected":false},"excerpt":{"rendered":"<p>TOUS SONT PURIFI\u00c9S Le Magus consacre le sel et l\u2019eau. La Grande Pr\u00eatresse s\u2019agenouille devant l\u2019Autel, prend l\u2019\u00c9p\u00e9e et dit\u00a0: \u00ab\u00a0Je te conjure, \u00d4 \u00c9p\u00e9e d\u2019Acier, de me servir de d\u00e9fense dans toutes Op\u00e9rations Magiques. Prot\u00e8ge-moi en tout temps contre mes ennemis, tant visibles qu&rsquo;invisibles. Accorde-moi d&rsquo;obtenir ce que je d\u00e9sire en toutes choses o\u00f9&#8230;<\/p>\n","protected":false},"author":2,"featured_media":0,"parent":2610,"menu_order":1,"comment_status":"closed","ping_status":"closed","template":"silo.php","meta":{"footnotes":""},"class_list":["post-2612","page","type-page","status-publish","hentry"],"_links":{"self":[{"href":"https:\/\/www.le-sidh.org\/wicca\/wp-json\/wp\/v2\/pages\/2612","targetHints":{"allow":["GET"]}}],"collection":[{"href":"https:\/\/www.le-sidh.org\/wicca\/wp-json\/wp\/v2\/pages"}],"about":[{"href":"https:\/\/www.le-sidh.org\/wicca\/wp-json\/wp\/v2\/types\/page"}],"author":[{"embeddable":true,"href":"https:\/\/www.le-sidh.org\/wicca\/wp-json\/wp\/v2\/users\/2"}],"replies":[{"embeddable":true,"href":"https:\/\/www.le-sidh.org\/wicca\/wp-json\/wp\/v2\/comments?post=2612"}],"version-history":[{"count":1,"href":"https:\/\/www.le-sidh.org\/wicca\/wp-json\/wp\/v2\/pages\/2612\/revisions"}],"predecessor-version":[{"id":2613,"href":"https:\/\/www.le-sidh.org\/wicca\/wp-json\/wp\/v2\/pages\/2612\/revisions\/2613"}],"up":[{"embeddable":true,"href":"https:\/\/www.le-sidh.org\/wicca\/wp-json\/wp\/v2\/pages\/2610"}],"wp:attachment":[{"href":"https:\/\/www.le-sidh.org\/wicca\/wp-json\/wp\/v2\/media?parent=2612"}],"curies":[{"name":"wp","href":"https:\/\/api.w.org\/{rel}","templated":true}]}}