{"id":2607,"date":"2015-09-23T18:16:43","date_gmt":"2015-09-23T16:16:43","guid":{"rendered":"http:\/\/www.le-sidh.org\/wicca\/?page_id=2607"},"modified":"2015-09-23T18:35:41","modified_gmt":"2015-09-23T16:35:41","slug":"vetu-de-ciel-1953","status":"publish","type":"page","link":"https:\/\/www.le-sidh.org\/wicca\/livres-des-ombres-gardnerien\/le-livre-des-ombres-de-1953\/vetu-de-ciel-1953\/","title":{"rendered":"V\u00eatu de Ciel"},"content":{"rendered":"<p style=\"text-align: justify;\">Il est important de travailler nu d\u00e8s le d\u00e9part, pour que cela devienne une seconde nature, ainsi aucune pens\u00e9e comme\u00a0: \u00ab\u00a0Je n&rsquo;ai pas de v\u00eatements,\u00a0\u00bb ne pourra s&rsquo;immiscer pour d\u00e9tourner ton attention de ton travail.<\/p>\n<p style=\"text-align: justify;\">De plus, lorsque ta peau est ainsi accoutum\u00e9e \u00e0 ne plus \u00eatre confin\u00e9e, le flux du pouvoir s&rsquo;exhale plus facilement et r\u00e9guli\u00e8rement.<\/p>\n<p style=\"text-align: justify;\">En outre, quand tu danses, tu es libre et sans contrainte\u2026 Et, c&rsquo;est le meilleur de tout, le contact du corps de ta bien-aim\u00e9e fait tressaillir le tr\u00e9fonds de ton \u00e2me et ton corps \u00e9met ainsi son pouvoir maximal\u00a0; ensuite, il est d&rsquo;une importance capitale qu&rsquo;il n&rsquo;y ait pas la moindre petite chose pour divertir ton attention, car alors l\u2019esprit doit s&#8217;emparer du pouvoir g\u00e9n\u00e9r\u00e9, pour le modeler et le rediriger vers l&rsquo;objectif d\u00e9sir\u00e9 avec toute la force et la fr\u00e9n\u00e9sie de l\u2019imagination.<\/p>\n<p class=\"western\" style=\"text-align: justify;\">On a racont\u00e9 qu&rsquo;aucun v\u00e9ritable savoir ne pouvait \u00eatre acquis en suivant notre voie, que nos pratiques sont telles qu\u2019elles ne peuvent conduire qu\u2019\u00e0 la luxure\u00a0; mais il n&rsquo;en est vraiment pas ainsi. Notre but est d\u2019acqu\u00e9rir la vision int\u00e9rieure, et nous le faisons de la mani\u00e8re la plus naturelle et la plus simple. L\u2019objectif de nos adversaires est de toujours emp\u00eacher l\u2019homme et la femme de s\u2019aimer, en pensant que tout ce qui les aide \u00e0 s&rsquo;aimer, ou m\u00eame le leur permet, est vicieux et ignoble. Pour nous, c\u2019est quelque chose de naturel, et si cela facilite le Grand \u0152uvre, c&rsquo;est une bonne chose. Il est vrai qu\u2019un couple br\u00fblant de l&rsquo;ardent d\u00e9sir d&rsquo;acqu\u00e9rir la connaissance peut aller droit \u00e0 son but, mais un couple moyen n\u2019est pas anim\u00e9 d&rsquo;un tel feu. Nous leur montrons la voie, notre syst\u00e8me de soutien et d&rsquo;aides (c\u2019est-\u00e0-dire le rituel magique). Un couple qui travaille sans rien d\u2019autre que la luxure ne parviendra jamais \u00e0 rien\u00a0; mais un couple qui s\u2019aime tendrement aura d\u00e9j\u00e0 dormi ensemble et la folie amoureuse des premiers temps sera d\u00e9j\u00e0 pass\u00e9e, ainsi leurs \u00e2mes seront d\u00e9j\u00e0 en harmonie. Si la premi\u00e8re ou seconde fois, ils s&rsquo;arr\u00eatent un moment pour v\u00e9n\u00e9rer Aphrodite, il ne s&rsquo;agira que d\u2019un jour ou deux de perdus, et l&rsquo;intense plaisir qu\u2019ils en retireront ne fera que les mener \u00e0 nouveau jusqu&rsquo;aux myst\u00e8res d\u2019Herm\u00e8s, leurs \u00e2mes seront davantage en phase dans cette grande qu\u00eate. Une fois qu\u2019ils auront d\u00e9chir\u00e9 le voile, ils ne regarderont plus en arri\u00e8re. Ce rite peut \u00eatre utilis\u00e9 comme la plus grande des magies s\u2019il est accompli par deux partenaires qui focalisent fermement leur esprit sur le but, sans penser du tout au sexe. Autrement dit, vous devez fixer votre esprit si fermement sur votre objectif, que le sexe et tout le reste n&rsquo;existent plus. Vous enflammez vos volont\u00e9s \u00e0 tel point qu&rsquo;il vous est possible de cr\u00e9er une pression sur l\u2019astral de fa\u00e7on \u00e0 produire des r\u00e9sultats.<\/p>\n","protected":false},"excerpt":{"rendered":"<p>Il est important de travailler nu d\u00e8s le d\u00e9part, pour que cela devienne une seconde nature, ainsi aucune pens\u00e9e comme\u00a0: \u00ab\u00a0Je n&rsquo;ai pas de v\u00eatements,\u00a0\u00bb ne pourra s&rsquo;immiscer pour d\u00e9tourner ton attention de ton travail. De plus, lorsque ta peau est ainsi accoutum\u00e9e \u00e0 ne plus \u00eatre confin\u00e9e, le flux du pouvoir s&rsquo;exhale plus facilement&#8230;<\/p>\n","protected":false},"author":2,"featured_media":0,"parent":2578,"menu_order":14,"comment_status":"closed","ping_status":"closed","template":"silo.php","meta":{"footnotes":""},"class_list":["post-2607","page","type-page","status-publish","hentry"],"_links":{"self":[{"href":"https:\/\/www.le-sidh.org\/wicca\/wp-json\/wp\/v2\/pages\/2607","targetHints":{"allow":["GET"]}}],"collection":[{"href":"https:\/\/www.le-sidh.org\/wicca\/wp-json\/wp\/v2\/pages"}],"about":[{"href":"https:\/\/www.le-sidh.org\/wicca\/wp-json\/wp\/v2\/types\/page"}],"author":[{"embeddable":true,"href":"https:\/\/www.le-sidh.org\/wicca\/wp-json\/wp\/v2\/users\/2"}],"replies":[{"embeddable":true,"href":"https:\/\/www.le-sidh.org\/wicca\/wp-json\/wp\/v2\/comments?post=2607"}],"version-history":[{"count":2,"href":"https:\/\/www.le-sidh.org\/wicca\/wp-json\/wp\/v2\/pages\/2607\/revisions"}],"predecessor-version":[{"id":2614,"href":"https:\/\/www.le-sidh.org\/wicca\/wp-json\/wp\/v2\/pages\/2607\/revisions\/2614"}],"up":[{"embeddable":true,"href":"https:\/\/www.le-sidh.org\/wicca\/wp-json\/wp\/v2\/pages\/2578"}],"wp:attachment":[{"href":"https:\/\/www.le-sidh.org\/wicca\/wp-json\/wp\/v2\/media?parent=2607"}],"curies":[{"name":"wp","href":"https:\/\/api.w.org\/{rel}","templated":true}]}}