{"id":2605,"date":"2015-09-23T18:15:32","date_gmt":"2015-09-23T16:15:32","guid":{"rendered":"http:\/\/www.le-sidh.org\/wicca\/?page_id=2605"},"modified":"2015-09-23T18:35:52","modified_gmt":"2015-09-23T16:35:52","slug":"les-outils-de-travail-1953","status":"publish","type":"page","link":"https:\/\/www.le-sidh.org\/wicca\/livres-des-ombres-gardnerien\/le-livre-des-ombres-de-1953\/les-outils-de-travail-1953\/","title":{"rendered":"Les Outils de Travail"},"content":{"rendered":"<p style=\"text-align: justify;\">Il n\u2019existe pas de magasins de fournitures magiques, alors, \u00e0 moins que tu ne sois assez chanceux pour que l\u2019on te donne ou vende des outils, un pauvre sorcier doit improviser. Mais une fois initi\u00e9, tu dois \u00eatre en mesure d\u2019emprunter ou d\u2019acqu\u00e9rir un Atham\u00e9.<\/p>\n<p style=\"text-align: justify;\">Donc, apr\u00e8s avoir trac\u00e9 ton cercle, \u00e9rige un autel. N&rsquo;importe quelle petite table ou n&rsquo;importe quel coffre fera l\u2019affaire. Il devra s\u2019y trouver du feu (une bougie suffira) et ton livre.<\/p>\n<p style=\"text-align: justify;\">Pour obtenir de bons r\u00e9sultats, l\u2019encens est pr\u00e9f\u00e9rable si tu peux t&rsquo;en procurer, mais du charbon plac\u00e9 dans un r\u00e9chaud pour y br\u00fbler des herbes odorantes fera l\u2019affaire.<\/p>\n<p style=\"text-align: justify;\">Procure-toi un calice si tu souhaites partager les g\u00e2teaux et le vin, et un plat sur lequel sont dessin\u00e9s des symboles \u00e0 l&rsquo;encre, repr\u00e9sentant un pentacle.<\/p>\n<p style=\"text-align: justify;\">Un fouet est facile \u00e0 fabriquer (note\u00a0: le fouet poss\u00e8de huit queues et cinq n\u0153uds sur chacune).<\/p>\n<p style=\"text-align: justify;\">Procure-toi un couteau \u00e0 manche blanc et une baguette (une \u00e9p\u00e9e n\u2019est pas indispensable). Grave les marques avec l\u2019Atham\u00e9. Purifie tous tes outils, puis consacre-les de la mani\u00e8re appropri\u00e9e et en \u00e9tant toujours correctement pr\u00e9par\u00e9.<\/p>\n<p style=\"text-align: justify;\">Mais n&rsquo;oublie jamais que les op\u00e9rations magiques sont inutiles \u00e0 moins de pouvoir amener l\u2019esprit \u00e0 un \u00e9tat appropri\u00e9, reli\u00e9 aux plus hautes sph\u00e8res. Les affirmations doivent \u00eatre formul\u00e9es clairement, et l\u2019esprit doit \u00eatre enflamm\u00e9 de d\u00e9sir. Dot\u00e9 de cette ardente volont\u00e9, tu peux accomplir autant avec des outils simples qu\u2019avec leur plus compl\u00e8te panoplie.<\/p>\n<p style=\"text-align: justify;\">Mais les bons outils, et surtout les anciens, poss\u00e8dent leur propre aura. Ils contribuent \u00e0 induire cet esprit de r\u00e9v\u00e9rence, le d\u00e9sir d\u2019apprendre et de d\u00e9velopper tes pouvoirs. Pour cette raison, les sorciers tentent toujours de se procurer des outils ayant appartenu \u00e0 des magiciens c\u00e9r\u00e9moniels qui, \u00e9tant des hommes comp\u00e9tents, fabriquent de bons outils et les consacrent correctement, en leur donnant un puissant pouvoir.<\/p>\n<p style=\"text-align: justify;\">Mais d&rsquo;excellents outils de sorcier acqui\u00e8rent aussi beaucoup de pouvoir\u00a0; et tu devrais toujours t&rsquo;efforcer d&rsquo;utiliser les meilleurs mat\u00e9riaux qu&rsquo;il t&rsquo;est possible de trouver pour fabriquer tes outils, afin qu\u2019ils puissent absorber ton pouvoir plus facilement. Et bien s\u00fbr, si tu peux h\u00e9riter ou acqu\u00e9rir les outils d\u2019un autre sorcier, le pouvoir \u00e9manera d\u2019eux.<\/p>\n<p class=\"western\" style=\"text-align: justify;\">Selon une ancienne croyance, les meilleures substances pour fabriquer des outils sont celles qui ont eu autrefois de la vie en elles, par opposition aux substances artificielles. Ainsi le bois ou l\u2019ivoire pour une baguette sont pr\u00e9f\u00e9rables au m\u00e9tal, qui est plus appropri\u00e9 pour les couteaux et les \u00e9p\u00e9es. Le parchemin vierge pour les talismans est pr\u00e9f\u00e9rable au papier manufactur\u00e9, etc. Et les choses qui ont \u00e9t\u00e9 fabriqu\u00e9es \u00e0 la main sont bonnes, parce qu\u2019il y a de la vie en elles.<\/p>\n","protected":false},"excerpt":{"rendered":"<p>Il n\u2019existe pas de magasins de fournitures magiques, alors, \u00e0 moins que tu ne sois assez chanceux pour que l\u2019on te donne ou vende des outils, un pauvre sorcier doit improviser. Mais une fois initi\u00e9, tu dois \u00eatre en mesure d\u2019emprunter ou d\u2019acqu\u00e9rir un Atham\u00e9. Donc, apr\u00e8s avoir trac\u00e9 ton cercle, \u00e9rige un autel. N&rsquo;importe&#8230;<\/p>\n","protected":false},"author":2,"featured_media":0,"parent":2578,"menu_order":13,"comment_status":"closed","ping_status":"closed","template":"silo.php","meta":{"footnotes":""},"class_list":["post-2605","page","type-page","status-publish","hentry"],"_links":{"self":[{"href":"https:\/\/www.le-sidh.org\/wicca\/wp-json\/wp\/v2\/pages\/2605","targetHints":{"allow":["GET"]}}],"collection":[{"href":"https:\/\/www.le-sidh.org\/wicca\/wp-json\/wp\/v2\/pages"}],"about":[{"href":"https:\/\/www.le-sidh.org\/wicca\/wp-json\/wp\/v2\/types\/page"}],"author":[{"embeddable":true,"href":"https:\/\/www.le-sidh.org\/wicca\/wp-json\/wp\/v2\/users\/2"}],"replies":[{"embeddable":true,"href":"https:\/\/www.le-sidh.org\/wicca\/wp-json\/wp\/v2\/comments?post=2605"}],"version-history":[{"count":2,"href":"https:\/\/www.le-sidh.org\/wicca\/wp-json\/wp\/v2\/pages\/2605\/revisions"}],"predecessor-version":[{"id":2615,"href":"https:\/\/www.le-sidh.org\/wicca\/wp-json\/wp\/v2\/pages\/2605\/revisions\/2615"}],"up":[{"embeddable":true,"href":"https:\/\/www.le-sidh.org\/wicca\/wp-json\/wp\/v2\/pages\/2578"}],"wp:attachment":[{"href":"https:\/\/www.le-sidh.org\/wicca\/wp-json\/wp\/v2\/media?parent=2605"}],"curies":[{"name":"wp","href":"https:\/\/api.w.org\/{rel}","templated":true}]}}