{"id":2603,"date":"2015-09-23T18:14:31","date_gmt":"2015-09-23T16:14:31","guid":{"rendered":"http:\/\/www.le-sidh.org\/wicca\/?page_id=2603"},"modified":"2015-09-23T18:43:46","modified_gmt":"2015-09-23T16:43:46","slug":"pour-quitter-son-corps-1953","status":"publish","type":"page","link":"https:\/\/www.le-sidh.org\/wicca\/livres-des-ombres-gardnerien\/le-livre-des-ombres-de-1953\/pour-quitter-son-corps-1953\/","title":{"rendered":"Pour quitter son corps"},"content":{"rendered":"<p style=\"text-align: justify;\"><span style=\"font-size: medium;\">Il n\u2019est pas sage de chercher \u00e0 quitter ton corps tant que tu ne ma\u00eetrises pas parfaitement la clairvoyance. Il est possible d&rsquo;utiliser le m\u00eame rituel qui sert \u00e0 obtenir des visions, mais tu auras besoin d\u2019un divan confortable. Agenouille-toi de fa\u00e7on \u00e0 ce que tes cuisses, ton ventre et ta poitrine soient bien soutenus, avec les bras tendus vers l\u2019avant et attach\u00e9s de chaque c\u00f4t\u00e9 pour \u00e9prouver la nette sensation d\u2019\u00eatre tir\u00e9 vers l&rsquo;avant. Quand la transe est induite, tu devras ressentir la volont\u00e9 de sortir hors de ton corps par le sommet de la t\u00eate. On doit donner au fouet un mouvement de traction, comme pour te chasser ou te tra\u00eener hors de toi-m\u00eame. Vos deux volont\u00e9s doivent \u00eatre totalement en phase, en maintenant un effort constant et \u00e9gal. Quand vient la transe, ta tutrice peut t&rsquo;aider en appelant doucement ton nom. Tu te sentiras probablement entra\u00een\u00e9 hors de ton corps, comme \u00e0 travers une ouverture \u00e9troite, et tu te trouveras debout \u00e0 c\u00f4t\u00e9 de ta tutrice, en train de regarder ton corps sur le divan. Avant toute chose, efforce-toi de communiquer avec ta tutrice\u00a0; s\u2019ils poss\u00e8dent la Seconde Vue, ils te verront probablement. Au d\u00e9but, ne t&rsquo;\u00e9loigne pas trop, il est pr\u00e9f\u00e9rable d\u2019avoir avec toi quelqu\u2019un qui a l\u2019habitude de quitter son corps. <\/span><\/p>\n<p class=\"western\" style=\"text-align: justify;\"><span style=\"color: #000000;\"><span style=\"font-size: medium;\"><b>Note\u00a0<\/b><\/span><\/span><span style=\"color: #000000;\"><span style=\"font-size: medium;\">: Quand, ayant quitt\u00e9 avec succ\u00e8s ton corps, tu souhaites y retourner, de fa\u00e7on \u00e0 ce que le corps spirituel et le corps physique co\u00efncident, PENSE \u00c0 TES PIEDS. Cela provoquera ton retour.<\/span><\/span><\/p>\n<p class=\"western\" style=\"text-align: justify;\">\n","protected":false},"excerpt":{"rendered":"<p>Il n\u2019est pas sage de chercher \u00e0 quitter ton corps tant que tu ne ma\u00eetrises pas parfaitement la clairvoyance. Il est possible d&rsquo;utiliser le m\u00eame rituel qui sert \u00e0 obtenir des visions, mais tu auras besoin d\u2019un divan confortable. Agenouille-toi de fa\u00e7on \u00e0 ce que tes cuisses, ton ventre et ta poitrine soient bien soutenus,&#8230;<\/p>\n","protected":false},"author":2,"featured_media":0,"parent":2578,"menu_order":12,"comment_status":"closed","ping_status":"closed","template":"silo.php","meta":{"footnotes":""},"class_list":["post-2603","page","type-page","status-publish","hentry"],"_links":{"self":[{"href":"https:\/\/www.le-sidh.org\/wicca\/wp-json\/wp\/v2\/pages\/2603","targetHints":{"allow":["GET"]}}],"collection":[{"href":"https:\/\/www.le-sidh.org\/wicca\/wp-json\/wp\/v2\/pages"}],"about":[{"href":"https:\/\/www.le-sidh.org\/wicca\/wp-json\/wp\/v2\/types\/page"}],"author":[{"embeddable":true,"href":"https:\/\/www.le-sidh.org\/wicca\/wp-json\/wp\/v2\/users\/2"}],"replies":[{"embeddable":true,"href":"https:\/\/www.le-sidh.org\/wicca\/wp-json\/wp\/v2\/comments?post=2603"}],"version-history":[{"count":2,"href":"https:\/\/www.le-sidh.org\/wicca\/wp-json\/wp\/v2\/pages\/2603\/revisions"}],"predecessor-version":[{"id":2619,"href":"https:\/\/www.le-sidh.org\/wicca\/wp-json\/wp\/v2\/pages\/2603\/revisions\/2619"}],"up":[{"embeddable":true,"href":"https:\/\/www.le-sidh.org\/wicca\/wp-json\/wp\/v2\/pages\/2578"}],"wp:attachment":[{"href":"https:\/\/www.le-sidh.org\/wicca\/wp-json\/wp\/v2\/media?parent=2603"}],"curies":[{"name":"wp","href":"https:\/\/api.w.org\/{rel}","templated":true}]}}