{"id":2601,"date":"2015-09-23T18:13:18","date_gmt":"2015-09-23T16:13:18","guid":{"rendered":"http:\/\/www.le-sidh.org\/wicca\/?page_id=2601"},"modified":"2015-09-23T18:45:08","modified_gmt":"2015-09-23T16:45:08","slug":"la-danse-de-rencontre-1953","status":"publish","type":"page","link":"https:\/\/www.le-sidh.org\/wicca\/livres-des-ombres-gardnerien\/le-livre-des-ombres-de-1953\/la-danse-de-rencontre-1953\/","title":{"rendered":"La Danse de Rencontre"},"content":{"rendered":"<p class=\"western\" style=\"text-align: justify;\"><span style=\"color: #000000;\"><span style=\"font-size: medium;\">La Demoiselle doit mener la danse. Un homme doit placer ses mains autour de sa taille, en se tenant derri\u00e8re elle. Puis hommes et femmes, altern\u00e9s, doivent faire de m\u00eame, la Demoiselle menant et tous dansent en la suivant. Elle les conduit enfin en une spirale dextrogyre. Lorsque le centre est atteint (et il vaut mieux le marquer d\u2019une pierre), elle se tourne soudainement et danse dans l\u2019autre sens, en embrassant chaque homme qui vient \u00e0 sa rencontre. Tous les hommes et toutes les femmes se tournent de m\u00eame et dansent dans l&rsquo;autre sens, les hommes embrassent les femmes et les femmes embrassent les hommes. Tous suivent le rythme de la musique, c\u2019est un jeu joyeux, mais qui demande de la pratique pour \u00eatre r\u00e9ussi. Notons que les musiciens doivent observer les danseurs pour acc\u00e9l\u00e9rer ou ralentir leur musique du mieux possible. Pour les d\u00e9butants, la musique doit \u00eatre lente, sinon il y aura confusion. Cette danse est excellente pour que les gens fassent connaissance au cours de grandes assembl\u00e9es.<\/span><\/span><\/p>\n","protected":false},"excerpt":{"rendered":"<p>La Demoiselle doit mener la danse. Un homme doit placer ses mains autour de sa taille, en se tenant derri\u00e8re elle. Puis hommes et femmes, altern\u00e9s, doivent faire de m\u00eame, la Demoiselle menant et tous dansent en la suivant. Elle les conduit enfin en une spirale dextrogyre. Lorsque le centre est atteint (et il vaut&#8230;<\/p>\n","protected":false},"author":2,"featured_media":0,"parent":2578,"menu_order":11,"comment_status":"closed","ping_status":"closed","template":"silo.php","meta":{"footnotes":""},"class_list":["post-2601","page","type-page","status-publish","hentry"],"_links":{"self":[{"href":"https:\/\/www.le-sidh.org\/wicca\/wp-json\/wp\/v2\/pages\/2601","targetHints":{"allow":["GET"]}}],"collection":[{"href":"https:\/\/www.le-sidh.org\/wicca\/wp-json\/wp\/v2\/pages"}],"about":[{"href":"https:\/\/www.le-sidh.org\/wicca\/wp-json\/wp\/v2\/types\/page"}],"author":[{"embeddable":true,"href":"https:\/\/www.le-sidh.org\/wicca\/wp-json\/wp\/v2\/users\/2"}],"replies":[{"embeddable":true,"href":"https:\/\/www.le-sidh.org\/wicca\/wp-json\/wp\/v2\/comments?post=2601"}],"version-history":[{"count":2,"href":"https:\/\/www.le-sidh.org\/wicca\/wp-json\/wp\/v2\/pages\/2601\/revisions"}],"predecessor-version":[{"id":2626,"href":"https:\/\/www.le-sidh.org\/wicca\/wp-json\/wp\/v2\/pages\/2601\/revisions\/2626"}],"up":[{"embeddable":true,"href":"https:\/\/www.le-sidh.org\/wicca\/wp-json\/wp\/v2\/pages\/2578"}],"wp:attachment":[{"href":"https:\/\/www.le-sidh.org\/wicca\/wp-json\/wp\/v2\/media?parent=2601"}],"curies":[{"name":"wp","href":"https:\/\/api.w.org\/{rel}","templated":true}]}}