{"id":260,"date":"2014-07-28T16:02:50","date_gmt":"2014-07-28T14:02:50","guid":{"rendered":"http:\/\/www.le-sidh.org\/wicca\/?page_id=260"},"modified":"2014-07-28T16:06:45","modified_gmt":"2014-07-28T14:06:45","slug":"la-descente-de-la-lune-1949","status":"publish","type":"page","link":"https:\/\/www.le-sidh.org\/wicca\/esbat\/la-descente-de-la-lune-1949\/","title":{"rendered":"La Descente de la Lune (1949)"},"content":{"rendered":"<p style=\"text-align: justify;\">Par Gerald Gardner, traduction Artus &amp; Lune<\/p>\n<p style=\"text-align: justify;\"><a href=\"https:\/\/www.le-sidh.org\/wicca\/wp-content\/uploads\/2014\/07\/pleine-lune.jpg\"><img loading=\"lazy\" decoding=\"async\" class=\"aligncenter wp-image-261 size-medium\" src=\"https:\/\/www.le-sidh.org\/wicca\/wp-content\/uploads\/2014\/07\/pleine-lune-300x254.jpg\" alt=\"pleine-lune\" width=\"300\" height=\"254\" srcset=\"https:\/\/www.le-sidh.org\/wicca\/wp-content\/uploads\/2014\/07\/pleine-lune-300x254.jpg 300w, https:\/\/www.le-sidh.org\/wicca\/wp-content\/uploads\/2014\/07\/pleine-lune.jpg 600w\" sizes=\"auto, (max-width: 300px) 100vw, 300px\" \/><\/a><br \/>\nLa grande pr\u00eatresse se tient d\u00e9bout devant l&rsquo;autel (ndt: dos \u00e0 l&rsquo;autel), elle prend la position de la d\u00e9esse (bras crois\u00e9s) (ndt : la position de la d\u00e9esse correspond en fait \u00e0 la position d&rsquo;Osiris, bras crois\u00e9s, le fouet dans un main, l&rsquo;atham\u00e9 dans l&rsquo;autre). Le magus (ndt : \u00e0 cette \u00e9poque, Gardner utilise encore le terme de magus \u00e0 la place de grand pr\u00eatre), s&rsquo;agenouillant devant elle, dessine un pentacle sur son corps avec la baguette \u00e0 t\u00eate phallique, il invoque :<\/p>\n<p><strong>\u00ab Je t&rsquo;invoque et te conjure, \u00f4 puissante m\u00e8re de toute vie et de fertilit\u00e9. Par la graine et la racine, par la tige et le bourgeon, par la feuille et la fleur et le fruit, par la vie et l&rsquo;amour, je t&rsquo;invoque pour descendre dans le corps de ta servante et grande pr\u00eatresse [nom]. \u00bb<\/strong><\/p>\n<p>Une fois la lune descendue, c&rsquo;est-\u00e0-dire, que le lien a \u00e9t\u00e9 \u00e9tabli, le magus et les autres hommes donnent le quintuple baiser :<\/p>\n<p>(En embrassant les pieds) (ndt : gauche puis droite)<strong> \u00ab B\u00e9nis soient tes pieds, qui t&rsquo;ont men\u00e9 en ces chemins. \u00bb<\/strong><\/p>\n<p>(En embrassant les genoux) (ndt : gauche puis droite)<strong> \u00ab B\u00e9nis soient tes genoux, qui se poseront devant l&rsquo;autel sacr\u00e9. \u00bb<\/strong><\/p>\n<p>(En embrassant le ventre)<strong> \u00ab B\u00e9nie soit ta matrice, sans laquelle nous ne serions. \u00bb<\/strong><\/p>\n<p>(En embrassant les seins) (ndt : gauche puis droite) <strong>\u00ab B\u00e9nis soient tes seins, form\u00e9s dans la beaut\u00e9 et dans la force. \u00bb<\/strong><\/p>\n<p>(En embrassant les l\u00e8vres) <strong>\u00ab B\u00e9nies soient tes l\u00e8vres, qui prononceront les noms sacr\u00e9s. \u00bb<\/strong><\/p>\n<p>Toutes les femmes saluent.<\/p>\n<p>S&rsquo;il y a une initiation, alors \u00e0 ce moment le Magus et la Grande Pr\u00eatresse dans la position de la d\u00e9esse (bras crois\u00e9s) r\u00e9cite la charge, pendant que l&rsquo;initi\u00e9 attend \u00e0 l&rsquo;ext\u00e9rieur du cercle.<\/p>\n","protected":false},"excerpt":{"rendered":"<p>Par Gerald Gardner, traduction Artus &amp; Lune La grande pr\u00eatresse se tient d\u00e9bout devant l&rsquo;autel (ndt: dos \u00e0 l&rsquo;autel), elle prend la position de la d\u00e9esse (bras crois\u00e9s) (ndt : la position de la d\u00e9esse correspond en fait \u00e0 la position d&rsquo;Osiris, bras crois\u00e9s, le fouet dans un main, l&rsquo;atham\u00e9 dans l&rsquo;autre). Le magus (ndt&#8230;<\/p>\n","protected":false},"author":2,"featured_media":0,"parent":34,"menu_order":0,"comment_status":"closed","ping_status":"closed","template":"silo.php","meta":{"footnotes":""},"class_list":["post-260","page","type-page","status-publish","hentry"],"_links":{"self":[{"href":"https:\/\/www.le-sidh.org\/wicca\/wp-json\/wp\/v2\/pages\/260","targetHints":{"allow":["GET"]}}],"collection":[{"href":"https:\/\/www.le-sidh.org\/wicca\/wp-json\/wp\/v2\/pages"}],"about":[{"href":"https:\/\/www.le-sidh.org\/wicca\/wp-json\/wp\/v2\/types\/page"}],"author":[{"embeddable":true,"href":"https:\/\/www.le-sidh.org\/wicca\/wp-json\/wp\/v2\/users\/2"}],"replies":[{"embeddable":true,"href":"https:\/\/www.le-sidh.org\/wicca\/wp-json\/wp\/v2\/comments?post=260"}],"version-history":[{"count":2,"href":"https:\/\/www.le-sidh.org\/wicca\/wp-json\/wp\/v2\/pages\/260\/revisions"}],"predecessor-version":[{"id":264,"href":"https:\/\/www.le-sidh.org\/wicca\/wp-json\/wp\/v2\/pages\/260\/revisions\/264"}],"up":[{"embeddable":true,"href":"https:\/\/www.le-sidh.org\/wicca\/wp-json\/wp\/v2\/pages\/34"}],"wp:attachment":[{"href":"https:\/\/www.le-sidh.org\/wicca\/wp-json\/wp\/v2\/media?parent=260"}],"curies":[{"name":"wp","href":"https:\/\/api.w.org\/{rel}","templated":true}]}}