{"id":2599,"date":"2015-09-23T18:12:11","date_gmt":"2015-09-23T16:12:11","guid":{"rendered":"http:\/\/www.le-sidh.org\/wicca\/?page_id=2599"},"modified":"2015-09-23T18:45:16","modified_gmt":"2015-09-23T16:45:16","slug":"correctement-prepare-1953","status":"publish","type":"page","link":"https:\/\/www.le-sidh.org\/wicca\/livres-des-ombres-gardnerien\/le-livre-des-ombres-de-1953\/correctement-prepare-1953\/","title":{"rendered":"Correctement pr\u00e9par\u00e9"},"content":{"rendered":"<p style=\"text-align: justify;\"><span style=\"font-size: medium;\">Nus, mais des sandales (pas de chaussures) peuvent \u00eatre port\u00e9es. Pour l\u2019initiation, attache les mains de l&rsquo;initi\u00e9e derri\u00e8re son dos, remonte-les dans le creux de ses reins, et noue les bouts de la cordelette au niveau de sa gorge en laissant pendre une Laisse devant pour la conduire. (Les Bras forment ainsi un triangle dans le dos.)<\/span><\/p>\n<p class=\"western\" style=\"text-align: justify;\"><span style=\"color: #000000;\"><span style=\"font-size: medium;\">Lorsque l\u2019initi\u00e9e est agenouill\u00e9e devant l\u2019autel, la Laisse est attach\u00e9e \u00e0 un anneau riv\u00e9 \u00e0 l\u2019autel. Une courte cordelette est nou\u00e9e comme une jarreti\u00e8re autour de la jambe gauche de l\u2019initi\u00e9e, au-dessus du genou, avec les bouts rentr\u00e9s. Une autre cordelette est attach\u00e9e autour de la cheville droite et ses extr\u00e9mit\u00e9s sont \u00e9galement rentr\u00e9es de fa\u00e7on \u00e0 ce qu\u2019elles n\u2019entravent pas les mouvements. Ces cordelettes sont utilis\u00e9es pour attacher les pieds de l&rsquo;initi\u00e9e ensemble pendant qu&rsquo;elle est agenouill\u00e9e devant l\u2019autel et elles doivent \u00eatre assez longues pour \u00eatre fermement nou\u00e9es. Les genoux doivent aussi \u00eatre fermement attach\u00e9s. Cela doit \u00eatre fait avec pr\u00e9caution. Si la candidate se plaint de douleur, les liens doivent \u00eatre l\u00e9g\u00e8rement desserr\u00e9s\u00a0; garde toujours en m\u00e9moire que le but est de retarder suffisamment le flux sanguin pour induire l\u2019\u00e9tat de transe. Cela implique un l\u00e9ger inconfort, mais une grande g\u00eane emp\u00eache l\u2019\u00e9tat de transe\u00a0; il est donc pr\u00e9f\u00e9rable de passer un peu de temps \u00e0 desserrer et resserrer les liens jusqu\u2019\u00e0 trouver le bon ajustement. Seule la candidate peut te dire lorsque c\u2019est le cas. Bien s\u00fbr, ceci ne s&rsquo;applique pas \u00e0 l\u2019initiation, puisqu\u2019en cette occasion la transe n\u2019est pas souhait\u00e9e\u00a0; mais dans le but du rituel, il convient que les initi\u00e9es soient attach\u00e9es assez fermement pour qu&rsquo;elles se sentent absolument impuissantes, mais sans inconfort.<\/span><\/span><\/p>\n","protected":false},"excerpt":{"rendered":"<p>Nus, mais des sandales (pas de chaussures) peuvent \u00eatre port\u00e9es. Pour l\u2019initiation, attache les mains de l&rsquo;initi\u00e9e derri\u00e8re son dos, remonte-les dans le creux de ses reins, et noue les bouts de la cordelette au niveau de sa gorge en laissant pendre une Laisse devant pour la conduire. (Les Bras forment ainsi un triangle dans&#8230;<\/p>\n","protected":false},"author":2,"featured_media":0,"parent":2578,"menu_order":10,"comment_status":"closed","ping_status":"closed","template":"silo.php","meta":{"footnotes":""},"class_list":["post-2599","page","type-page","status-publish","hentry"],"_links":{"self":[{"href":"https:\/\/www.le-sidh.org\/wicca\/wp-json\/wp\/v2\/pages\/2599","targetHints":{"allow":["GET"]}}],"collection":[{"href":"https:\/\/www.le-sidh.org\/wicca\/wp-json\/wp\/v2\/pages"}],"about":[{"href":"https:\/\/www.le-sidh.org\/wicca\/wp-json\/wp\/v2\/types\/page"}],"author":[{"embeddable":true,"href":"https:\/\/www.le-sidh.org\/wicca\/wp-json\/wp\/v2\/users\/2"}],"replies":[{"embeddable":true,"href":"https:\/\/www.le-sidh.org\/wicca\/wp-json\/wp\/v2\/comments?post=2599"}],"version-history":[{"count":2,"href":"https:\/\/www.le-sidh.org\/wicca\/wp-json\/wp\/v2\/pages\/2599\/revisions"}],"predecessor-version":[{"id":2627,"href":"https:\/\/www.le-sidh.org\/wicca\/wp-json\/wp\/v2\/pages\/2599\/revisions\/2627"}],"up":[{"embeddable":true,"href":"https:\/\/www.le-sidh.org\/wicca\/wp-json\/wp\/v2\/pages\/2578"}],"wp:attachment":[{"href":"https:\/\/www.le-sidh.org\/wicca\/wp-json\/wp\/v2\/media?parent=2599"}],"curies":[{"name":"wp","href":"https:\/\/api.w.org\/{rel}","templated":true}]}}