{"id":2597,"date":"2015-09-23T18:10:49","date_gmt":"2015-09-23T16:10:49","guid":{"rendered":"http:\/\/www.le-sidh.org\/wicca\/?page_id=2597"},"modified":"2015-09-23T18:36:04","modified_gmt":"2015-09-23T16:36:04","slug":"le-pouvoir-1953","status":"publish","type":"page","link":"https:\/\/www.le-sidh.org\/wicca\/livres-des-ombres-gardnerien\/le-livre-des-ombres-de-1953\/le-pouvoir-1953\/","title":{"rendered":"Le Pouvoir"},"content":{"rendered":"<p style=\"text-align: justify;\">L<span style=\"color: #000000;\"><span style=\"font-size: medium;\">e pouvoir est latent dans le corps, il peut en \u00eatre extrait et \u00eatre utilis\u00e9 de diff\u00e9rentes mani\u00e8res par des personnes exp\u00e9riment\u00e9es. Mais \u00e0 moins d\u2019\u00eatre confin\u00e9 dans un cercle, il se dissipera rapidement. D\u2019o\u00f9 l\u2019importance d\u2019un cercle correctement construit. <\/span><\/span><\/p>\n<p class=\"western\" style=\"text-align: justify;\"><span style=\"color: #000000;\"><span style=\"font-size: medium;\">Le pouvoir semble exsuder par la peau et, sans doute, par les orifices du corps, c\u2019est pourquoi tu dois \u00eatre bien pr\u00e9par\u00e9. La moindre salet\u00e9 g\u00e2che tout, ce qui montre l\u2019importance d\u2019une propret\u00e9 minutieuse. L\u2019\u00e9tat d\u2019esprit produit un tr\u00e8s grand effet, ainsi \u0153uvre uniquement dans un esprit de r\u00e9v\u00e9rence. <\/span><\/span><\/p>\n<p class=\"western\" style=\"text-align: justify;\"><span style=\"color: #000000;\"><span style=\"font-size: medium;\">Boire un peu de vin, \u00e0 plusieurs reprises si n\u00e9cessaire, au cours de la c\u00e9r\u00e9monie aide \u00e0 produire du pouvoir. D\u2019autres boissons fortes ou des drogues peuvent \u00eatre consomm\u00e9es, mais il est n\u00e9cessaire de rester tr\u00e8s mod\u00e9r\u00e9, car si tu as l\u2019esprit confus, m\u00eame l\u00e9g\u00e8rement, tu ne pourras pas contr\u00f4ler le pouvoir que vous susciterez. <\/span><\/span><\/p>\n<p class=\"western\" style=\"text-align: justify;\"><span style=\"color: #000000;\"><span style=\"font-size: medium;\">La mani\u00e8re la plus simple est de danser et de chanter des m\u00e9lop\u00e9es, tout d\u2019abord lentement puis en acc\u00e9l\u00e9rant le rythme graduellement jusqu\u2019\u00e0 l\u2019\u00e9tourdissement. Les appels peuvent ensuite \u00eatre utilis\u00e9s, ou m\u00eame des cris sauvages et d\u00e9pourvus de sens qui produisent du pouvoir. Mais cette m\u00e9thode enflamme l\u2019esprit et rend difficile le contr\u00f4le du pouvoir, m\u00eame si le contr\u00f4le peut s\u2019acqu\u00e9rir avec la pratique. <\/span><\/span><\/p>\n<p class=\"western\" style=\"text-align: justify;\"><span style=\"color: #000000;\"><span style=\"font-size: medium;\">Le fouet est un bien meilleur moyen, car il stimule et excite \u00e0 la fois le corps et l\u2019\u00e2me, et on en garde quand m\u00eame facilement le contr\u00f4le. <\/span><\/span><\/p>\n<p class=\"western\" style=\"text-align: justify;\"><span style=\"color: #000000;\"><span style=\"font-size: medium;\">Le Grand Rite est de loin la meilleure m\u00e9thode. Il lib\u00e8re un pouvoir \u00e9norme, mais les conditions et les circonstances font qu\u2019il est difficile pour l\u2019esprit de maintenir le contr\u00f4le dans un premier temps. C\u2019est encore une question de pratique et de force naturelle de la volont\u00e9 de l\u2019op\u00e9rateur, et \u00e0 un degr\u00e9 moindre, de celles de ses assistantes. Si, comme jadis, de nombreuses assistantes form\u00e9es \u00e9taient pr\u00e9sentes et que leurs volont\u00e9s \u00e0 toutes \u00e9taient correctement harmonis\u00e9es, des miracles se produiraient. <\/span><\/span><\/p>\n<p class=\"western\" style=\"text-align: justify;\"><span style=\"color: #000000;\"><span style=\"font-size: medium;\">Les magiciens c\u00e9r\u00e9moniels utilisaient principalement le sacrifice du sang\u00a0; et alors que nous tenons cela pour une chose mauvaise, nous ne pouvons nier que cette m\u00e9thode est tr\u00e8s efficace. Le pouvoir jaillit du sang fra\u00eechement vers\u00e9, au lieu d\u2019exsuder lentement selon notre m\u00e9thode. La terreur et l\u2019angoisse de la victime en augmentent l&rsquo;intensit\u00e9, et m\u00eame un petit animal peut tout \u00e0 fait g\u00e9n\u00e9rer un immense pouvoir. La grande difficult\u00e9 pour l&rsquo;esprit humain est de contr\u00f4ler le pouvoir de l&rsquo;esprit inf\u00e9rieur de l&rsquo;animal. Mais les magiciens c\u00e9r\u00e9moniels pr\u00e9tendent qu\u2019ils poss\u00e8dent des m\u00e9thodes pour y parvenir et que, plus l\u2019animal utilis\u00e9 est grand, plus la difficult\u00e9 diminue, et lorsque la victime est humaine, elle dispara\u00eet compl\u00e8tement. (Cette pratique est une abomination, mais c\u2019est ainsi.) Les pr\u00eatres le savent bien\u00a0; et avec leurs autodaf\u00e9s, avec la douleur et la terreur des victimes (les feux agissant sensiblement comme des cercles), ils obtenaient beaucoup de pouvoir. <\/span><\/span><\/p>\n<p class=\"western\" style=\"text-align: justify;\"><span style=\"color: #000000;\"><span style=\"font-size: medium;\">Jadis, les Flagellants \u00e9voquaient certainement le pouvoir, mais comme ils n&rsquo;\u00e9taient pas confin\u00e9s dans un cercle, une grande partie \u00e9tait perdue. La quantit\u00e9 de pouvoir lev\u00e9e \u00e9tait si grande et continue que quiconque poss\u00e9dant les connaissances pouvait le diriger et l\u2019utiliser\u00a0; et il est fort probable que les sacrifices classiques et pa\u00efens \u00e9taient utilis\u00e9s de la m\u00eame mani\u00e8re. Il se murmure que lorsque la victime humaine se sacrifiait volontairement, avec son esprit tourn\u00e9 vers le Grand \u0152uvre, avec des assistantes hautement qualifi\u00e9es, des miracles en r\u00e9sultaient, mais de cela, je ne peux en parler.<\/span><\/span><\/p>\n","protected":false},"excerpt":{"rendered":"<p>Le pouvoir est latent dans le corps, il peut en \u00eatre extrait et \u00eatre utilis\u00e9 de diff\u00e9rentes mani\u00e8res par des personnes exp\u00e9riment\u00e9es. Mais \u00e0 moins d\u2019\u00eatre confin\u00e9 dans un cercle, il se dissipera rapidement. D\u2019o\u00f9 l\u2019importance d\u2019un cercle correctement construit. Le pouvoir semble exsuder par la peau et, sans doute, par les orifices du corps,&#8230;<\/p>\n","protected":false},"author":2,"featured_media":0,"parent":2578,"menu_order":9,"comment_status":"closed","ping_status":"closed","template":"silo.php","meta":{"footnotes":""},"class_list":["post-2597","page","type-page","status-publish","hentry"],"_links":{"self":[{"href":"https:\/\/www.le-sidh.org\/wicca\/wp-json\/wp\/v2\/pages\/2597","targetHints":{"allow":["GET"]}}],"collection":[{"href":"https:\/\/www.le-sidh.org\/wicca\/wp-json\/wp\/v2\/pages"}],"about":[{"href":"https:\/\/www.le-sidh.org\/wicca\/wp-json\/wp\/v2\/types\/page"}],"author":[{"embeddable":true,"href":"https:\/\/www.le-sidh.org\/wicca\/wp-json\/wp\/v2\/users\/2"}],"replies":[{"embeddable":true,"href":"https:\/\/www.le-sidh.org\/wicca\/wp-json\/wp\/v2\/comments?post=2597"}],"version-history":[{"count":2,"href":"https:\/\/www.le-sidh.org\/wicca\/wp-json\/wp\/v2\/pages\/2597\/revisions"}],"predecessor-version":[{"id":2617,"href":"https:\/\/www.le-sidh.org\/wicca\/wp-json\/wp\/v2\/pages\/2597\/revisions\/2617"}],"up":[{"embeddable":true,"href":"https:\/\/www.le-sidh.org\/wicca\/wp-json\/wp\/v2\/pages\/2578"}],"wp:attachment":[{"href":"https:\/\/www.le-sidh.org\/wicca\/wp-json\/wp\/v2\/media?parent=2597"}],"curies":[{"name":"wp","href":"https:\/\/api.w.org\/{rel}","templated":true}]}}