{"id":2595,"date":"2015-09-23T18:08:42","date_gmt":"2015-09-23T16:08:42","guid":{"rendered":"http:\/\/www.le-sidh.org\/wicca\/?page_id=2595"},"modified":"2015-09-23T18:35:58","modified_gmt":"2015-09-23T16:35:58","slug":"pour-obtenir-des-visions-1953","status":"publish","type":"page","link":"https:\/\/www.le-sidh.org\/wicca\/livres-des-ombres-gardnerien\/le-livre-des-ombres-de-1953\/pour-obtenir-des-visions-1953\/","title":{"rendered":"Pour Obtenir des Visions"},"content":{"rendered":"<ol>\n<li>\n<p class=\"western\" style=\"text-align: justify;\"><span style=\"color: #000000;\">Elles se produisent chez diff\u00e9rentes personnes, de fa\u00e7ons vari\u00e9es. Elles surviennent rarement naturellement, mais elles peuvent \u00eatre induites de bien des mani\u00e8res. Une m\u00e9ditation profonde et prolong\u00e9e peut les provoquer, mais seulement si c\u2019est un talent inn\u00e9 chez toi, et habituellement un long je\u00fbne \u00e9tait \u00e9galement n\u00e9cessaire. Jadis, les moines et les nonnes obtenaient des visions par de longues veilles, combin\u00e9es au je\u00fbne, \u00e0 la flagellation jusqu\u2019au sang, et \u00e0 d\u2019autres mortifications de la chair, c&rsquo;est ainsi qu&rsquo;indubitablement ils avaient des visions. En Orient, on s&rsquo;y essaie \u00e0 l&rsquo;aide de diverses tortures, en adoptant en m\u00eame temps des postures inconfortables, qui retardent le flux sanguin, et ces tourments, longs et continus, donnent de bons r\u00e9sultats. Mais au sein de l\u2019Art, on nous enseigne une fa\u00e7on plus facile d&rsquo;intensifier l\u2019imagination, tout en contr\u00f4lant la circulation sanguine, et l&rsquo;utilisation du rituel est le meilleur moyen d&rsquo;y parvenir.<\/span><\/p>\n<\/li>\n<li style=\"text-align: justify;\">\n<p class=\"western\"><span style=\"color: #000000;\"><span style=\"font-size: medium;\">L\u2019encens est aussi bon pour se concilier les Esprits que pour induire la relaxation et favoriser la cr\u00e9ation d&rsquo;une atmosph\u00e8re n\u00e9cessaire \u00e0 la suggestion. (Car nos yeux humains sont tellement aveugles \u00e0 la r\u00e9alit\u00e9, qu\u2019il est souvent n\u00e9cessaire de sugg\u00e9rer la chose qui se trouve l\u00e0 avant que nous puissions la voir, comme nous pouvons montrer \u00e0 d&rsquo;autres une chose dans le lointain avant qu&rsquo;ils ne puissent la voir par eux-m\u00eames. Le mastic, les racines de jonc odorant, l\u2019\u00e9corce de cannelle, le musc, le gen\u00e9vrier, le bois de santal et l\u2019ambre gris, combin\u00e9s, sont tous de bons encens, mais le patchouli est le meilleur de tous. Et si tu peux te procurer du chanvre, c\u2019est encore mieux, mais sois tr\u00e8s prudent en l\u2019utilisant.<\/span><\/span><\/p>\n<\/li>\n<li style=\"text-align: justify;\">\n<p class=\"western\"><span style=\"color: #000000;\"><span style=\"font-size: medium;\">Une fois que le cercle a \u00e9t\u00e9 form\u00e9, que tous ont \u00e9t\u00e9 correctement pr\u00e9par\u00e9s, que les Rites ont \u00e9t\u00e9 c\u00e9l\u00e9br\u00e9s, et que tous ont \u00e9t\u00e9 purifi\u00e9s, la candidate doit attacher son tuteur et lui faire faire un tour de cercle, en saluant les Puissants et en les invoquant pour faciliter l\u2019op\u00e9ration. Puis, tous deux dansent en rond jusqu\u2019\u00e0 l\u2019\u00e9tourdissement, en d\u00e9clamant des invocations ou en utilisant des chants. Flagellation. Puis le Tuteur doit attacher la candidate tr\u00e8s \u00e9troitement, pas assez pour causer de l\u2019inconfort, mais suffisamment pour retarder l\u00e9g\u00e8rement le flux sanguin. Ils doivent danser en rond \u00e0 nouveau, en chantant, puis donner des coups de fouet l\u00e9gers, r\u00e9guliers et monotones. C&rsquo;est une tr\u00e8s bonne chose que l\u2019\u00e9l\u00e8ve puisse voir venir les coups (il est possible de le pr\u00e9voir en adoptant la position appropri\u00e9e, ou si l&rsquo;on dispose d\u2019un grand miroir, son utilisation peut donner d\u2019excellents effets) car ceci produit l&rsquo;effet d&rsquo;un tour de passe-passe, et contribue grandement \u00e0 stimuler l\u2019imagination, et il est important que les coups ne soient pas trop forts, le but \u00e9tant seulement de faire affluer le sang dans une partie du corps afin de l&rsquo;\u00e9loigner du cerveau. Ceci, combin\u00e9 aux liens qui doivent \u00eatre \u00e9troitement attach\u00e9s, ralentit la circulation du sang, et les all\u00e9es et venues des coups induisent rapidement somnolence et stupeur. Le tuteur doit surveiller tout cela. D\u00e8s que la candidate s\u2019endort, la flagellation doit cesser. Le tuteur doit \u00e9galement faire attention \u00e0 ce que les \u00e9l\u00e8ves ne se refroidissent pas, et s\u2019ils luttent ou se retrouvent en difficult\u00e9, elles devront \u00eatre imm\u00e9diatement r\u00e9veill\u00e9es. (<\/span><\/span><span style=\"color: #000000;\"><span style=\"font-size: medium;\"><b>Note\u00a0<\/b><\/span><\/span><span style=\"color: #000000;\"><span style=\"font-size: medium;\">: si on ne peut pas prendre les dispositions n\u00e9cessaires pour voir l&rsquo;\u00e9l\u00e8ve, la baguette peut \u00eatre utilis\u00e9e, pendant un moment, puis on reprend la flagellation.)<\/span><\/span><\/p>\n<\/li>\n<li style=\"text-align: justify;\">\n<p class=\"western\"><span style=\"color: #000000;\">Ne te d\u00e9courage pas s\u2019il n\u2019y a aucun r\u00e9sultat apr\u00e8s deux ou trois tentatives. Cela viendra, lorsque vous serez tous les deux dans le bon \u00e9tat. Quand tu obtiendras un r\u00e9sultat, alors d&rsquo;autres suivront plus rapidement. Bient\u00f4t, une partie du rituel pourra \u00eatre \u00e9court\u00e9e, mais ne n\u00e9glige jamais d&rsquo;invoquer la D\u00e9esse, et les Puissants, ni de former le Cercle, ni de tout faire correctement. Et pour obtenir de bons et clairs r\u00e9sultats, il vaut toujours mieux accomplir trop de rituels que pas assez.<\/span><\/p>\n<\/li>\n<li style=\"text-align: justify;\">\n<p class=\"western\"><span style=\"color: #000000;\">On a constat\u00e9 que cette pratique fait souvent na\u00eetre une certaine tendresse entre la candidate et son tuteur, et si cela se produit, c&rsquo;est une source de meilleurs r\u00e9sultats. Si pour quelques raisons que ce soit, il n\u2019est pas souhaitable qu\u2019une trop grande tendresse naisse entre l&rsquo;\u00e9l\u00e8ve et le tuteur, ceci peut \u00eatre \u00e9viter facilement. Les deux parties doivent d\u00e8s le d\u00e9but se r\u00e9soudre fermement \u00e0 penser que, si cette tendresse survient, elle doit \u00eatre celle d&rsquo;un fr\u00e8re et d&rsquo;une s\u0153ur ou d&rsquo;un parent et d&rsquo;un enfant. Et c\u2019est pour cette raison qu\u2019un homme ne peut \u00eatre instruit que par une femme, et une femme par un homme, et que deux hommes ensemble et deux femmes ensemble ne doivent jamais s\u2019essayer \u00e0 de telles pratiques. Et puissent toutes les Mal\u00e9dictions des Puissants s\u2019abattre sur quiconque s\u2019y essaierait.<\/span><\/p>\n<\/li>\n<li>\n<p class=\"western\" style=\"text-align: justify;\"><span style=\"color: #000000;\"><span style=\"font-size: medium;\">Rappelle-toi que le Cercle, correctement construit, est toujours n\u00e9cessaire pour emp\u00eacher le pouvoir lib\u00e9r\u00e9 d&rsquo;\u00eatre dissip\u00e9. C\u2019est aussi une barri\u00e8re contre toute perturbation des forces malveillantes, car pour obtenir de bons r\u00e9sultats, tu dois te d\u00e9barrasser de toute nuisance. Souviens-toi que l\u2019obscurit\u00e9, les points de lumi\u00e8re brillants au milieu de la p\u00e9nombre environnante, l\u2019encens et les passages r\u00e9guliers d\u2019un bras blanc ne sont pas des effets de sc\u00e8ne. Ce sont des instruments m\u00e9caniques qui d\u00e9clenchent le travail de suggestion, qui d\u00e9bloquera plus tard la certitude qu\u2019il est possible d&rsquo;avoir recours \u00e0 l\u2019extase divine, et ainsi d\u2019atteindre la connaissance et la communion avec la Divine D\u00e9esse. Une fois que tu as atteint cela, le Rituel n&rsquo;est plus n\u00e9cessaire, puisque tu peux avoir recours \u00e0 cet \u00e9tat d&rsquo;extase \u00e0 volont\u00e9, mais jusque-l\u00e0, ou bien si tu as toi-m\u00eame acc\u00e9d\u00e9 \u00e0 cela et que tu souhaites amener une compagne \u00e0 cet \u00e9tat de joie, le rituel est pr\u00e9f\u00e9rable.<\/span><\/span><\/p>\n<\/li>\n<\/ol>\n","protected":false},"excerpt":{"rendered":"<p>Elles se produisent chez diff\u00e9rentes personnes, de fa\u00e7ons vari\u00e9es. Elles surviennent rarement naturellement, mais elles peuvent \u00eatre induites de bien des mani\u00e8res. Une m\u00e9ditation profonde et prolong\u00e9e peut les provoquer, mais seulement si c\u2019est un talent inn\u00e9 chez toi, et habituellement un long je\u00fbne \u00e9tait \u00e9galement n\u00e9cessaire. Jadis, les moines et les nonnes obtenaient des&#8230;<\/p>\n","protected":false},"author":2,"featured_media":0,"parent":2578,"menu_order":8,"comment_status":"closed","ping_status":"closed","template":"silo.php","meta":{"footnotes":""},"class_list":["post-2595","page","type-page","status-publish","hentry"],"_links":{"self":[{"href":"https:\/\/www.le-sidh.org\/wicca\/wp-json\/wp\/v2\/pages\/2595","targetHints":{"allow":["GET"]}}],"collection":[{"href":"https:\/\/www.le-sidh.org\/wicca\/wp-json\/wp\/v2\/pages"}],"about":[{"href":"https:\/\/www.le-sidh.org\/wicca\/wp-json\/wp\/v2\/types\/page"}],"author":[{"embeddable":true,"href":"https:\/\/www.le-sidh.org\/wicca\/wp-json\/wp\/v2\/users\/2"}],"replies":[{"embeddable":true,"href":"https:\/\/www.le-sidh.org\/wicca\/wp-json\/wp\/v2\/comments?post=2595"}],"version-history":[{"count":2,"href":"https:\/\/www.le-sidh.org\/wicca\/wp-json\/wp\/v2\/pages\/2595\/revisions"}],"predecessor-version":[{"id":2616,"href":"https:\/\/www.le-sidh.org\/wicca\/wp-json\/wp\/v2\/pages\/2595\/revisions\/2616"}],"up":[{"embeddable":true,"href":"https:\/\/www.le-sidh.org\/wicca\/wp-json\/wp\/v2\/pages\/2578"}],"wp:attachment":[{"href":"https:\/\/www.le-sidh.org\/wicca\/wp-json\/wp\/v2\/media?parent=2595"}],"curies":[{"name":"wp","href":"https:\/\/api.w.org\/{rel}","templated":true}]}}