{"id":2593,"date":"2015-09-23T18:07:34","date_gmt":"2015-09-23T16:07:34","guid":{"rendered":"http:\/\/www.le-sidh.org\/wicca\/?page_id=2593"},"modified":"2015-09-23T18:36:14","modified_gmt":"2015-09-23T16:36:14","slug":"les-huit-sentiers-1953","status":"publish","type":"page","link":"https:\/\/www.le-sidh.org\/wicca\/livres-des-ombres-gardnerien\/le-livre-des-ombres-de-1953\/les-huit-sentiers-1953\/","title":{"rendered":"Les Huit Sentiers"},"content":{"rendered":"<p style=\"text-align: justify;\"><span style=\"font-size: medium;\">Les Huit Voies ou Sentiers qui m\u00e8nent au Centre.<\/span><\/p>\n<ol style=\"text-align: justify;\">\n<li>\n<p class=\"western\"><span style=\"color: #000000;\">La M\u00e9ditation ou la Concentration. En pratique, cela signifie former une image mentale de ce que l&rsquo;on d\u00e9sire, en se for\u00e7ant \u00e0 voir ce d\u00e9sir r\u00e9alis\u00e9, avec la farouche conviction et certitude qu&rsquo;il peut \u00eatre et sera accompli, et que tu continueras d&rsquo;imposer ta volont\u00e9 jusqu\u2019\u00e0 ce qu\u2019il soit atteint. Pour r\u00e9sumer, il s\u2019agit de \u00ab\u00a0l\u2019Intention.\u00a0\u00bb<\/span><\/p>\n<\/li>\n<\/ol>\n<ol style=\"text-align: justify;\" start=\"2\">\n<li>\n<p class=\"western\"><span style=\"color: #000000;\">La Transe, la projection Astrale.<\/span><\/p>\n<\/li>\n<\/ol>\n<ol style=\"text-align: justify;\" start=\"3\">\n<li>\n<p class=\"western\"><span style=\"color: #000000;\"><span style=\"font-size: medium;\">Les Rites, les Chants, les Sortil\u00e8ges, les Runes, les Charmes, etc.<\/span><\/span><\/p>\n<\/li>\n<\/ol>\n<ol style=\"text-align: justify;\" start=\"4\">\n<li>\n<p class=\"western\"><span style=\"color: #000000;\">L\u2019Encens, les Drogues, le Vin, etc., tout ce qui est utilis\u00e9 pour lib\u00e9rer l\u2019Esprit. (<b>Note<\/b>\u00a0: on doit \u00eatre tr\u00e8s prudent \u00e0 ce sujet. L\u2019encens est habituellement sans danger, mais tu dois faire attention. S&rsquo;il y a des effets secondaires d\u00e9plaisants, r\u00e9duis la quantit\u00e9 utilis\u00e9e, ou la dur\u00e9e d\u2019inhalation. Les drogues sont tr\u00e8s dangereuses si prises en exc\u00e8s, mais on doit se rappeler qu\u2019il existe des drogues absolument inoffensives, m\u00eame si les gens parlent d\u2019elles en retenant leur souffle, mais le Chanvre est particuli\u00e8rement dangereux, car il ouvre l\u2019\u0153il int\u00e9rieur rapidement et facilement, on est alors tent\u00e9 d&rsquo;en consommer toujours plus. Si jamais il est utilis\u00e9, cela doit \u00eatre avec les plus strictes pr\u00e9cautions et en veillant \u00e0 ce que la personne qui le consomme n\u2019ait pas acc\u00e8s \u00e0 la r\u00e9serve. Il doit \u00eatre distribu\u00e9 par une personne responsable, et la r\u00e9serve strictement limit\u00e9e.)<\/span><\/p>\n<\/li>\n<\/ol>\n<ol style=\"text-align: justify;\" start=\"5\">\n<li>\n<p class=\"western\"><span style=\"color: #000000;\">La Danse, et les pratiques similaires.<\/span><\/p>\n<\/li>\n<\/ol>\n<ol style=\"text-align: justify;\" start=\"6\">\n<li>\n<p class=\"western\"><span style=\"color: #000000;\">Le Contr\u00f4le du Flux Sanguin (les Cordes), le Contr\u00f4le de la Respiration, et les pratiques similaires.<\/span><\/p>\n<\/li>\n<\/ol>\n<ol style=\"text-align: justify;\" start=\"7\">\n<li>\n<p class=\"western\"><span style=\"color: #000000;\">Le Fouet.<\/span><\/p>\n<\/li>\n<\/ol>\n<ol style=\"text-align: justify;\" start=\"8\">\n<li>\n<p class=\"western\"><span style=\"color: #000000;\">Le Grand Rite.<\/span><\/p>\n<\/li>\n<\/ol>\n<p class=\"western\" style=\"text-align: justify;\"><span style=\"color: #000000;\">Ce sont tous les sentiers. Tu peux combiner plusieurs d\u2019entre eux en une seule exp\u00e9rience, plus tu en combineras, mieux ce sera.<\/span><\/p>\n<p class=\"western\" style=\"text-align: justify;\"><span style=\"color: #000000;\">Les Cinq \u00e9l\u00e9ments Essentiels\u00a0:<\/span><\/p>\n<ol style=\"text-align: justify;\">\n<li>\n<p class=\"western\"><span style=\"color: #000000;\">Le plus important, c&rsquo;est \u00ab\u00a0l\u2019Intention\u00a0\u00bb\u00a0: tu dois savoir que tu peux et que tu vas r\u00e9ussir\u00a0; elle est indispensable dans toute op\u00e9ration.<\/span><\/p>\n<\/li>\n<li>\n<p class=\"western\"><span style=\"color: #000000;\">La Pr\u00e9paration. (Tu dois \u00eatre correctement pr\u00e9par\u00e9 selon les r\u00e8gles de l\u2019art\u00a0; autrement tu ne parviendras jamais \u00e0 rien.)<\/span><\/p>\n<\/li>\n<li>\n<p class=\"western\"><span style=\"color: #000000;\">Le Cercle doit \u00eatre correctement form\u00e9 et purifi\u00e9.<\/span><\/p>\n<\/li>\n<li>\n<p class=\"western\"><span style=\"color: #000000;\">Vous devez tous \u00eatre correctement purifi\u00e9s, plusieurs fois si n\u00e9cessaire, et cette purification devra \u00eatre r\u00e9p\u00e9t\u00e9e plusieurs fois durant le rite.<\/span><\/p>\n<\/li>\n<li>\n<p class=\"western\"><span style=\"color: #000000;\">Tu dois avoir des outils correctement consacr\u00e9s.<\/span><\/p>\n<\/li>\n<\/ol>\n<p class=\"western\" style=\"text-align: justify;\"><span style=\"color: #000000;\">Ces cinq \u00e9l\u00e9ments essentiels et Huit Sentiers ou Voies ne peuvent pas tous \u00eatre combin\u00e9s en un seul rite. La M\u00e9ditation et la danse ne se combinent pas bien, mais la cr\u00e9ation d\u2019une image mentale et la danse peuvent tout \u00e0 fait se combiner avec les Chants. Les Sortil\u00e8ges, etc., associ\u00e9s \u00e0 la flagellation et au n\u00b0\u00a06, suivis du n\u00b0\u00a08, forment une excellente combinaison. La M\u00e9ditation, suivie de la flagellation, associ\u00e9e avec les n\u00b0\u00a03 et 4 et 5, forment \u00e9galement une tr\u00e8s bonne combinaison. Comme moyens rapides pour atteindre la concentration, les n\u00b0\u00a05, 6, 7 et 8 sont excellents.<\/span><\/p>\n","protected":false},"excerpt":{"rendered":"<p>Les Huit Voies ou Sentiers qui m\u00e8nent au Centre. La M\u00e9ditation ou la Concentration. En pratique, cela signifie former une image mentale de ce que l&rsquo;on d\u00e9sire, en se for\u00e7ant \u00e0 voir ce d\u00e9sir r\u00e9alis\u00e9, avec la farouche conviction et certitude qu&rsquo;il peut \u00eatre et sera accompli, et que tu continueras d&rsquo;imposer ta volont\u00e9 jusqu\u2019\u00e0&#8230;<\/p>\n","protected":false},"author":2,"featured_media":0,"parent":2578,"menu_order":7,"comment_status":"closed","ping_status":"closed","template":"silo.php","meta":{"footnotes":""},"class_list":["post-2593","page","type-page","status-publish","hentry"],"_links":{"self":[{"href":"https:\/\/www.le-sidh.org\/wicca\/wp-json\/wp\/v2\/pages\/2593","targetHints":{"allow":["GET"]}}],"collection":[{"href":"https:\/\/www.le-sidh.org\/wicca\/wp-json\/wp\/v2\/pages"}],"about":[{"href":"https:\/\/www.le-sidh.org\/wicca\/wp-json\/wp\/v2\/types\/page"}],"author":[{"embeddable":true,"href":"https:\/\/www.le-sidh.org\/wicca\/wp-json\/wp\/v2\/users\/2"}],"replies":[{"embeddable":true,"href":"https:\/\/www.le-sidh.org\/wicca\/wp-json\/wp\/v2\/comments?post=2593"}],"version-history":[{"count":2,"href":"https:\/\/www.le-sidh.org\/wicca\/wp-json\/wp\/v2\/pages\/2593\/revisions"}],"predecessor-version":[{"id":2618,"href":"https:\/\/www.le-sidh.org\/wicca\/wp-json\/wp\/v2\/pages\/2593\/revisions\/2618"}],"up":[{"embeddable":true,"href":"https:\/\/www.le-sidh.org\/wicca\/wp-json\/wp\/v2\/pages\/2578"}],"wp:attachment":[{"href":"https:\/\/www.le-sidh.org\/wicca\/wp-json\/wp\/v2\/media?parent=2593"}],"curies":[{"name":"wp","href":"https:\/\/api.w.org\/{rel}","templated":true}]}}