{"id":2591,"date":"2015-09-23T18:06:17","date_gmt":"2015-09-23T16:06:17","guid":{"rendered":"http:\/\/www.le-sidh.org\/wicca\/?page_id=2591"},"modified":"2015-09-23T18:43:54","modified_gmt":"2015-09-23T16:43:54","slug":"de-lepreuve-de-lart-magique-1953","status":"publish","type":"page","link":"https:\/\/www.le-sidh.org\/wicca\/livres-des-ombres-gardnerien\/le-livre-des-ombres-de-1953\/de-lepreuve-de-lart-magique-1953\/","title":{"rendered":"De l\u2019\u00c9preuve de l\u2019Art Magique"},"content":{"rendered":"<p class=\"western\" style=\"text-align: justify;\"><span style=\"color: #000000;\"><span style=\"font-size: medium;\">Acquiers l&rsquo;esprit qui s&rsquo;accorde aux fardeaux sans honneur, car c\u2019est l\u2019esprit qui vo\u00fbte les \u00e9paules, et non le poids. L\u2019armure est lourde, pourtant c\u2019est un noble fardeau et un homme s\u2019y tient droit \u00e0 l\u2019int\u00e9rieur. Limiter et contraindre l\u2019un de nos sens permet d\u2019accro\u00eetre la concentration d\u2019un autre. Fermer les yeux favorise l\u2019ou\u00efe. Donc, lier les mains de l\u2019initi\u00e9e accro\u00eet sa perception mentale, tandis que le fouet accro\u00eet sa vision int\u00e9rieure. Ainsi l\u2019initi\u00e9e traverse l\u2019\u00e9preuve fi\u00e8rement, comme une princesse, sachant que cela ne sert qu&rsquo;\u00e0 accro\u00eetre sa gloire. Mais cela ne peut s&rsquo;accomplir qu\u2019avec l\u2019aide d\u2019une autre intelligence et dans un cercle, pour \u00e9viter que le pouvoir ainsi g\u00e9n\u00e9r\u00e9 ne se perde. Les pr\u00eatres tentent de faire la m\u00eame chose avec les flagellations et les mortifications de la chair. Mais comme il leur manque l\u2019aide des liens, que leur attention est distraite par les flagellations qu&rsquo;ils s&rsquo;infligent eux-m\u00eames, et que le peu de pouvoir qu\u2019ils produisent est dissip\u00e9 puisqu&rsquo;ils ne travaillent habituellement pas \u00e0 l\u2019int\u00e9rieur d\u2019un cercle, alors il n\u2019est pas \u00e9tonnant qu\u2019ils n\u2019y parviennent pas souvent. Les moines et les ermites font mieux, car ils ont tendance \u00e0 travailler dans de minuscules cellules et des grottes, qui agissent d\u2019une certaine fa\u00e7on comme des cercles. Les Templiers, qui se flagellaient mutuellement dans un octogone, faisaient encore bien mieux\u00a0; mais ils ne connaissaient apparemment pas les vertus des liens et proc\u00e9daient mal, puisqu\u2019ils demeuraient entre hommes. Mais peut-\u00eatre que certains en avaient connaissance\u00a0? Que pouvons-nous conclure des accusations de l\u2019\u00c9glise relatives au fait qu\u2019ils portaient des ceintures ou des cordes\u00a0?<\/span><\/span><\/p>\n","protected":false},"excerpt":{"rendered":"<p>Acquiers l&rsquo;esprit qui s&rsquo;accorde aux fardeaux sans honneur, car c\u2019est l\u2019esprit qui vo\u00fbte les \u00e9paules, et non le poids. L\u2019armure est lourde, pourtant c\u2019est un noble fardeau et un homme s\u2019y tient droit \u00e0 l\u2019int\u00e9rieur. Limiter et contraindre l\u2019un de nos sens permet d\u2019accro\u00eetre la concentration d\u2019un autre. Fermer les yeux favorise l\u2019ou\u00efe. Donc, lier&#8230;<\/p>\n","protected":false},"author":2,"featured_media":0,"parent":2578,"menu_order":6,"comment_status":"closed","ping_status":"closed","template":"silo.php","meta":{"footnotes":""},"class_list":["post-2591","page","type-page","status-publish","hentry"],"_links":{"self":[{"href":"https:\/\/www.le-sidh.org\/wicca\/wp-json\/wp\/v2\/pages\/2591","targetHints":{"allow":["GET"]}}],"collection":[{"href":"https:\/\/www.le-sidh.org\/wicca\/wp-json\/wp\/v2\/pages"}],"about":[{"href":"https:\/\/www.le-sidh.org\/wicca\/wp-json\/wp\/v2\/types\/page"}],"author":[{"embeddable":true,"href":"https:\/\/www.le-sidh.org\/wicca\/wp-json\/wp\/v2\/users\/2"}],"replies":[{"embeddable":true,"href":"https:\/\/www.le-sidh.org\/wicca\/wp-json\/wp\/v2\/comments?post=2591"}],"version-history":[{"count":2,"href":"https:\/\/www.le-sidh.org\/wicca\/wp-json\/wp\/v2\/pages\/2591\/revisions"}],"predecessor-version":[{"id":2620,"href":"https:\/\/www.le-sidh.org\/wicca\/wp-json\/wp\/v2\/pages\/2591\/revisions\/2620"}],"up":[{"embeddable":true,"href":"https:\/\/www.le-sidh.org\/wicca\/wp-json\/wp\/v2\/pages\/2578"}],"wp:attachment":[{"href":"https:\/\/www.le-sidh.org\/wicca\/wp-json\/wp\/v2\/media?parent=2591"}],"curies":[{"name":"wp","href":"https:\/\/api.w.org\/{rel}","templated":true}]}}