{"id":2589,"date":"2015-09-23T18:05:00","date_gmt":"2015-09-23T16:05:00","guid":{"rendered":"http:\/\/www.le-sidh.org\/wicca\/?page_id=2589"},"modified":"2015-09-23T18:44:57","modified_gmt":"2015-09-23T16:44:57","slug":"lavertissement-1953","status":"publish","type":"page","link":"https:\/\/www.le-sidh.org\/wicca\/livres-des-ombres-gardnerien\/le-livre-des-ombres-de-1953\/lavertissement-1953\/","title":{"rendered":"L\u2019Avertissement"},"content":{"rendered":"<p style=\"text-align: justify;\"><span style=\"font-size: medium;\">Garde ce livre \u00e9crit de ta propre main. Laisse les fr\u00e8res et les s\u0153urs copier ce qu\u2019ils veulent, mais ne laisse jamais ce livre quitter tes mains ni ne conserve les \u00e9crits d&rsquo;autrui, car si leur \u00e9criture \u00e9tait d\u00e9couverte, ils pourraient bien \u00eatre pris et tortur\u00e9s. Chacun doit garder ses propres \u00e9crits et les d\u00e9truire lorsque quelque danger menace. Apprends par c\u0153ur autant que tu le peux, et lorsque le danger est pass\u00e9, r\u00e9\u00e9cris ton livre. Pour cette raison, si certains meurent, d\u00e9truis leurs livres s\u2019ils n\u2019ont pas \u00e9t\u00e9 en mesure de le faire, car, s&rsquo;ils sont d\u00e9couverts, c\u2019est une preuve \u00e9vidente contre eux. \u00ab\u00a0Tu ne peux \u00eatre un sorcier solitaire\u00a0\u00bb\u00a0; alors tous leurs amis risquent la torture. Ainsi, d\u00e9truis toute chose qui n\u2019est pas n\u00e9cessaire. Si ton livre est trouv\u00e9 sur toi, c\u2019est une preuve \u00e9vidente contre toi. Tu peux \u00eatre tortur\u00e9. Abstiens-toi de toute pens\u00e9e \u00e0 propos du culte, dis que tu as fait de mauvais r\u00eaves, qu\u2019un D\u00e9mon t\u2019a pouss\u00e9 \u00e0 \u00e9crire cela \u00e0 ton insu. Pense en toi-m\u00eame, \u00ab\u00a0Je ne sais Rien, je ne me Souviens de rien. J\u2019ai tout oubli\u00e9\u00a0\u00bb. Induis cela dans ton esprit. Si la torture est trop grande \u00e0 supporter, dis, \u00ab\u00a0Je vais avouer. Je ne peux supporter ce supplice. Que voulez-vous que je dise\u00a0? Dites-moi et je le dirai\u00a0\u00bb. S\u2019ils tentent de te faire parler de la confr\u00e9rie, n&rsquo;en fais rien, mais s\u2019ils essaient de te faire parler de choses impossibles, comme voler dans les airs, pactiser avec le Diable, sacrifier des enfants ou manger de la chair humaine, dis, \u00ab\u00a0J\u2019ai fait un mauvais r\u00eave. Je n\u2019\u00e9tais pas moi-m\u00eame. J\u2019\u00e9tais fou.\u00a0\u00bb Tous les Magistrats ne sont pas mauvais. Si tu as une excuse, ils peuvent se montrer cl\u00e9ments envers toi. Si tu as avou\u00e9 quoi que ce soit, nie-le par la suite. Dis que tu as d\u00e9lir\u00e9 sous la torture\u00a0; tu ne savais pas ce que tu faisais ou disais. Si tu es condamn\u00e9, n\u2019aie crainte. La Confr\u00e9rie est puissante. Ils peuvent t\u2019aider \u00e0 t\u2019\u00e9chapper si tu restes loyal. Si tu trahis quoi que ce soit, il n\u2019y a aucun espoir pour toi, ni dans cette vie ni dans la suivante. Mais il est certain que si tu restes in\u00e9branlable jusqu\u2019au b\u00fbcher, des drogues parviendront jusqu&rsquo;\u00e0 toi. Tu ne sentiras rien, et tu iras trouver simplement la Mort et ce qui s\u2019\u00e9tend au-del\u00e0, l\u2019extase de la D\u00e9esse.<\/span><\/p>\n<p class=\"western\" style=\"text-align: justify;\"><span style=\"color: #000000;\">Fais de m\u00eame avec les Outils de travail. Que ce soit des choses ordinaires que n\u2019importe qui puisse avoir chez lui. Les Pentacles doivent \u00eatre en cire afin qu\u2019ils puissent, tous \u00e0 la fois, \u00eatre fondus et bris\u00e9s. N&rsquo;aie point d\u2019\u00e9p\u00e9e, \u00e0 moins que ton rang ne le permette. N\u2019inscris aucun nom ni symbole sur quoi que ce soit. \u00c9cris-les \u00e0 l\u2019encre avant de les consacrer et nettoie-les une fois que tu auras termin\u00e9. Ne te vante jamais, ne prof\u00e8re jamais de menace, ne dis jamais que tu souhaites du mal \u00e0 quelqu\u2019un. Si quelqu\u2019un parle de l\u2019art, dis, \u00ab\u00a0Ne me parlez pas de telles choses, cela m\u2019effraie, cela porte malheur d\u2019en parler\u00a0\u00bb.<\/span><\/p>\n","protected":false},"excerpt":{"rendered":"<p>Garde ce livre \u00e9crit de ta propre main. Laisse les fr\u00e8res et les s\u0153urs copier ce qu\u2019ils veulent, mais ne laisse jamais ce livre quitter tes mains ni ne conserve les \u00e9crits d&rsquo;autrui, car si leur \u00e9criture \u00e9tait d\u00e9couverte, ils pourraient bien \u00eatre pris et tortur\u00e9s. Chacun doit garder ses propres \u00e9crits et les d\u00e9truire&#8230;<\/p>\n","protected":false},"author":2,"featured_media":0,"parent":2578,"menu_order":5,"comment_status":"closed","ping_status":"closed","template":"","meta":{"footnotes":""},"class_list":["post-2589","page","type-page","status-publish","hentry"],"_links":{"self":[{"href":"https:\/\/www.le-sidh.org\/wicca\/wp-json\/wp\/v2\/pages\/2589","targetHints":{"allow":["GET"]}}],"collection":[{"href":"https:\/\/www.le-sidh.org\/wicca\/wp-json\/wp\/v2\/pages"}],"about":[{"href":"https:\/\/www.le-sidh.org\/wicca\/wp-json\/wp\/v2\/types\/page"}],"author":[{"embeddable":true,"href":"https:\/\/www.le-sidh.org\/wicca\/wp-json\/wp\/v2\/users\/2"}],"replies":[{"embeddable":true,"href":"https:\/\/www.le-sidh.org\/wicca\/wp-json\/wp\/v2\/comments?post=2589"}],"version-history":[{"count":2,"href":"https:\/\/www.le-sidh.org\/wicca\/wp-json\/wp\/v2\/pages\/2589\/revisions"}],"predecessor-version":[{"id":2622,"href":"https:\/\/www.le-sidh.org\/wicca\/wp-json\/wp\/v2\/pages\/2589\/revisions\/2622"}],"up":[{"embeddable":true,"href":"https:\/\/www.le-sidh.org\/wicca\/wp-json\/wp\/v2\/pages\/2578"}],"wp:attachment":[{"href":"https:\/\/www.le-sidh.org\/wicca\/wp-json\/wp\/v2\/media?parent=2589"}],"curies":[{"name":"wp","href":"https:\/\/api.w.org\/{rel}","templated":true}]}}