{"id":2586,"date":"2015-09-23T18:01:04","date_gmt":"2015-09-23T16:01:04","guid":{"rendered":"http:\/\/www.le-sidh.org\/wicca\/?page_id=2586"},"modified":"2015-09-23T18:44:01","modified_gmt":"2015-09-23T16:44:01","slug":"la-pretresse-et-lepee-1953","status":"publish","type":"page","link":"https:\/\/www.le-sidh.org\/wicca\/livres-des-ombres-gardnerien\/le-livre-des-ombres-de-1953\/la-pretresse-et-lepee-1953\/","title":{"rendered":"La Pr\u00eatresse et l\u2019\u00c9p\u00e9e"},"content":{"rendered":"<p style=\"text-align: justify;\">Il est dit que, \u00ab\u00a0Lorsqu\u2019une femme endosse le r\u00f4le principal dans le culte du Dieu M\u00e2le, elle doit \u00eatre ceinte d\u2019une \u00e9p\u00e9e.\u00a0\u00bb<\/p>\n<p class=\"western\" style=\"text-align: justify;\"><span style=\"color: #000000;\">Note. Le sens a \u00e9t\u00e9 expliqu\u00e9 comme suit, un homme doit \u00eatre le Magus repr\u00e9sentant le Dieu, mais si aucun des hommes pr\u00e9sents ne poss\u00e8de ni le rang ni le savoir suffisants, une femme, arm\u00e9e d\u2019une \u00e9p\u00e9e comme un homme, peut prendre sa place. Le fourreau doit \u00eatre port\u00e9 \u00e0 la ceinture. Elle doit garder l\u2019\u00e9p\u00e9e \u00e0 la main, mais si elle doit utiliser ses mains, elle devra la rengainer. Toute autre femme pr\u00e9sente dans le cercle, pendant que ce culte est rendu, devra tenir une \u00e9p\u00e9e \u00e0 la main. Celles qui se tiennent \u00e0 l\u2019ext\u00e9rieur du cercle porteront uniquement un atham\u00e9. Une femme peut personnifier soit le Dieu, soit la D\u00e9esse, mais un homme ne peut personnifier que le Dieu.<\/span><\/p>\n<p class=\"western\" style=\"text-align: justify;\">\n","protected":false},"excerpt":{"rendered":"<p>Il est dit que, \u00ab\u00a0Lorsqu\u2019une femme endosse le r\u00f4le principal dans le culte du Dieu M\u00e2le, elle doit \u00eatre ceinte d\u2019une \u00e9p\u00e9e.\u00a0\u00bb Note. Le sens a \u00e9t\u00e9 expliqu\u00e9 comme suit, un homme doit \u00eatre le Magus repr\u00e9sentant le Dieu, mais si aucun des hommes pr\u00e9sents ne poss\u00e8de ni le rang ni le savoir suffisants, une&#8230;<\/p>\n","protected":false},"author":2,"featured_media":0,"parent":2578,"menu_order":4,"comment_status":"closed","ping_status":"closed","template":"silo.php","meta":{"footnotes":""},"class_list":["post-2586","page","type-page","status-publish","hentry"],"_links":{"self":[{"href":"https:\/\/www.le-sidh.org\/wicca\/wp-json\/wp\/v2\/pages\/2586","targetHints":{"allow":["GET"]}}],"collection":[{"href":"https:\/\/www.le-sidh.org\/wicca\/wp-json\/wp\/v2\/pages"}],"about":[{"href":"https:\/\/www.le-sidh.org\/wicca\/wp-json\/wp\/v2\/types\/page"}],"author":[{"embeddable":true,"href":"https:\/\/www.le-sidh.org\/wicca\/wp-json\/wp\/v2\/users\/2"}],"replies":[{"embeddable":true,"href":"https:\/\/www.le-sidh.org\/wicca\/wp-json\/wp\/v2\/comments?post=2586"}],"version-history":[{"count":2,"href":"https:\/\/www.le-sidh.org\/wicca\/wp-json\/wp\/v2\/pages\/2586\/revisions"}],"predecessor-version":[{"id":2625,"href":"https:\/\/www.le-sidh.org\/wicca\/wp-json\/wp\/v2\/pages\/2586\/revisions\/2625"}],"up":[{"embeddable":true,"href":"https:\/\/www.le-sidh.org\/wicca\/wp-json\/wp\/v2\/pages\/2578"}],"wp:attachment":[{"href":"https:\/\/www.le-sidh.org\/wicca\/wp-json\/wp\/v2\/media?parent=2586"}],"curies":[{"name":"wp","href":"https:\/\/api.w.org\/{rel}","templated":true}]}}