{"id":2584,"date":"2015-09-23T18:00:00","date_gmt":"2015-09-23T16:00:00","guid":{"rendered":"http:\/\/www.le-sidh.org\/wicca\/?page_id=2584"},"modified":"2015-09-24T17:28:22","modified_gmt":"2015-09-24T15:28:22","slug":"le-fouet-et-le-baiser-1953","status":"publish","type":"page","link":"https:\/\/www.le-sidh.org\/wicca\/livres-des-ombres-gardnerien\/le-livre-des-ombres-de-1953\/le-fouet-et-le-baiser-1953\/","title":{"rendered":"Le Fouet et le Baiser"},"content":{"rendered":"<p style=\"text-align: justify;\">Invocation.<\/p>\n<p style=\"text-align: justify;\">(Les pieds, les genoux et les chevilles doivent \u00eatre \u00e9troitement li\u00e9s pour retarder le flux sanguin.)<\/p>\n<p style=\"text-align: justify;\">Fouetter 40 fois ou plus, pour faire picoter la peau, puis dire, pour invoquer la D\u00e9esse\u00a0:<\/p>\n<p><strong>\u00ab Je te salue, Aradia, de la corne Amalth\u00e9enne<\/strong><br \/>\n<strong>D\u00e9verse ta r\u00e9serve d&rsquo;Amour.<\/strong><br \/>\n<strong>Je m&rsquo;incline humblement Devant Toi !<\/strong><br \/>\n<strong>Je t&rsquo;invoque en dernier recours<\/strong><br \/>\n<strong>Lorsque les autres Dieux sont d\u00e9chus et m\u00e9pris\u00e9s.<\/strong><br \/>\n<strong>Ton pied est pour mes l\u00e8vres !<\/strong><br \/>\n<strong>Mes soupirs inn\u00e9s<\/strong><br \/>\n<strong>S&rsquo;\u00e9l\u00e8vent, touchent ton c\u0153ur et s&rsquo;y enroulent.<\/strong><br \/>\n<strong>Alors prodigue,<\/strong><br \/>\n<strong>Un Amour emprunt de compassion,<\/strong><br \/>\n<strong>La plus charmante Piti\u00e9, descends<\/strong><br \/>\n<strong>Et porte-moi chance, moi qui suis seul et abandonn\u00e9. \u00bb<\/strong><\/p>\n<p style=\"text-align: justify;\">Demande \u00e0 la D\u00e9esse de t&rsquo;aider \u00e0 obtenir ce que tu d\u00e9sires, puis employez \u00e0 nouveau le fouet pour lier le sort. Ceci est tr\u00e8s puissant contre la malchance et la maladie. Cette invocation doit \u00eatre dite dans un Cercle, et tu dois \u00eatre correctement pr\u00e9par\u00e9 et bien purifi\u00e9, avant et apr\u00e8s l&rsquo;avoir d\u00e9clam\u00e9e, afin de lier le sort. Avant de commencer, tu dois cr\u00e9er dans ton esprit une image tr\u00e8s claire de ce que tu d\u00e9sires. Visualise-toi obtenant ton souhait. Sois s\u00fbr, dans ton propre esprit, de ce dont il s\u2019agit exactement et de comment il peut \u00eatre atteint. Ce sortil\u00e8ge m&rsquo;a \u00e9t\u00e9 enseign\u00e9 il y a longtemps et j\u2019ai constat\u00e9 qu\u2019il fonctionnait, mais je ne pense pas qu\u2019il y ait une vertu sp\u00e9ciale dans ces paroles. N\u2019importe quelles autres peuvent leur \u00eatre substitu\u00e9es, \u00e0 condition que celles-ci demandent l\u2019aide de la D\u00e9esse (ou des Dieux), qu\u2019elles \u00e9noncent clairement ce que tu d\u00e9sires et que tu en formes une image mentale claire\u00a0; et si cela ne fonctionne pas dans un premier temps, continue d&rsquo;essayer jusqu\u2019\u00e0 ce que cela marche. Ton assistante, qui manie le fouet, doit conna\u00eetre ton souhait, et doit \u00e9galement en former l\u2019image mentale. Dans tous les cas, il convient mieux de commencer le travail de ce sortil\u00e8ge toi-m\u00eame, pour qu&rsquo;ensuite la fille prenne ta place et y travaille \u00e9galement\u00a0; et que tu la fouettes. N\u2019essayez rien de difficile au d\u00e9but, et faites-le au moins une fois par semaine jusqu\u2019\u00e0 ce que cela fonctionne. Vous devez entrer en sympathie l\u2019un avec l\u2019autre, avant que quoi que ce soit ne se passe, et un travail r\u00e9gulier permet cela. Concernant les sortil\u00e8ges, les mots exacts importent peu si l\u2019intention est claire et si vous levez le v\u00e9ritable pouvoir, en quantit\u00e9 suffisante. Ils riment toujours. Il y a quelque chose de curieux avec les rimes. J&rsquo;en ai fait l&rsquo;exp\u00e9rience, les m\u00eames mots semblent perdre de leur pouvoir si l\u2019on rate une rime. Lorsqu&rsquo;ils riment, les mots semblent se prononcer tout seuls. Tu ne dois pas faire de pause pour te demander\u00a0: \u00ab\u00a0Qu\u2019est-ce que je dois dire ensuite\u00a0?\u00a0\u00bb Faire cela affaiblit consid\u00e9rablement ton intention.<\/p>\n<p style=\"text-align: justify;\">L\u2019ordre et la discipline doivent \u00eatre maintenus. Un Grand Pr\u00eatre ou une Grande Pr\u00eatresse pourront et devront punir toutes fautes \u00e0 cette fin, et tous les membres du Culte devront accepter de leur plein gr\u00e9 de telles corrections. Tous sont fr\u00e8res et s\u0153urs, et c&rsquo;est pour cette raison que m\u00eame la Grande Pr\u00eatresse doit se soumettre au fouet. Chaque faute devra \u00eatre corrig\u00e9e s\u00e9par\u00e9ment. Le Pr\u00eatre et la Pr\u00eatresse devront \u00eatre correctement pr\u00e9par\u00e9s et devront appeler le coupable pour le proc\u00e8s. Ils devront \u00eatre pr\u00e9par\u00e9s comme pour l\u2019initiation et s\u2019agenouiller, \u00eatre instruits de leur faute et de la sentence. La punition devra \u00eatre le fouet, suivi d\u2019un gage tel que donner plusieurs quintuples baisers ou quelque chose de cette nature. Le coupable doit reconna\u00eetre l&rsquo;\u00e9quit\u00e9 de la punition en embrassant les mains et le fouet lorsqu\u2019il re\u00e7oit le verdict et, une nouvelle fois, en remerciant pour la punition re\u00e7ue. [Au d\u00e9but des ann\u00e9es 1960, Gerald Gardner ajouta ce paragraphe aux Lois de l\u2019Art.]<\/p>\n<p style=\"text-align: justify;\">Le nombre de coups de fouet est de 3, 7, 9 (trois fois trois), et 21 (trois fois sept), soit 40 en tout. Il ne convient pas de faire moins de deux vingtaines d&rsquo;offrandes [la flagellation] \u00e0 la D\u00e9esse, car il s&rsquo;agit l\u00e0 d&rsquo;un myst\u00e8re. Les nombres propices sont\u00a0: 3 et 5. Car, trois ajout\u00e9 \u00e0 deux (le Couple Parfait) font cinq. Et trois et cinq font huit\u00a0; huit et cinq font treize\u00a0; treize et huit font vingt-et-un. Le Quintuple Baiser est appel\u00e9 \u00ab\u00a05\u00a0\u00bb, mais il s\u2019agit de 8 baisers, car il y a 2 pieds et 2 genoux et le sexe et les 2 seins et les l\u00e8vres. Et 5 fois 8 font deux vingtaines. En outre, les nombres propices sont 3, 7, 8 et 21*, qui font un total de 40, ou deux vingtaines. Car chaque homme et chaque femme poss\u00e8dent dix doigts et dix orteils, et chacun en a vingt au total. Et un couple parfait fait deux vingtaines. Ainsi, un nombre inf\u00e9rieur ne saurait \u00eatre une parfaite pri\u00e8re. S&rsquo;il est n\u00e9cessaire d&rsquo;en faire davantage, il faut parvenir \u00e0 un nombre parfait, comme quatre vingtaines ou six vingtaines. Il y a \u00e9galement les Huit Armes \u00c9l\u00e9mentaires.<\/p>\n<p style=\"text-align: justify;\">Pour fabriquer l\u2019huile d\u2019onction, prends des pots verniss\u00e9s remplis pour moiti\u00e9 de graisse ou d\u2019huile d\u2019olive. Mets de la menthe douce dans l&rsquo;un, de la marjolaine dans un autre, du thym en poudre dans un troisi\u00e8me, et si tu peux t&rsquo;en procurer, du patchouli, des feuilles s\u00e9ch\u00e9es et pil\u00e9es. Place les pots au bain-marie. M\u00e9lange et laisse cuire pendant plusieurs heures, puis verse dans des sacs en toile, exprime la graisse dans les pots \u00e0 travers ce linge et remplis \u00e0 nouveau de feuilles fra\u00eeches. Apr\u00e8s avoir fait cela plusieurs fois, la graisse sera fortement parfum\u00e9e. Puis, m\u00e9lange-les toutes ensemble et conserve-les dans un bocal herm\u00e9tique. Oindre derri\u00e8re les oreilles, sur la gorge, les aisselles, les seins et le ventre. En outre, pour toutes les c\u00e9r\u00e9monies o\u00f9 les pieds sont embrass\u00e9s, ces derniers doivent \u00eatre oints.<\/p>\n","protected":false},"excerpt":{"rendered":"<p>Invocation. (Les pieds, les genoux et les chevilles doivent \u00eatre \u00e9troitement li\u00e9s pour retarder le flux sanguin.) Fouetter 40 fois ou plus, pour faire picoter la peau, puis dire, pour invoquer la D\u00e9esse\u00a0: \u00ab Je te salue, Aradia, de la corne Amalth\u00e9enne D\u00e9verse ta r\u00e9serve d&rsquo;Amour. Je m&rsquo;incline humblement Devant Toi ! Je t&rsquo;invoque en&#8230;<\/p>\n","protected":false},"author":2,"featured_media":0,"parent":2578,"menu_order":3,"comment_status":"closed","ping_status":"closed","template":"silo.php","meta":{"footnotes":""},"class_list":["post-2584","page","type-page","status-publish","hentry"],"_links":{"self":[{"href":"https:\/\/www.le-sidh.org\/wicca\/wp-json\/wp\/v2\/pages\/2584","targetHints":{"allow":["GET"]}}],"collection":[{"href":"https:\/\/www.le-sidh.org\/wicca\/wp-json\/wp\/v2\/pages"}],"about":[{"href":"https:\/\/www.le-sidh.org\/wicca\/wp-json\/wp\/v2\/types\/page"}],"author":[{"embeddable":true,"href":"https:\/\/www.le-sidh.org\/wicca\/wp-json\/wp\/v2\/users\/2"}],"replies":[{"embeddable":true,"href":"https:\/\/www.le-sidh.org\/wicca\/wp-json\/wp\/v2\/comments?post=2584"}],"version-history":[{"count":6,"href":"https:\/\/www.le-sidh.org\/wicca\/wp-json\/wp\/v2\/pages\/2584\/revisions"}],"predecessor-version":[{"id":2722,"href":"https:\/\/www.le-sidh.org\/wicca\/wp-json\/wp\/v2\/pages\/2584\/revisions\/2722"}],"up":[{"embeddable":true,"href":"https:\/\/www.le-sidh.org\/wicca\/wp-json\/wp\/v2\/pages\/2578"}],"wp:attachment":[{"href":"https:\/\/www.le-sidh.org\/wicca\/wp-json\/wp\/v2\/media?parent=2584"}],"curies":[{"name":"wp","href":"https:\/\/api.w.org\/{rel}","templated":true}]}}