{"id":2582,"date":"2015-09-23T17:58:27","date_gmt":"2015-09-23T15:58:27","guid":{"rendered":"http:\/\/www.le-sidh.org\/wicca\/?page_id=2582"},"modified":"2015-09-23T18:44:19","modified_gmt":"2015-09-23T16:44:19","slug":"pour-aider-les-malades","status":"publish","type":"page","link":"https:\/\/www.le-sidh.org\/wicca\/livres-des-ombres-gardnerien\/le-livre-des-ombres-de-1953\/pour-aider-les-malades\/","title":{"rendered":"Pour Aider les Malades"},"content":{"rendered":"<ol>\n<li>\n<p class=\"western\" style=\"text-align: justify;\"><span style=\"color: #000000;\">N&rsquo;oublie jamais la promesse de la D\u00e9esse, \u00ab\u00a0Car l\u2019extase est mienne ainsi que la joie sur terre\u00a0\u00bb, pour qu&rsquo;il y ait toujours de la joie dans ton c\u0153ur. Accueille les gens avec joie, sois heureux de les voir. Si les temps sont durs, pense \u00ab\u00a0Cela aurait pu \u00eatre pire. J\u2019ai au moins connu les joies du Sabbat, et je les conna\u00eetrai encore.\u00a0\u00bb Pense \u00e0 la magnificence, \u00e0 la beaut\u00e9 et \u00e0 la Po\u00e9sie des rites, aux \u00eatres chers que tu y rencontres. Si tu penses sans cesse \u00e0 cette joie int\u00e9rieure, ta sant\u00e9 en sera meilleure. Tu dois essayer de bannir toute peur, car elle aurait sur toi de v\u00e9ritables cons\u00e9quences. Cela peut nuire \u00e0 ton corps, mais ton \u00e2me est au-del\u00e0 de tout cela.<\/span><\/p>\n<\/li>\n<li style=\"text-align: justify;\">\n<p class=\"western\"><span style=\"color: #000000;\">Et n&rsquo;oublie jamais, qu\u2019aider les autres te fait oublier tes propres malheurs. Et si c&rsquo;est un autre qui souffre, fais ce que tu peux pour d\u00e9tourner son attention de ses souffrances. Ne dis pas \u00ab\u00a0Vous n&rsquo;avez pas de douleur\u00a0\u00bb mais, si tu le peux, administre des rem\u00e8des qui soulagent ainsi que ceux qui gu\u00e9rissent. Mais fais ton possible pour lui faire croire qu&rsquo;il va de mieux en mieux. Instille en lui des pens\u00e9es heureuses. Si tu peux simplement introduire cela dans le tr\u00e9fonds de son esprit alors il en sera toujours convaincu.<\/span><\/p>\n<\/li>\n<li style=\"text-align: justify;\">\n<p class=\"western\"><span style=\"color: #000000;\">\u00c0 cette fin, il n\u2019est pas mauvais de laisser les gens penser que nous, qui sommes du Culte, poss\u00e9dons plus de pouvoir qu\u2019en r\u00e9alit\u00e9. En v\u00e9rit\u00e9, s\u2019ils croient que nous poss\u00e9dons plus de pouvoir que nous en avons r\u00e9ellement, nous poss\u00e9dons effectivement ces pouvoirs, de sorte que nous pouvons leur faire du bien.<\/span><\/p>\n<\/li>\n<li style=\"text-align: justify;\">\n<p class=\"western\"><span style=\"color: #000000;\">Tu dois essayer de te renseigner sur les gens. Si tu dis \u00e0 un homme l\u00e9g\u00e8rement malade, \u00ab\u00a0Vous \u00eates en meilleure forme. Vous serez bient\u00f4t r\u00e9tabli,\u00a0\u00bb il se sentira mieux, mais s\u2019il est r\u00e9ellement malade, ou s&rsquo;il souffre, le fait de Savoir qu\u2019il est souffrant le fera douter de tes paroles \u00e0 l\u2019avenir. Mais si tu lui donnes un rem\u00e8de et que tu lui dis ensuite, \u00ab\u00a0La douleur est en train de s\u2019amoindrir,\u00a0\u00bb parce que la douleur dispara\u00eet, la prochaine fois que tu lui diras, \u00ab\u00a0La douleur est en train de dispara\u00eetre,\u00a0\u00bb il te croira et la douleur diminuera effectivement. Mais tu dois toujours le dire avec conviction, et cette conviction devra venir de ta propre certitude, parce que tu sais en toi-m\u00eame que si tu peux aider son esprit de fa\u00e7on \u00e0 ce qu&rsquo;il te croie, ce sera vrai.<\/span><\/p>\n<\/li>\n<li style=\"text-align: justify;\">\n<p class=\"western\"><span style=\"color: #000000;\">Il est souvent mieux de les regarder exactement entre les deux yeux, comme si tes yeux transper\u00e7aient leurs t\u00eates, en ouvrant tes yeux aussi grands que tu le peux et sans jamais ciller. Ce regard ininterrompu favorise l\u2019endormissement du patient. S\u2019ils montrent des signes de sommeil, dis\u00a0: \u00ab\u00a0Vous avez de plus en plus envie de dormir. Vous allez dormir, vous \u00eates fatigu\u00e9. Dormez. Vos paupi\u00e8res sont lourdes. Dormez.\u00a0\u00bb S\u2019ils ferment leurs yeux, dis\u00a0: \u00ab\u00a0Vos yeux sont clos, vous \u00eates fatigu\u00e9, vous ne pouvez pas ouvrir vos yeux.\u00a0\u00bb S\u2019ils ne peuvent les ouvrir, dis\u00a0: \u00ab\u00a0Vos bras sont lourds, vous ne pouvez plus les lever.\u00a0\u00bb S\u2019ils ne le peuvent pas, dis\u00a0: \u00ab\u00a0Je suis ma\u00eetre de votre esprit. Vous devez toujours croire ce que je vous dis. Lorsque je vous regarderai ainsi dans les yeux, vous vous endormirez et serez soumis \u00e0 ma volont\u00e9,\u00a0\u00bb puis dis-leur qu\u2019ils dormiront et qu\u2019ils se r\u00e9veilleront revigor\u00e9s, en se sentant bien mieux. Continue ainsi avec des rem\u00e8des qui soulagent et qui soignent, et essaie d\u2019insuffler en eux le sentiment d\u2019extase que tu ressens lors des Sabbats. Ils ne peuvent pas l&rsquo;\u00e9prouver pleinement, mais tu peux leur ordonner\u00a0: et de ressentir ce qui est dans ton propre esprit, et de tenter de se concentrer sur cette extase. Si tu peux leur dire sans risque que tu fais partie du Culte, ta t\u00e2che pourra en \u00eatre facilit\u00e9e. Et il serait bon de leur ordonner de le savoir seulement lorsque leur esprit est endormi, puis de l\u2019oublier, ou du moins d\u2019\u00eatre incapable de le dire \u00e0 quiconque lorsqu\u2019ils sont r\u00e9veill\u00e9s. Le leur ordonner, s&rsquo;ils te questionnent sans cesse \u00e0 propos de la Sorcellerie ou des Sorci\u00e8res, afin de les faire retomber dans le sommeil imm\u00e9diatement, est une bonne fa\u00e7on de proc\u00e9der.<\/span><\/p>\n<\/li>\n<li style=\"text-align: justify;\">\n<p class=\"western\"><span style=\"color: #000000;\">Si tu es tent\u00e9 d&rsquo;avouer, ou de te vanter de, ton appartenance au culte, garde toujours \u00e0 l\u2019esprit que tu mets en danger tes fr\u00e8res, car m\u00eame si les feux de la pers\u00e9cution sont aujourd\u2019hui \u00e9teints, qui sait s\u2019ils ne seront pas rallum\u00e9s\u00a0? De nombreux pr\u00eatres connaissent nos secrets, et ils savent bien que, m\u00eame si l\u2019intol\u00e9rance religieuse a recul\u00e9, de nombreuses personnes souhaiteraient rejoindre notre culte. Et si la v\u00e9rit\u00e9 \u00e9tait connue \u00e0 propos de ses joies, les \u00c9glises perdraient du pouvoir, ainsi, si nous prenions de nombreuses recrues, nous pourrions d\u00e9cha\u00eener contre nous les feux de la pers\u00e9cution. Par cons\u00e9quent, pr\u00e9serve toujours les secrets.<\/span><\/p>\n<\/li>\n<li style=\"text-align: justify;\">\n<p class=\"western\"><span style=\"color: #000000;\">Pense \u00e0 la joie, pense \u00e0 l\u2019amour, essaie d\u2019aider les autres et d\u2019apporter de la joie dans leurs vies. Les enfants sont naturellement plus faciles \u00e0 influencer que les grandes personnes. Efforce-toi toujours d&rsquo;examiner les croyances actuelles des gens. Par exemple, plus de la moiti\u00e9 du monde croit au pouvoir des amulettes. Une pierre ordinaire n\u2019est pas une amulette, mais si elle poss\u00e8de un trou naturel, c&rsquo;est qu&rsquo;elle doit \u00eatre sp\u00e9ciale, donc si le patient a de telles croyances, donne-lui-en une. Mais d&rsquo;abord, porte-la sur ta peau pendant quelques jours, contraint ta volont\u00e9 \u00e0 p\u00e9n\u00e9trer en elle, pour gu\u00e9rir la douleur, se sentir en s\u00e9curit\u00e9 et chasser les peurs sp\u00e9cifiques des patients, et cette amulette pourra continuer d&rsquo;imposer ta volont\u00e9 en ton absence. Les ma\u00eetres des talismans le savaient tr\u00e8s bien lorsqu\u2019ils disaient qu\u2019elles devaient \u00eatre fabriqu\u00e9es dans un cercle, pour \u00e9viter toute distraction, et par quelqu\u2019un dont l\u2019esprit est enti\u00e8rement tourn\u00e9 vers le sujet du travail.<\/span><\/p>\n<\/li>\n<li style=\"text-align: justify;\">\n<p class=\"western\"><span style=\"color: #000000;\">Mais garde ton propre esprit joyeux. Souviens-toi des Paroles de la D\u00e9esse\u00a0: \u00ab\u00a0Je donne d\u2019inimaginables joies sur Terre, la certitude et non la foi, alors que vous \u00eates en vie\u00a0! Et au-del\u00e0 de la mort, je donne la paix indicible, le repos et l\u2019extase, et la promesse de votre retour.\u00a0\u00bb Dans les temps anciens, nombre d\u2019entre nous s\u2019en sont all\u00e9s dans les flammes en riant et en chantant, et donc nous le pouvons encore. Durant la vie, nous pouvons avoir joie et beaut\u00e9, et dans la Mort, paix et promesse d&rsquo;un retour.<\/span><\/p>\n<\/li>\n<li style=\"text-align: justify;\">\n<p class=\"western\"><span style=\"color: #000000;\">La Bible dit vrai, \u00ab\u00a0Un c\u0153ur joyeux est un bon rem\u00e8de, mais un esprit abattu dess\u00e8che les os.\u00a0\u00bb Mais tu ne parviens pas \u00e0 avoir un c\u0153ur joyeux. Peut-\u00eatre es-tu n\u00e9 sous une mauvaise \u00e9toile\u00a0? Je pense que les effets des astres sont surestim\u00e9s, mais tu ne peux pas rendre un c\u0153ur joyeux sur commande, dis-tu. Mais au sein du Culte, tu le peux\u00a0; il existe des proc\u00e9d\u00e9s secrets gr\u00e2ce auxquels ta volont\u00e9 et ton imagination peuvent \u00eatre influenc\u00e9es. Ces proc\u00e9d\u00e9s agissent \u00e9galement sur le corps, et lui procurent de la joie. Ton corps est heureux, ainsi ton esprit l\u2019est aussi. Tu vas bien parce que tu es heureux, et tu es heureux parce tu vas bien. <\/span><\/p>\n<\/li>\n<li>\n<p class=\"western\" style=\"text-align: justify;\"><span style=\"color: #000000;\">La pri\u00e8re peut \u00eatre utilis\u00e9e avec de bons r\u00e9sultats si le patient croit que cela peut et que cela va fonctionner. Beaucoup de gens croient cela possible, pourtant ils ne croient pas que leur Dieu ou leurs Saints les aideront. Les pri\u00e8res \u00e0 la D\u00e9esse nous aident, et tout particuli\u00e8rement la Pri\u00e8re de la Corne Amalth\u00e9enne, car elle provoque une stimulation dans l\u2019organisme ainsi que dans l\u2019esprit.<\/span><\/p>\n<\/li>\n<\/ol>\n","protected":false},"excerpt":{"rendered":"<p>N&rsquo;oublie jamais la promesse de la D\u00e9esse, \u00ab\u00a0Car l\u2019extase est mienne ainsi que la joie sur terre\u00a0\u00bb, pour qu&rsquo;il y ait toujours de la joie dans ton c\u0153ur. Accueille les gens avec joie, sois heureux de les voir. Si les temps sont durs, pense \u00ab\u00a0Cela aurait pu \u00eatre pire. J\u2019ai au moins connu les joies&#8230;<\/p>\n","protected":false},"author":2,"featured_media":0,"parent":2578,"menu_order":2,"comment_status":"closed","ping_status":"closed","template":"silo.php","meta":{"footnotes":""},"class_list":["post-2582","page","type-page","status-publish","hentry"],"_links":{"self":[{"href":"https:\/\/www.le-sidh.org\/wicca\/wp-json\/wp\/v2\/pages\/2582","targetHints":{"allow":["GET"]}}],"collection":[{"href":"https:\/\/www.le-sidh.org\/wicca\/wp-json\/wp\/v2\/pages"}],"about":[{"href":"https:\/\/www.le-sidh.org\/wicca\/wp-json\/wp\/v2\/types\/page"}],"author":[{"embeddable":true,"href":"https:\/\/www.le-sidh.org\/wicca\/wp-json\/wp\/v2\/users\/2"}],"replies":[{"embeddable":true,"href":"https:\/\/www.le-sidh.org\/wicca\/wp-json\/wp\/v2\/comments?post=2582"}],"version-history":[{"count":3,"href":"https:\/\/www.le-sidh.org\/wicca\/wp-json\/wp\/v2\/pages\/2582\/revisions"}],"predecessor-version":[{"id":2624,"href":"https:\/\/www.le-sidh.org\/wicca\/wp-json\/wp\/v2\/pages\/2582\/revisions\/2624"}],"up":[{"embeddable":true,"href":"https:\/\/www.le-sidh.org\/wicca\/wp-json\/wp\/v2\/pages\/2578"}],"wp:attachment":[{"href":"https:\/\/www.le-sidh.org\/wicca\/wp-json\/wp\/v2\/media?parent=2582"}],"curies":[{"name":"wp","href":"https:\/\/api.w.org\/{rel}","templated":true}]}}