{"id":2580,"date":"2015-09-23T17:57:29","date_gmt":"2015-09-23T15:57:29","guid":{"rendered":"http:\/\/www.le-sidh.org\/wicca\/?page_id=2580"},"modified":"2015-09-23T18:44:10","modified_gmt":"2015-09-23T16:44:10","slug":"sur-les-chants-1953","status":"publish","type":"page","link":"https:\/\/www.le-sidh.org\/wicca\/livres-des-ombres-gardnerien\/le-livre-des-ombres-de-1953\/sur-les-chants-1953\/","title":{"rendered":"Sur les Chants"},"content":{"rendered":"<p class=\"western\" style=\"text-align: justify;\"><span style=\"color: #000000;\">Jadis, de nombreux chants et chansons \u00e9taient sp\u00e9cialement employ\u00e9s au cours des Danses. De nous jours, nous avons oubli\u00e9 nombre d\u2019entre eux, mais nous savons qu\u2019ils utilisaient les cris IAU, qui ressemblent beaucoup aux cris EVO ou EVOHE des anciens. Tout d\u00e9pend, s&rsquo;il en est, de la prononciation. Dans ma jeunesse, lorsque j\u2019entendais IAU, il me semblait que c&rsquo;\u00e9tait AEIOU, ou plut\u00f4t, AAAEEIOOOOUU. Ceci n&rsquo;est peut-\u00eatre que la mani\u00e8re naturelle de prolonger le cri pour en faire un appel, mais cela sugg\u00e8re qu&rsquo;il s&rsquo;agisse sans doute des initiales d\u2019une invocation, comme on le dit d&rsquo;Agla, et, en v\u00e9rit\u00e9, on dit aussi que c\u2019est le cas pour tout l\u2019alphabet h\u00e9breu, pour cette raison il est r\u00e9cit\u00e9 comme un puissant sortil\u00e8ge. Du moins, ce qui est certain, ces cris au cours des danses ont un effet profond, comme je l\u2019ai moi-m\u00eame observ\u00e9.<\/span><\/p>\n<p class=\"western\" style=\"text-align: justify;\"><span style=\"color: #000000;\">Les autres appels sont IEHOUA et EHEIE\u00a0; ainsi que HO HO HO Ise Ise Ise. <\/span><\/p>\n<p class=\"western\" style=\"text-align: justify;\"><span style=\"color: #000000;\">IEO VEO VEO VEO VEOV OROV OV OVOVO est peut-\u00eatre un sortil\u00e8ge, mais il est plus plausible qu&rsquo;il s&rsquo;agisse d&rsquo;un appel. Tout comme le EVOE EVOE des Grecs et le \u00ab\u00a0Heave ho\u00a0!\u00a0\u00bb des marins. \u00ab\u00a0Emen hetan\u00a0\u00bb et \u00ab\u00a0Ab hur, ab hus\u00a0\u00bb semblent \u00eatre des appels\u00a0; comme \u00ab\u00a0Horse and hattock, horse and go, horse and Pellatis, ho, ho, ho\u00a0!\u00a0\u00bb <\/span><\/p>\n<p class=\"western\" style=\"text-align: justify;\"><span style=\"color: #000000;\">\u00ab\u00a0Thout, tout a tout tout, throughout and about\u00a0\u00bb et \u00ab\u00a0Rentum tormentum\u00a0\u00bb sont probablement des tentatives mal prononc\u00e9es pour retrouver des formules oubli\u00e9es, bien qu\u2019elles puissent avoir \u00e9t\u00e9 invent\u00e9es par quelques malheureux sous la torture, pour \u00e9viter de dire la vraie formule.<\/span><\/p>\n","protected":false},"excerpt":{"rendered":"<p>Jadis, de nombreux chants et chansons \u00e9taient sp\u00e9cialement employ\u00e9s au cours des Danses. De nous jours, nous avons oubli\u00e9 nombre d\u2019entre eux, mais nous savons qu\u2019ils utilisaient les cris IAU, qui ressemblent beaucoup aux cris EVO ou EVOHE des anciens. Tout d\u00e9pend, s&rsquo;il en est, de la prononciation. Dans ma jeunesse, lorsque j\u2019entendais IAU, il&#8230;<\/p>\n","protected":false},"author":2,"featured_media":0,"parent":2578,"menu_order":1,"comment_status":"closed","ping_status":"closed","template":"silo.php","meta":{"footnotes":""},"class_list":["post-2580","page","type-page","status-publish","hentry"],"_links":{"self":[{"href":"https:\/\/www.le-sidh.org\/wicca\/wp-json\/wp\/v2\/pages\/2580","targetHints":{"allow":["GET"]}}],"collection":[{"href":"https:\/\/www.le-sidh.org\/wicca\/wp-json\/wp\/v2\/pages"}],"about":[{"href":"https:\/\/www.le-sidh.org\/wicca\/wp-json\/wp\/v2\/types\/page"}],"author":[{"embeddable":true,"href":"https:\/\/www.le-sidh.org\/wicca\/wp-json\/wp\/v2\/users\/2"}],"replies":[{"embeddable":true,"href":"https:\/\/www.le-sidh.org\/wicca\/wp-json\/wp\/v2\/comments?post=2580"}],"version-history":[{"count":2,"href":"https:\/\/www.le-sidh.org\/wicca\/wp-json\/wp\/v2\/pages\/2580\/revisions"}],"predecessor-version":[{"id":2621,"href":"https:\/\/www.le-sidh.org\/wicca\/wp-json\/wp\/v2\/pages\/2580\/revisions\/2621"}],"up":[{"embeddable":true,"href":"https:\/\/www.le-sidh.org\/wicca\/wp-json\/wp\/v2\/pages\/2578"}],"wp:attachment":[{"href":"https:\/\/www.le-sidh.org\/wicca\/wp-json\/wp\/v2\/media?parent=2580"}],"curies":[{"name":"wp","href":"https:\/\/api.w.org\/{rel}","templated":true}]}}