{"id":2576,"date":"2015-09-23T17:55:46","date_gmt":"2015-09-23T15:55:46","guid":{"rendered":"http:\/\/www.le-sidh.org\/wicca\/?page_id=2576"},"modified":"2019-09-20T09:09:37","modified_gmt":"2019-09-20T07:09:37","slug":"les-rituels-de-sabbat-veille-daout-1949","status":"publish","type":"page","link":"https:\/\/www.le-sidh.org\/wicca\/livres-des-ombres-gardnerien\/le-livre-des-ombres-de-1949\/les-rituels-de-sabbat-veille-daout-1949\/","title":{"rendered":"Les Rituels de Sabbat : Veille d\u2019Ao\u00fbt"},"content":{"rendered":"<p style=\"text-align: justify;\">Si possible, chevauchez b\u00e2tons, balais, etc.<\/p>\n<p style=\"text-align: justify;\"><a href=\"https:\/\/www.le-sidh.org\/wicca\/livres-des-ombres-gardnerien\/le-livre-des-ombres-de-1953\/la-danse-de-rencontre-1953\/\" target=\"_blank\" rel=\"noopener noreferrer\">La Danse de Rencontre<\/a> si possible [la danse en double spirale est d\u00e9crite dans Witchcraft Today, p. 167].<\/p>\n<p style=\"text-align: justify;\">Formez le cercle.<\/p>\n<p style=\"text-align: justify;\">Purifiez.<\/p>\n<p style=\"text-align: justify;\">La Grande Pr\u00eatresse se tient dans la position du pentacle.<\/p>\n<p style=\"text-align: justify;\">Le Magus l&rsquo;invoque\u00a0:<\/p>\n<p style=\"text-align: justify;\"><strong>\u00ab\u00a0\u00d4 notre puissante M\u00e8re \u00e0 tous, M\u00e8re de toute Fertilit\u00e9, donne-nous fruit et grain, troupeaux et hardes, et des enfants pour la tribu afin que nous soyons puissants, par la rose de ton amour, descends maintenant sur ta servante et Pr\u00eatresse (nom).\u00a0\u00bb<\/strong><\/p>\n<p style=\"text-align: justify;\">Le Magus donne le Quintuple Baiser \u00e0 la Grande Pr\u00eatresse.<\/p>\n<p style=\"text-align: justify;\">Le Jeu de la Bougie\u00a0: assis, les hommes forment un cercle, se passent de main en main, \u00ab\u00a0deosil*\u00a0\u00bb, une bougie allum\u00e9e. Les femmes forment un cercle ext\u00e9rieur et tentent de souffler sur la flamme de la bougie par-dessus leurs \u00e9paules. Quiconque tient dans sa main la bougie qui a \u00e9t\u00e9 \u00e9teinte est purifi\u00e9 trois fois par la personne qui l\u2019a \u00e9teinte, lui donnant le quintuple baiser en retour. Ce jeu peut se poursuivre aussi longtemps que les gens le souhaitent.<\/p>\n<p style=\"text-align: justify;\">G\u00e2teaux et vin, et tous les autres jeux que vous appr\u00e9ciez.<\/p>\n<p style=\"text-align: justify;\">R\u00e9vocation [des gardiens, et du cercle magique\u00a0; les gens restent ensuite pour] festoyer et danser.<\/p>\n<p style=\"text-align: justify; padding-left: 30px;\"><em>Note de Lune &amp; Artus : <\/em><\/p>\n<p style=\"text-align: justify; padding-left: 30px;\"><em>* Litt\u00e9ralement vers la droite. C\u2019est-\u00e0-dire dans le sens des aiguilles d\u2019une montre. L\u2019orthographe correcte de ce mot ga\u00e9lique est deiseal et non deosil (autres formes correctes\u00a0: deiseil, <\/em><em>deis-i\u00f9il, deas-i\u00f9il).<\/em><\/p>\n","protected":false},"excerpt":{"rendered":"<p>Si possible, chevauchez b\u00e2tons, balais, etc. La Danse de Rencontre si possible [la danse en double spirale est d\u00e9crite dans Witchcraft Today, p. 167]. Formez le cercle. Purifiez. La Grande Pr\u00eatresse se tient dans la position du pentacle. Le Magus l&rsquo;invoque\u00a0: \u00ab\u00a0\u00d4 notre puissante M\u00e8re \u00e0 tous, M\u00e8re de toute Fertilit\u00e9, donne-nous fruit et grain,&#8230;<\/p>\n","protected":false},"author":2,"featured_media":0,"parent":2549,"menu_order":11,"comment_status":"closed","ping_status":"closed","template":"silo.php","meta":{"footnotes":""},"class_list":["post-2576","page","type-page","status-publish","hentry"],"_links":{"self":[{"href":"https:\/\/www.le-sidh.org\/wicca\/wp-json\/wp\/v2\/pages\/2576","targetHints":{"allow":["GET"]}}],"collection":[{"href":"https:\/\/www.le-sidh.org\/wicca\/wp-json\/wp\/v2\/pages"}],"about":[{"href":"https:\/\/www.le-sidh.org\/wicca\/wp-json\/wp\/v2\/types\/page"}],"author":[{"embeddable":true,"href":"https:\/\/www.le-sidh.org\/wicca\/wp-json\/wp\/v2\/users\/2"}],"replies":[{"embeddable":true,"href":"https:\/\/www.le-sidh.org\/wicca\/wp-json\/wp\/v2\/comments?post=2576"}],"version-history":[{"count":4,"href":"https:\/\/www.le-sidh.org\/wicca\/wp-json\/wp\/v2\/pages\/2576\/revisions"}],"predecessor-version":[{"id":7591,"href":"https:\/\/www.le-sidh.org\/wicca\/wp-json\/wp\/v2\/pages\/2576\/revisions\/7591"}],"up":[{"embeddable":true,"href":"https:\/\/www.le-sidh.org\/wicca\/wp-json\/wp\/v2\/pages\/2549"}],"wp:attachment":[{"href":"https:\/\/www.le-sidh.org\/wicca\/wp-json\/wp\/v2\/media?parent=2576"}],"curies":[{"name":"wp","href":"https:\/\/api.w.org\/{rel}","templated":true}]}}