{"id":2574,"date":"2015-09-23T17:54:11","date_gmt":"2015-09-23T15:54:11","guid":{"rendered":"http:\/\/www.le-sidh.org\/wicca\/?page_id=2574"},"modified":"2015-09-24T15:57:36","modified_gmt":"2015-09-24T13:57:36","slug":"les-rituels-de-sabbat-veille-de-mai-1949","status":"publish","type":"page","link":"https:\/\/www.le-sidh.org\/wicca\/livres-des-ombres-gardnerien\/le-livre-des-ombres-de-1949\/les-rituels-de-sabbat-veille-de-mai-1949\/","title":{"rendered":"Les Rituels de Sabbat : Veille de Mai"},"content":{"rendered":"<p style=\"text-align: justify;\">Si possible, chevauchez b\u00e2tons, balais, etc. La Grande Pr\u00eatresse conduit la danse d&rsquo;un pas rapide, en chantant\u00a0:<\/p>\n<p style=\"text-align: justify;\"><strong>\u00ab \u00d4 ne dites rien aux pr\u00eatres de nos arts.<\/strong><br \/>\n<strong>Ils nommeraient cela p\u00e9ch\u00e9,<\/strong><br \/>\n<strong>Car, toute la nuit, nous serons dans les bois<\/strong><br \/>\n<strong>Conjurant l\u2019\u00e9t\u00e9 de venir.<\/strong><br \/>\n<strong>Et, par le bouche \u00e0 oreille, nous vous apporterons les bonnes nouvelles.<\/strong><br \/>\n<strong>Pour les femmes, le b\u00e9tail et le bl\u00e9 :<\/strong><br \/>\n<strong>Le soleil se l\u00e8ve au sud,<\/strong><br \/>\n<strong>Avec le ch\u00eane, et le fr\u00eane, et l\u2019aub\u00e9pine. \u00bb<\/strong><\/p>\n<p style=\"text-align: justify;\">Danse de rencontre si possible.<\/p>\n<p style=\"text-align: justify;\">Formez le cercle comme d\u2019habitude, et purifiez.<\/p>\n<p style=\"text-align: justify;\">La Grande Pr\u00eatresse adopte la position de la D\u00e9esse\u00a0; les officiers lui donnent tous le quintuple baiser.<\/p>\n<p style=\"text-align: justify;\">Elle les purifie tous.<\/p>\n<p style=\"text-align: justify;\">La Grande Pr\u00eatresse adopte \u00e0 nouveau la position de la D\u00e9esse.<\/p>\n<p style=\"text-align: justify;\">Le Magus invoque, fait descendre la lune\u00a0:<\/p>\n<p style=\"text-align: justify;\"><strong>\u00ab Je t\u2019invoque et t\u2019appelle,<\/strong><br \/>\n<strong>\u00d4 notre puissante M\u00e8re \u00e0 tous,<\/strong><br \/>\n<strong>Source de toute fertilit\u00e9.<\/strong><\/p>\n<p style=\"text-align: justify;\"><strong>Par la graine et la racine, par la tige et le bourgeon, par la feuille et la fleur et le fruit, par la vie et l\u2019amour, nous t\u2019invoquons, afin que tu descendes maintenant sur le corps de ta servante et Pr\u00eatresse.\u00a0\u00bb<\/strong><\/p>\n<p style=\"text-align: justify;\">Le Magus donne le Quintuple Baiser \u00e0 la Grande Pr\u00eatresse.<\/p>\n<p style=\"text-align: justify;\">Tous doivent \u00eatre purifi\u00e9s en sacrifice devant elle, et elle doit purifier le Magus et quelques autres de ses propres mains.<\/p>\n<p style=\"text-align: justify;\">G\u00e2teaux et vin.<\/p>\n<p style=\"text-align: justify;\">Jeux.<\/p>\n<p style=\"text-align: justify;\">Le Grand Rite si possible, symbolique ou r\u00e9el.<\/p>\n<p style=\"text-align: justify;\">R\u00e9vocation [des gardiens, et du cercle magique\u00a0; les gens restent ensuite pour] festoyer et danser.<\/p>\n","protected":false},"excerpt":{"rendered":"<p>Si possible, chevauchez b\u00e2tons, balais, etc. La Grande Pr\u00eatresse conduit la danse d&rsquo;un pas rapide, en chantant\u00a0: \u00ab \u00d4 ne dites rien aux pr\u00eatres de nos arts. Ils nommeraient cela p\u00e9ch\u00e9, Car, toute la nuit, nous serons dans les bois Conjurant l\u2019\u00e9t\u00e9 de venir. Et, par le bouche \u00e0 oreille, nous vous apporterons les bonnes&#8230;<\/p>\n","protected":false},"author":2,"featured_media":0,"parent":2549,"menu_order":10,"comment_status":"closed","ping_status":"closed","template":"silo.php","meta":{"footnotes":""},"class_list":["post-2574","page","type-page","status-publish","hentry"],"_links":{"self":[{"href":"https:\/\/www.le-sidh.org\/wicca\/wp-json\/wp\/v2\/pages\/2574","targetHints":{"allow":["GET"]}}],"collection":[{"href":"https:\/\/www.le-sidh.org\/wicca\/wp-json\/wp\/v2\/pages"}],"about":[{"href":"https:\/\/www.le-sidh.org\/wicca\/wp-json\/wp\/v2\/types\/page"}],"author":[{"embeddable":true,"href":"https:\/\/www.le-sidh.org\/wicca\/wp-json\/wp\/v2\/users\/2"}],"replies":[{"embeddable":true,"href":"https:\/\/www.le-sidh.org\/wicca\/wp-json\/wp\/v2\/comments?post=2574"}],"version-history":[{"count":4,"href":"https:\/\/www.le-sidh.org\/wicca\/wp-json\/wp\/v2\/pages\/2574\/revisions"}],"predecessor-version":[{"id":2706,"href":"https:\/\/www.le-sidh.org\/wicca\/wp-json\/wp\/v2\/pages\/2574\/revisions\/2706"}],"up":[{"embeddable":true,"href":"https:\/\/www.le-sidh.org\/wicca\/wp-json\/wp\/v2\/pages\/2549"}],"wp:attachment":[{"href":"https:\/\/www.le-sidh.org\/wicca\/wp-json\/wp\/v2\/media?parent=2574"}],"curies":[{"name":"wp","href":"https:\/\/api.w.org\/{rel}","templated":true}]}}