{"id":2572,"date":"2015-09-23T17:52:34","date_gmt":"2015-09-23T15:52:34","guid":{"rendered":"http:\/\/www.le-sidh.org\/wicca\/?page_id=2572"},"modified":"2019-01-31T14:44:10","modified_gmt":"2019-01-31T12:44:10","slug":"les-rituels-de-sabbat-veille-de-fevrier-1949","status":"publish","type":"page","link":"https:\/\/www.le-sidh.org\/wicca\/livres-des-ombres-gardnerien\/le-livre-des-ombres-de-1949\/les-rituels-de-sabbat-veille-de-fevrier-1949\/","title":{"rendered":"Les Rituels de Sabbat : Veille de F\u00e9vrier"},"content":{"rendered":"<p class=\"western\" style=\"text-align: justify;\"><span style=\"color: #000000;\">Apr\u00e8s l\u2019ouverture usuelle, tous sont doublement purifi\u00e9s [c\u2019est-\u00e0-dire, par 80 coups de fouet].<\/span><\/p>\n<p class=\"western\" style=\"text-align: justify;\"><span style=\"color: #000000;\">Dansez en rond \u00e0 l\u2019ext\u00e9rieur du cercle, la Grande Pr\u00eatresse est ceinte de l\u2019\u00e9p\u00e9e et elle la tire de son fourreau, elle tient la baguette Phallique dans la main gauche.<\/span><\/p>\n<p class=\"western\" style=\"text-align: justify;\"><span style=\"color: #000000;\">Entrez dans le cercle.<\/span><\/p>\n<p class=\"western\" style=\"text-align: justify;\"><span style=\"color: #000000;\">Le Magus adopte la position du Dieu.<\/span><\/p>\n<p class=\"western\" style=\"text-align: justify;\"><span style=\"color: #000000;\">La Grande Pr\u00eatresse donne le Quintuple Baiser, elle invoque\u00a0:<\/span><\/p>\n<p class=\"western\" style=\"text-align: justify;\"><strong><span style=\"color: #000000;\"><span style=\"font-size: medium;\">\u00ab\u00a0Effroyable Seigneur de la mort et de la R\u00e9surrection, vie et source de vie, Seigneur en nous-m\u00eames, dont le nom est le Myst\u00e8re des Myst\u00e8res, r\u00e9conforte nos c\u0153urs.<\/span><\/span><\/strong><\/p>\n<p class=\"western\" style=\"text-align: justify;\"><strong><span style=\"color: #000000;\"><span style=\"font-size: medium;\">Que ta lumi\u00e8re se cristallise dans notre sang, nous emplissant de la r\u00e9surrection, car il n\u2019existe nulle part de nous qui ne soit pas des dieux. <\/span><\/span><\/strong><\/p>\n<p class=\"western\" style=\"text-align: justify;\"><strong><span style=\"color: #000000;\"><span style=\"font-size: medium;\">Descends, nous t\u2019en prions, sur ton serviteur et Pr\u00eatre (nom).\u00a0\u00bb<\/span><\/span><\/strong><\/p>\n<p class=\"western\" style=\"text-align: justify;\"><span style=\"color: #000000;\">Tous doivent \u00eatre purifi\u00e9s en sacrifice devant lui. Il purifie ensuite la Grande Pr\u00eatresse de ses propres mains, ainsi que les autres s\u2019il le souhaite.<\/span><\/p>\n<p class=\"western\" style=\"text-align: justify;\"><span style=\"color: #000000;\">G\u00e2teaux et Vin.<\/span><\/p>\n<p class=\"western\" style=\"text-align: justify;\"><span style=\"color: #000000;\">Grand Rite si possible, symbolique ou r\u00e9el.<\/span><\/p>\n<p class=\"western\" style=\"text-align: justify;\"><span style=\"color: #000000;\">Jeux et danse comme le souhaitent les gens.<\/span><\/p>\n<p class=\"western\" style=\"text-align: justify;\"><span style=\"color: #000000;\">R\u00e9vocation [des gardiens, et du cercle magique\u00a0; les gens restent ensuite pour] festoyer et danser.<\/span><\/p>\n<figure id=\"attachment_1577\" aria-describedby=\"caption-attachment-1577\" style=\"width: 500px\" class=\"wp-caption aligncenter\"><a href=\"https:\/\/www.le-sidh.org\/wicca\/wp-content\/uploads\/2014\/08\/baguette.jpg\"><img loading=\"lazy\" decoding=\"async\" class=\"size-full wp-image-1577\" src=\"https:\/\/www.le-sidh.org\/wicca\/wp-content\/uploads\/2014\/08\/baguette.jpg\" alt=\"\" width=\"500\" height=\"332\" srcset=\"https:\/\/www.le-sidh.org\/wicca\/wp-content\/uploads\/2014\/08\/baguette.jpg 500w, https:\/\/www.le-sidh.org\/wicca\/wp-content\/uploads\/2014\/08\/baguette-300x199.jpg 300w\" sizes=\"auto, (max-width: 500px) 100vw, 500px\" \/><\/a><figcaption id=\"caption-attachment-1577\" class=\"wp-caption-text\">Baguette en sureau et cristal de roche. Photo par Lune.<\/figcaption><\/figure>\n","protected":false},"excerpt":{"rendered":"<p>Apr\u00e8s l\u2019ouverture usuelle, tous sont doublement purifi\u00e9s [c\u2019est-\u00e0-dire, par 80 coups de fouet]. Dansez en rond \u00e0 l\u2019ext\u00e9rieur du cercle, la Grande Pr\u00eatresse est ceinte de l\u2019\u00e9p\u00e9e et elle la tire de son fourreau, elle tient la baguette Phallique dans la main gauche. Entrez dans le cercle. Le Magus adopte la position du Dieu. La&#8230;<\/p>\n","protected":false},"author":2,"featured_media":0,"parent":2549,"menu_order":9,"comment_status":"closed","ping_status":"closed","template":"silo.php","meta":{"footnotes":""},"class_list":["post-2572","page","type-page","status-publish","hentry"],"_links":{"self":[{"href":"https:\/\/www.le-sidh.org\/wicca\/wp-json\/wp\/v2\/pages\/2572","targetHints":{"allow":["GET"]}}],"collection":[{"href":"https:\/\/www.le-sidh.org\/wicca\/wp-json\/wp\/v2\/pages"}],"about":[{"href":"https:\/\/www.le-sidh.org\/wicca\/wp-json\/wp\/v2\/types\/page"}],"author":[{"embeddable":true,"href":"https:\/\/www.le-sidh.org\/wicca\/wp-json\/wp\/v2\/users\/2"}],"replies":[{"embeddable":true,"href":"https:\/\/www.le-sidh.org\/wicca\/wp-json\/wp\/v2\/comments?post=2572"}],"version-history":[{"count":8,"href":"https:\/\/www.le-sidh.org\/wicca\/wp-json\/wp\/v2\/pages\/2572\/revisions"}],"predecessor-version":[{"id":3719,"href":"https:\/\/www.le-sidh.org\/wicca\/wp-json\/wp\/v2\/pages\/2572\/revisions\/3719"}],"up":[{"embeddable":true,"href":"https:\/\/www.le-sidh.org\/wicca\/wp-json\/wp\/v2\/pages\/2549"}],"wp:attachment":[{"href":"https:\/\/www.le-sidh.org\/wicca\/wp-json\/wp\/v2\/media?parent=2572"}],"curies":[{"name":"wp","href":"https:\/\/api.w.org\/{rel}","templated":true}]}}