{"id":2570,"date":"2015-09-23T17:51:41","date_gmt":"2015-09-23T15:51:41","guid":{"rendered":"http:\/\/www.le-sidh.org\/wicca\/?page_id=2570"},"modified":"2019-10-31T11:08:13","modified_gmt":"2019-10-31T09:08:13","slug":"les-rituels-de-sabbat-veille-de-novembre-1949","status":"publish","type":"page","link":"https:\/\/www.le-sidh.org\/wicca\/livres-des-ombres-gardnerien\/le-livre-des-ombres-de-1949\/les-rituels-de-sabbat-veille-de-novembre-1949\/","title":{"rendered":"Les Rituels de Sabbat : Veille de Novembre"},"content":{"rendered":"<p style=\"text-align: justify;\">Marchez ou dansez lentement, le Magus conduit la Grande Pr\u00eatresse, portant tous les deux la baguette phallique ou le balai, des personnes tiendront des torches ou des bougies.<\/p>\n<p style=\"text-align: justify;\">Chant ou chanson de la sorci\u00e8re\u00a0:<\/p>\n<p><strong>\u00ab Eko, eko, Azarak<\/strong><br \/>\n<strong>Eko, eko, Zomelak<\/strong><br \/>\n<strong>Bazabi lacha bachabe<\/strong><br \/>\n<strong>Lamac cahi achababe<\/strong><br \/>\n<strong>Karrellyos<\/strong><br \/>\n<strong>Lamac lamac<\/strong><br \/>\n<strong>Bachalyas cabahagy sabalyos<\/strong><br \/>\n<strong>Baryolos<\/strong><br \/>\n<strong>Lagoz atha cabyolas<\/strong><br \/>\n<strong>Samahac atha famolas<\/strong><br \/>\n<strong>Hurrahya ! \u00bb<\/strong><\/p>\n<p style=\"text-align: justify;\">Formez le cercle.<\/p>\n<p style=\"text-align: justify;\">La Grande Pr\u00eatresse adopte la position de la D\u00e9esse.<\/p>\n<p style=\"text-align: justify;\">Le Magus lui donne le quintuple baiser et il est fouett\u00e9.<\/p>\n<p style=\"text-align: justify;\">Tous sont purifi\u00e9s [c\u2019est-\u00e0-dire attach\u00e9s et fouett\u00e9s 40 coups, comme pendant les rituels d\u2019initiation].<\/p>\n<p style=\"text-align: justify;\">Le Magus adopte la position du Dieu.<\/p>\n<p style=\"text-align: justify;\">La Grande Pr\u00eatresse invoque avec l\u2019Atham\u00e9\u00a0:<\/p>\n<p style=\"text-align: justify;\"><strong>\u00ab Effroyable Seigneur des ombres, dieu de Vie et Source de Vie.<\/strong><\/p>\n<p style=\"text-align: justify;\"><strong>Pourtant, te conna\u00eetre, c\u2019est conna\u00eetre la Mort.<\/strong><\/p>\n<p style=\"text-align: justify;\"><strong>Ouvre grand, je t\u2019en prie, tes portes \u00e0 travers lesquelles tous doivent passer.<\/strong><\/p>\n<p style=\"text-align: justify;\"><strong>Que les \u00eatres chers<\/strong>*<strong> qui nous ont pr\u00e9c\u00e9d\u00e9s, reviennent cette nuit pour se r\u00e9jouir avec nous.<\/strong><\/p>\n<p style=\"text-align: justify;\"><strong>Et quand notre temps viendra, comme il se doit, \u00f4 toi, qui r\u00e9confortes, qui consoles, qui donnes paix et repos, nous p\u00e9n\u00e9trerons dans tes royaumes, de bon c\u0153ur et sans peur.<\/strong><\/p>\n<p style=\"text-align: justify;\"><strong>Car nous savons que lorsque nous nous serons repos\u00e9s et revigor\u00e9s parmi les n\u00f4tres, nous rena\u00eetrons par ta gr\u00e2ce et celle de la Grande M\u00e8re.<\/strong><\/p>\n<p style=\"text-align: justify;\"><strong>Que cela soit au m\u00eame endroit et \u00e0 la m\u00eame \u00e9poque que nos bien-aim\u00e9s, et puissions-nous les rencontrer et les conna\u00eetre, et les aimer \u00e0 nouveau\u00a0!<\/strong><\/p>\n<p style=\"text-align: justify;\"><strong>Descends, nous t\u2019en prions, sur le corps de ton Serviteur et Pr\u00eatre (nom).\u00bb<\/strong><\/p>\n<p style=\"text-align: justify;\">La Grande Pr\u00eatresse donne le Quintuple Baiser au Magus.<\/p>\n<p style=\"text-align: justify;\">Initiations le cas \u00e9ch\u00e9ant\u00a0; tous les autres sont purifi\u00e9s.<\/p>\n<p style=\"text-align: justify;\">(Note\u00a0: les couples peuvent se purifier l&rsquo;un l&rsquo;autre s\u2019ils le veulent).<\/p>\n<p style=\"text-align: justify;\">G\u00e2teaux et Vin.<\/p>\n<p style=\"text-align: justify;\">Le Grand Rite, si possible, soit symbolique soit r\u00e9el.<\/p>\n<p style=\"text-align: justify;\">R\u00e9vocation [des gardiens et du cercle magique\u00a0; les gens restent ensuite pour] festoyer et danser.<\/p>\n<p class=\"sdfootnote-western\" style=\"padding-left: 30px;\"><em>Note de Lune &amp; Artus : <\/em><\/p>\n<p class=\"sdfootnote-western\" style=\"padding-left: 30px;\"><em>* Nos \u00eatres chers dans le texte original.<\/em><\/p>\n","protected":false},"excerpt":{"rendered":"<p>Marchez ou dansez lentement, le Magus conduit la Grande Pr\u00eatresse, portant tous les deux la baguette phallique ou le balai, des personnes tiendront des torches ou des bougies. Chant ou chanson de la sorci\u00e8re\u00a0: \u00ab Eko, eko, Azarak Eko, eko, Zomelak Bazabi lacha bachabe Lamac cahi achababe Karrellyos Lamac lamac Bachalyas cabahagy sabalyos Baryolos Lagoz&#8230;<\/p>\n","protected":false},"author":2,"featured_media":0,"parent":2549,"menu_order":8,"comment_status":"closed","ping_status":"closed","template":"silo.php","meta":{"footnotes":""},"class_list":["post-2570","page","type-page","status-publish","hentry"],"_links":{"self":[{"href":"https:\/\/www.le-sidh.org\/wicca\/wp-json\/wp\/v2\/pages\/2570","targetHints":{"allow":["GET"]}}],"collection":[{"href":"https:\/\/www.le-sidh.org\/wicca\/wp-json\/wp\/v2\/pages"}],"about":[{"href":"https:\/\/www.le-sidh.org\/wicca\/wp-json\/wp\/v2\/types\/page"}],"author":[{"embeddable":true,"href":"https:\/\/www.le-sidh.org\/wicca\/wp-json\/wp\/v2\/users\/2"}],"replies":[{"embeddable":true,"href":"https:\/\/www.le-sidh.org\/wicca\/wp-json\/wp\/v2\/comments?post=2570"}],"version-history":[{"count":5,"href":"https:\/\/www.le-sidh.org\/wicca\/wp-json\/wp\/v2\/pages\/2570\/revisions"}],"predecessor-version":[{"id":7727,"href":"https:\/\/www.le-sidh.org\/wicca\/wp-json\/wp\/v2\/pages\/2570\/revisions\/7727"}],"up":[{"embeddable":true,"href":"https:\/\/www.le-sidh.org\/wicca\/wp-json\/wp\/v2\/pages\/2549"}],"wp:attachment":[{"href":"https:\/\/www.le-sidh.org\/wicca\/wp-json\/wp\/v2\/media?parent=2570"}],"curies":[{"name":"wp","href":"https:\/\/api.w.org\/{rel}","templated":true}]}}